{"id":9,"date":"2023-07-14T10:09:28","date_gmt":"2023-07-14T09:09:28","guid":{"rendered":"https:\/\/presscranbourn.wpengine.com\/?page_id=9"},"modified":"2026-03-02T21:25:51","modified_gmt":"2026-03-02T21:25:51","slug":"media-room","status":"publish","type":"page","link":"https:\/\/press.cranbourn.com\/tr\/","title":{"rendered":"Medya evi"},"content":{"rendered":"<p data-start=\"160\" data-end=\"394\">Gazeteciler ve medya profesyonelleri i\u00e7in olu\u015fturulan CRANBOURN\u00ae Medya Odas\u0131, temel marka bilgilerine ve kaynaklar\u0131na eri\u015fim sa\u011flar. Burada y\u00fcksek kaliteli \u00fcr\u00fcn g\u00f6rselleri, bas\u0131n b\u00fcltenleri ve resmi marka varl\u0131klar\u0131n\u0131 bulabilirsiniz.<\/p>\n<p data-start=\"401\" data-end=\"478\">\u0130htiyac\u0131n\u0131z olan materyalleri ke\u015ffetmek ve indirmek i\u00e7in an\u0131nda eri\u015fim i\u00e7in kaydolun.<\/p>","protected":false},"excerpt":{"rendered":"<p>Gazeteciler ve medya profesyonelleri i\u00e7in olu\u015fturulan CRANBOURN\u00ae Medya Odas\u0131, temel marka bilgilerine ve kaynaklar\u0131na eri\u015fim sa\u011flar. Burada y\u00fcksek kaliteli \u00fcr\u00fcn g\u00f6rselleri, bas\u0131n b\u00fcltenleri ve resmi marka materyallerini bulacaks\u0131n\u0131z. \u0130htiyac\u0131n\u0131z olan materyalleri ke\u015ffetmek ve indirmek i\u00e7in hemen eri\u015fim sa\u011flay\u0131n.<\/p>","protected":false},"author":2,"featured_media":284,"parent":0,"menu_order":0,"comment_status":"closed","ping_status":"closed","template":"template-home.php","meta":{"_acf_changed":false,"content-type":"","footnotes":""},"class_list":["post-9","page","type-page","status-publish","has-post-thumbnail","hentry"],"acf":[],"yoast_head":"<!-- This site is optimized with the Yoast SEO plugin v27.5 - https:\/\/yoast.com\/product\/yoast-seo-wordpress\/ -->\n<title>Media Home - MEDIA ROOM<\/title>\n<meta name=\"description\" content=\"Access CRANBOURN\u00ae news, press releases, product launches, and official media resources from our Media Room.\" \/>\n<meta name=\"robots\" content=\"index, follow, max-snippet:-1, max-image-preview:large, max-video-preview:-1\" \/>\n<link rel=\"canonical\" href=\"https:\/\/press.cranbourn.com\/tr\/\" \/>\n<meta property=\"og:locale\" content=\"tr_TR\" \/>\n<meta property=\"og:type\" content=\"article\" \/>\n<meta property=\"og:title\" content=\"Media Home - MEDIA ROOM\" \/>\n<meta property=\"og:description\" content=\"Access CRANBOURN\u00ae news, press releases, product launches, and official media resources from our Media Room.\" \/>\n<meta property=\"og:url\" content=\"https:\/\/press.cranbourn.com\/tr\/\" \/>\n<meta property=\"og:site_name\" content=\"MEDIA ROOM\" \/>\n<meta property=\"article:publisher\" content=\"https:\/\/www.facebook.com\/cranbourn\/\" \/>\n<meta property=\"article:modified_time\" content=\"2026-03-02T21:25:51+00:00\" \/>\n<meta property=\"og:image\" content=\"https:\/\/press.cranbourn.com\/wp-content\/uploads\/2023\/07\/cranbourn-home-hero-5-1536x864-1.jpg\" \/>\n\t<meta property=\"og:image:width\" content=\"1536\" \/>\n\t<meta property=\"og:image:height\" content=\"864\" \/>\n\t<meta property=\"og:image:type\" content=\"image\/jpeg\" \/>\n<meta name=\"twitter:card\" content=\"summary_large_image\" \/>\n<meta name=\"twitter:site\" content=\"@cranbourn_\" \/>\n<meta name=\"twitter:label1\" content=\"Tahmini okuma s\u00fcresi\" \/>\n\t<meta name=\"twitter:data1\" content=\"1 dakika\" \/>\n<script type=\"application\/ld+json\" class=\"yoast-schema-graph\">{\"@context\":\"https:\\\/\\\/schema.org\",\"@graph\":[{\"@type\":\"WebPage\",\"@id\":\"https:\\\/\\\/press.cranbourn.com\\\/\",\"url\":\"https:\\\/\\\/press.cranbourn.com\\\/\",\"name\":\"Media Home - MEDIA ROOM\",\"isPartOf\":{\"@id\":\"https:\\\/\\\/press.cranbourn.com\\\/pl\\\/#website\"},\"primaryImageOfPage\":{\"@id\":\"https:\\\/\\\/press.cranbourn.com\\\/#primaryimage\"},\"image\":{\"@id\":\"https:\\\/\\\/press.cranbourn.com\\\/#primaryimage\"},\"thumbnailUrl\":\"https:\\\/\\\/press.cranbourn.com\\\/wp-content\\\/uploads\\\/avifenc\\\/2023\\\/07\\\/cranbourn-home-hero-5-1536x864-1.avif\",\"datePublished\":\"2023-07-14T09:09:28+00:00\",\"dateModified\":\"2026-03-02T21:25:51+00:00\",\"description\":\"Access CRANBOURN\u00ae news, press releases, product launches, and official media resources from our Media Room.\",\"breadcrumb\":{\"@id\":\"https:\\\/\\\/press.cranbourn.com\\\/#breadcrumb\"},\"inLanguage\":\"tr\",\"potentialAction\":[{\"@type\":\"ReadAction\",\"target\":[\"https:\\\/\\\/press.cranbourn.com\\\/\"]}]},{\"@type\":\"ImageObject\",\"inLanguage\":\"tr\",\"@id\":\"https:\\\/\\\/press.cranbourn.com\\\/#primaryimage\",\"url\":\"https:\\\/\\\/press.cranbourn.com\\\/wp-content\\\/uploads\\\/avifenc\\\/2023\\\/07\\\/cranbourn-home-hero-5-1536x864-1.avif\",\"contentUrl\":\"https:\\\/\\\/press.cranbourn.com\\\/wp-content\\\/uploads\\\/avifenc\\\/2023\\\/07\\\/cranbourn-home-hero-5-1536x864-1.avif\",\"width\":1536,\"height\":864,\"caption\":\"cranbourn home hero 5 1536x864 1\"},{\"@type\":\"BreadcrumbList\",\"@id\":\"https:\\\/\\\/press.cranbourn.com\\\/#breadcrumb\",\"itemListElement\":[{\"@type\":\"ListItem\",\"position\":1,\"name\":\"CRANBOURN\u00ae\",\"item\":\"https:\\\/\\\/press.cranbourn.com\\\/tr\"},{\"@type\":\"ListItem\",\"position\":2,\"name\":\"Media Home\"}]},{\"@type\":\"WebSite\",\"@id\":\"https:\\\/\\\/press.cranbourn.com\\\/pl\\\/#website\",\"url\":\"https:\\\/\\\/press.cranbourn.com\\\/pl\\\/\",\"name\":\"MEDIA ROOM\",\"description\":\"CRANBOURN\u00ae | Press &amp; Media Room. Contact a Member of the Team for the latest News, Press Releases and Media Downloads.\",\"publisher\":{\"@id\":\"https:\\\/\\\/press.cranbourn.com\\\/pl\\\/#organization\"},\"potentialAction\":[{\"@type\":\"SearchAction\",\"target\":{\"@type\":\"EntryPoint\",\"urlTemplate\":\"https:\\\/\\\/press.cranbourn.com\\\/pl\\\/?s={search_term_string}\"},\"query-input\":{\"@type\":\"PropertyValueSpecification\",\"valueRequired\":true,\"valueName\":\"search_term_string\"}}],\"inLanguage\":\"tr\"},{\"@type\":\"Organization\",\"@id\":\"https:\\\/\\\/press.cranbourn.com\\\/pl\\\/#organization\",\"name\":\"MEDIA ROOM\",\"url\":\"https:\\\/\\\/press.cranbourn.com\\\/pl\\\/\",\"logo\":{\"@type\":\"ImageObject\",\"inLanguage\":\"tr\",\"@id\":\"https:\\\/\\\/press.cranbourn.com\\\/pl\\\/#\\\/schema\\\/logo\\\/image\\\/\",\"url\":\"https:\\\/\\\/press.cranbourn.com\\\/wp-content\\\/uploads\\\/2023\\\/07\\\/logo.svg\",\"contentUrl\":\"https:\\\/\\\/press.cranbourn.com\\\/wp-content\\\/uploads\\\/2023\\\/07\\\/logo.svg\",\"width\":1,\"height\":1,\"caption\":\"MEDIA ROOM\"},\"image\":{\"@id\":\"https:\\\/\\\/press.cranbourn.com\\\/pl\\\/#\\\/schema\\\/logo\\\/image\\\/\"},\"sameAs\":[\"https:\\\/\\\/www.facebook.com\\\/cranbourn\\\/\",\"https:\\\/\\\/x.com\\\/cranbourn_\"]}]}<\/script>\n<!-- \/ Yoast SEO plugin. -->","yoast_head_json":{"title":"Medya Ana Sayfas\u0131 - MEDYA ODASI","description":"Medya Odam\u0131zdan CRANBOURN\u00ae haberlerine, bas\u0131n b\u00fcltenlerine, \u00fcr\u00fcn lansmanlar\u0131na ve resmi medya kaynaklar\u0131na eri\u015fin.","robots":{"index":"index","follow":"follow","max-snippet":"max-snippet:-1","max-image-preview":"max-image-preview:large","max-video-preview":"max-video-preview:-1"},"canonical":"https:\/\/press.cranbourn.com\/tr\/","og_locale":"tr_TR","og_type":"article","og_title":"Media Home - MEDIA ROOM","og_description":"Access CRANBOURN\u00ae news, press releases, product launches, and official media resources from our Media Room.","og_url":"https:\/\/press.cranbourn.com\/tr\/","og_site_name":"MEDIA ROOM","article_publisher":"https:\/\/www.facebook.com\/cranbourn\/","article_modified_time":"2026-03-02T21:25:51+00:00","og_image":[{"width":1536,"height":864,"url":"https:\/\/press.cranbourn.com\/wp-content\/uploads\/2023\/07\/cranbourn-home-hero-5-1536x864-1.jpg","type":"image\/jpeg"}],"twitter_card":"summary_large_image","twitter_site":"@cranbourn_","twitter_misc":{"Tahmini okuma s\u00fcresi":"1 dakika"},"schema":{"@context":"https:\/\/schema.org","@graph":[{"@type":"WebPage","@id":"https:\/\/press.cranbourn.com\/","url":"https:\/\/press.cranbourn.com\/","name":"Medya Ana Sayfas\u0131 - MEDYA ODASI","isPartOf":{"@id":"https:\/\/press.cranbourn.com\/pl\/#website"},"primaryImageOfPage":{"@id":"https:\/\/press.cranbourn.com\/#primaryimage"},"image":{"@id":"https:\/\/press.cranbourn.com\/#primaryimage"},"thumbnailUrl":"https:\/\/press.cranbourn.com\/wp-content\/uploads\/avifenc\/2023\/07\/cranbourn-home-hero-5-1536x864-1.avif","datePublished":"2023-07-14T09:09:28+00:00","dateModified":"2026-03-02T21:25:51+00:00","description":"Medya Odam\u0131zdan CRANBOURN\u00ae haberlerine, bas\u0131n b\u00fcltenlerine, \u00fcr\u00fcn lansmanlar\u0131na ve resmi medya kaynaklar\u0131na eri\u015fin.","breadcrumb":{"@id":"https:\/\/press.cranbourn.com\/#breadcrumb"},"inLanguage":"tr","potentialAction":[{"@type":"ReadAction","target":["https:\/\/press.cranbourn.com\/"]}]},{"@type":"ImageObject","inLanguage":"tr","@id":"https:\/\/press.cranbourn.com\/#primaryimage","url":"https:\/\/press.cranbourn.com\/wp-content\/uploads\/avifenc\/2023\/07\/cranbourn-home-hero-5-1536x864-1.avif","contentUrl":"https:\/\/press.cranbourn.com\/wp-content\/uploads\/avifenc\/2023\/07\/cranbourn-home-hero-5-1536x864-1.avif","width":1536,"height":864,"caption":"cranbourn home hero 5 1536x864 1"},{"@type":"BreadcrumbList","@id":"https:\/\/press.cranbourn.com\/#breadcrumb","itemListElement":[{"@type":"ListItem","position":1,"name":"CRANBOURN\u00ae","item":"https:\/\/press.cranbourn.com\/tr"},{"@type":"ListItem","position":2,"name":"Media Home"}]},{"@type":"WebSite","@id":"https:\/\/press.cranbourn.com\/pl\/#website","url":"https:\/\/press.cranbourn.com\/pl\/","name":"MEDYA ODASI","description":"CRANBOURN\u00ae | Bas\u0131n ve Medya Odas\u0131. En son Haberler, Bas\u0131n B\u00fcltenleri ve Medya \u0130ndirmeleri i\u00e7in Ekibin bir \u00dcyesiyle ileti\u015fime ge\u00e7in.","publisher":{"@id":"https:\/\/press.cranbourn.com\/pl\/#organization"},"potentialAction":[{"@type":"SearchAction","target":{"@type":"EntryPoint","urlTemplate":"https:\/\/press.cranbourn.com\/pl\/?s={search_term_string}"},"query-input":{"@type":"PropertyValueSpecification","valueRequired":true,"valueName":"search_term_string"}}],"inLanguage":"tr"},{"@type":"Organization","@id":"https:\/\/press.cranbourn.com\/pl\/#organization","name":"MEDYA ODASI","url":"https:\/\/press.cranbourn.com\/pl\/","logo":{"@type":"ImageObject","inLanguage":"tr","@id":"https:\/\/press.cranbourn.com\/pl\/#\/schema\/logo\/image\/","url":"https:\/\/press.cranbourn.com\/wp-content\/uploads\/2023\/07\/logo.svg","contentUrl":"https:\/\/press.cranbourn.com\/wp-content\/uploads\/2023\/07\/logo.svg","width":1,"height":1,"caption":"MEDIA ROOM"},"image":{"@id":"https:\/\/press.cranbourn.com\/pl\/#\/schema\/logo\/image\/"},"sameAs":["https:\/\/www.facebook.com\/cranbourn\/","https:\/\/x.com\/cranbourn_"]}]}},"jetpack_sharing_enabled":true,"_links":{"self":[{"href":"https:\/\/press.cranbourn.com\/tr\/wp-json\/wp\/v2\/pages\/9","targetHints":{"allow":["GET"]}}],"collection":[{"href":"https:\/\/press.cranbourn.com\/tr\/wp-json\/wp\/v2\/pages"}],"about":[{"href":"https:\/\/press.cranbourn.com\/tr\/wp-json\/wp\/v2\/types\/page"}],"author":[{"embeddable":true,"href":"https:\/\/press.cranbourn.com\/tr\/wp-json\/wp\/v2\/users\/2"}],"replies":[{"embeddable":true,"href":"https:\/\/press.cranbourn.com\/tr\/wp-json\/wp\/v2\/comments?post=9"}],"version-history":[{"count":15,"href":"https:\/\/press.cranbourn.com\/tr\/wp-json\/wp\/v2\/pages\/9\/revisions"}],"predecessor-version":[{"id":2501,"href":"https:\/\/press.cranbourn.com\/tr\/wp-json\/wp\/v2\/pages\/9\/revisions\/2501"}],"wp:featuredmedia":[{"embeddable":true,"href":"https:\/\/press.cranbourn.com\/tr\/wp-json\/wp\/v2\/media\/284"}],"wp:attachment":[{"href":"https:\/\/press.cranbourn.com\/tr\/wp-json\/wp\/v2\/media?parent=9"}],"curies":[{"name":"wp","href":"https:\/\/api.w.org\/{rel}","templated":true}]}}