{"id":9,"date":"2023-07-14T10:09:28","date_gmt":"2023-07-14T09:09:28","guid":{"rendered":"https:\/\/presscranbourn.wpengine.com\/?page_id=9"},"modified":"2026-03-02T21:25:51","modified_gmt":"2026-03-02T21:25:51","slug":"media-room","status":"publish","type":"page","link":"https:\/\/press.cranbourn.com\/sv\/","title":{"rendered":"Media Hem"},"content":{"rendered":"<p data-start=\"160\" data-end=\"394\">CRANBOURN\u00ae Media Room har skapats f\u00f6r journalister och medieproffs och ger tillg\u00e5ng till viktig varum\u00e4rkesinformation och resurser. H\u00e4r hittar du h\u00f6gkvalitativa produktbilder, pressmeddelanden och officiella varum\u00e4rkestillg\u00e5ngar.<\/p>\n<p data-start=\"401\" data-end=\"478\">Registrera dig f\u00f6r att f\u00e5 omedelbar tillg\u00e5ng till att utforska och ladda ner det material du beh\u00f6ver.<\/p>","protected":false},"excerpt":{"rendered":"<p>CRANBOURN\u00ae Media Room har skapats f\u00f6r journalister och medieproffs och ger tillg\u00e5ng till viktig varum\u00e4rkesinformation och resurser. H\u00e4r hittar du h\u00f6gkvalitativa produktbilder, pressmeddelanden och officiella varum\u00e4rkestillg\u00e5ngar. Registrera dig f\u00f6r att f\u00e5 omedelbar tillg\u00e5ng till att utforska och ladda ner det material du beh\u00f6ver.<\/p>","protected":false},"author":2,"featured_media":284,"parent":0,"menu_order":0,"comment_status":"closed","ping_status":"closed","template":"template-home.php","meta":{"_acf_changed":false,"content-type":"","footnotes":""},"class_list":["post-9","page","type-page","status-publish","has-post-thumbnail","hentry"],"acf":[],"yoast_head":"<!-- This site is optimized with the Yoast SEO plugin v27.3 - https:\/\/yoast.com\/product\/yoast-seo-wordpress\/ -->\n<title>Media Home - MEDIA ROOM<\/title>\n<meta name=\"description\" content=\"Access CRANBOURN\u00ae news, press releases, product launches, and official media resources from our Media Room.\" \/>\n<meta name=\"robots\" content=\"index, follow, max-snippet:-1, max-image-preview:large, max-video-preview:-1\" \/>\n<link rel=\"canonical\" href=\"https:\/\/press.cranbourn.com\/sv\/\" \/>\n<meta property=\"og:locale\" content=\"sv_SE\" \/>\n<meta property=\"og:type\" content=\"article\" \/>\n<meta property=\"og:title\" content=\"Media Home - MEDIA ROOM\" \/>\n<meta property=\"og:description\" content=\"Access CRANBOURN\u00ae news, press releases, product launches, and official media resources from our Media Room.\" \/>\n<meta property=\"og:url\" content=\"https:\/\/press.cranbourn.com\/sv\/\" \/>\n<meta property=\"og:site_name\" content=\"MEDIA ROOM\" \/>\n<meta property=\"article:publisher\" content=\"https:\/\/www.facebook.com\/cranbourn\/\" \/>\n<meta property=\"article:modified_time\" content=\"2026-03-02T21:25:51+00:00\" \/>\n<meta property=\"og:image\" content=\"https:\/\/press.cranbourn.com\/wp-content\/uploads\/2023\/07\/cranbourn-home-hero-5-1536x864-1.jpg\" \/>\n\t<meta property=\"og:image:width\" content=\"1536\" \/>\n\t<meta property=\"og:image:height\" content=\"864\" \/>\n\t<meta property=\"og:image:type\" content=\"image\/jpeg\" \/>\n<meta name=\"twitter:card\" content=\"summary_large_image\" \/>\n<meta name=\"twitter:site\" content=\"@cranbourn_\" \/>\n<meta name=\"twitter:label1\" content=\"Ber\u00e4knad l\u00e4stid\" \/>\n\t<meta name=\"twitter:data1\" content=\"1 minut\" \/>\n<script type=\"application\/ld+json\" class=\"yoast-schema-graph\">{\"@context\":\"https:\\\/\\\/schema.org\",\"@graph\":[{\"@type\":\"WebPage\",\"@id\":\"https:\\\/\\\/press.cranbourn.com\\\/\",\"url\":\"https:\\\/\\\/press.cranbourn.com\\\/\",\"name\":\"Media Home - MEDIA ROOM\",\"isPartOf\":{\"@id\":\"https:\\\/\\\/press.cranbourn.com\\\/pl\\\/#website\"},\"primaryImageOfPage\":{\"@id\":\"https:\\\/\\\/press.cranbourn.com\\\/#primaryimage\"},\"image\":{\"@id\":\"https:\\\/\\\/press.cranbourn.com\\\/#primaryimage\"},\"thumbnailUrl\":\"https:\\\/\\\/press.cranbourn.com\\\/wp-content\\\/uploads\\\/avifenc\\\/2023\\\/07\\\/cranbourn-home-hero-5-1536x864-1.avif\",\"datePublished\":\"2023-07-14T09:09:28+00:00\",\"dateModified\":\"2026-03-02T21:25:51+00:00\",\"description\":\"Access CRANBOURN\u00ae news, press releases, product launches, and official media resources from our Media Room.\",\"breadcrumb\":{\"@id\":\"https:\\\/\\\/press.cranbourn.com\\\/#breadcrumb\"},\"inLanguage\":\"sv-SE\",\"potentialAction\":[{\"@type\":\"ReadAction\",\"target\":[\"https:\\\/\\\/press.cranbourn.com\\\/\"]}]},{\"@type\":\"ImageObject\",\"inLanguage\":\"sv-SE\",\"@id\":\"https:\\\/\\\/press.cranbourn.com\\\/#primaryimage\",\"url\":\"https:\\\/\\\/press.cranbourn.com\\\/wp-content\\\/uploads\\\/avifenc\\\/2023\\\/07\\\/cranbourn-home-hero-5-1536x864-1.avif\",\"contentUrl\":\"https:\\\/\\\/press.cranbourn.com\\\/wp-content\\\/uploads\\\/avifenc\\\/2023\\\/07\\\/cranbourn-home-hero-5-1536x864-1.avif\",\"width\":1536,\"height\":864,\"caption\":\"cranbourn home hero 5 1536x864 1\"},{\"@type\":\"BreadcrumbList\",\"@id\":\"https:\\\/\\\/press.cranbourn.com\\\/#breadcrumb\",\"itemListElement\":[{\"@type\":\"ListItem\",\"position\":1,\"name\":\"CRANBOURN\u00ae\",\"item\":\"https:\\\/\\\/press.cranbourn.com\\\/sv\"},{\"@type\":\"ListItem\",\"position\":2,\"name\":\"Media Home\"}]},{\"@type\":\"WebSite\",\"@id\":\"https:\\\/\\\/press.cranbourn.com\\\/pl\\\/#website\",\"url\":\"https:\\\/\\\/press.cranbourn.com\\\/pl\\\/\",\"name\":\"MEDIA ROOM\",\"description\":\"CRANBOURN\u00ae | Press &amp; Media Room. Contact a Member of the Team for the latest News, Press Releases and Media Downloads.\",\"publisher\":{\"@id\":\"https:\\\/\\\/press.cranbourn.com\\\/pl\\\/#organization\"},\"potentialAction\":[{\"@type\":\"SearchAction\",\"target\":{\"@type\":\"EntryPoint\",\"urlTemplate\":\"https:\\\/\\\/press.cranbourn.com\\\/pl\\\/?s={search_term_string}\"},\"query-input\":{\"@type\":\"PropertyValueSpecification\",\"valueRequired\":true,\"valueName\":\"search_term_string\"}}],\"inLanguage\":\"sv-SE\"},{\"@type\":\"Organization\",\"@id\":\"https:\\\/\\\/press.cranbourn.com\\\/pl\\\/#organization\",\"name\":\"MEDIA ROOM\",\"url\":\"https:\\\/\\\/press.cranbourn.com\\\/pl\\\/\",\"logo\":{\"@type\":\"ImageObject\",\"inLanguage\":\"sv-SE\",\"@id\":\"https:\\\/\\\/press.cranbourn.com\\\/pl\\\/#\\\/schema\\\/logo\\\/image\\\/\",\"url\":\"https:\\\/\\\/press.cranbourn.com\\\/wp-content\\\/uploads\\\/2023\\\/07\\\/logo.svg\",\"contentUrl\":\"https:\\\/\\\/press.cranbourn.com\\\/wp-content\\\/uploads\\\/2023\\\/07\\\/logo.svg\",\"width\":1,\"height\":1,\"caption\":\"MEDIA ROOM\"},\"image\":{\"@id\":\"https:\\\/\\\/press.cranbourn.com\\\/pl\\\/#\\\/schema\\\/logo\\\/image\\\/\"},\"sameAs\":[\"https:\\\/\\\/www.facebook.com\\\/cranbourn\\\/\",\"https:\\\/\\\/x.com\\\/cranbourn_\"]}]}<\/script>\n<!-- \/ Yoast SEO plugin. -->","yoast_head_json":{"title":"Media Hem - MEDIERUM","description":"F\u00e5 tillg\u00e5ng till CRANBOURN\u00ae-nyheter, pressmeddelanden, produktlanseringar och officiella medieresurser fr\u00e5n v\u00e5rt Media Room.","robots":{"index":"index","follow":"follow","max-snippet":"max-snippet:-1","max-image-preview":"max-image-preview:large","max-video-preview":"max-video-preview:-1"},"canonical":"https:\/\/press.cranbourn.com\/sv\/","og_locale":"sv_SE","og_type":"article","og_title":"Media Home - MEDIA ROOM","og_description":"Access CRANBOURN\u00ae news, press releases, product launches, and official media resources from our Media Room.","og_url":"https:\/\/press.cranbourn.com\/sv\/","og_site_name":"MEDIA ROOM","article_publisher":"https:\/\/www.facebook.com\/cranbourn\/","article_modified_time":"2026-03-02T21:25:51+00:00","og_image":[{"width":1536,"height":864,"url":"https:\/\/press.cranbourn.com\/wp-content\/uploads\/2023\/07\/cranbourn-home-hero-5-1536x864-1.jpg","type":"image\/jpeg"}],"twitter_card":"summary_large_image","twitter_site":"@cranbourn_","twitter_misc":{"Ber\u00e4knad l\u00e4stid":"1 minut"},"schema":{"@context":"https:\/\/schema.org","@graph":[{"@type":"WebPage","@id":"https:\/\/press.cranbourn.com\/","url":"https:\/\/press.cranbourn.com\/","name":"Media Hem - MEDIERUM","isPartOf":{"@id":"https:\/\/press.cranbourn.com\/pl\/#website"},"primaryImageOfPage":{"@id":"https:\/\/press.cranbourn.com\/#primaryimage"},"image":{"@id":"https:\/\/press.cranbourn.com\/#primaryimage"},"thumbnailUrl":"https:\/\/press.cranbourn.com\/wp-content\/uploads\/avifenc\/2023\/07\/cranbourn-home-hero-5-1536x864-1.avif","datePublished":"2023-07-14T09:09:28+00:00","dateModified":"2026-03-02T21:25:51+00:00","description":"F\u00e5 tillg\u00e5ng till CRANBOURN\u00ae-nyheter, pressmeddelanden, produktlanseringar och officiella medieresurser fr\u00e5n v\u00e5rt Media Room.","breadcrumb":{"@id":"https:\/\/press.cranbourn.com\/#breadcrumb"},"inLanguage":"sv-SE","potentialAction":[{"@type":"ReadAction","target":["https:\/\/press.cranbourn.com\/"]}]},{"@type":"ImageObject","inLanguage":"sv-SE","@id":"https:\/\/press.cranbourn.com\/#primaryimage","url":"https:\/\/press.cranbourn.com\/wp-content\/uploads\/avifenc\/2023\/07\/cranbourn-home-hero-5-1536x864-1.avif","contentUrl":"https:\/\/press.cranbourn.com\/wp-content\/uploads\/avifenc\/2023\/07\/cranbourn-home-hero-5-1536x864-1.avif","width":1536,"height":864,"caption":"cranbourn home hero 5 1536x864 1"},{"@type":"BreadcrumbList","@id":"https:\/\/press.cranbourn.com\/#breadcrumb","itemListElement":[{"@type":"ListItem","position":1,"name":"CRANBOURN\u00ae","item":"https:\/\/press.cranbourn.com\/sv"},{"@type":"ListItem","position":2,"name":"Media Home"}]},{"@type":"WebSite","@id":"https:\/\/press.cranbourn.com\/pl\/#website","url":"https:\/\/press.cranbourn.com\/pl\/","name":"MEDIA RUM","description":"CRANBOURN\u00ae | Press- och mediarum. Kontakta en medlem av teamet f\u00f6r de senaste nyheterna, pressmeddelanden och medianedladdningar.","publisher":{"@id":"https:\/\/press.cranbourn.com\/pl\/#organization"},"potentialAction":[{"@type":"SearchAction","target":{"@type":"EntryPoint","urlTemplate":"https:\/\/press.cranbourn.com\/pl\/?s={search_term_string}"},"query-input":{"@type":"PropertyValueSpecification","valueRequired":true,"valueName":"search_term_string"}}],"inLanguage":"sv-SE"},{"@type":"Organization","@id":"https:\/\/press.cranbourn.com\/pl\/#organization","name":"MEDIA RUM","url":"https:\/\/press.cranbourn.com\/pl\/","logo":{"@type":"ImageObject","inLanguage":"sv-SE","@id":"https:\/\/press.cranbourn.com\/pl\/#\/schema\/logo\/image\/","url":"https:\/\/press.cranbourn.com\/wp-content\/uploads\/2023\/07\/logo.svg","contentUrl":"https:\/\/press.cranbourn.com\/wp-content\/uploads\/2023\/07\/logo.svg","width":1,"height":1,"caption":"MEDIA ROOM"},"image":{"@id":"https:\/\/press.cranbourn.com\/pl\/#\/schema\/logo\/image\/"},"sameAs":["https:\/\/www.facebook.com\/cranbourn\/","https:\/\/x.com\/cranbourn_"]}]}},"jetpack_sharing_enabled":true,"_links":{"self":[{"href":"https:\/\/press.cranbourn.com\/sv\/wp-json\/wp\/v2\/pages\/9","targetHints":{"allow":["GET"]}}],"collection":[{"href":"https:\/\/press.cranbourn.com\/sv\/wp-json\/wp\/v2\/pages"}],"about":[{"href":"https:\/\/press.cranbourn.com\/sv\/wp-json\/wp\/v2\/types\/page"}],"author":[{"embeddable":true,"href":"https:\/\/press.cranbourn.com\/sv\/wp-json\/wp\/v2\/users\/2"}],"replies":[{"embeddable":true,"href":"https:\/\/press.cranbourn.com\/sv\/wp-json\/wp\/v2\/comments?post=9"}],"version-history":[{"count":15,"href":"https:\/\/press.cranbourn.com\/sv\/wp-json\/wp\/v2\/pages\/9\/revisions"}],"predecessor-version":[{"id":2501,"href":"https:\/\/press.cranbourn.com\/sv\/wp-json\/wp\/v2\/pages\/9\/revisions\/2501"}],"wp:featuredmedia":[{"embeddable":true,"href":"https:\/\/press.cranbourn.com\/sv\/wp-json\/wp\/v2\/media\/284"}],"wp:attachment":[{"href":"https:\/\/press.cranbourn.com\/sv\/wp-json\/wp\/v2\/media?parent=9"}],"curies":[{"name":"wp","href":"https:\/\/api.w.org\/{rel}","templated":true}]}}