{"id":3,"date":"2023-07-13T12:37:38","date_gmt":"2023-07-13T11:37:38","guid":{"rendered":"https:\/\/presscranbourn.wpengine.com\/?page_id=3"},"modified":"2023-08-23T10:14:34","modified_gmt":"2023-08-23T09:14:34","slug":"villkor-villkor","status":"publish","type":"page","link":"https:\/\/press.cranbourn.com\/sv\/terms-conditions\/","title":{"rendered":"Allm\u00e4nna Villkor"},"content":{"rendered":"<p>Tack f\u00f6r att du bes\u00f6ker CRANBOURN<sup>\u00ae<\/sup>\u00a0webbplats p\u00e5 www.cranbourn.com (&quot;Webbplatsen&quot;). Detta dokument (tillsammans med de dokument som h\u00e4nvisas till i det) ber\u00e4ttar f\u00f6r dig p\u00e5 vilka villkor du f\u00e5r anv\u00e4nda webbplatsen.<\/p>\r\n<p>Om du inte vill vara bunden av dessa villkor b\u00f6r du inte anv\u00e4nda webbplatsen. Anv\u00e4ndning av webbplatsen av dig ska anses vara ditt godk\u00e4nnande av dessa villkor.<\/p>\r\n<p>Vi kan komma att \u00e4ndra dessa villkor fr\u00e5n tid till annan, s\u00e5 v\u00e4nligen granska dem varje g\u00e5ng du bes\u00f6ker webbplatsen. Du b\u00f6r spara en kopia av dessa villkor f\u00f6r framtida referens.<\/p>\r\n<h2 class=\"wp-block-heading\">1. OM OSS:<\/h2>\r\n<p>Webbplatsen och applikationen drivs av CRANBOURN (Holdings) Limited, ett f\u00f6retag registrerat i England och Wales under f\u00f6retagsnummer 11692479, med sitt registrerade kontor p\u00e5 1 The Green, Richmond, Surrey, TW9 1PL.<\/p>\r\n<p>V\u00e5rt momsnummer \u00e4r GB 311 7674 14. Du kan kontakta oss med f\u00f6ljande e-postadress:\u00a0<a href=\"mailto:enquiries@cranbourn.com\">enquiries@cranbourn.com<\/a>.<\/p>\r\n<h2>2. ANV\u00c4NDNING AV WEBBPLATSEN OCH\/ELLER APPLIKATIONEN<\/h2>\r\n<p>Du f\u00e5r endast anv\u00e4nda webbplatsen f\u00f6r personligt bruk. All kommersiell anv\u00e4ndning av webbplatsen \u00e4r str\u00e4ngt f\u00f6rbjuden. Du har till\u00e5telse att skriva ut enskilda webbsidor d\u00e5 och d\u00e5 f\u00f6rutsatt att du inte skriver ut hela eller en betydande del av webbplatsen och att varum\u00e4rkena och meddelanden om immateriella r\u00e4ttigheter som ing\u00e5r p\u00e5 webbplatsen inte tas bort.<\/p>\r\n<p>Om inte annat anges i dessa villkor f\u00e5r du inte (varken direkt eller indirekt) (i) kopiera, ladda ner, lagra, tillg\u00e4ngligg\u00f6ra, distribuera, s\u00e4lja eller erbjuda att s\u00e4lja hela eller n\u00e5gon del av inneh\u00e5llet eller webbplatsen eller applikationen, eller (ii) ladda ner eller p\u00e5 annat s\u00e4tt kopiera inneh\u00e5ll, filer eller data fr\u00e5n webbplatsen f\u00f6r att skapa eller fylla i en databas eller publikation av n\u00e5got slag.<\/p>\r\n<h2>3. REGISTRERING<\/h2>\r\n<p>Du f\u00e5r inte registrera mer \u00e4n ett konto.<\/p>\r\n<p>Du m\u00e5ste vara minst 18 \u00e5r gammal f\u00f6r att registrera dig och skicka kommentarer eller fotografier via webbplatsen.<\/p>\r\n<p>Du m\u00e5ste tillhandah\u00e5lla ett uppdaterat e-postmeddelande som du har regelbunden \u00e5tkomst till eftersom vi kan beh\u00f6va kontakta dig ang\u00e5ende dina inl\u00e4mningar.<\/p>\r\n<p>Du f\u00e5r inte: utge dig f\u00f6r att vara eller f\u00f6rs\u00f6ka utge dig f\u00f6r en annan person; avsl\u00f6ja ditt l\u00f6senord till n\u00e5gon annan; till\u00e5ta n\u00e5gon annan att anv\u00e4nda ditt konto, eller anv\u00e4nda n\u00e5gon annans konto. Du \u00e4r ansvarig f\u00f6r alla inl\u00e4mningar som g\u00f6rs via ditt konto. Om du misst\u00e4nker att n\u00e5gon annan kan ha tillg\u00e5ng till eller anv\u00e4nder ditt l\u00f6senord eller konto m\u00e5ste du meddela oss s\u00e5 snart som m\u00f6jligt genom att e-posta\u00a0<a href=\"mailto:enquiries@cranbourn.com\">enquiries@cranbourn.com<\/a><\/p>\r\n<h2>4. L\u00c4NKA TILL WEBBPLATSEN<\/h2>\r\n<p>Du kan skicka l\u00e4nkar till dina v\u00e4nner via e-post till v\u00e5ra webbplatser eller specifika sidor p\u00e5 den.<\/p>\r\n<h2>5. DITT INNEH\u00c5LL \u2013 VAD VI F\u00c5R G\u00d6RA<\/h2>\r\n<p>Vi f\u00f6rbeh\u00e5ller oss r\u00e4tten att publicera, redigera eller ta bort allt eller delar av inneh\u00e5ll du skickar inklusive men inte begr\u00e4nsat till alla detaljer som finns i din profil (t.ex. ditt namn, stad, land), alla fotografier eller kommentarer du kan ha skickat (\u201c Ditt inneh\u00e5ll\u201d).<\/p>\r\n<p>Observera att genom att skicka inneh\u00e5ll via webbplatsen samtycker du till att alla bilder du tillhandah\u00e5ller laddas upp till Google Bilder eller n\u00e5gon annan s\u00f6kmotor som valts av oss.<\/p>\r\n<p>Genom att skicka inneh\u00e5ll till webbplatsen ger du oss en evig, royaltyfri, v\u00e4rldsomsp\u00e4nnande, o\u00e5terkallelig, icke-exklusiv licens att anv\u00e4nda, kopiera, redigera, anpassa, publicera, \u00f6vers\u00e4tta, g\u00f6ra tillg\u00e4ngligt, kommunicera, distribuera och underlicensiera ditt inneh\u00e5ll (helt eller delvis) f\u00f6r alla \u00e4ndam\u00e5l. Vi har ocks\u00e5 r\u00e4tt att avsl\u00f6ja din identitet till tredje part som h\u00e4vdar att allt material som lagts upp eller laddas upp av dig via webbplatsen utg\u00f6r en kr\u00e4nkning av deras immateriella r\u00e4ttigheter eller deras r\u00e4tt till integritet. Genom att skicka in ditt inneh\u00e5ll garanterar du att du har r\u00e4tt att bevilja denna licens och du h\u00e5ller oss skadesl\u00f6s f\u00f6r eventuella brott mot denna garanti. Vi \u00e4r inte ansvariga, eller ansvariga gentemot n\u00e5gon tredje part, f\u00f6r inneh\u00e5llet eller riktigheten i n\u00e5got material som publicerats av dig eller n\u00e5gon annan anv\u00e4ndare av webbplatsen. I den utstr\u00e4ckning det \u00e4r till\u00e5tet enligt lag avs\u00e4ger du dig dina moraliska r\u00e4ttigheter (t.ex. r\u00e4tten att identifieras som f\u00f6rfattare eller att inv\u00e4nda mot neds\u00e4ttande behandling) i ditt inneh\u00e5ll. Forts\u00e4tt att publicera hela eller delar av ditt inneh\u00e5ll, inklusive dina foton, kommentarer, profil, namn, stad och land, \u00e4ven om du \u00e4ndrar dig och vill att vi ska ta bort det och\/eller du inte l\u00e4ngre \u00e4r registrerad p\u00e5 webbplatsen.<\/p>\r\n<h2>6. DITT INNEH\u00c5LL \u2013 VAD DU INTE F\u00c5R G\u00d6RA<\/h2>\r\n<p>Du f\u00e5r inte skicka in n\u00e5got material till webbplatsen som \u00e4r: \u00e4rekr\u00e4nkande, falskt eller vilseledande; f\u00f6rol\u00e4mpande, hotande eller kr\u00e4nkande; obscent eller av sexuell natur; eller kr\u00e4nkande, rasistisk, sexistisk, \u00e5lderistisk eller som p\u00e5 annat s\u00e4tt diskriminerar personer baserat p\u00e5 deras civilst\u00e5nd, sexuella l\u00e4ggning eller religi\u00f6sa \u00f6vertygelse. Du f\u00e5r inte skicka in n\u00e5got material till webbplatsen som sannolikt: uppmuntrar till v\u00e5ld; uppmuntra eller undervisa om beteende som \u00e4r ett brott, ger upphov till civilr\u00e4ttsligt ansvar eller p\u00e5 annat s\u00e4tt \u00e4r olagligt; g\u00f6r intr\u00e5ng i tredje parts immateriella r\u00e4ttigheter; marknadsf\u00f6ra n\u00e5gon produkt eller tj\u00e4nst; utge sig f\u00f6r att vara n\u00e5gon annan eller p\u00e5 annat s\u00e4tt f\u00f6rvr\u00e4nga din identitet, tillh\u00f6righet eller status; skada alla aktiva r\u00e4ttsliga f\u00f6rfaranden som du k\u00e4nner till; orsaka n\u00e5gon larm, \u00e5ngest eller \u00e5ngest; vara tekniskt skadlig (inklusive, utan begr\u00e4nsning, datavirus, logiska bomber, trojanska h\u00e4star, maskar, korrupta data eller annan skadlig eller skadlig programvara, data, komponenter eller beteende); eller bryter mot dessa villkor eller v\u00e5r integritetspolicy. Du f\u00e5r inte skicka l\u00e4nkar till n\u00e5gra webbplatser. Du f\u00e5r inte f\u00f6rs\u00f6ka kringg\u00e5 n\u00e5got skydd vi inf\u00f6rt f\u00f6r s\u00e4kerheten och driften av webbplatsen. Du f\u00e5r inte skicka in inneh\u00e5ll som du vet har tagits bort igen.<\/p>\r\n<h2>7. AVST\u00c4NGNING ELLER UPPS\u00c4GNING AV KONTO<\/h2>\r\n<p>Vi kan st\u00e4nga av och\/eller radera vilket anv\u00e4ndarkonto som helst efter eget gottfinnande. De fr\u00e4msta anledningarna till att ett konto kan st\u00e4ngas av eller raderas \u00e4r:<\/p>\r\n<p>Anv\u00e4ndaren misslyckades med att f\u00f6lja riktlinjerna eller dessa villkor; och\/eller n\u00e5gon kommentar som skickats av anv\u00e4ndarkontot ans\u00e5gs ol\u00e4mplig.<\/p>\r\n<p>Vi kommer att meddela dig om eventuell avst\u00e4ngning via e-post till den adress du angav under din registrering eller n\u00e4sta g\u00e5ng du f\u00f6rs\u00f6ker komma \u00e5t ditt konto. L\u00e4ngden p\u00e5 avst\u00e4ngningen eller beslutet att ta bort ett konto beror p\u00e5 omst\u00e4ndigheterna. Om ditt konto st\u00e4ngs av eller raderas f\u00e5r du inte f\u00f6rs\u00f6ka registrera om eller skicka inneh\u00e5ll via ett annat konto utan v\u00e5rt skriftliga medgivande i f\u00f6rv\u00e4g.<\/p>\r\n<h2>8. ERS\u00c4TTNING<\/h2>\r\n<p>Du kommer att h\u00e5lla oss skadesl\u00f6sa och h\u00e5lla oss skadesl\u00f6sa mot alla f\u00f6rluster, utgifter, kostnader och skulder som uppst\u00e5r till f\u00f6ljd av eller i samband med ditt brott mot dessa villkor.<\/p>\r\n<h2>9. TRANSAKTIONER SOM SLUTAS GEMEN WEBBPLATSEN<\/h2>\r\n<p>Kontrakt f\u00f6r leverans av varor som bildas via v\u00e5r webbplats regleras av v\u00e5ra leveransvillkor. Den otill\u00e5tna \u00e5terf\u00f6rs\u00e4ljningen av CRANBOURN<sup>\u00ae<\/sup>\u00a0produkter \u00e4r f\u00f6rbjudna.<\/p>\r\n<h2>10. ONLINE TVISTL\u00d6SNING<\/h2>\r\n<p>Konsumenter som har problem med en n\u00e4ringsidkare ang\u00e5ende en produkt eller tj\u00e4nst som k\u00f6pts online kan l\u00f6sa tvisten genom Europeiska kommissionens f\u00f6rfarande f\u00f6r onlinetvistl\u00f6sning (\u201cODR\u201d). Om du har problem med n\u00e5gon av v\u00e5ra produkter eller tj\u00e4nster kan du komma \u00e5t ODR-plattformen Hyperlink h\u00e4r.<\/p>\r\n<h2>11. L\u00c4NKAR FR\u00c5N WEBBPLATSEN<\/h2>\r\n<p>Om webbplatsen eller applikationen inneh\u00e5ller l\u00e4nkar till andra webbplatser och resurser tillhandah\u00e5llna av tredje part, tillhandah\u00e5lls dessa l\u00e4nkar endast f\u00f6r din information. Vi har ingen kontroll \u00f6ver inneh\u00e5llet p\u00e5 dessa webbplatser eller resurser och tar inget ansvar f\u00f6r dem eller f\u00f6r n\u00e5gon f\u00f6rlust eller skada som kan uppst\u00e5 fr\u00e5n din anv\u00e4ndning av dem.<\/p>\r\n<p>Om inte annat anges \u00e4r vi inte kommersiellt associerade med n\u00e5gra tredjepartsprodukter som det h\u00e4nvisas till p\u00e5 v\u00e5r webbplats eller i applikationen.<\/p>\r\n<h2>12. V\u00c5RT ANSVAR<\/h2>\r\n<p>Materialet som visas p\u00e5 v\u00e5r webbplats tillhandah\u00e5lls utan garantier, villkor eller garantier f\u00f6r dess riktighet. I den utstr\u00e4ckning det \u00e4r till\u00e5tet enligt lag, utesluter vi, andra medlemmar i v\u00e5r grupp av f\u00f6retag och tredje parter som \u00e4r anslutna till oss h\u00e4rmed uttryckligen: alla villkor, garantier och andra villkor som annars skulle kunna vara antydda av lag, sedvanelag eller lagar om aktiekapital; och allt ansvar f\u00f6r direkt, indirekt eller f\u00f6ljdf\u00f6rlust eller skada som \u00e5samkats n\u00e5gon anv\u00e4ndare i samband med webbplatsen eller i samband med anv\u00e4ndningen, of\u00f6rm\u00e5gan att anv\u00e4nda eller resultatet av anv\u00e4ndningen av webbplatsen, alla webbplatser som \u00e4r l\u00e4nkade till den och allt material som publicerats p\u00e5 det, inklusive f\u00f6rlust av inkomst eller inkomst, f\u00f6rlust av aff\u00e4rer, f\u00f6rlust av vinst eller kontrakt, f\u00f6rlust av f\u00f6rv\u00e4ntade besparingar, f\u00f6rlust av data, f\u00f6rlust av goodwill eller bortkastad hantering eller kontorstid oavsett om det orsakas av skadest\u00e5ndsbrott (inklusive v\u00e5rdsl\u00f6shet) kontraktsbrott eller p\u00e5 annat s\u00e4tt, \u00e4ven om det \u00e4r f\u00f6rutsebart, f\u00f6rutsatt att detta villkor inte ska f\u00f6rhindra anspr\u00e5k p\u00e5 f\u00f6rlust av eller skada p\u00e5 din materiella egendom eller andra anspr\u00e5k p\u00e5 direkt ekonomisk f\u00f6rlust som inte \u00e4r uteslutna av n\u00e5gon av kategorierna ovan. Detta p\u00e5verkar inte v\u00e5rt ansvar f\u00f6r d\u00f6dsfall eller personskada till f\u00f6ljd av v\u00e5r v\u00e5rdsl\u00f6shet, inte heller v\u00e5rt ansvar f\u00f6r bedr\u00e4glig felaktig framst\u00e4llning eller felaktig framst\u00e4llning av en grundl\u00e4ggande fr\u00e5ga, eller n\u00e5got annat ansvar som inte kan uteslutas eller begr\u00e4nsas enligt till\u00e4mplig lag.<\/p>\r\n<h2>13 . \u00c5TKOMMA WEBBPLATSEN<\/h2>\r\n<p>\u00c5tkomst till v\u00e5r webbplats \u00e4r till\u00e5ten tillf\u00e4lligt och vi f\u00f6rbeh\u00e5ller oss r\u00e4tten att dra tillbaka eller \u00e4ndra den tj\u00e4nst vi tillhandah\u00e5ller p\u00e5 v\u00e5r webbplats utan f\u00f6reg\u00e5ende meddelande. Vi kommer inte att h\u00e5llas ansvariga om v\u00e5r webbplats av n\u00e5gon anledning \u00e4r otillg\u00e4nglig n\u00e4r som helst eller under n\u00e5gon period.<\/p>\r\n<p>Webbplatsen \u00e4r delvis beroende av programvara f\u00f6r att fungera. Programvaran har buggar. \u00c4ven om vi kommer att \u00f6vervaka webbplatsen och f\u00f6rs\u00f6ka fixa buggar, kan vi inte garantera att webbplatsen eller n\u00e5gon enskild funktion p\u00e5 webbplatsen kommer att vara felfri, tillg\u00e4nglig hela tiden och\/eller fri fr\u00e5n virus.<\/p>\r\n<h2>14. INGA GARANTIER<\/h2>\r\n<p>Vi tillhandah\u00e5ller inga garantier, vare sig uttryckliga eller underf\u00f6rst\u00e5dda, av n\u00e5got slag inklusive men inte begr\u00e4nsat till underf\u00f6rst\u00e5dda garantier eller underf\u00f6rst\u00e5dda villkor f\u00f6r tillfredsst\u00e4llande kvalitet, l\u00e4mplighet f\u00f6r ett visst \u00e4ndam\u00e5l eller icke-intr\u00e5ng. Alla s\u00e5dana underf\u00f6rst\u00e5dda villkor och garantier exkluderas h\u00e4rmed.<\/p>\r\n<h2>15. \u00c4NDRINGAR AV WEBBPLATSEN ELLER APPLIKATIONEN<\/h2>\r\n<p>Vi f\u00f6rbeh\u00e5ller oss r\u00e4tten att \u00e4ndra inneh\u00e5llet p\u00e5 webbplatsen n\u00e4r som helst. Om behovet uppst\u00e5r kan vi st\u00e4nga av \u00e5tkomsten till webbplatsen eller st\u00e4nga den p\u00e5 obest\u00e4md tid. Allt material p\u00e5 webbplatsen kan vara inaktuellt vid varje given tidpunkt, och vi \u00e4r inte skyldiga att uppdatera s\u00e5dant material.<\/p>\r\n<h2>16. OROR<\/h2>\r\n<p>Om du har n\u00e5gra fr\u00e5gor om materialet som visas p\u00e5 v\u00e5r webbplats eller om du ser n\u00e5got som du rimligen tror bryter mot dessa villkor eller v\u00e5ra riktlinjer, v\u00e4nligen maila oss p\u00e5:\u00a0<a href=\"mailto:enquiries@cranbourn.com\">enquiries@cranbourn.com<\/a><\/p>\r\n<h2>17. GILTIGHET<\/h2>\r\n<p>Om n\u00e5gon del eller best\u00e4mmelse i dessa villkor visar sig vara olaglig eller om\u00f6jlig att verkst\u00e4lla, ska detta inte p\u00e5verka giltigheten av n\u00e5gon annan del eller best\u00e4mmelse.<\/p>\r\n<h2>18. HELA AVTALET<\/h2>\r\n<p>Dessa villkor, riktlinjerna och alla dokument som uttryckligen h\u00e4nvisas till i dem utg\u00f6r hela avtalet mellan oss och ers\u00e4tter alla tidigare diskussioner, korrespondens, f\u00f6rhandlingar, tidigare arrangemang, \u00f6verenskommelse eller avtal mellan oss i samband med \u00e4mnet f\u00f6r dessa villkor. Vi erk\u00e4nner var och en av oss att ingen av oss f\u00f6rlitar sig p\u00e5, eller kommer att ha n\u00e5gra gottg\u00f6relser med avseende p\u00e5, n\u00e5gon utf\u00e4stelse eller garanti (oavsett om den \u00e4r gjord oskyldig eller av f\u00f6rsumlighet) som inte anges i dessa villkor, riktlinjerna eller de dokument som h\u00e4nvisas till i dem . Var och en av oss erk\u00e4nner och samtycker till att den enda \u00e5tg\u00e4rd som finns tillg\u00e4nglig f\u00f6r brott mot dessa villkor ska vara avtalsbrott enligt dessa villkor. Ingenting i dessa villkor verkar dock f\u00f6r att begr\u00e4nsa eller utesluta n\u00e5got ansvar f\u00f6r bedr\u00e4geri.<\/p>\r\n<h2>19. JURISDIKTION OCH TILL\u00c4MPLIG LAG<\/h2>\r\n<p>Dessa villkor regleras av engelsk lag. Engelska domstolar ska ha exklusiv jurisdiktion \u00f6ver alla tvister som r\u00f6r dessa villkor.<\/p>","protected":false},"excerpt":{"rendered":"<p>Thank you for visiting the CRANBOURN\u00ae\u00a0website at www.cranbourn.com (the \u201cSite\u201d). This document (together with the documents referred to in it) tells you the terms and conditions on which you may use the Site. If you do not wish to be bound by these terms and conditions, then you should not use the site. Use of [&hellip;]<\/p>\n","protected":false},"author":13,"featured_media":911,"parent":0,"menu_order":0,"comment_status":"closed","ping_status":"closed","template":"template-term-condition.php","meta":{"_acf_changed":false,"content-type":"","footnotes":""},"class_list":["post-3","page","type-page","status-publish","has-post-thumbnail","hentry"],"acf":[],"yoast_head":"<!-- This site is optimized with the Yoast SEO plugin v27.4 - https:\/\/yoast.com\/product\/yoast-seo-wordpress\/ -->\n<title>Terms &amp; Conditions - MEDIA ROOM<\/title>\n<meta name=\"robots\" content=\"index, follow, max-snippet:-1, max-image-preview:large, max-video-preview:-1\" \/>\n<link rel=\"canonical\" href=\"https:\/\/press.cranbourn.com\/sv\/villkor-villkor\/\" \/>\n<meta property=\"og:locale\" content=\"sv_SE\" \/>\n<meta property=\"og:type\" content=\"article\" \/>\n<meta property=\"og:title\" content=\"Terms &amp; Conditions - MEDIA ROOM\" \/>\n<meta property=\"og:description\" content=\"Thank you for visiting the CRANBOURN\u00ae\u00a0website at www.cranbourn.com (the \u201cSite\u201d). This document (together with the documents referred to in it) tells you the terms and conditions on which you may use the Site. If you do not wish to be bound by these terms and conditions, then you should not use the site. Use of [&hellip;]\" \/>\n<meta property=\"og:url\" content=\"https:\/\/press.cranbourn.com\/sv\/villkor-villkor\/\" \/>\n<meta property=\"og:site_name\" content=\"MEDIA ROOM\" \/>\n<meta property=\"article:publisher\" content=\"https:\/\/www.facebook.com\/cranbourn\/\" \/>\n<meta property=\"article:modified_time\" content=\"2023-08-23T09:14:34+00:00\" \/>\n<meta property=\"og:image\" content=\"https:\/\/press.cranbourn.com\/wp-content\/uploads\/2023\/08\/cranbourn-terms-conditions.jpg\" \/>\n\t<meta property=\"og:image:width\" content=\"1800\" \/>\n\t<meta property=\"og:image:height\" content=\"1012\" \/>\n\t<meta property=\"og:image:type\" content=\"image\/jpeg\" \/>\n<meta name=\"twitter:card\" content=\"summary_large_image\" \/>\n<meta name=\"twitter:site\" content=\"@cranbourn_\" \/>\n<meta name=\"twitter:label1\" content=\"Ber\u00e4knad l\u00e4stid\" \/>\n\t<meta name=\"twitter:data1\" content=\"9 minuter\" \/>\n<script type=\"application\/ld+json\" class=\"yoast-schema-graph\">{\"@context\":\"https:\\\/\\\/schema.org\",\"@graph\":[{\"@type\":\"WebPage\",\"@id\":\"https:\\\/\\\/press.cranbourn.com\\\/terms-conditions\\\/\",\"url\":\"https:\\\/\\\/press.cranbourn.com\\\/terms-conditions\\\/\",\"name\":\"Terms & Conditions - MEDIA ROOM\",\"isPartOf\":{\"@id\":\"https:\\\/\\\/press.cranbourn.com\\\/pl\\\/#website\"},\"primaryImageOfPage\":{\"@id\":\"https:\\\/\\\/press.cranbourn.com\\\/terms-conditions\\\/#primaryimage\"},\"image\":{\"@id\":\"https:\\\/\\\/press.cranbourn.com\\\/terms-conditions\\\/#primaryimage\"},\"thumbnailUrl\":\"https:\\\/\\\/press.cranbourn.com\\\/wp-content\\\/uploads\\\/avifenc\\\/2023\\\/08\\\/cranbourn-terms-conditions.avif\",\"datePublished\":\"2023-07-13T11:37:38+00:00\",\"dateModified\":\"2023-08-23T09:14:34+00:00\",\"breadcrumb\":{\"@id\":\"https:\\\/\\\/press.cranbourn.com\\\/terms-conditions\\\/#breadcrumb\"},\"inLanguage\":\"sv-SE\",\"potentialAction\":[{\"@type\":\"ReadAction\",\"target\":[\"https:\\\/\\\/press.cranbourn.com\\\/terms-conditions\\\/\"]}]},{\"@type\":\"ImageObject\",\"inLanguage\":\"sv-SE\",\"@id\":\"https:\\\/\\\/press.cranbourn.com\\\/terms-conditions\\\/#primaryimage\",\"url\":\"https:\\\/\\\/press.cranbourn.com\\\/wp-content\\\/uploads\\\/avifenc\\\/2023\\\/08\\\/cranbourn-terms-conditions.avif\",\"contentUrl\":\"https:\\\/\\\/press.cranbourn.com\\\/wp-content\\\/uploads\\\/avifenc\\\/2023\\\/08\\\/cranbourn-terms-conditions.avif\",\"width\":1800,\"height\":1012},{\"@type\":\"BreadcrumbList\",\"@id\":\"https:\\\/\\\/press.cranbourn.com\\\/terms-conditions\\\/#breadcrumb\",\"itemListElement\":[{\"@type\":\"ListItem\",\"position\":1,\"name\":\"CRANBOURN\u00ae\",\"item\":\"https:\\\/\\\/press.cranbourn.com\\\/sv\"},{\"@type\":\"ListItem\",\"position\":2,\"name\":\"Terms &#038; Conditions\"}]},{\"@type\":\"WebSite\",\"@id\":\"https:\\\/\\\/press.cranbourn.com\\\/pl\\\/#website\",\"url\":\"https:\\\/\\\/press.cranbourn.com\\\/pl\\\/\",\"name\":\"MEDIA ROOM\",\"description\":\"CRANBOURN\u00ae | Press &amp; Media Room. Contact a Member of the Team for the latest News, Press Releases and Media Downloads.\",\"publisher\":{\"@id\":\"https:\\\/\\\/press.cranbourn.com\\\/pl\\\/#organization\"},\"potentialAction\":[{\"@type\":\"SearchAction\",\"target\":{\"@type\":\"EntryPoint\",\"urlTemplate\":\"https:\\\/\\\/press.cranbourn.com\\\/pl\\\/?s={search_term_string}\"},\"query-input\":{\"@type\":\"PropertyValueSpecification\",\"valueRequired\":true,\"valueName\":\"search_term_string\"}}],\"inLanguage\":\"sv-SE\"},{\"@type\":\"Organization\",\"@id\":\"https:\\\/\\\/press.cranbourn.com\\\/pl\\\/#organization\",\"name\":\"MEDIA ROOM\",\"url\":\"https:\\\/\\\/press.cranbourn.com\\\/pl\\\/\",\"logo\":{\"@type\":\"ImageObject\",\"inLanguage\":\"sv-SE\",\"@id\":\"https:\\\/\\\/press.cranbourn.com\\\/pl\\\/#\\\/schema\\\/logo\\\/image\\\/\",\"url\":\"https:\\\/\\\/press.cranbourn.com\\\/wp-content\\\/uploads\\\/2023\\\/07\\\/logo.svg\",\"contentUrl\":\"https:\\\/\\\/press.cranbourn.com\\\/wp-content\\\/uploads\\\/2023\\\/07\\\/logo.svg\",\"width\":1,\"height\":1,\"caption\":\"MEDIA ROOM\"},\"image\":{\"@id\":\"https:\\\/\\\/press.cranbourn.com\\\/pl\\\/#\\\/schema\\\/logo\\\/image\\\/\"},\"sameAs\":[\"https:\\\/\\\/www.facebook.com\\\/cranbourn\\\/\",\"https:\\\/\\\/x.com\\\/cranbourn_\"]}]}<\/script>\n<!-- \/ Yoast SEO plugin. -->","yoast_head_json":{"title":"Regler &amp; Villkor - MEDIERUM","robots":{"index":"index","follow":"follow","max-snippet":"max-snippet:-1","max-image-preview":"max-image-preview:large","max-video-preview":"max-video-preview:-1"},"canonical":"https:\/\/press.cranbourn.com\/sv\/villkor-villkor\/","og_locale":"sv_SE","og_type":"article","og_title":"Terms & Conditions - MEDIA ROOM","og_description":"Thank you for visiting the CRANBOURN\u00ae\u00a0website at www.cranbourn.com (the \u201cSite\u201d). This document (together with the documents referred to in it) tells you the terms and conditions on which you may use the Site. If you do not wish to be bound by these terms and conditions, then you should not use the site. Use of [&hellip;]","og_url":"https:\/\/press.cranbourn.com\/sv\/villkor-villkor\/","og_site_name":"MEDIA ROOM","article_publisher":"https:\/\/www.facebook.com\/cranbourn\/","article_modified_time":"2023-08-23T09:14:34+00:00","og_image":[{"width":1800,"height":1012,"url":"https:\/\/press.cranbourn.com\/wp-content\/uploads\/2023\/08\/cranbourn-terms-conditions.jpg","type":"image\/jpeg"}],"twitter_card":"summary_large_image","twitter_site":"@cranbourn_","twitter_misc":{"Ber\u00e4knad l\u00e4stid":"9 minuter"},"schema":{"@context":"https:\/\/schema.org","@graph":[{"@type":"WebPage","@id":"https:\/\/press.cranbourn.com\/terms-conditions\/","url":"https:\/\/press.cranbourn.com\/terms-conditions\/","name":"Regler &amp; Villkor - MEDIERUM","isPartOf":{"@id":"https:\/\/press.cranbourn.com\/pl\/#website"},"primaryImageOfPage":{"@id":"https:\/\/press.cranbourn.com\/terms-conditions\/#primaryimage"},"image":{"@id":"https:\/\/press.cranbourn.com\/terms-conditions\/#primaryimage"},"thumbnailUrl":"https:\/\/press.cranbourn.com\/wp-content\/uploads\/avifenc\/2023\/08\/cranbourn-terms-conditions.avif","datePublished":"2023-07-13T11:37:38+00:00","dateModified":"2023-08-23T09:14:34+00:00","breadcrumb":{"@id":"https:\/\/press.cranbourn.com\/terms-conditions\/#breadcrumb"},"inLanguage":"sv-SE","potentialAction":[{"@type":"ReadAction","target":["https:\/\/press.cranbourn.com\/terms-conditions\/"]}]},{"@type":"ImageObject","inLanguage":"sv-SE","@id":"https:\/\/press.cranbourn.com\/terms-conditions\/#primaryimage","url":"https:\/\/press.cranbourn.com\/wp-content\/uploads\/avifenc\/2023\/08\/cranbourn-terms-conditions.avif","contentUrl":"https:\/\/press.cranbourn.com\/wp-content\/uploads\/avifenc\/2023\/08\/cranbourn-terms-conditions.avif","width":1800,"height":1012},{"@type":"BreadcrumbList","@id":"https:\/\/press.cranbourn.com\/terms-conditions\/#breadcrumb","itemListElement":[{"@type":"ListItem","position":1,"name":"CRANBOURN\u00ae","item":"https:\/\/press.cranbourn.com\/sv"},{"@type":"ListItem","position":2,"name":"Terms &#038; Conditions"}]},{"@type":"WebSite","@id":"https:\/\/press.cranbourn.com\/pl\/#website","url":"https:\/\/press.cranbourn.com\/pl\/","name":"MEDIA RUM","description":"CRANBOURN\u00ae | Press- och mediarum. Kontakta en medlem av teamet f\u00f6r de senaste nyheterna, pressmeddelanden och medianedladdningar.","publisher":{"@id":"https:\/\/press.cranbourn.com\/pl\/#organization"},"potentialAction":[{"@type":"SearchAction","target":{"@type":"EntryPoint","urlTemplate":"https:\/\/press.cranbourn.com\/pl\/?s={search_term_string}"},"query-input":{"@type":"PropertyValueSpecification","valueRequired":true,"valueName":"search_term_string"}}],"inLanguage":"sv-SE"},{"@type":"Organization","@id":"https:\/\/press.cranbourn.com\/pl\/#organization","name":"MEDIA RUM","url":"https:\/\/press.cranbourn.com\/pl\/","logo":{"@type":"ImageObject","inLanguage":"sv-SE","@id":"https:\/\/press.cranbourn.com\/pl\/#\/schema\/logo\/image\/","url":"https:\/\/press.cranbourn.com\/wp-content\/uploads\/2023\/07\/logo.svg","contentUrl":"https:\/\/press.cranbourn.com\/wp-content\/uploads\/2023\/07\/logo.svg","width":1,"height":1,"caption":"MEDIA ROOM"},"image":{"@id":"https:\/\/press.cranbourn.com\/pl\/#\/schema\/logo\/image\/"},"sameAs":["https:\/\/www.facebook.com\/cranbourn\/","https:\/\/x.com\/cranbourn_"]}]}},"jetpack_sharing_enabled":true,"_links":{"self":[{"href":"https:\/\/press.cranbourn.com\/sv\/wp-json\/wp\/v2\/pages\/3","targetHints":{"allow":["GET"]}}],"collection":[{"href":"https:\/\/press.cranbourn.com\/sv\/wp-json\/wp\/v2\/pages"}],"about":[{"href":"https:\/\/press.cranbourn.com\/sv\/wp-json\/wp\/v2\/types\/page"}],"author":[{"embeddable":true,"href":"https:\/\/press.cranbourn.com\/sv\/wp-json\/wp\/v2\/users\/13"}],"replies":[{"embeddable":true,"href":"https:\/\/press.cranbourn.com\/sv\/wp-json\/wp\/v2\/comments?post=3"}],"version-history":[{"count":0,"href":"https:\/\/press.cranbourn.com\/sv\/wp-json\/wp\/v2\/pages\/3\/revisions"}],"wp:featuredmedia":[{"embeddable":true,"href":"https:\/\/press.cranbourn.com\/sv\/wp-json\/wp\/v2\/media\/911"}],"wp:attachment":[{"href":"https:\/\/press.cranbourn.com\/sv\/wp-json\/wp\/v2\/media?parent=3"}],"curies":[{"name":"wp","href":"https:\/\/api.w.org\/{rel}","templated":true}]}}