{"id":3,"date":"2023-07-13T12:37:38","date_gmt":"2023-07-13T11:37:38","guid":{"rendered":"https:\/\/presscranbourn.wpengine.com\/?page_id=3"},"modified":"2023-08-23T10:14:34","modified_gmt":"2023-08-23T09:14:34","slug":"pogoji-in-dolocila","status":"publish","type":"page","link":"https:\/\/press.cranbourn.com\/sl\/terms-conditions\/","title":{"rendered":"Pogoji uporabe"},"content":{"rendered":"<p>Hvala, ker ste obiskali CRANBOURN<sup>\u00ae<\/sup>\u00a0spletnem mestu www.cranbourn.com (\u00bbmesto\u00ab). Ta dokument (skupaj z dokumenti, navedenimi v njem) vam pove pogoje in dolo\u010dila, pod katerimi lahko uporabljate spletno mesto.<\/p>\r\n<p>\u010ce ne \u017eelite, da vas ti pogoji in dolo\u010dila ne zavezujejo, tega mesta ne uporabljajte. \u010ce uporabljate spletno mesto, se \u0161teje, da se strinjate s temi pogoji.<\/p>\r\n<p>Ta dolo\u010dila in pogoje lahko ob\u010dasno spremenimo, zato vas prosimo, da jih preberete vsaki\u010d, ko obi\u0161\u010dete spletno mesto. Kopijo teh dolo\u010dil in pogojev shranite za prihodnjo uporabo.<\/p>\r\n<h2 class=\"wp-block-heading\">1. O NAS:<\/h2>\r\n<p>Spletno mesto in aplikacijo upravlja podjetje CRANBOURN (Holdings) Limited, registrirano v Angliji in Walesu pod \u0161tevilko podjetja 11692479, s sede\u017eem na naslovu 1 The Green, Richmond, Surrey, TW9 1PL.<\/p>\r\n<p>Na\u0161a \u0161tevilka za DDV je GB 311 7674 14. Kontaktirate nas lahko preko naslednjega e-po\u0161tnega naslova:\u00a0<a href=\"mailto:enquiries@cranbourn.com\">enquiries@cranbourn.com<\/a>.<\/p>\r\n<h2>2. UPORABA MESTA IN\/ALI APLIKACIJE<\/h2>\r\n<p>Spletno mesto lahko uporabljate samo za osebno uporabo. Strogo je prepovedana kakr\u0161na koli komercialna uporaba spletnega mesta. Dovoljeno vam je, da ob\u010dasno natisnete posamezne spletne strani, pod pogojem, da ne natisnete celotnega ali bistvenega dela spletnega mesta in da blagovne znamke in obvestila o intelektualni lastnini, vklju\u010dena na spletno mesto, niso odstranjeni.<\/p>\r\n<p>Razen \u010de ni druga\u010de navedeno v teh dolo\u010dilih in pogojih, ne smete (neposredno ali posredno) (i) kopirati, prena\u0161ati, shranjevati, dajati na voljo, distribuirati, prodajati ali ponujati v prodajo celotne ali katerega koli dela vsebine ali mesta ali aplikacije ali (ii) prenesti ali kako druga\u010de kopirati katero koli vsebino, datoteke ali podatke s spletnega mesta, da ustvarite ali zapolnite bazo podatkov ali kakr\u0161no koli objavo.<\/p>\r\n<h2>3. REGISTRACIJA<\/h2>\r\n<p>Ne smete registrirati ve\u010d kot enega ra\u010duna.<\/p>\r\n<p>Za registracijo in oddajo komentarjev ali fotografij prek spletnega mesta morate biti stari vsaj 18 let.<\/p>\r\n<p>Posredovati morate posodobljeno e-po\u0161to, do katere imate reden dostop, saj bomo morda morali stopiti v stik z vami glede va\u0161ih prispevkov.<\/p>\r\n<p>Ne smete se: la\u017eno predstavljati ali posku\u0161ati la\u017eno predstavljati drugo osebo; razkrijte svoje geslo komu drugemu; dovolite komur koli drugemu uporabo va\u0161ega ra\u010duna ali uporabite ra\u010dun kogar koli drugega. Odgovorni ste za vse oddaje prek va\u0161ega ra\u010duna. \u010ce sumite, da bi lahko nekdo drug dostopal ali uporabljal va\u0161e geslo ali ra\u010dun, nas morate \u010dim prej obvestiti po e-po\u0161ti\u00a0<a href=\"mailto:enquiries@cranbourn.com\">enquiries@cranbourn.com<\/a><\/p>\r\n<h2>4. POVEZAVA NA SPLETNO MESTO<\/h2>\r\n<p>Svojim prijateljem lahko po e-po\u0161ti po\u0161ljete povezave do na\u0161ih spletnih mest ali dolo\u010denih strani na njih.<\/p>\r\n<h2>5. VA\u0160A VSEBINA \u2013 KAJ NAM DOVOLJENO<\/h2>\r\n<p>Pridr\u017eujemo si pravico do objave, urejanja ali odstranitve celotne ali dela katere koli vsebine, ki jo po\u0161ljete, vklju\u010dno z vsemi podrobnostmi v va\u0161em profilu (npr. va\u0161e ime, mesto, dr\u017eava), fotografijami ali morebitnimi komentarji, ki ste jih morda poslali (&quot; Va\u0161a vsebina\u00ab).<\/p>\r\n<p>Upo\u0161tevajte, da z oddajo vsebine prek spletnega mesta sogla\u0161ate, da se vse slike, ki jih posredujete, nalo\u017eijo v Google Slike ali kateri koli drug iskalnik, ki ga izberemo.<\/p>\r\n<p>Z oddajo vsebine na spletno mesto nam podelite trajno, brezpla\u010dno, svetovno, nepreklicno, neizklju\u010dno licenco za uporabo, kopiranje, urejanje, prilagajanje, objavljanje, prevajanje, dajanje na voljo, sporo\u010danje, distribucijo in podlicenciranje va\u0161e vsebine. (v celoti ali delno) za kateri koli namen. Prav tako imamo pravico razkriti va\u0161o identiteto kateri koli tretji osebi, ki trdi, da katero koli gradivo, ki ste ga objavili ali nalo\u017eili prek spletnega mesta, predstavlja kr\u0161itev njihovih pravic intelektualne lastnine ali njihove pravice do zasebnosti. Z oddajo va\u0161e vsebine jam\u010dite, da imate pravico podeliti to licenco, in nam povrnete \u0161kodo za vsako kr\u0161itev te garancije. Nismo odgovorni ali dol\u017eni tretjim osebam za vsebino ali to\u010dnost katerega koli materiala, ki ga objavite vi ali kateri koli drug uporabnik spletnega mesta. V obsegu, ki ga dovoljuje zakon, se odpovedujete svojim moralnim pravicam (npr. pravici, da ste identificirani kot avtor ali da nasprotujete slab\u0161alni obravnavi) do svoje vsebine. \u0160e naprej objavljajte celotno ali delno svojo vsebino, vklju\u010dno z va\u0161imi fotografijami, komentarji, profilom, imenom, mestom in dr\u017eavo, tudi \u010de si premislite in \u017eelite, da jo odstranimo in\/ali niste ve\u010d registrirani na spletnem mestu.<\/p>\r\n<h2>6. VA\u0160A VSEBINA \u2013 KAJ NI DOVOLJENO<\/h2>\r\n<p>Spletnemu mestu ne smete posredovati nobenega gradiva, ki je: obrekovalno, la\u017eno ali zavajajo\u010de; \u017ealjivo, grozilno ali \u017ealjivo; opolzke ali spolne narave; ali \u017ealjivo, rasisti\u010dno, seksisti\u010dno, ageisti\u010dno ali druga\u010de diskriminira osebe na podlagi njihovega zakonskega stanu, spolne usmerjenosti ali verskega prepri\u010danja. Na spletno mesto ne smete po\u0161iljati nobenega gradiva, ki bi lahko: spodbujalo nasilje; spodbujati ali u\u010diti ravnanja, ki je kaznivo dejanje, povzro\u010di civilno odgovornost ali je kako druga\u010de nezakonito; kr\u0161iti pravice intelektualne lastnine tretjih oseb; ogla\u0161evanje katerega koli izdelka ali storitve; la\u017eno predstavljate kogar koli drugega ali druga\u010de napa\u010dno predstavljate svojo identiteto, pripadnost ali status; \u0161koduje vsem aktivnim pravnim postopkom, s katerimi ste seznanjeni; nekomu povzro\u010diti preplah, tesnobo ali stisko; biti tehni\u010dno \u0161kodljiv (vklju\u010dno z, brez omejitev, ra\u010dunalni\u0161kimi virusi, logi\u010dnimi bombami, trojanskimi konji, \u010drvi, po\u0161kodovanimi podatki ali drugo zlonamerno ali \u0161kodljivo programsko opremo, podatki, komponentami ali ravnanjem); ali kr\u0161ite te Pogoje in dolo\u010dila ali na\u0161 pravilnik o zasebnosti. Ne smete predlo\u017eiti povezav do nobenih spletnih mest. Ne smete posku\u0161ati zaobiti nobene za\u0161\u010dite, ki smo jo vzpostavili za varnost in delovanje spletnega mesta. Ne smete ponovno predlo\u017eiti vsebine, za katero veste, da je bila odstranjena.<\/p>\r\n<h2>7. ZA\u010cASNA USTAVITEV ALI UKINITEV RA\u010cUNA<\/h2>\r\n<p>Po lastni presoji lahko za\u010dasno prekinemo in\/ali izbri\u0161emo kateri koli uporabni\u0161ki ra\u010dun. Glavni razlogi, zaradi katerih je lahko ra\u010dun za\u010dasno blokiran ali izbrisan, so:<\/p>\r\n<p>Uporabnik ni ravnal v skladu s smernicami ali temi pogoji; in\/ali kateri koli komentar, ki ga je poslal uporabni\u0161ki ra\u010dun, je bil ocenjen kot neprimeren.<\/p>\r\n<p>O morebitni prekinitvi vas bomo obvestili po e-po\u0161ti na naslov, ki ste ga navedli med registracijo, ali ob naslednjem poskusu dostopa do va\u0161ega ra\u010duna. Dol\u017eina za\u010dasne blokade ali odlo\u010ditev o izbrisu ra\u010duna bo odvisna od okoli\u0161\u010din. \u010ce je va\u0161 ra\u010dun za\u010dasno ustavljen ali izbrisan, se ne smete posku\u0161ati znova registrirati ali poslati vsebine prek drugega ra\u010duna brez na\u0161ega predhodnega pisnega soglasja.<\/p>\r\n<h2>8. OD\u0160KODNINA<\/h2>\r\n<p>Povrnili nam boste \u0161kodo in nas za\u0161\u010ditili pred vsemi izgubami, izdatki, stro\u0161ki in obveznostmi, ki nastanejo kot posledica ali v povezavi z va\u0161o kr\u0161itvijo teh Pogojev in dolo\u010dil.<\/p>\r\n<h2>9. TRANSAKCIJE, SKLENENE PREK MESTA<\/h2>\r\n<p>Pogodbe o dobavi blaga, sklenjene prek na\u0161ega spletnega mesta, urejajo na\u0161i Pogoji dobave. Nepoobla\u0161\u010dena preprodaja CRANBOURN<sup>\u00ae<\/sup>\u00a0izdelkov je prepovedano.<\/p>\r\n<h2>10. SPLETNO RE\u0160EVANJE SPOROV<\/h2>\r\n<p>Potro\u0161niki, ki imajo te\u017eave s trgovcem v zvezi z izdelkom ali storitvijo, kupljeno prek spleta, lahko spor re\u0161ijo s postopkom spletnega re\u0161evanja sporov (\u00bbODR\u00ab) Evropske komisije. \u010ce imate te\u017eave s katerim od na\u0161ih izdelkov ali storitev, lahko do hiperpovezave platforme ODR dostopate tukaj.<\/p>\r\n<h2>11. POVEZAVE S MESTA<\/h2>\r\n<p>Kadar spletno mesto ali aplikacija vsebuje povezave do drugih spletnih mest in virov, ki jih zagotavljajo tretje osebe, so te povezave na voljo samo v va\u0161o informacijo. Nimamo nadzora nad vsebino teh spletnih mest ali virov in ne prevzemamo nobene odgovornosti zanje ali za kakr\u0161no koli izgubo ali \u0161kodo, ki lahko nastane zaradi va\u0161e uporabe.<\/p>\r\n<p>\u010ce ni navedeno druga\u010de, nismo komercialno povezani z izdelki tretjih oseb, ki so navedeni na na\u0161em spletnem mestu ali v aplikaciji.<\/p>\r\n<h2>12. NA\u0160A ODGOVORNOST<\/h2>\r\n<p>Gradivo, prikazano na na\u0161em spletnem mestu, je na voljo brez garancij, pogojev ali jamstev glede njegove to\u010dnosti. V obsegu, ki ga dovoljuje zakonodaja, mi, drugi \u010dlani na\u0161e skupine podjetij in tretje osebe, povezane z nami, s tem izrecno izklju\u010dujemo: vse pogoje, garancije in druge pogoje, ki bi jih sicer lahko vsebovalo statut, obi\u010dajno pravo ali pravo lastni\u0161kega kapitala; in kakr\u0161no koli odgovornost za kakr\u0161no koli neposredno, posredno ali posledi\u010dno izgubo ali \u0161kodo, ki jo utrpi kateri koli uporabnik v povezavi s spletnim mestom ali v povezavi z uporabo, nezmo\u017enostjo uporabe ali rezultati uporabe spletnega mesta, vseh spletnih mest, povezanih z njim, in katerega koli objavljenega gradiva. na njem, vklju\u010dno z izgubo dohodka ali dohodka, izgubo posla, izgubo dobi\u010dka ali pogodb, izgubo pri\u010dakovanih prihrankov, izgubo podatkov, izgubo dobrega imena ali izgubljenim \u010dasom upravljanja ali pisarne, ne glede na to, ali je posledica od\u0161kodninske odgovornosti (vklju\u010dno z malomarnostjo), kr\u0161itve pogodbe ali kako druga\u010de, tudi \u010de je predvidljivo, pod pogojem, da ta pogoj ne prepre\u010duje zahtevkov za izgubo ali \u0161kodo na va\u0161em materialnem premo\u017eenju ali drugih zahtevkov za neposredno finan\u010dno izgubo, ki jih nobena od zgornjih kategorij ne izklju\u010duje. To ne vpliva na na\u0161o odgovornost za smrt ali telesne po\u0161kodbe, ki izhajajo iz na\u0161e malomarnosti, niti na na\u0161o odgovornost za goljufivo napa\u010dno navajanje ali napa\u010dno navajanje temeljne zadeve, niti na katero koli drugo odgovornost, ki je ni mogo\u010de izklju\u010diti ali omejiti v skladu z veljavno zakonodajo.<\/p>\r\n<h2>13. DOSTOP DO SPLETNEGA MESTA<\/h2>\r\n<p>Dostop do na\u0161ega spletnega mesta je dovoljen za\u010dasno in pridr\u017eujemo si pravico do umika ali spremembe storitve, ki jo nudimo na na\u0161em spletnem mestu, brez predhodnega obvestila. Ne bomo odgovorni, \u010de iz kakr\u0161nega koli razloga na\u0161e spletno mesto kadar koli ali v katerem koli obdobju ni na voljo.<\/p>\r\n<p>Delovanje spletnega mesta je delno odvisno od programske opreme. Programska oprema ima napake. \u010ceprav bomo spletno mesto spremljali in posku\u0161ali odpraviti napake, ne moremo zagotoviti, da bo spletno mesto ali katera koli posamezna funkcija spletnega mesta brez napak, na voljo ves \u010das in\/ali brez virusov.<\/p>\r\n<h2>14. BREZ JAMSTEV<\/h2>\r\n<p>Ne zagotavljamo nobenega jamstva, izrecnega ali implicitnega, kakr\u0161ne koli vrste, vklju\u010dno z, vendar ne omejeno na, kakr\u0161nimi koli implicitnimi jamstvi ali implicitnimi pogoji glede zadovoljive kakovosti, primernosti za dolo\u010den namen ali nekr\u0161itve. Vsi taki implicitni pogoji in jamstva so s tem izklju\u010deni.<\/p>\r\n<h2>15. SPREMEMBE MESTA ALI APLIKACIJE<\/h2>\r\n<p>Pridr\u017eujemo si pravico do spremembe vsebine spletnega mesta kadarkoli. \u010ce se pojavi potreba, lahko za\u010dasno prekinemo dostop do spletnega mesta ali ga zapremo za nedolo\u010den \u010das. Katero koli gradivo na spletnem mestu je lahko v danem trenutku zastarelo in nismo dol\u017eni posodabljati takega gradiva.<\/p>\r\n<h2>16. SKRBI<\/h2>\r\n<p>\u010ce imate kakr\u0161ne koli pomisleke glede gradiva, ki se pojavi na na\u0161em spletnem mestu, ali \u010de opazite nekaj, za kar razumno menite, da kr\u0161i ta dolo\u010dila in pogoje ali na\u0161e smernice, nam pi\u0161ite na:\u00a0<a href=\"mailto:enquiries@cranbourn.com\">enquiries@cranbourn.com<\/a><\/p>\r\n<h2>17. VELJAVNOST<\/h2>\r\n<p>\u010ce se ugotovi, da je kateri koli del ali dolo\u010dba teh dolo\u010dil in pogojev nezakonita ali neizvr\u0161ljiva, to ne vpliva na veljavnost katerega koli drugega dela ali dolo\u010dbe.<\/p>\r\n<h2>18. CELOTNA POGODBA<\/h2>\r\n<p>Ti pogoji in dolo\u010dila, smernice in kateri koli dokument, ki je v njih izrecno naveden, sestavljajo celotno pogodbo med nami in nadome\u0161\u010dajo vse predhodne razprave, korespondenco, pogajanja, prej\u0161nje dogovore, dogovore ali dogovore med nami v zvezi s predmetom teh pogojev in dolo\u010dil. Vsi potrjujemo, da se nih\u010de od naju ne zana\u0161a na nobeno zastopanje ali jamstvo (ne glede na to, ali je bilo dano nedol\u017eno ali iz malomarnosti) ali ne bo imel nobenih pravnih sredstev v zvezi z njim, ki ni dolo\u010deno v teh Pogojih in dolo\u010dilih, Smernicah ali dokumentih, navedenih v njih. . Vsak od nas priznava in se strinja, da je edino pravno sredstvo, ki mu je na voljo v primeru kr\u0161itve teh pogojev in dolo\u010dil, kr\u0161itev pogodbe v skladu s temi dolo\u010dili in pogoji. Ni\u010d v teh pogojih pa ne omejuje ali izklju\u010duje kakr\u0161ne koli odgovornosti za goljufije.<\/p>\r\n<h2>19. PRISTOJNOST IN VELJAVNO PRAVO<\/h2>\r\n<p>Ta dolo\u010dila in pogoje ureja angle\u0161ko pravo. Angle\u0161ka sodi\u0161\u010da imajo izklju\u010dno pristojnost za vse spore v zvezi s temi dolo\u010dili in pogoji.<\/p>","protected":false},"excerpt":{"rendered":"<p>Thank you for visiting the CRANBOURN\u00ae\u00a0website at www.cranbourn.com (the \u201cSite\u201d). This document (together with the documents referred to in it) tells you the terms and conditions on which you may use the Site. If you do not wish to be bound by these terms and conditions, then you should not use the site. Use of [&hellip;]<\/p>\n","protected":false},"author":13,"featured_media":911,"parent":0,"menu_order":0,"comment_status":"closed","ping_status":"closed","template":"template-term-condition.php","meta":{"_acf_changed":false,"content-type":"","footnotes":""},"class_list":["post-3","page","type-page","status-publish","has-post-thumbnail","hentry"],"acf":[],"yoast_head":"<!-- This site is optimized with the Yoast SEO plugin v27.4 - https:\/\/yoast.com\/product\/yoast-seo-wordpress\/ -->\n<title>Terms &amp; Conditions - MEDIA ROOM<\/title>\n<meta name=\"robots\" content=\"index, follow, max-snippet:-1, max-image-preview:large, max-video-preview:-1\" \/>\n<link rel=\"canonical\" href=\"https:\/\/press.cranbourn.com\/sl\/pogoji-in-dolocila\/\" \/>\n<meta property=\"og:locale\" content=\"sl_SI\" \/>\n<meta property=\"og:type\" content=\"article\" \/>\n<meta property=\"og:title\" content=\"Terms &amp; Conditions - MEDIA ROOM\" \/>\n<meta property=\"og:description\" content=\"Thank you for visiting the CRANBOURN\u00ae\u00a0website at www.cranbourn.com (the \u201cSite\u201d). This document (together with the documents referred to in it) tells you the terms and conditions on which you may use the Site. If you do not wish to be bound by these terms and conditions, then you should not use the site. Use of [&hellip;]\" \/>\n<meta property=\"og:url\" content=\"https:\/\/press.cranbourn.com\/sl\/pogoji-in-dolocila\/\" \/>\n<meta property=\"og:site_name\" content=\"MEDIA ROOM\" \/>\n<meta property=\"article:publisher\" content=\"https:\/\/www.facebook.com\/cranbourn\/\" \/>\n<meta property=\"article:modified_time\" content=\"2023-08-23T09:14:34+00:00\" \/>\n<meta property=\"og:image\" content=\"https:\/\/press.cranbourn.com\/wp-content\/uploads\/2023\/08\/cranbourn-terms-conditions.jpg\" \/>\n\t<meta property=\"og:image:width\" content=\"1800\" \/>\n\t<meta property=\"og:image:height\" content=\"1012\" \/>\n\t<meta property=\"og:image:type\" content=\"image\/jpeg\" \/>\n<meta name=\"twitter:card\" content=\"summary_large_image\" \/>\n<meta name=\"twitter:site\" content=\"@cranbourn_\" \/>\n<meta name=\"twitter:label1\" content=\"Est. reading time\" \/>\n\t<meta name=\"twitter:data1\" content=\"9 minut\" \/>\n<script type=\"application\/ld+json\" class=\"yoast-schema-graph\">{\"@context\":\"https:\\\/\\\/schema.org\",\"@graph\":[{\"@type\":\"WebPage\",\"@id\":\"https:\\\/\\\/press.cranbourn.com\\\/terms-conditions\\\/\",\"url\":\"https:\\\/\\\/press.cranbourn.com\\\/terms-conditions\\\/\",\"name\":\"Terms & Conditions - MEDIA ROOM\",\"isPartOf\":{\"@id\":\"https:\\\/\\\/press.cranbourn.com\\\/pl\\\/#website\"},\"primaryImageOfPage\":{\"@id\":\"https:\\\/\\\/press.cranbourn.com\\\/terms-conditions\\\/#primaryimage\"},\"image\":{\"@id\":\"https:\\\/\\\/press.cranbourn.com\\\/terms-conditions\\\/#primaryimage\"},\"thumbnailUrl\":\"https:\\\/\\\/press.cranbourn.com\\\/wp-content\\\/uploads\\\/avifenc\\\/2023\\\/08\\\/cranbourn-terms-conditions.avif\",\"datePublished\":\"2023-07-13T11:37:38+00:00\",\"dateModified\":\"2023-08-23T09:14:34+00:00\",\"breadcrumb\":{\"@id\":\"https:\\\/\\\/press.cranbourn.com\\\/terms-conditions\\\/#breadcrumb\"},\"inLanguage\":\"sl-SI\",\"potentialAction\":[{\"@type\":\"ReadAction\",\"target\":[\"https:\\\/\\\/press.cranbourn.com\\\/terms-conditions\\\/\"]}]},{\"@type\":\"ImageObject\",\"inLanguage\":\"sl-SI\",\"@id\":\"https:\\\/\\\/press.cranbourn.com\\\/terms-conditions\\\/#primaryimage\",\"url\":\"https:\\\/\\\/press.cranbourn.com\\\/wp-content\\\/uploads\\\/avifenc\\\/2023\\\/08\\\/cranbourn-terms-conditions.avif\",\"contentUrl\":\"https:\\\/\\\/press.cranbourn.com\\\/wp-content\\\/uploads\\\/avifenc\\\/2023\\\/08\\\/cranbourn-terms-conditions.avif\",\"width\":1800,\"height\":1012},{\"@type\":\"BreadcrumbList\",\"@id\":\"https:\\\/\\\/press.cranbourn.com\\\/terms-conditions\\\/#breadcrumb\",\"itemListElement\":[{\"@type\":\"ListItem\",\"position\":1,\"name\":\"CRANBOURN\u00ae\",\"item\":\"https:\\\/\\\/press.cranbourn.com\\\/sl\"},{\"@type\":\"ListItem\",\"position\":2,\"name\":\"Terms &#038; Conditions\"}]},{\"@type\":\"WebSite\",\"@id\":\"https:\\\/\\\/press.cranbourn.com\\\/pl\\\/#website\",\"url\":\"https:\\\/\\\/press.cranbourn.com\\\/pl\\\/\",\"name\":\"MEDIA ROOM\",\"description\":\"CRANBOURN\u00ae | Press &amp; Media Room. Contact a Member of the Team for the latest News, Press Releases and Media Downloads.\",\"publisher\":{\"@id\":\"https:\\\/\\\/press.cranbourn.com\\\/pl\\\/#organization\"},\"potentialAction\":[{\"@type\":\"SearchAction\",\"target\":{\"@type\":\"EntryPoint\",\"urlTemplate\":\"https:\\\/\\\/press.cranbourn.com\\\/pl\\\/?s={search_term_string}\"},\"query-input\":{\"@type\":\"PropertyValueSpecification\",\"valueRequired\":true,\"valueName\":\"search_term_string\"}}],\"inLanguage\":\"sl-SI\"},{\"@type\":\"Organization\",\"@id\":\"https:\\\/\\\/press.cranbourn.com\\\/pl\\\/#organization\",\"name\":\"MEDIA ROOM\",\"url\":\"https:\\\/\\\/press.cranbourn.com\\\/pl\\\/\",\"logo\":{\"@type\":\"ImageObject\",\"inLanguage\":\"sl-SI\",\"@id\":\"https:\\\/\\\/press.cranbourn.com\\\/pl\\\/#\\\/schema\\\/logo\\\/image\\\/\",\"url\":\"https:\\\/\\\/press.cranbourn.com\\\/wp-content\\\/uploads\\\/2023\\\/07\\\/logo.svg\",\"contentUrl\":\"https:\\\/\\\/press.cranbourn.com\\\/wp-content\\\/uploads\\\/2023\\\/07\\\/logo.svg\",\"width\":1,\"height\":1,\"caption\":\"MEDIA ROOM\"},\"image\":{\"@id\":\"https:\\\/\\\/press.cranbourn.com\\\/pl\\\/#\\\/schema\\\/logo\\\/image\\\/\"},\"sameAs\":[\"https:\\\/\\\/www.facebook.com\\\/cranbourn\\\/\",\"https:\\\/\\\/x.com\\\/cranbourn_\"]}]}<\/script>\n<!-- \/ Yoast SEO plugin. -->","yoast_head_json":{"title":"Pogoji in dolo\u010dila - MEDIJSKA SOBA","robots":{"index":"index","follow":"follow","max-snippet":"max-snippet:-1","max-image-preview":"max-image-preview:large","max-video-preview":"max-video-preview:-1"},"canonical":"https:\/\/press.cranbourn.com\/sl\/pogoji-in-dolocila\/","og_locale":"sl_SI","og_type":"article","og_title":"Terms & Conditions - MEDIA ROOM","og_description":"Thank you for visiting the CRANBOURN\u00ae\u00a0website at www.cranbourn.com (the \u201cSite\u201d). This document (together with the documents referred to in it) tells you the terms and conditions on which you may use the Site. If you do not wish to be bound by these terms and conditions, then you should not use the site. Use of [&hellip;]","og_url":"https:\/\/press.cranbourn.com\/sl\/pogoji-in-dolocila\/","og_site_name":"MEDIA ROOM","article_publisher":"https:\/\/www.facebook.com\/cranbourn\/","article_modified_time":"2023-08-23T09:14:34+00:00","og_image":[{"width":1800,"height":1012,"url":"https:\/\/press.cranbourn.com\/wp-content\/uploads\/2023\/08\/cranbourn-terms-conditions.jpg","type":"image\/jpeg"}],"twitter_card":"summary_large_image","twitter_site":"@cranbourn_","twitter_misc":{"Est. reading time":"9 minut"},"schema":{"@context":"https:\/\/schema.org","@graph":[{"@type":"WebPage","@id":"https:\/\/press.cranbourn.com\/terms-conditions\/","url":"https:\/\/press.cranbourn.com\/terms-conditions\/","name":"Pogoji in dolo\u010dila - MEDIJSKA SOBA","isPartOf":{"@id":"https:\/\/press.cranbourn.com\/pl\/#website"},"primaryImageOfPage":{"@id":"https:\/\/press.cranbourn.com\/terms-conditions\/#primaryimage"},"image":{"@id":"https:\/\/press.cranbourn.com\/terms-conditions\/#primaryimage"},"thumbnailUrl":"https:\/\/press.cranbourn.com\/wp-content\/uploads\/avifenc\/2023\/08\/cranbourn-terms-conditions.avif","datePublished":"2023-07-13T11:37:38+00:00","dateModified":"2023-08-23T09:14:34+00:00","breadcrumb":{"@id":"https:\/\/press.cranbourn.com\/terms-conditions\/#breadcrumb"},"inLanguage":"sl-SI","potentialAction":[{"@type":"ReadAction","target":["https:\/\/press.cranbourn.com\/terms-conditions\/"]}]},{"@type":"ImageObject","inLanguage":"sl-SI","@id":"https:\/\/press.cranbourn.com\/terms-conditions\/#primaryimage","url":"https:\/\/press.cranbourn.com\/wp-content\/uploads\/avifenc\/2023\/08\/cranbourn-terms-conditions.avif","contentUrl":"https:\/\/press.cranbourn.com\/wp-content\/uploads\/avifenc\/2023\/08\/cranbourn-terms-conditions.avif","width":1800,"height":1012},{"@type":"BreadcrumbList","@id":"https:\/\/press.cranbourn.com\/terms-conditions\/#breadcrumb","itemListElement":[{"@type":"ListItem","position":1,"name":"CRANBOURN\u00ae","item":"https:\/\/press.cranbourn.com\/sl"},{"@type":"ListItem","position":2,"name":"Terms &#038; Conditions"}]},{"@type":"WebSite","@id":"https:\/\/press.cranbourn.com\/pl\/#website","url":"https:\/\/press.cranbourn.com\/pl\/","name":"MEDIJSKA SOBA","description":"CRANBOURN\u00ae | Soba za tisk in medije. Obrnite se na \u010dlana ekipe za najnovej\u0161e novice, sporo\u010dila za javnost in prenose medijev.","publisher":{"@id":"https:\/\/press.cranbourn.com\/pl\/#organization"},"potentialAction":[{"@type":"SearchAction","target":{"@type":"EntryPoint","urlTemplate":"https:\/\/press.cranbourn.com\/pl\/?s={search_term_string}"},"query-input":{"@type":"PropertyValueSpecification","valueRequired":true,"valueName":"search_term_string"}}],"inLanguage":"sl-SI"},{"@type":"Organization","@id":"https:\/\/press.cranbourn.com\/pl\/#organization","name":"MEDIJSKA SOBA","url":"https:\/\/press.cranbourn.com\/pl\/","logo":{"@type":"ImageObject","inLanguage":"sl-SI","@id":"https:\/\/press.cranbourn.com\/pl\/#\/schema\/logo\/image\/","url":"https:\/\/press.cranbourn.com\/wp-content\/uploads\/2023\/07\/logo.svg","contentUrl":"https:\/\/press.cranbourn.com\/wp-content\/uploads\/2023\/07\/logo.svg","width":1,"height":1,"caption":"MEDIA ROOM"},"image":{"@id":"https:\/\/press.cranbourn.com\/pl\/#\/schema\/logo\/image\/"},"sameAs":["https:\/\/www.facebook.com\/cranbourn\/","https:\/\/x.com\/cranbourn_"]}]}},"jetpack_sharing_enabled":true,"_links":{"self":[{"href":"https:\/\/press.cranbourn.com\/sl\/wp-json\/wp\/v2\/pages\/3","targetHints":{"allow":["GET"]}}],"collection":[{"href":"https:\/\/press.cranbourn.com\/sl\/wp-json\/wp\/v2\/pages"}],"about":[{"href":"https:\/\/press.cranbourn.com\/sl\/wp-json\/wp\/v2\/types\/page"}],"author":[{"embeddable":true,"href":"https:\/\/press.cranbourn.com\/sl\/wp-json\/wp\/v2\/users\/13"}],"replies":[{"embeddable":true,"href":"https:\/\/press.cranbourn.com\/sl\/wp-json\/wp\/v2\/comments?post=3"}],"version-history":[{"count":0,"href":"https:\/\/press.cranbourn.com\/sl\/wp-json\/wp\/v2\/pages\/3\/revisions"}],"wp:featuredmedia":[{"embeddable":true,"href":"https:\/\/press.cranbourn.com\/sl\/wp-json\/wp\/v2\/media\/911"}],"wp:attachment":[{"href":"https:\/\/press.cranbourn.com\/sl\/wp-json\/wp\/v2\/media?parent=3"}],"curies":[{"name":"wp","href":"https:\/\/api.w.org\/{rel}","templated":true}]}}