{"id":1080,"date":"2023-09-14T11:25:06","date_gmt":"2023-09-14T10:25:06","guid":{"rendered":"https:\/\/press.cranbourn.com\/?page_id=1080"},"modified":"2023-09-14T11:31:10","modified_gmt":"2023-09-14T10:31:10","slug":"pravilnik-o-piskotkih","status":"publish","type":"page","link":"https:\/\/press.cranbourn.com\/sl\/cookie-policy\/","title":{"rendered":"Politika pi\u0161kotkov"},"content":{"rendered":"<h2>Kaj so pi\u0161kotki?<\/h2>\n<p>Ta pravilnik o pi\u0161kotkih pojasnjuje, kaj so pi\u0161kotki in kako jih uporabljamo, vrste pi\u0161kotkov, ki jih uporabljamo, tj. informacije, ki jih zbiramo s pi\u0161kotki, in kako se te informacije uporabljajo ter kako upravljati nastavitve pi\u0161kotkov.<\/p>\n<p>Pi\u0161kotki so majhne besedilne datoteke, ki se uporabljajo za shranjevanje majhnih informacij. Ko se spletno mesto nalo\u017ei v brskalnik, se shranijo v va\u0161i napravi. Ti pi\u0161kotki nam pomagajo, da spletna stran deluje pravilno, jo naredimo bolj varno, zagotovimo bolj\u0161o uporabni\u0161ko izku\u0161njo in razumemo, kako spletna stran deluje ter analiziramo, kaj deluje in kje je treba izbolj\u0161ati.<\/p>\n<h2>Kako uporabljamo pi\u0161kotke?<\/h2>\n<p>Kot ve\u010dina spletnih storitev tudi na\u0161e spletno mesto uporablja lastne pi\u0161kotke in pi\u0161kotke tretjih oseb za ve\u010d namenov. Lastni pi\u0161kotki so ve\u010dinoma potrebni za pravilno delovanje spletnega mesta in ne zbirajo nobenih va\u0161ih osebnih podatkov.<\/p>\n<p>Pi\u0161kotki tretjih oseb, ki se uporabljajo na na\u0161em spletnem mestu, so v glavnem namenjeni razumevanju delovanja spletnega mesta, va\u0161e interakcije z na\u0161im spletnim mestom, zagotavljanju varnosti na\u0161ih storitev, zagotavljanju oglasov, ki so pomembni za vas, in na splo\u0161no vam zagotavljajo bolj\u0161ega in izbolj\u0161anega uporabnika. izku\u0161enj in pomaga pospe\u0161iti va\u0161e prihodnje interakcije z na\u0161im spletnim mestom.<\/p>\n<h2>Vrste pi\u0161kotkov, ki jih uporabljamo<\/h2>\n<div class=\"cky-audit-table-element\"><\/div>\n<h2 style=\"margin-bottom: 20px;\">Upravljajte nastavitve pi\u0161kotkov<\/h2>\n<p><a class=\"cky-banner-element button\">Nastavitve pi\u0161kotkov<\/a><\/p>\n<p>Nastavitve pi\u0161kotkov lahko kadar koli spremenite s klikom na zgornji gumb. To vam bo omogo\u010dilo, da znova obi\u0161\u010dete pasico s soglasjem za pi\u0161kotke in spremenite svoje nastavitve ali takoj umaknete soglasje.<\/p>\n<p>Poleg tega razli\u010dni brskalniki ponujajo razli\u010dne metode za blokiranje in brisanje pi\u0161kotkov, ki jih uporabljajo spletna mesta. Nastavitve brskalnika lahko spremenite tako, da blokirate\/izbri\u0161ete pi\u0161kotke. Spodaj so navedene povezave do podpornih dokumentov o upravljanju in brisanju pi\u0161kotkov iz glavnih spletnih brskalnikov.<\/p>\n<p>Chrome: <a href=\"https:\/\/support.google.com\/accounts\/answer\/32050\" target=\"_blank\" rel=\"noopener\">https:\/\/support.google.com\/accounts\/answer\/32050<\/a><\/p>\n<p>Safari: <a href=\"https:\/\/support.apple.com\/en-in\/guide\/safari\/sfri11471\/mac\" target=\"_blank\" rel=\"noopener\">https:\/\/support.apple.com\/en-in\/guide\/safari\/sfri11471\/mac<\/a><\/p>\n<p>Firefox: <a href=\"https:\/\/support.mozilla.org\/en-US\/kb\/clear-cookies-and-site-data-firefox?redirectslug=delete-cookies-remove-info-websites-stored&amp;redirectlocale=en-US\" target=\"_blank\" rel=\"noopener\">https:\/\/support.mozilla.org\/en-US\/kb\/clear-cookies-and-site-data-firefox?redirectslug=delete-cookies-remove-info-websites-stored&amp;redirectlocale=en-US<\/a><\/p>\n<p>Internet Explorer: <a href=\"https:\/\/support.microsoft.com\/en-us\/topic\/how-to-delete-cookie-files-in-internet-explorer-bca9446f-d873-78de-77ba-d42645fa52fc\" target=\"_blank\" rel=\"noopener\">https:\/\/support.microsoft.com\/en-us\/topic\/how-to-delete-cookie-files-in-internet-explorer-bca9446f-d873-78de-77ba-d42645fa52fc<\/a><\/p>\n<p>\u010ce uporabljate kateri koli drug spletni brskalnik, obi\u0161\u010dite uradne dokumente za podporo brskalnika.<\/p>","protected":false},"excerpt":{"rendered":"<p>What are cookies? This Cookie Policy explains what cookies are and how we use them, the types of cookies we use i.e, the information we collect using cookies and how that information is used, and how to manage the cookie settings. Cookies are small text files that are used to store small pieces of information. [&hellip;]<\/p>\n","protected":false},"author":12,"featured_media":928,"parent":0,"menu_order":0,"comment_status":"closed","ping_status":"closed","template":"template-term-condition.php","meta":{"_acf_changed":false,"content-type":"","footnotes":""},"class_list":["post-1080","page","type-page","status-publish","has-post-thumbnail","hentry"],"acf":[],"yoast_head":"<!-- This site is optimized with the Yoast SEO plugin v27.4 - https:\/\/yoast.com\/product\/yoast-seo-wordpress\/ -->\n<title>Cookie Policy - MEDIA ROOM<\/title>\n<meta name=\"robots\" content=\"index, follow, max-snippet:-1, max-image-preview:large, max-video-preview:-1\" \/>\n<link rel=\"canonical\" href=\"https:\/\/press.cranbourn.com\/sl\/pravilnik-o-piskotkih\/\" \/>\n<meta property=\"og:locale\" content=\"sl_SI\" \/>\n<meta property=\"og:type\" content=\"article\" \/>\n<meta property=\"og:title\" content=\"Cookie Policy - MEDIA ROOM\" \/>\n<meta property=\"og:description\" content=\"What are cookies? This Cookie Policy explains what cookies are and how we use them, the types of cookies we use i.e, the information we collect using cookies and how that information is used, and how to manage the cookie settings. Cookies are small text files that are used to store small pieces of information. [&hellip;]\" \/>\n<meta property=\"og:url\" content=\"https:\/\/press.cranbourn.com\/sl\/pravilnik-o-piskotkih\/\" \/>\n<meta property=\"og:site_name\" content=\"MEDIA ROOM\" \/>\n<meta property=\"article:publisher\" content=\"https:\/\/www.facebook.com\/cranbourn\/\" \/>\n<meta property=\"article:modified_time\" content=\"2023-09-14T10:31:10+00:00\" \/>\n<meta property=\"og:image\" content=\"https:\/\/press.cranbourn.com\/wp-content\/uploads\/2023\/08\/hero-story-1.jpg\" \/>\n\t<meta property=\"og:image:width\" content=\"1400\" \/>\n\t<meta property=\"og:image:height\" content=\"787\" \/>\n\t<meta property=\"og:image:type\" content=\"image\/jpeg\" \/>\n<meta name=\"twitter:card\" content=\"summary_large_image\" \/>\n<meta name=\"twitter:site\" content=\"@cranbourn_\" \/>\n<meta name=\"twitter:label1\" content=\"Est. reading time\" \/>\n\t<meta name=\"twitter:data1\" content=\"2 minuti\" \/>\n<script type=\"application\/ld+json\" class=\"yoast-schema-graph\">{\"@context\":\"https:\\\/\\\/schema.org\",\"@graph\":[{\"@type\":\"WebPage\",\"@id\":\"https:\\\/\\\/press.cranbourn.com\\\/hu\\\/cookie-politika\\\/\",\"url\":\"https:\\\/\\\/press.cranbourn.com\\\/hu\\\/cookie-politika\\\/\",\"name\":\"Cookie Policy - MEDIA ROOM\",\"isPartOf\":{\"@id\":\"https:\\\/\\\/press.cranbourn.com\\\/pl\\\/#website\"},\"primaryImageOfPage\":{\"@id\":\"https:\\\/\\\/press.cranbourn.com\\\/hu\\\/cookie-politika\\\/#primaryimage\"},\"image\":{\"@id\":\"https:\\\/\\\/press.cranbourn.com\\\/hu\\\/cookie-politika\\\/#primaryimage\"},\"thumbnailUrl\":\"https:\\\/\\\/press.cranbourn.com\\\/wp-content\\\/uploads\\\/avifenc\\\/2023\\\/08\\\/hero-story-1.avif\",\"datePublished\":\"2023-09-14T10:25:06+00:00\",\"dateModified\":\"2023-09-14T10:31:10+00:00\",\"breadcrumb\":{\"@id\":\"https:\\\/\\\/press.cranbourn.com\\\/hu\\\/cookie-politika\\\/#breadcrumb\"},\"inLanguage\":\"sl-SI\",\"potentialAction\":[{\"@type\":\"ReadAction\",\"target\":[\"https:\\\/\\\/press.cranbourn.com\\\/hu\\\/cookie-politika\\\/\"]}]},{\"@type\":\"ImageObject\",\"inLanguage\":\"sl-SI\",\"@id\":\"https:\\\/\\\/press.cranbourn.com\\\/hu\\\/cookie-politika\\\/#primaryimage\",\"url\":\"https:\\\/\\\/press.cranbourn.com\\\/wp-content\\\/uploads\\\/avifenc\\\/2023\\\/08\\\/hero-story-1.avif\",\"contentUrl\":\"https:\\\/\\\/press.cranbourn.com\\\/wp-content\\\/uploads\\\/avifenc\\\/2023\\\/08\\\/hero-story-1.avif\",\"width\":1400,\"height\":787},{\"@type\":\"BreadcrumbList\",\"@id\":\"https:\\\/\\\/press.cranbourn.com\\\/hu\\\/cookie-politika\\\/#breadcrumb\",\"itemListElement\":[{\"@type\":\"ListItem\",\"position\":1,\"name\":\"CRANBOURN\u00ae\",\"item\":\"https:\\\/\\\/press.cranbourn.com\\\/sl\"},{\"@type\":\"ListItem\",\"position\":2,\"name\":\"Cookie Policy\"}]},{\"@type\":\"WebSite\",\"@id\":\"https:\\\/\\\/press.cranbourn.com\\\/pl\\\/#website\",\"url\":\"https:\\\/\\\/press.cranbourn.com\\\/pl\\\/\",\"name\":\"MEDIA ROOM\",\"description\":\"CRANBOURN\u00ae | Press &amp; Media Room. Contact a Member of the Team for the latest News, Press Releases and Media Downloads.\",\"publisher\":{\"@id\":\"https:\\\/\\\/press.cranbourn.com\\\/pl\\\/#organization\"},\"potentialAction\":[{\"@type\":\"SearchAction\",\"target\":{\"@type\":\"EntryPoint\",\"urlTemplate\":\"https:\\\/\\\/press.cranbourn.com\\\/pl\\\/?s={search_term_string}\"},\"query-input\":{\"@type\":\"PropertyValueSpecification\",\"valueRequired\":true,\"valueName\":\"search_term_string\"}}],\"inLanguage\":\"sl-SI\"},{\"@type\":\"Organization\",\"@id\":\"https:\\\/\\\/press.cranbourn.com\\\/pl\\\/#organization\",\"name\":\"MEDIA ROOM\",\"url\":\"https:\\\/\\\/press.cranbourn.com\\\/pl\\\/\",\"logo\":{\"@type\":\"ImageObject\",\"inLanguage\":\"sl-SI\",\"@id\":\"https:\\\/\\\/press.cranbourn.com\\\/pl\\\/#\\\/schema\\\/logo\\\/image\\\/\",\"url\":\"https:\\\/\\\/press.cranbourn.com\\\/wp-content\\\/uploads\\\/2023\\\/07\\\/logo.svg\",\"contentUrl\":\"https:\\\/\\\/press.cranbourn.com\\\/wp-content\\\/uploads\\\/2023\\\/07\\\/logo.svg\",\"width\":1,\"height\":1,\"caption\":\"MEDIA ROOM\"},\"image\":{\"@id\":\"https:\\\/\\\/press.cranbourn.com\\\/pl\\\/#\\\/schema\\\/logo\\\/image\\\/\"},\"sameAs\":[\"https:\\\/\\\/www.facebook.com\\\/cranbourn\\\/\",\"https:\\\/\\\/x.com\\\/cranbourn_\"]}]}<\/script>\n<!-- \/ Yoast SEO plugin. -->","yoast_head_json":{"title":"Politika pi\u0161kotkov - MEDIA ROOM","robots":{"index":"index","follow":"follow","max-snippet":"max-snippet:-1","max-image-preview":"max-image-preview:large","max-video-preview":"max-video-preview:-1"},"canonical":"https:\/\/press.cranbourn.com\/sl\/pravilnik-o-piskotkih\/","og_locale":"sl_SI","og_type":"article","og_title":"Cookie Policy - MEDIA ROOM","og_description":"What are cookies? This Cookie Policy explains what cookies are and how we use them, the types of cookies we use i.e, the information we collect using cookies and how that information is used, and how to manage the cookie settings. Cookies are small text files that are used to store small pieces of information. [&hellip;]","og_url":"https:\/\/press.cranbourn.com\/sl\/pravilnik-o-piskotkih\/","og_site_name":"MEDIA ROOM","article_publisher":"https:\/\/www.facebook.com\/cranbourn\/","article_modified_time":"2023-09-14T10:31:10+00:00","og_image":[{"width":1400,"height":787,"url":"https:\/\/press.cranbourn.com\/wp-content\/uploads\/2023\/08\/hero-story-1.jpg","type":"image\/jpeg"}],"twitter_card":"summary_large_image","twitter_site":"@cranbourn_","twitter_misc":{"Est. reading time":"2 minuti"},"schema":{"@context":"https:\/\/schema.org","@graph":[{"@type":"WebPage","@id":"https:\/\/press.cranbourn.com\/hu\/cookie-politika\/","url":"https:\/\/press.cranbourn.com\/hu\/cookie-politika\/","name":"Politika pi\u0161kotkov - MEDIA ROOM","isPartOf":{"@id":"https:\/\/press.cranbourn.com\/pl\/#website"},"primaryImageOfPage":{"@id":"https:\/\/press.cranbourn.com\/hu\/cookie-politika\/#primaryimage"},"image":{"@id":"https:\/\/press.cranbourn.com\/hu\/cookie-politika\/#primaryimage"},"thumbnailUrl":"https:\/\/press.cranbourn.com\/wp-content\/uploads\/avifenc\/2023\/08\/hero-story-1.avif","datePublished":"2023-09-14T10:25:06+00:00","dateModified":"2023-09-14T10:31:10+00:00","breadcrumb":{"@id":"https:\/\/press.cranbourn.com\/hu\/cookie-politika\/#breadcrumb"},"inLanguage":"sl-SI","potentialAction":[{"@type":"ReadAction","target":["https:\/\/press.cranbourn.com\/hu\/cookie-politika\/"]}]},{"@type":"ImageObject","inLanguage":"sl-SI","@id":"https:\/\/press.cranbourn.com\/hu\/cookie-politika\/#primaryimage","url":"https:\/\/press.cranbourn.com\/wp-content\/uploads\/avifenc\/2023\/08\/hero-story-1.avif","contentUrl":"https:\/\/press.cranbourn.com\/wp-content\/uploads\/avifenc\/2023\/08\/hero-story-1.avif","width":1400,"height":787},{"@type":"BreadcrumbList","@id":"https:\/\/press.cranbourn.com\/hu\/cookie-politika\/#breadcrumb","itemListElement":[{"@type":"ListItem","position":1,"name":"CRANBOURN\u00ae","item":"https:\/\/press.cranbourn.com\/sl"},{"@type":"ListItem","position":2,"name":"Cookie Policy"}]},{"@type":"WebSite","@id":"https:\/\/press.cranbourn.com\/pl\/#website","url":"https:\/\/press.cranbourn.com\/pl\/","name":"MEDIJSKA SOBA","description":"CRANBOURN\u00ae | Soba za tisk in medije. Obrnite se na \u010dlana ekipe za najnovej\u0161e novice, sporo\u010dila za javnost in prenose medijev.","publisher":{"@id":"https:\/\/press.cranbourn.com\/pl\/#organization"},"potentialAction":[{"@type":"SearchAction","target":{"@type":"EntryPoint","urlTemplate":"https:\/\/press.cranbourn.com\/pl\/?s={search_term_string}"},"query-input":{"@type":"PropertyValueSpecification","valueRequired":true,"valueName":"search_term_string"}}],"inLanguage":"sl-SI"},{"@type":"Organization","@id":"https:\/\/press.cranbourn.com\/pl\/#organization","name":"MEDIJSKA SOBA","url":"https:\/\/press.cranbourn.com\/pl\/","logo":{"@type":"ImageObject","inLanguage":"sl-SI","@id":"https:\/\/press.cranbourn.com\/pl\/#\/schema\/logo\/image\/","url":"https:\/\/press.cranbourn.com\/wp-content\/uploads\/2023\/07\/logo.svg","contentUrl":"https:\/\/press.cranbourn.com\/wp-content\/uploads\/2023\/07\/logo.svg","width":1,"height":1,"caption":"MEDIA ROOM"},"image":{"@id":"https:\/\/press.cranbourn.com\/pl\/#\/schema\/logo\/image\/"},"sameAs":["https:\/\/www.facebook.com\/cranbourn\/","https:\/\/x.com\/cranbourn_"]}]}},"jetpack_sharing_enabled":true,"_links":{"self":[{"href":"https:\/\/press.cranbourn.com\/sl\/wp-json\/wp\/v2\/pages\/1080","targetHints":{"allow":["GET"]}}],"collection":[{"href":"https:\/\/press.cranbourn.com\/sl\/wp-json\/wp\/v2\/pages"}],"about":[{"href":"https:\/\/press.cranbourn.com\/sl\/wp-json\/wp\/v2\/types\/page"}],"author":[{"embeddable":true,"href":"https:\/\/press.cranbourn.com\/sl\/wp-json\/wp\/v2\/users\/12"}],"replies":[{"embeddable":true,"href":"https:\/\/press.cranbourn.com\/sl\/wp-json\/wp\/v2\/comments?post=1080"}],"version-history":[{"count":0,"href":"https:\/\/press.cranbourn.com\/sl\/wp-json\/wp\/v2\/pages\/1080\/revisions"}],"wp:featuredmedia":[{"embeddable":true,"href":"https:\/\/press.cranbourn.com\/sl\/wp-json\/wp\/v2\/media\/928"}],"wp:attachment":[{"href":"https:\/\/press.cranbourn.com\/sl\/wp-json\/wp\/v2\/media?parent=1080"}],"curies":[{"name":"wp","href":"https:\/\/api.w.org\/{rel}","templated":true}]}}