{"id":9,"date":"2023-07-14T10:09:28","date_gmt":"2023-07-14T09:09:28","guid":{"rendered":"https:\/\/presscranbourn.wpengine.com\/?page_id=9"},"modified":"2026-03-02T21:25:51","modified_gmt":"2026-03-02T21:25:51","slug":"media-room","status":"publish","type":"page","link":"https:\/\/press.cranbourn.com\/ro\/","title":{"rendered":"Acas\u0103 media"},"content":{"rendered":"<p data-start=\"160\" data-end=\"394\">Creat\u0103 pentru jurnali\u0219ti \u0219i profesioni\u0219ti din domeniul media, camera media CRANBOURN\u00ae ofer\u0103 acces la informa\u021bii \u0219i resurse esen\u021biale despre brand. Aici ve\u021bi g\u0103si imagini de \u00eenalt\u0103 calitate ale produselor, comunicate de pres\u0103 \u0219i active oficiale ale m\u0103rcii.<\/p>\n<p data-start=\"401\" data-end=\"478\">\u00cenregistra\u021bi-v\u0103 pentru acces imediat, pentru a explora \u0219i desc\u0103rca materialele de care ave\u021bi nevoie.<\/p>","protected":false},"excerpt":{"rendered":"<p>Created for journalists and media professionals, the CRANBOURN\u00ae Media Room provides access to essential brand information and resources. Here you will find high-quality product imagery, press releases, and official brand assets. Register for immediate access to explore and download the materials you need.<\/p>","protected":false},"author":2,"featured_media":284,"parent":0,"menu_order":0,"comment_status":"closed","ping_status":"closed","template":"template-home.php","meta":{"_acf_changed":false,"content-type":"","footnotes":""},"class_list":["post-9","page","type-page","status-publish","has-post-thumbnail","hentry"],"acf":[],"yoast_head":"<!-- This site is optimized with the Yoast SEO plugin v27.3 - https:\/\/yoast.com\/product\/yoast-seo-wordpress\/ -->\n<title>Media Home - MEDIA ROOM<\/title>\n<meta name=\"description\" content=\"Access CRANBOURN\u00ae news, press releases, product launches, and official media resources from our Media Room.\" \/>\n<meta name=\"robots\" content=\"index, follow, max-snippet:-1, max-image-preview:large, max-video-preview:-1\" \/>\n<link rel=\"canonical\" href=\"https:\/\/press.cranbourn.com\/ro\/\" \/>\n<meta property=\"og:locale\" content=\"ro_RO\" \/>\n<meta property=\"og:type\" content=\"article\" \/>\n<meta property=\"og:title\" content=\"Media Home - MEDIA ROOM\" \/>\n<meta property=\"og:description\" content=\"Access CRANBOURN\u00ae news, press releases, product launches, and official media resources from our Media Room.\" \/>\n<meta property=\"og:url\" content=\"https:\/\/press.cranbourn.com\/ro\/\" \/>\n<meta property=\"og:site_name\" content=\"MEDIA ROOM\" \/>\n<meta property=\"article:publisher\" content=\"https:\/\/www.facebook.com\/cranbourn\/\" \/>\n<meta property=\"article:modified_time\" content=\"2026-03-02T21:25:51+00:00\" \/>\n<meta property=\"og:image\" content=\"https:\/\/press.cranbourn.com\/wp-content\/uploads\/2023\/07\/cranbourn-home-hero-5-1536x864-1.jpg\" \/>\n\t<meta property=\"og:image:width\" content=\"1536\" \/>\n\t<meta property=\"og:image:height\" content=\"864\" \/>\n\t<meta property=\"og:image:type\" content=\"image\/jpeg\" \/>\n<meta name=\"twitter:card\" content=\"summary_large_image\" \/>\n<meta name=\"twitter:site\" content=\"@cranbourn_\" \/>\n<meta name=\"twitter:label1\" content=\"Timp estimat pentru citire\" \/>\n\t<meta name=\"twitter:data1\" content=\"1 minute\" \/>\n<script type=\"application\/ld+json\" class=\"yoast-schema-graph\">{\"@context\":\"https:\\\/\\\/schema.org\",\"@graph\":[{\"@type\":\"WebPage\",\"@id\":\"https:\\\/\\\/press.cranbourn.com\\\/\",\"url\":\"https:\\\/\\\/press.cranbourn.com\\\/\",\"name\":\"Media Home - MEDIA ROOM\",\"isPartOf\":{\"@id\":\"https:\\\/\\\/press.cranbourn.com\\\/pl\\\/#website\"},\"primaryImageOfPage\":{\"@id\":\"https:\\\/\\\/press.cranbourn.com\\\/#primaryimage\"},\"image\":{\"@id\":\"https:\\\/\\\/press.cranbourn.com\\\/#primaryimage\"},\"thumbnailUrl\":\"https:\\\/\\\/press.cranbourn.com\\\/wp-content\\\/uploads\\\/avifenc\\\/2023\\\/07\\\/cranbourn-home-hero-5-1536x864-1.avif\",\"datePublished\":\"2023-07-14T09:09:28+00:00\",\"dateModified\":\"2026-03-02T21:25:51+00:00\",\"description\":\"Access CRANBOURN\u00ae news, press releases, product launches, and official media resources from our Media Room.\",\"breadcrumb\":{\"@id\":\"https:\\\/\\\/press.cranbourn.com\\\/#breadcrumb\"},\"inLanguage\":\"ro-RO\",\"potentialAction\":[{\"@type\":\"ReadAction\",\"target\":[\"https:\\\/\\\/press.cranbourn.com\\\/\"]}]},{\"@type\":\"ImageObject\",\"inLanguage\":\"ro-RO\",\"@id\":\"https:\\\/\\\/press.cranbourn.com\\\/#primaryimage\",\"url\":\"https:\\\/\\\/press.cranbourn.com\\\/wp-content\\\/uploads\\\/avifenc\\\/2023\\\/07\\\/cranbourn-home-hero-5-1536x864-1.avif\",\"contentUrl\":\"https:\\\/\\\/press.cranbourn.com\\\/wp-content\\\/uploads\\\/avifenc\\\/2023\\\/07\\\/cranbourn-home-hero-5-1536x864-1.avif\",\"width\":1536,\"height\":864,\"caption\":\"cranbourn home hero 5 1536x864 1\"},{\"@type\":\"BreadcrumbList\",\"@id\":\"https:\\\/\\\/press.cranbourn.com\\\/#breadcrumb\",\"itemListElement\":[{\"@type\":\"ListItem\",\"position\":1,\"name\":\"CRANBOURN\u00ae\",\"item\":\"https:\\\/\\\/press.cranbourn.com\\\/ro\"},{\"@type\":\"ListItem\",\"position\":2,\"name\":\"Media Home\"}]},{\"@type\":\"WebSite\",\"@id\":\"https:\\\/\\\/press.cranbourn.com\\\/pl\\\/#website\",\"url\":\"https:\\\/\\\/press.cranbourn.com\\\/pl\\\/\",\"name\":\"MEDIA ROOM\",\"description\":\"CRANBOURN\u00ae | Press &amp; Media Room. Contact a Member of the Team for the latest News, Press Releases and Media Downloads.\",\"publisher\":{\"@id\":\"https:\\\/\\\/press.cranbourn.com\\\/pl\\\/#organization\"},\"potentialAction\":[{\"@type\":\"SearchAction\",\"target\":{\"@type\":\"EntryPoint\",\"urlTemplate\":\"https:\\\/\\\/press.cranbourn.com\\\/pl\\\/?s={search_term_string}\"},\"query-input\":{\"@type\":\"PropertyValueSpecification\",\"valueRequired\":true,\"valueName\":\"search_term_string\"}}],\"inLanguage\":\"ro-RO\"},{\"@type\":\"Organization\",\"@id\":\"https:\\\/\\\/press.cranbourn.com\\\/pl\\\/#organization\",\"name\":\"MEDIA ROOM\",\"url\":\"https:\\\/\\\/press.cranbourn.com\\\/pl\\\/\",\"logo\":{\"@type\":\"ImageObject\",\"inLanguage\":\"ro-RO\",\"@id\":\"https:\\\/\\\/press.cranbourn.com\\\/pl\\\/#\\\/schema\\\/logo\\\/image\\\/\",\"url\":\"https:\\\/\\\/press.cranbourn.com\\\/wp-content\\\/uploads\\\/2023\\\/07\\\/logo.svg\",\"contentUrl\":\"https:\\\/\\\/press.cranbourn.com\\\/wp-content\\\/uploads\\\/2023\\\/07\\\/logo.svg\",\"width\":1,\"height\":1,\"caption\":\"MEDIA ROOM\"},\"image\":{\"@id\":\"https:\\\/\\\/press.cranbourn.com\\\/pl\\\/#\\\/schema\\\/logo\\\/image\\\/\"},\"sameAs\":[\"https:\\\/\\\/www.facebook.com\\\/cranbourn\\\/\",\"https:\\\/\\\/x.com\\\/cranbourn_\"]}]}<\/script>\n<!-- \/ Yoast SEO plugin. -->","yoast_head_json":{"title":"Media Home - MEDIA ROOM","description":"Accesa\u021bi \u0219tirile CRANBOURN\u00ae, comunicatele de pres\u0103, lans\u0103rile de produse \u0219i resursele media oficiale din camera noastr\u0103 media.","robots":{"index":"index","follow":"follow","max-snippet":"max-snippet:-1","max-image-preview":"max-image-preview:large","max-video-preview":"max-video-preview:-1"},"canonical":"https:\/\/press.cranbourn.com\/ro\/","og_locale":"ro_RO","og_type":"article","og_title":"Media Home - MEDIA ROOM","og_description":"Access CRANBOURN\u00ae news, press releases, product launches, and official media resources from our Media Room.","og_url":"https:\/\/press.cranbourn.com\/ro\/","og_site_name":"MEDIA ROOM","article_publisher":"https:\/\/www.facebook.com\/cranbourn\/","article_modified_time":"2026-03-02T21:25:51+00:00","og_image":[{"width":1536,"height":864,"url":"https:\/\/press.cranbourn.com\/wp-content\/uploads\/2023\/07\/cranbourn-home-hero-5-1536x864-1.jpg","type":"image\/jpeg"}],"twitter_card":"summary_large_image","twitter_site":"@cranbourn_","twitter_misc":{"Timp estimat pentru citire":"1 minute"},"schema":{"@context":"https:\/\/schema.org","@graph":[{"@type":"WebPage","@id":"https:\/\/press.cranbourn.com\/","url":"https:\/\/press.cranbourn.com\/","name":"Media Home - MEDIA ROOM","isPartOf":{"@id":"https:\/\/press.cranbourn.com\/pl\/#website"},"primaryImageOfPage":{"@id":"https:\/\/press.cranbourn.com\/#primaryimage"},"image":{"@id":"https:\/\/press.cranbourn.com\/#primaryimage"},"thumbnailUrl":"https:\/\/press.cranbourn.com\/wp-content\/uploads\/avifenc\/2023\/07\/cranbourn-home-hero-5-1536x864-1.avif","datePublished":"2023-07-14T09:09:28+00:00","dateModified":"2026-03-02T21:25:51+00:00","description":"Accesa\u021bi \u0219tirile CRANBOURN\u00ae, comunicatele de pres\u0103, lans\u0103rile de produse \u0219i resursele media oficiale din camera noastr\u0103 media.","breadcrumb":{"@id":"https:\/\/press.cranbourn.com\/#breadcrumb"},"inLanguage":"ro-RO","potentialAction":[{"@type":"ReadAction","target":["https:\/\/press.cranbourn.com\/"]}]},{"@type":"ImageObject","inLanguage":"ro-RO","@id":"https:\/\/press.cranbourn.com\/#primaryimage","url":"https:\/\/press.cranbourn.com\/wp-content\/uploads\/avifenc\/2023\/07\/cranbourn-home-hero-5-1536x864-1.avif","contentUrl":"https:\/\/press.cranbourn.com\/wp-content\/uploads\/avifenc\/2023\/07\/cranbourn-home-hero-5-1536x864-1.avif","width":1536,"height":864,"caption":"cranbourn home hero 5 1536x864 1"},{"@type":"BreadcrumbList","@id":"https:\/\/press.cranbourn.com\/#breadcrumb","itemListElement":[{"@type":"ListItem","position":1,"name":"CRANBOURN\u00ae","item":"https:\/\/press.cranbourn.com\/ro"},{"@type":"ListItem","position":2,"name":"Media Home"}]},{"@type":"WebSite","@id":"https:\/\/press.cranbourn.com\/pl\/#website","url":"https:\/\/press.cranbourn.com\/pl\/","name":"CAMERA MEDIA","description":"CRANBOURN\u00ae | Sala de pres\u0103 \u0219i media. Contacta\u021bi un membru al echipei pentru cele mai recente \u0219tiri, comunicate de pres\u0103 \u0219i desc\u0103rc\u0103ri media.","publisher":{"@id":"https:\/\/press.cranbourn.com\/pl\/#organization"},"potentialAction":[{"@type":"SearchAction","target":{"@type":"EntryPoint","urlTemplate":"https:\/\/press.cranbourn.com\/pl\/?s={search_term_string}"},"query-input":{"@type":"PropertyValueSpecification","valueRequired":true,"valueName":"search_term_string"}}],"inLanguage":"ro-RO"},{"@type":"Organization","@id":"https:\/\/press.cranbourn.com\/pl\/#organization","name":"CAMERA MEDIA","url":"https:\/\/press.cranbourn.com\/pl\/","logo":{"@type":"ImageObject","inLanguage":"ro-RO","@id":"https:\/\/press.cranbourn.com\/pl\/#\/schema\/logo\/image\/","url":"https:\/\/press.cranbourn.com\/wp-content\/uploads\/2023\/07\/logo.svg","contentUrl":"https:\/\/press.cranbourn.com\/wp-content\/uploads\/2023\/07\/logo.svg","width":1,"height":1,"caption":"MEDIA ROOM"},"image":{"@id":"https:\/\/press.cranbourn.com\/pl\/#\/schema\/logo\/image\/"},"sameAs":["https:\/\/www.facebook.com\/cranbourn\/","https:\/\/x.com\/cranbourn_"]}]}},"jetpack_sharing_enabled":true,"_links":{"self":[{"href":"https:\/\/press.cranbourn.com\/ro\/wp-json\/wp\/v2\/pages\/9","targetHints":{"allow":["GET"]}}],"collection":[{"href":"https:\/\/press.cranbourn.com\/ro\/wp-json\/wp\/v2\/pages"}],"about":[{"href":"https:\/\/press.cranbourn.com\/ro\/wp-json\/wp\/v2\/types\/page"}],"author":[{"embeddable":true,"href":"https:\/\/press.cranbourn.com\/ro\/wp-json\/wp\/v2\/users\/2"}],"replies":[{"embeddable":true,"href":"https:\/\/press.cranbourn.com\/ro\/wp-json\/wp\/v2\/comments?post=9"}],"version-history":[{"count":15,"href":"https:\/\/press.cranbourn.com\/ro\/wp-json\/wp\/v2\/pages\/9\/revisions"}],"predecessor-version":[{"id":2501,"href":"https:\/\/press.cranbourn.com\/ro\/wp-json\/wp\/v2\/pages\/9\/revisions\/2501"}],"wp:featuredmedia":[{"embeddable":true,"href":"https:\/\/press.cranbourn.com\/ro\/wp-json\/wp\/v2\/media\/284"}],"wp:attachment":[{"href":"https:\/\/press.cranbourn.com\/ro\/wp-json\/wp\/v2\/media?parent=9"}],"curies":[{"name":"wp","href":"https:\/\/api.w.org\/{rel}","templated":true}]}}