{"id":3,"date":"2023-07-13T12:37:38","date_gmt":"2023-07-13T11:37:38","guid":{"rendered":"https:\/\/presscranbourn.wpengine.com\/?page_id=3"},"modified":"2023-08-23T10:14:34","modified_gmt":"2023-08-23T09:14:34","slug":"termos-e-condicoes","status":"publish","type":"page","link":"https:\/\/press.cranbourn.com\/pt\/terms-conditions\/","title":{"rendered":"termos e Condi\u00e7\u00f5es"},"content":{"rendered":"<p>Obrigado por visitar o CRANBOURN<sup>\u00ae<\/sup>\u00a0website em www.cranbourn.com (o \u201cSite\u201d). Este documento (juntamente com os documentos nele referidos) informa os termos e condi\u00e7\u00f5es em que voc\u00ea pode usar o Site.<\/p>\r\n<p>Se voc\u00ea n\u00e3o deseja ficar vinculado a estes termos e condi\u00e7\u00f5es, n\u00e3o deve usar o site. O uso do site por voc\u00ea ser\u00e1 considerado como sua aceita\u00e7\u00e3o destes termos e condi\u00e7\u00f5es.<\/p>\r\n<p>Podemos alterar estes Termos e Condi\u00e7\u00f5es de tempos em tempos, portanto, revise-os sempre que visitar o Site. Voc\u00ea deve guardar uma c\u00f3pia destes Termos e Condi\u00e7\u00f5es para refer\u00eancia futura.<\/p>\r\n<h2 class=\"wp-block-heading\">1. SOBRE N\u00d3S:<\/h2>\r\n<p>O Site e o Aplicativo s\u00e3o operados pela CRANBOURN (Holdings) Limited, uma empresa registrada na Inglaterra e no Pa\u00eds de Gales sob o n\u00famero 11692479, com sede em 1 The Green, Richmond, Surrey, TW9 1PL.<\/p>\r\n<p>Nosso n\u00famero de IVA \u00e9 GB 311 7674 14. Voc\u00ea pode entrar em contato conosco usando o seguinte endere\u00e7o de e-mail:\u00a0<a href=\"mailto:enquiries@cranbourn.com\">enquiries@cranbourn.com<\/a>.<\/p>\r\n<h2>2. USO DO SITE E\/OU APLICATIVO<\/h2>\r\n<p>Voc\u00ea s\u00f3 pode usar o Site para uso pessoal. Qualquer uso comercial por voc\u00ea do Site \u00e9 estritamente proibido. Voc\u00ea tem permiss\u00e3o para imprimir p\u00e1ginas da Web individuais ocasionalmente, desde que n\u00e3o imprima a totalidade ou uma parte substancial do Site e que as marcas registradas e os avisos de propriedade intelectual inclu\u00eddos no Site n\u00e3o sejam removidos.<\/p>\r\n<p>Salvo disposi\u00e7\u00e3o em contr\u00e1rio nestes Termos e Condi\u00e7\u00f5es, voc\u00ea n\u00e3o deve (direta ou indiretamente) (i) copiar, baixar, armazenar, disponibilizar, distribuir, vender ou oferecer a venda de todo ou qualquer parte do conte\u00fado ou Site ou Aplicativo, ou (ii) baixar ou copiar qualquer conte\u00fado, arquivos ou dados do Site para criar ou preencher um banco de dados ou publica\u00e7\u00e3o de qualquer tipo.<\/p>\r\n<h2>3. INSCRI\u00c7\u00c3O<\/h2>\r\n<p>Voc\u00ea n\u00e3o deve registrar mais de uma conta.<\/p>\r\n<p>Voc\u00ea deve ter pelo menos 18 anos para se registrar e enviar coment\u00e1rios ou fotografias atrav\u00e9s do Site.<\/p>\r\n<p>Voc\u00ea deve fornecer um e-mail atualizado ao qual tenha acesso regular, pois podemos precisar entrar em contato com voc\u00ea sobre seus envios.<\/p>\r\n<p>Voc\u00ea n\u00e3o deve: personificar ou tentar se passar por outra pessoa; divulgue sua senha para qualquer outra pessoa; permitir que qualquer outra pessoa use sua conta ou use a conta de outra pessoa. Voc\u00ea \u00e9 respons\u00e1vel por todos os envios feitos por meio de sua conta. Se voc\u00ea suspeitar que outra pessoa pode ter acesso ou estar usando sua senha ou conta, notifique-nos o mais r\u00e1pido poss\u00edvel por e-mail\u00a0<a href=\"mailto:enquiries@cranbourn.com\">enquiries@cranbourn.com<\/a><\/p>\r\n<h2>4. LINK PARA O SITE<\/h2>\r\n<p>Voc\u00ea pode enviar por e-mail links de seus amigos para nossos Sites ou p\u00e1ginas espec\u00edficas dentro deles.<\/p>\r\n<h2>5. SEU CONTE\u00daDO \u2013 O QUE PODEMOS FAZER<\/h2>\r\n<p>Reservamo-nos o direito de publicar, editar ou remover todo ou parte de qualquer conte\u00fado que voc\u00ea enviar, incluindo, entre outros, quaisquer detalhes contidos em seu perfil (por exemplo, seu nome, cidade, pa\u00eds), quaisquer fotografias ou coment\u00e1rios que voc\u00ea possa ter enviado (\u201c Seu conte\u00fado\u201d).<\/p>\r\n<p>Observe que, ao enviar conte\u00fado por meio do Site, voc\u00ea consente que quaisquer imagens fornecidas sejam carregadas no Imagens do Google ou em qualquer outro mecanismo de pesquisa selecionado por n\u00f3s.<\/p>\r\n<p>Ao enviar Conte\u00fado para o Site, voc\u00ea nos concede uma licen\u00e7a perp\u00e9tua, isenta de royalties, mundial, irrevog\u00e1vel e n\u00e3o exclusiva para usar, copiar, editar, adaptar, publicar, traduzir, disponibilizar, comunicar, distribuir e sublicenciar Seu Conte\u00fado (no todo ou em parte) para qualquer finalidade. Tamb\u00e9m temos o direito de divulgar sua identidade a qualquer terceiro que alegue que qualquer material postado ou carregado por voc\u00ea atrav\u00e9s do Site constitui uma viola\u00e7\u00e3o de seus direitos de propriedade intelectual ou de seu direito \u00e0 privacidade. Ao enviar Seu Conte\u00fado, voc\u00ea garante que tem o direito de conceder esta licen\u00e7a e nos indenizar por qualquer viola\u00e7\u00e3o dessa garantia. N\u00e3o somos respons\u00e1veis, nem respondemos a terceiros, pelo conte\u00fado ou precis\u00e3o de quaisquer materiais postados por voc\u00ea ou qualquer outro usu\u00e1rio do Site. Na medida permitida por lei, voc\u00ea renuncia a seus direitos morais (por exemplo, o direito de ser identificado como o autor ou de se opor ao tratamento depreciativo) em Seu Conte\u00fado. Continue a publicar todo ou parte do Seu Conte\u00fado, incluindo suas fotos, coment\u00e1rios, perfil, nome, cidade e pa\u00eds, mesmo que mude de ideia e queira que o removamos e\/ou n\u00e3o esteja mais registrado no Site.<\/p>\r\n<h2>6. SEU CONTE\u00daDO \u2013 O QUE VOC\u00ca N\u00c3O PODE FAZER<\/h2>\r\n<p>Voc\u00ea n\u00e3o deve enviar nenhum material para o Site que seja: difamat\u00f3rio, falso ou enganoso; insultante, amea\u00e7ador ou abusivo; obsceno ou de natureza sexual; ou ofensivo, racista, sexista, anti-idade ou que de outra forma discrimine pessoas com base em seu estado civil, orienta\u00e7\u00e3o sexual ou cren\u00e7as religiosas. Voc\u00ea n\u00e3o deve enviar nenhum material para o Site que possa: encorajar a viol\u00eancia; encorajar ou ensinar conduta que seja uma ofensa criminal, d\u00ea origem a responsabilidade civil ou seja ilegal; infringir quaisquer direitos de propriedade intelectual de terceiros; anunciar qualquer produto ou servi\u00e7o; personificar outra pessoa ou de outra forma deturpar sua identidade, afilia\u00e7\u00e3o ou status; prejudicar qualquer processo legal ativo do qual voc\u00ea tenha conhecimento; causar alarme, ansiedade ou ang\u00fastia a algu\u00e9m; ser tecnicamente prejudicial (incluindo, sem limita\u00e7\u00e3o, v\u00edrus de computador, bombas l\u00f3gicas, cavalos de Tr\u00f3ia, worms, dados corrompidos ou outro software, dados, componentes ou conduta maliciosos ou prejudiciais); ou violar estes Termos e Condi\u00e7\u00f5es ou nossa Pol\u00edtica de Privacidade. Voc\u00ea n\u00e3o pode enviar links para nenhum site. Voc\u00ea n\u00e3o deve tentar burlar nenhuma prote\u00e7\u00e3o que implementamos para a seguran\u00e7a e opera\u00e7\u00e3o do Site. Voc\u00ea n\u00e3o deve reenviar o conte\u00fado que voc\u00ea sabe que foi removido.<\/p>\r\n<h2>7. SUSPENS\u00c3O OU ENCERRAMENTO DA CONTA<\/h2>\r\n<p>Podemos suspender e\/ou excluir qualquer conta de usu\u00e1rio a nosso exclusivo crit\u00e9rio. Os principais motivos pelos quais uma conta pode ser suspensa ou exclu\u00edda s\u00e3o:<\/p>\r\n<p>O usu\u00e1rio n\u00e3o cumpriu as Diretrizes ou estes Termos e Condi\u00e7\u00f5es; e\/ou qualquer coment\u00e1rio enviado pela conta do usu\u00e1rio foi considerado inapropriado.<\/p>\r\n<p>Iremos notific\u00e1-lo de qualquer suspens\u00e3o por e-mail no endere\u00e7o que voc\u00ea forneceu durante o seu registro ou na pr\u00f3xima vez que voc\u00ea tentar acessar sua conta. A dura\u00e7\u00e3o da suspens\u00e3o ou a decis\u00e3o de excluir uma conta depender\u00e1 das circunst\u00e2ncias. Se sua conta for suspensa ou exclu\u00edda, voc\u00ea n\u00e3o deve tentar se registrar novamente ou enviar conte\u00fado por meio de outra conta sem nosso consentimento pr\u00e9vio por escrito.<\/p>\r\n<h2>8. INDENIZA\u00c7\u00c3O<\/h2>\r\n<p>Voc\u00ea nos indenizar\u00e1 e nos manter\u00e1 indenizados contra todas as perdas, despesas, custos e responsabilidades que surgirem como resultado ou em conex\u00e3o com sua viola\u00e7\u00e3o destes Termos e Condi\u00e7\u00f5es.<\/p>\r\n<h2>9. TRANSA\u00c7\u00d5ES CONCLU\u00cdDAS ATRAV\u00c9S DO SITE<\/h2>\r\n<p>Os contratos de fornecimento de bens celebrados atrav\u00e9s do nosso Site s\u00e3o regidos pelos nossos Termos e Condi\u00e7\u00f5es de Fornecimento. A revenda n\u00e3o autorizada de CRANBOURN<sup>\u00ae<\/sup>\u00a0produtos \u00e9 proibido.<\/p>\r\n<h2>10. RESOLU\u00c7\u00c3O DE DISPUTAS ON-LINE<\/h2>\r\n<p>Os consumidores que tiverem um problema com um comerciante em rela\u00e7\u00e3o a um produto ou servi\u00e7o comprado online podem resolver a disputa por meio do procedimento de Resolu\u00e7\u00e3o de Lit\u00edgios Online (\u201cODR\u201d) da Comiss\u00e3o Europeia. Caso tenha algum problema com algum de nossos produtos ou servi\u00e7os, voc\u00ea pode acessar o Hyperlink da plataforma ODR aqui.<\/p>\r\n<h2>11. LINKS DO SITE<\/h2>\r\n<p>Onde o Site ou Aplicativo cont\u00e9m links para outros sites e recursos fornecidos por terceiros, esses links s\u00e3o fornecidos apenas para sua informa\u00e7\u00e3o. N\u00e3o temos controle sobre o conte\u00fado desses sites ou recursos e n\u00e3o assumimos nenhuma responsabilidade por eles ou por qualquer perda ou dano que possa surgir do uso deles.<\/p>\r\n<p>Salvo indica\u00e7\u00e3o em contr\u00e1rio, n\u00e3o estamos comercialmente associados a nenhum produto de terceiros mencionado em nosso Site ou no Aplicativo.<\/p>\r\n<h2>12. NOSSA RESPONSABILIDADE<\/h2>\r\n<p>O material exibido em nosso Site \u00e9 fornecido sem garantias, condi\u00e7\u00f5es ou garantias quanto \u00e0 sua precis\u00e3o. Na medida permitida por lei, n\u00f3s, outros membros de nosso grupo de empresas e terceiros conectados a n\u00f3s expressamente exclu\u00edmos: todas as condi\u00e7\u00f5es, garantias e outros termos que possam estar impl\u00edcitos em estatuto, lei comum ou lei de equidade; e qualquer responsabilidade por qualquer perda ou dano direto, indireto ou consequente incorrido por qualquer usu\u00e1rio em conex\u00e3o com o Site ou em conex\u00e3o com o uso, incapacidade de uso ou resultados do uso do Site, quaisquer sites vinculados a ele e quaisquer materiais publicados sobre ele, incluindo perda de receita ou receita, perda de neg\u00f3cios, perda de lucros ou contratos, perda de economias antecipadas, perda de dados, perda de boa vontade ou gerenciamento desperdi\u00e7ado ou tempo de escrit\u00f3rio causado por ato il\u00edcito (incluindo neglig\u00eancia) quebra de contrato ou de outra forma, mesmo que previs\u00edvel, desde que esta condi\u00e7\u00e3o n\u00e3o impe\u00e7a reivindica\u00e7\u00f5es por perda ou dano \u00e0 sua propriedade tang\u00edvel ou quaisquer outras reivindica\u00e7\u00f5es por perdas financeiras diretas que n\u00e3o sejam exclu\u00eddas por nenhuma das categorias acima. Isso n\u00e3o afeta nossa responsabilidade por morte ou danos pessoais resultantes de nossa neglig\u00eancia, nem nossa responsabilidade por declara\u00e7\u00f5es fraudulentas ou declara\u00e7\u00f5es falsas sobre um assunto fundamental, nem qualquer outra responsabilidade que n\u00e3o possa ser exclu\u00edda ou limitada pela lei aplic\u00e1vel.<\/p>\r\n<h2>13 . ACESSO AO SITE<\/h2>\r\n<p>O acesso ao nosso Site \u00e9 permitido temporariamente e nos reservamos o direito de retirar ou alterar o servi\u00e7o que fornecemos em nosso Site sem aviso pr\u00e9vio. N\u00e3o seremos respons\u00e1veis se, por qualquer motivo, nosso Site estiver indispon\u00edvel a qualquer momento ou por qualquer per\u00edodo.<\/p>\r\n<p>O Site depende em parte do software para funcionar. O software tem bugs. Embora monitoremos o Site e tentemos corrigir bugs, n\u00e3o podemos garantir que o Site ou qualquer recurso individual do Site esteja livre de erros, dispon\u00edvel o tempo todo e\/ou livre de v\u00edrus.<\/p>\r\n<h2>14. SEM GARANTIAS<\/h2>\r\n<p>N\u00e3o fornecemos nenhuma garantia, expressa ou impl\u00edcita, de qualquer tipo, incluindo, entre outros, quaisquer garantias impl\u00edcitas ou termos impl\u00edcitos de qualidade satisfat\u00f3ria, adequa\u00e7\u00e3o a uma finalidade espec\u00edfica ou n\u00e3o viola\u00e7\u00e3o. Todos os termos e garantias impl\u00edcitos s\u00e3o exclu\u00eddos.<\/p>\r\n<h2>15. MUDAN\u00c7AS NO SITE OU APLICATIVO<\/h2>\r\n<p>Reservamo-nos o direito de alterar o conte\u00fado do Site a qualquer momento. Em caso de necessidade, podemos suspender o acesso ao Site ou fech\u00e1-lo indefinidamente. Qualquer material no Site pode estar desatualizado a qualquer momento, e n\u00e3o temos obriga\u00e7\u00e3o de atualizar tal material.<\/p>\r\n<h2>16. PREOCUPA\u00c7\u00d5ES<\/h2>\r\n<p>Se voc\u00ea tiver alguma d\u00favida sobre o material que aparece em nosso Site ou se vir algo que voc\u00ea acredita razoavelmente violar estes Termos e Condi\u00e7\u00f5es ou nossas Diretrizes, envie um e-mail para:\u00a0<a href=\"mailto:enquiries@cranbourn.com\">enquiries@cranbourn.com<\/a><\/p>\r\n<h2>17. VALIDADE<\/h2>\r\n<p>Se qualquer parte ou disposi\u00e7\u00e3o destes Termos e Condi\u00e7\u00f5es for considerada ilegal ou inexequ\u00edvel, isso n\u00e3o afetar\u00e1 a validade de qualquer outra parte ou disposi\u00e7\u00e3o.<\/p>\r\n<h2>18. ACORDO INTEGRAL<\/h2>\r\n<p>Estes Termos e Condi\u00e7\u00f5es, as Diretrizes e qualquer documento expressamente referido neles constituem o acordo integral entre n\u00f3s e substituem todas as discuss\u00f5es, correspond\u00eancias, negocia\u00e7\u00f5es, acordos, entendimentos ou acordos anteriores entre n\u00f3s relativos ao assunto destes Termos e Condi\u00e7\u00f5es. Cada um de n\u00f3s reconhece que nenhum de n\u00f3s depende de, ou ter\u00e1 quaisquer recursos em rela\u00e7\u00e3o a, qualquer representa\u00e7\u00e3o ou garantia (seja feita de forma inocente ou negligente) que n\u00e3o esteja estabelecida nestes Termos e Condi\u00e7\u00f5es, nas Diretrizes ou nos documentos mencionados neles . Cada um de n\u00f3s reconhece e concorda que o \u00fanico recurso dispon\u00edvel para a viola\u00e7\u00e3o destes Termos e Condi\u00e7\u00f5es ser\u00e1 a viola\u00e7\u00e3o do contrato sob estes Termos e Condi\u00e7\u00f5es. Nada nestes Termos e Condi\u00e7\u00f5es, no entanto, opera para limitar ou excluir qualquer responsabilidade por fraude.<\/p>\r\n<h2>19. FORO E LEI APLIC\u00c1VEL<\/h2>\r\n<p>Estes Termos e Condi\u00e7\u00f5es s\u00e3o regidos pela lei inglesa. Os tribunais ingleses ter\u00e3o jurisdi\u00e7\u00e3o exclusiva sobre qualquer disputa relacionada a estes Termos e Condi\u00e7\u00f5es.<\/p>","protected":false},"excerpt":{"rendered":"<p>Thank you for visiting the CRANBOURN\u00ae\u00a0website at www.cranbourn.com (the \u201cSite\u201d). This document (together with the documents referred to in it) tells you the terms and conditions on which you may use the Site. If you do not wish to be bound by these terms and conditions, then you should not use the site. Use of [&hellip;]<\/p>\n","protected":false},"author":13,"featured_media":911,"parent":0,"menu_order":0,"comment_status":"closed","ping_status":"closed","template":"template-term-condition.php","meta":{"_acf_changed":false,"content-type":"","footnotes":""},"class_list":["post-3","page","type-page","status-publish","has-post-thumbnail","hentry"],"acf":[],"yoast_head":"<!-- This site is optimized with the Yoast SEO plugin v27.6 - https:\/\/yoast.com\/product\/yoast-seo-wordpress\/ -->\n<title>Terms &amp; Conditions - MEDIA ROOM<\/title>\n<meta name=\"robots\" content=\"index, follow, max-snippet:-1, max-image-preview:large, max-video-preview:-1\" \/>\n<link rel=\"canonical\" href=\"https:\/\/press.cranbourn.com\/pt\/termos-e-condicoes\/\" \/>\n<meta property=\"og:locale\" content=\"pt_PT\" \/>\n<meta property=\"og:type\" content=\"article\" \/>\n<meta property=\"og:title\" content=\"Terms &amp; Conditions - MEDIA ROOM\" \/>\n<meta property=\"og:description\" content=\"Thank you for visiting the CRANBOURN\u00ae\u00a0website at www.cranbourn.com (the \u201cSite\u201d). This document (together with the documents referred to in it) tells you the terms and conditions on which you may use the Site. If you do not wish to be bound by these terms and conditions, then you should not use the site. Use of [&hellip;]\" \/>\n<meta property=\"og:url\" content=\"https:\/\/press.cranbourn.com\/pt\/termos-e-condicoes\/\" \/>\n<meta property=\"og:site_name\" content=\"MEDIA ROOM\" \/>\n<meta property=\"article:publisher\" content=\"https:\/\/www.facebook.com\/cranbourn\/\" \/>\n<meta property=\"article:modified_time\" content=\"2023-08-23T09:14:34+00:00\" \/>\n<meta property=\"og:image\" content=\"https:\/\/press.cranbourn.com\/wp-content\/uploads\/2023\/08\/cranbourn-terms-conditions.jpg\" \/>\n\t<meta property=\"og:image:width\" content=\"1800\" \/>\n\t<meta property=\"og:image:height\" content=\"1012\" \/>\n\t<meta property=\"og:image:type\" content=\"image\/jpeg\" \/>\n<meta name=\"twitter:card\" content=\"summary_large_image\" \/>\n<meta name=\"twitter:site\" content=\"@cranbourn_\" \/>\n<meta name=\"twitter:label1\" content=\"Tempo estimado de leitura\" \/>\n\t<meta name=\"twitter:data1\" content=\"9 minutos\" \/>\n<script type=\"application\/ld+json\" class=\"yoast-schema-graph\">{\"@context\":\"https:\\\/\\\/schema.org\",\"@graph\":[{\"@type\":\"WebPage\",\"@id\":\"https:\\\/\\\/press.cranbourn.com\\\/terms-conditions\\\/\",\"url\":\"https:\\\/\\\/press.cranbourn.com\\\/terms-conditions\\\/\",\"name\":\"Terms & Conditions - MEDIA ROOM\",\"isPartOf\":{\"@id\":\"https:\\\/\\\/press.cranbourn.com\\\/pl\\\/#website\"},\"primaryImageOfPage\":{\"@id\":\"https:\\\/\\\/press.cranbourn.com\\\/terms-conditions\\\/#primaryimage\"},\"image\":{\"@id\":\"https:\\\/\\\/press.cranbourn.com\\\/terms-conditions\\\/#primaryimage\"},\"thumbnailUrl\":\"https:\\\/\\\/press.cranbourn.com\\\/wp-content\\\/uploads\\\/avifenc\\\/2023\\\/08\\\/cranbourn-terms-conditions.avif\",\"datePublished\":\"2023-07-13T11:37:38+00:00\",\"dateModified\":\"2023-08-23T09:14:34+00:00\",\"breadcrumb\":{\"@id\":\"https:\\\/\\\/press.cranbourn.com\\\/terms-conditions\\\/#breadcrumb\"},\"inLanguage\":\"pt-PT\",\"potentialAction\":[{\"@type\":\"ReadAction\",\"target\":[\"https:\\\/\\\/press.cranbourn.com\\\/terms-conditions\\\/\"]}]},{\"@type\":\"ImageObject\",\"inLanguage\":\"pt-PT\",\"@id\":\"https:\\\/\\\/press.cranbourn.com\\\/terms-conditions\\\/#primaryimage\",\"url\":\"https:\\\/\\\/press.cranbourn.com\\\/wp-content\\\/uploads\\\/avifenc\\\/2023\\\/08\\\/cranbourn-terms-conditions.avif\",\"contentUrl\":\"https:\\\/\\\/press.cranbourn.com\\\/wp-content\\\/uploads\\\/avifenc\\\/2023\\\/08\\\/cranbourn-terms-conditions.avif\",\"width\":1800,\"height\":1012},{\"@type\":\"BreadcrumbList\",\"@id\":\"https:\\\/\\\/press.cranbourn.com\\\/terms-conditions\\\/#breadcrumb\",\"itemListElement\":[{\"@type\":\"ListItem\",\"position\":1,\"name\":\"CRANBOURN\u00ae\",\"item\":\"https:\\\/\\\/press.cranbourn.com\\\/pt\"},{\"@type\":\"ListItem\",\"position\":2,\"name\":\"Terms &#038; Conditions\"}]},{\"@type\":\"WebSite\",\"@id\":\"https:\\\/\\\/press.cranbourn.com\\\/pl\\\/#website\",\"url\":\"https:\\\/\\\/press.cranbourn.com\\\/pl\\\/\",\"name\":\"MEDIA ROOM\",\"description\":\"CRANBOURN\u00ae | Press &amp; Media Room. Contact a Member of the Team for the latest News, Press Releases and Media Downloads.\",\"publisher\":{\"@id\":\"https:\\\/\\\/press.cranbourn.com\\\/pl\\\/#organization\"},\"potentialAction\":[{\"@type\":\"SearchAction\",\"target\":{\"@type\":\"EntryPoint\",\"urlTemplate\":\"https:\\\/\\\/press.cranbourn.com\\\/pl\\\/?s={search_term_string}\"},\"query-input\":{\"@type\":\"PropertyValueSpecification\",\"valueRequired\":true,\"valueName\":\"search_term_string\"}}],\"inLanguage\":\"pt-PT\"},{\"@type\":\"Organization\",\"@id\":\"https:\\\/\\\/press.cranbourn.com\\\/pl\\\/#organization\",\"name\":\"MEDIA ROOM\",\"url\":\"https:\\\/\\\/press.cranbourn.com\\\/pl\\\/\",\"logo\":{\"@type\":\"ImageObject\",\"inLanguage\":\"pt-PT\",\"@id\":\"https:\\\/\\\/press.cranbourn.com\\\/pl\\\/#\\\/schema\\\/logo\\\/image\\\/\",\"url\":\"https:\\\/\\\/press.cranbourn.com\\\/wp-content\\\/uploads\\\/2023\\\/07\\\/logo.svg\",\"contentUrl\":\"https:\\\/\\\/press.cranbourn.com\\\/wp-content\\\/uploads\\\/2023\\\/07\\\/logo.svg\",\"width\":1,\"height\":1,\"caption\":\"MEDIA ROOM\"},\"image\":{\"@id\":\"https:\\\/\\\/press.cranbourn.com\\\/pl\\\/#\\\/schema\\\/logo\\\/image\\\/\"},\"sameAs\":[\"https:\\\/\\\/www.facebook.com\\\/cranbourn\\\/\",\"https:\\\/\\\/x.com\\\/cranbourn_\"]}]}<\/script>\n<!-- \/ Yoast SEO plugin. -->","yoast_head_json":{"title":"Termos e Condi\u00e7\u00f5es - SALA DE M\u00cdDIA","robots":{"index":"index","follow":"follow","max-snippet":"max-snippet:-1","max-image-preview":"max-image-preview:large","max-video-preview":"max-video-preview:-1"},"canonical":"https:\/\/press.cranbourn.com\/pt\/termos-e-condicoes\/","og_locale":"pt_PT","og_type":"article","og_title":"Terms & Conditions - MEDIA ROOM","og_description":"Thank you for visiting the CRANBOURN\u00ae\u00a0website at www.cranbourn.com (the \u201cSite\u201d). This document (together with the documents referred to in it) tells you the terms and conditions on which you may use the Site. If you do not wish to be bound by these terms and conditions, then you should not use the site. Use of [&hellip;]","og_url":"https:\/\/press.cranbourn.com\/pt\/termos-e-condicoes\/","og_site_name":"MEDIA ROOM","article_publisher":"https:\/\/www.facebook.com\/cranbourn\/","article_modified_time":"2023-08-23T09:14:34+00:00","og_image":[{"width":1800,"height":1012,"url":"https:\/\/press.cranbourn.com\/wp-content\/uploads\/2023\/08\/cranbourn-terms-conditions.jpg","type":"image\/jpeg"}],"twitter_card":"summary_large_image","twitter_site":"@cranbourn_","twitter_misc":{"Tempo estimado de leitura":"9 minutos"},"schema":{"@context":"https:\/\/schema.org","@graph":[{"@type":"WebPage","@id":"https:\/\/press.cranbourn.com\/terms-conditions\/","url":"https:\/\/press.cranbourn.com\/terms-conditions\/","name":"Termos e Condi\u00e7\u00f5es - SALA DE M\u00cdDIA","isPartOf":{"@id":"https:\/\/press.cranbourn.com\/pl\/#website"},"primaryImageOfPage":{"@id":"https:\/\/press.cranbourn.com\/terms-conditions\/#primaryimage"},"image":{"@id":"https:\/\/press.cranbourn.com\/terms-conditions\/#primaryimage"},"thumbnailUrl":"https:\/\/press.cranbourn.com\/wp-content\/uploads\/avifenc\/2023\/08\/cranbourn-terms-conditions.avif","datePublished":"2023-07-13T11:37:38+00:00","dateModified":"2023-08-23T09:14:34+00:00","breadcrumb":{"@id":"https:\/\/press.cranbourn.com\/terms-conditions\/#breadcrumb"},"inLanguage":"pt-PT","potentialAction":[{"@type":"ReadAction","target":["https:\/\/press.cranbourn.com\/terms-conditions\/"]}]},{"@type":"ImageObject","inLanguage":"pt-PT","@id":"https:\/\/press.cranbourn.com\/terms-conditions\/#primaryimage","url":"https:\/\/press.cranbourn.com\/wp-content\/uploads\/avifenc\/2023\/08\/cranbourn-terms-conditions.avif","contentUrl":"https:\/\/press.cranbourn.com\/wp-content\/uploads\/avifenc\/2023\/08\/cranbourn-terms-conditions.avif","width":1800,"height":1012},{"@type":"BreadcrumbList","@id":"https:\/\/press.cranbourn.com\/terms-conditions\/#breadcrumb","itemListElement":[{"@type":"ListItem","position":1,"name":"CRANBOURN\u00ae","item":"https:\/\/press.cranbourn.com\/pt"},{"@type":"ListItem","position":2,"name":"Terms &#038; Conditions"}]},{"@type":"WebSite","@id":"https:\/\/press.cranbourn.com\/pl\/#website","url":"https:\/\/press.cranbourn.com\/pl\/","name":"SALA DE M\u00cdDIA","description":"CRANBOURN\u00ae | Sala de Imprensa e M\u00eddia. Entre em contato com um membro da equipe para obter as \u00faltimas not\u00edcias, comunicados \u00e0 imprensa e downloads de m\u00eddia.","publisher":{"@id":"https:\/\/press.cranbourn.com\/pl\/#organization"},"potentialAction":[{"@type":"SearchAction","target":{"@type":"EntryPoint","urlTemplate":"https:\/\/press.cranbourn.com\/pl\/?s={search_term_string}"},"query-input":{"@type":"PropertyValueSpecification","valueRequired":true,"valueName":"search_term_string"}}],"inLanguage":"pt-PT"},{"@type":"Organization","@id":"https:\/\/press.cranbourn.com\/pl\/#organization","name":"SALA DE M\u00cdDIA","url":"https:\/\/press.cranbourn.com\/pl\/","logo":{"@type":"ImageObject","inLanguage":"pt-PT","@id":"https:\/\/press.cranbourn.com\/pl\/#\/schema\/logo\/image\/","url":"https:\/\/press.cranbourn.com\/wp-content\/uploads\/2023\/07\/logo.svg","contentUrl":"https:\/\/press.cranbourn.com\/wp-content\/uploads\/2023\/07\/logo.svg","width":1,"height":1,"caption":"MEDIA ROOM"},"image":{"@id":"https:\/\/press.cranbourn.com\/pl\/#\/schema\/logo\/image\/"},"sameAs":["https:\/\/www.facebook.com\/cranbourn\/","https:\/\/x.com\/cranbourn_"]}]}},"jetpack_sharing_enabled":true,"_links":{"self":[{"href":"https:\/\/press.cranbourn.com\/pt\/wp-json\/wp\/v2\/pages\/3","targetHints":{"allow":["GET"]}}],"collection":[{"href":"https:\/\/press.cranbourn.com\/pt\/wp-json\/wp\/v2\/pages"}],"about":[{"href":"https:\/\/press.cranbourn.com\/pt\/wp-json\/wp\/v2\/types\/page"}],"author":[{"embeddable":true,"href":"https:\/\/press.cranbourn.com\/pt\/wp-json\/wp\/v2\/users\/13"}],"replies":[{"embeddable":true,"href":"https:\/\/press.cranbourn.com\/pt\/wp-json\/wp\/v2\/comments?post=3"}],"version-history":[{"count":0,"href":"https:\/\/press.cranbourn.com\/pt\/wp-json\/wp\/v2\/pages\/3\/revisions"}],"wp:featuredmedia":[{"embeddable":true,"href":"https:\/\/press.cranbourn.com\/pt\/wp-json\/wp\/v2\/media\/911"}],"wp:attachment":[{"href":"https:\/\/press.cranbourn.com\/pt\/wp-json\/wp\/v2\/media?parent=3"}],"curies":[{"name":"wp","href":"https:\/\/api.w.org\/{rel}","templated":true}]}}