{"id":22,"date":"2023-07-14T12:28:47","date_gmt":"2023-07-14T11:28:47","guid":{"rendered":"https:\/\/presscranbourn.wpengine.com\/?page_id=22"},"modified":"2023-09-15T13:52:03","modified_gmt":"2023-09-15T12:52:03","slug":"pobieranie-multimediow-2","status":"publish","type":"page","link":"https:\/\/press.cranbourn.com\/pl\/media-download\/","title":{"rendered":"Multimedia i pliki do pobrania"},"content":{"rendered":"<p>Zapoznaj si\u0119 z fotografiami produkt\u00f3w CRANBOURN\u00ae i powi\u0105zanymi mediami poni\u017cej. Wpisz sw\u00f3j adres e-mail, aby zyska\u0107<br \/>\nuzyskaj dost\u0119p i pobierz dowolne zdj\u0119cia, kt\u00f3rych potrzebujesz.<\/p>","protected":false},"excerpt":{"rendered":"<p>Zapoznaj si\u0119 z fotografiami produkt\u00f3w CRANBOURN\u00ae i powi\u0105zanymi mediami poni\u017cej. Wprowad\u017a sw\u00f3j adres e-mail, aby uzyska\u0107 dost\u0119p i pobra\u0107 potrzebne zdj\u0119cia.<\/p>","protected":false},"author":2,"featured_media":1056,"parent":0,"menu_order":0,"comment_status":"closed","ping_status":"closed","template":"template-media.php","meta":{"_acf_changed":false,"content-type":"","footnotes":""},"class_list":["post-22","page","type-page","status-publish","has-post-thumbnail","hentry"],"acf":[],"yoast_head":"<!-- This site is optimized with the Yoast SEO plugin v27.3 - https:\/\/yoast.com\/product\/yoast-seo-wordpress\/ -->\n<title>Media &amp; Downloads - MEDIA ROOM<\/title>\n<meta name=\"robots\" content=\"index, follow, max-snippet:-1, max-image-preview:large, max-video-preview:-1\" \/>\n<link rel=\"canonical\" href=\"https:\/\/press.cranbourn.com\/pl\/pobieranie-multimediow-2\/\" \/>\n<meta property=\"og:locale\" content=\"pl_PL\" \/>\n<meta property=\"og:type\" content=\"article\" \/>\n<meta property=\"og:title\" content=\"Media &amp; Downloads - MEDIA ROOM\" \/>\n<meta property=\"og:description\" content=\"Explore CRANBOURN\u00ae product photography and related media below. Enter your email address to gain access and download any imagery you require.\" \/>\n<meta property=\"og:url\" content=\"https:\/\/press.cranbourn.com\/pl\/pobieranie-multimediow-2\/\" \/>\n<meta property=\"og:site_name\" content=\"MEDIA ROOM\" \/>\n<meta property=\"article:publisher\" content=\"https:\/\/www.facebook.com\/cranbourn\/\" \/>\n<meta property=\"article:modified_time\" content=\"2023-09-15T12:52:03+00:00\" \/>\n<meta property=\"og:image\" content=\"https:\/\/press.cranbourn.com\/wp-content\/uploads\/2023\/09\/cranbourn-moments-mauritius-hero-white-2.jpg\" \/>\n\t<meta property=\"og:image:width\" content=\"2000\" \/>\n\t<meta property=\"og:image:height\" content=\"1113\" \/>\n\t<meta property=\"og:image:type\" content=\"image\/jpeg\" \/>\n<meta name=\"twitter:card\" content=\"summary_large_image\" \/>\n<meta name=\"twitter:site\" content=\"@cranbourn_\" \/>\n<meta name=\"twitter:label1\" content=\"Szacowany czas czytania\" \/>\n\t<meta name=\"twitter:data1\" content=\"1 minuta\" \/>\n<script type=\"application\/ld+json\" class=\"yoast-schema-graph\">{\"@context\":\"https:\\\/\\\/schema.org\",\"@graph\":[{\"@type\":\"WebPage\",\"@id\":\"https:\\\/\\\/press.cranbourn.com\\\/cs\\\/media-stahovani\\\/\",\"url\":\"https:\\\/\\\/press.cranbourn.com\\\/cs\\\/media-stahovani\\\/\",\"name\":\"Media & Downloads - MEDIA ROOM\",\"isPartOf\":{\"@id\":\"https:\\\/\\\/press.cranbourn.com\\\/pl\\\/#website\"},\"primaryImageOfPage\":{\"@id\":\"https:\\\/\\\/press.cranbourn.com\\\/cs\\\/media-stahovani\\\/#primaryimage\"},\"image\":{\"@id\":\"https:\\\/\\\/press.cranbourn.com\\\/cs\\\/media-stahovani\\\/#primaryimage\"},\"thumbnailUrl\":\"https:\\\/\\\/press.cranbourn.com\\\/wp-content\\\/uploads\\\/avifenc\\\/2023\\\/09\\\/cranbourn-moments-mauritius-hero-white-2.avif\",\"datePublished\":\"2023-07-14T11:28:47+00:00\",\"dateModified\":\"2023-09-15T12:52:03+00:00\",\"breadcrumb\":{\"@id\":\"https:\\\/\\\/press.cranbourn.com\\\/cs\\\/media-stahovani\\\/#breadcrumb\"},\"inLanguage\":\"pl-PL\",\"potentialAction\":[{\"@type\":\"ReadAction\",\"target\":[\"https:\\\/\\\/press.cranbourn.com\\\/cs\\\/media-stahovani\\\/\"]}]},{\"@type\":\"ImageObject\",\"inLanguage\":\"pl-PL\",\"@id\":\"https:\\\/\\\/press.cranbourn.com\\\/cs\\\/media-stahovani\\\/#primaryimage\",\"url\":\"https:\\\/\\\/press.cranbourn.com\\\/wp-content\\\/uploads\\\/avifenc\\\/2023\\\/09\\\/cranbourn-moments-mauritius-hero-white-2.avif\",\"contentUrl\":\"https:\\\/\\\/press.cranbourn.com\\\/wp-content\\\/uploads\\\/avifenc\\\/2023\\\/09\\\/cranbourn-moments-mauritius-hero-white-2.avif\",\"width\":2000,\"height\":1113},{\"@type\":\"BreadcrumbList\",\"@id\":\"https:\\\/\\\/press.cranbourn.com\\\/cs\\\/media-stahovani\\\/#breadcrumb\",\"itemListElement\":[{\"@type\":\"ListItem\",\"position\":1,\"name\":\"CRANBOURN\u00ae\",\"item\":\"https:\\\/\\\/press.cranbourn.com\\\/pl\"},{\"@type\":\"ListItem\",\"position\":2,\"name\":\"Media &#038; Downloads\"}]},{\"@type\":\"WebSite\",\"@id\":\"https:\\\/\\\/press.cranbourn.com\\\/pl\\\/#website\",\"url\":\"https:\\\/\\\/press.cranbourn.com\\\/pl\\\/\",\"name\":\"MEDIA ROOM\",\"description\":\"CRANBOURN\u00ae | Press &amp; Media Room. Contact a Member of the Team for the latest News, Press Releases and Media Downloads.\",\"publisher\":{\"@id\":\"https:\\\/\\\/press.cranbourn.com\\\/pl\\\/#organization\"},\"potentialAction\":[{\"@type\":\"SearchAction\",\"target\":{\"@type\":\"EntryPoint\",\"urlTemplate\":\"https:\\\/\\\/press.cranbourn.com\\\/pl\\\/?s={search_term_string}\"},\"query-input\":{\"@type\":\"PropertyValueSpecification\",\"valueRequired\":true,\"valueName\":\"search_term_string\"}}],\"inLanguage\":\"pl-PL\"},{\"@type\":\"Organization\",\"@id\":\"https:\\\/\\\/press.cranbourn.com\\\/pl\\\/#organization\",\"name\":\"MEDIA ROOM\",\"url\":\"https:\\\/\\\/press.cranbourn.com\\\/pl\\\/\",\"logo\":{\"@type\":\"ImageObject\",\"inLanguage\":\"pl-PL\",\"@id\":\"https:\\\/\\\/press.cranbourn.com\\\/pl\\\/#\\\/schema\\\/logo\\\/image\\\/\",\"url\":\"https:\\\/\\\/press.cranbourn.com\\\/wp-content\\\/uploads\\\/2023\\\/07\\\/logo.svg\",\"contentUrl\":\"https:\\\/\\\/press.cranbourn.com\\\/wp-content\\\/uploads\\\/2023\\\/07\\\/logo.svg\",\"width\":1,\"height\":1,\"caption\":\"MEDIA ROOM\"},\"image\":{\"@id\":\"https:\\\/\\\/press.cranbourn.com\\\/pl\\\/#\\\/schema\\\/logo\\\/image\\\/\"},\"sameAs\":[\"https:\\\/\\\/www.facebook.com\\\/cranbourn\\\/\",\"https:\\\/\\\/x.com\\\/cranbourn_\"]}]}<\/script>\n<!-- \/ Yoast SEO plugin. -->","yoast_head_json":{"title":"Media i pliki do pobrania - POK\u00d3J MEDIALNY","robots":{"index":"index","follow":"follow","max-snippet":"max-snippet:-1","max-image-preview":"max-image-preview:large","max-video-preview":"max-video-preview:-1"},"canonical":"https:\/\/press.cranbourn.com\/pl\/pobieranie-multimediow-2\/","og_locale":"pl_PL","og_type":"article","og_title":"Media & Downloads - MEDIA ROOM","og_description":"Explore CRANBOURN\u00ae product photography and related media below. Enter your email address to gain access and download any imagery you require.","og_url":"https:\/\/press.cranbourn.com\/pl\/pobieranie-multimediow-2\/","og_site_name":"MEDIA ROOM","article_publisher":"https:\/\/www.facebook.com\/cranbourn\/","article_modified_time":"2023-09-15T12:52:03+00:00","og_image":[{"width":2000,"height":1113,"url":"https:\/\/press.cranbourn.com\/wp-content\/uploads\/2023\/09\/cranbourn-moments-mauritius-hero-white-2.jpg","type":"image\/jpeg"}],"twitter_card":"summary_large_image","twitter_site":"@cranbourn_","twitter_misc":{"Szacowany czas czytania":"1 minuta"},"schema":{"@context":"https:\/\/schema.org","@graph":[{"@type":"WebPage","@id":"https:\/\/press.cranbourn.com\/cs\/media-stahovani\/","url":"https:\/\/press.cranbourn.com\/cs\/media-stahovani\/","name":"Media i pliki do pobrania - POK\u00d3J MEDIALNY","isPartOf":{"@id":"https:\/\/press.cranbourn.com\/pl\/#website"},"primaryImageOfPage":{"@id":"https:\/\/press.cranbourn.com\/cs\/media-stahovani\/#primaryimage"},"image":{"@id":"https:\/\/press.cranbourn.com\/cs\/media-stahovani\/#primaryimage"},"thumbnailUrl":"https:\/\/press.cranbourn.com\/wp-content\/uploads\/avifenc\/2023\/09\/cranbourn-moments-mauritius-hero-white-2.avif","datePublished":"2023-07-14T11:28:47+00:00","dateModified":"2023-09-15T12:52:03+00:00","breadcrumb":{"@id":"https:\/\/press.cranbourn.com\/cs\/media-stahovani\/#breadcrumb"},"inLanguage":"pl-PL","potentialAction":[{"@type":"ReadAction","target":["https:\/\/press.cranbourn.com\/cs\/media-stahovani\/"]}]},{"@type":"ImageObject","inLanguage":"pl-PL","@id":"https:\/\/press.cranbourn.com\/cs\/media-stahovani\/#primaryimage","url":"https:\/\/press.cranbourn.com\/wp-content\/uploads\/avifenc\/2023\/09\/cranbourn-moments-mauritius-hero-white-2.avif","contentUrl":"https:\/\/press.cranbourn.com\/wp-content\/uploads\/avifenc\/2023\/09\/cranbourn-moments-mauritius-hero-white-2.avif","width":2000,"height":1113},{"@type":"BreadcrumbList","@id":"https:\/\/press.cranbourn.com\/cs\/media-stahovani\/#breadcrumb","itemListElement":[{"@type":"ListItem","position":1,"name":"CRANBOURN\u00ae","item":"https:\/\/press.cranbourn.com\/pl"},{"@type":"ListItem","position":2,"name":"Media &#038; Downloads"}]},{"@type":"WebSite","@id":"https:\/\/press.cranbourn.com\/pl\/#website","url":"https:\/\/press.cranbourn.com\/pl\/","name":"POK\u00d3J MEDIALNY","description":"CRANBOURN\u00ae | Pok\u00f3j dla prasy i medi\u00f3w. Skontaktuj si\u0119 z cz\u0142onkiem zespo\u0142u, aby uzyska\u0107 najnowsze wiadomo\u015bci, komunikaty prasowe i pliki multimedialne do pobrania.","publisher":{"@id":"https:\/\/press.cranbourn.com\/pl\/#organization"},"potentialAction":[{"@type":"SearchAction","target":{"@type":"EntryPoint","urlTemplate":"https:\/\/press.cranbourn.com\/pl\/?s={search_term_string}"},"query-input":{"@type":"PropertyValueSpecification","valueRequired":true,"valueName":"search_term_string"}}],"inLanguage":"pl-PL"},{"@type":"Organization","@id":"https:\/\/press.cranbourn.com\/pl\/#organization","name":"POK\u00d3J MEDIALNY","url":"https:\/\/press.cranbourn.com\/pl\/","logo":{"@type":"ImageObject","inLanguage":"pl-PL","@id":"https:\/\/press.cranbourn.com\/pl\/#\/schema\/logo\/image\/","url":"https:\/\/press.cranbourn.com\/wp-content\/uploads\/2023\/07\/logo.svg","contentUrl":"https:\/\/press.cranbourn.com\/wp-content\/uploads\/2023\/07\/logo.svg","width":1,"height":1,"caption":"MEDIA ROOM"},"image":{"@id":"https:\/\/press.cranbourn.com\/pl\/#\/schema\/logo\/image\/"},"sameAs":["https:\/\/www.facebook.com\/cranbourn\/","https:\/\/x.com\/cranbourn_"]}]}},"jetpack_sharing_enabled":true,"_links":{"self":[{"href":"https:\/\/press.cranbourn.com\/pl\/wp-json\/wp\/v2\/pages\/22","targetHints":{"allow":["GET"]}}],"collection":[{"href":"https:\/\/press.cranbourn.com\/pl\/wp-json\/wp\/v2\/pages"}],"about":[{"href":"https:\/\/press.cranbourn.com\/pl\/wp-json\/wp\/v2\/types\/page"}],"author":[{"embeddable":true,"href":"https:\/\/press.cranbourn.com\/pl\/wp-json\/wp\/v2\/users\/2"}],"replies":[{"embeddable":true,"href":"https:\/\/press.cranbourn.com\/pl\/wp-json\/wp\/v2\/comments?post=22"}],"version-history":[{"count":1,"href":"https:\/\/press.cranbourn.com\/pl\/wp-json\/wp\/v2\/pages\/22\/revisions"}],"predecessor-version":[{"id":1055,"href":"https:\/\/press.cranbourn.com\/pl\/wp-json\/wp\/v2\/pages\/22\/revisions\/1055"}],"wp:featuredmedia":[{"embeddable":true,"href":"https:\/\/press.cranbourn.com\/pl\/wp-json\/wp\/v2\/media\/1056"}],"wp:attachment":[{"href":"https:\/\/press.cranbourn.com\/pl\/wp-json\/wp\/v2\/media?parent=22"}],"curies":[{"name":"wp","href":"https:\/\/api.w.org\/{rel}","templated":true}]}}