{"id":9,"date":"2023-07-14T10:09:28","date_gmt":"2023-07-14T09:09:28","guid":{"rendered":"https:\/\/presscranbourn.wpengine.com\/?page_id=9"},"modified":"2026-03-02T21:25:51","modified_gmt":"2026-03-02T21:25:51","slug":"media-room","status":"publish","type":"page","link":"https:\/\/press.cranbourn.com\/nb\/","title":{"rendered":"Media Hjem"},"content":{"rendered":"<p data-start=\"160\" data-end=\"394\">CRANBOURN\u00ae Media Room er laget for journalister og mediefolk, og gir tilgang til viktig informasjon og ressurser om merkevaren. Her finner du produktbilder av h\u00f8y kvalitet, pressemeldinger og offisiell merkevareinformasjon.<\/p>\n<p data-start=\"401\" data-end=\"478\">Registrer deg for \u00e5 f\u00e5 umiddelbar tilgang til \u00e5 utforske og laste ned materialet du trenger.<\/p>","protected":false},"excerpt":{"rendered":"<p>Lanseringsrommet CRANBOURN\u00ae er laget for journalister og medieprofesjonelle, og gir tilgang til essensielt merkenavninformasjon og ressurser. Her finner du h\u00f8ykvalitets produktbilder, pressemeldinger og offisielle merkenavnressurser. Registrer deg for umiddelbar tilgang for \u00e5 utforske og laste ned materialet du trenger.<\/p>","protected":false},"author":2,"featured_media":284,"parent":0,"menu_order":0,"comment_status":"closed","ping_status":"closed","template":"template-home.php","meta":{"_acf_changed":false,"content-type":"","footnotes":""},"class_list":["post-9","page","type-page","status-publish","has-post-thumbnail","hentry"],"acf":[],"yoast_head":"<!-- This site is optimized with the Yoast SEO plugin v27.4 - https:\/\/yoast.com\/product\/yoast-seo-wordpress\/ -->\n<title>Media Home - MEDIA ROOM<\/title>\n<meta name=\"description\" content=\"Access CRANBOURN\u00ae news, press releases, product launches, and official media resources from our Media Room.\" \/>\n<meta name=\"robots\" content=\"index, follow, max-snippet:-1, max-image-preview:large, max-video-preview:-1\" \/>\n<link rel=\"canonical\" href=\"https:\/\/press.cranbourn.com\/nb\/\" \/>\n<meta property=\"og:locale\" content=\"nb_NO\" \/>\n<meta property=\"og:type\" content=\"article\" \/>\n<meta property=\"og:title\" content=\"Media Home - MEDIA ROOM\" \/>\n<meta property=\"og:description\" content=\"Access CRANBOURN\u00ae news, press releases, product launches, and official media resources from our Media Room.\" \/>\n<meta property=\"og:url\" content=\"https:\/\/press.cranbourn.com\/nb\/\" \/>\n<meta property=\"og:site_name\" content=\"MEDIA ROOM\" \/>\n<meta property=\"article:publisher\" content=\"https:\/\/www.facebook.com\/cranbourn\/\" \/>\n<meta property=\"article:modified_time\" content=\"2026-03-02T21:25:51+00:00\" \/>\n<meta property=\"og:image\" content=\"https:\/\/press.cranbourn.com\/wp-content\/uploads\/2023\/07\/cranbourn-home-hero-5-1536x864-1.jpg\" \/>\n\t<meta property=\"og:image:width\" content=\"1536\" \/>\n\t<meta property=\"og:image:height\" content=\"864\" \/>\n\t<meta property=\"og:image:type\" content=\"image\/jpeg\" \/>\n<meta name=\"twitter:card\" content=\"summary_large_image\" \/>\n<meta name=\"twitter:site\" content=\"@cranbourn_\" \/>\n<meta name=\"twitter:label1\" content=\"Ansl. lesetid\" \/>\n\t<meta name=\"twitter:data1\" content=\"1 minutt\" \/>\n<script type=\"application\/ld+json\" class=\"yoast-schema-graph\">{\"@context\":\"https:\\\/\\\/schema.org\",\"@graph\":[{\"@type\":\"WebPage\",\"@id\":\"https:\\\/\\\/press.cranbourn.com\\\/\",\"url\":\"https:\\\/\\\/press.cranbourn.com\\\/\",\"name\":\"Media Home - MEDIA ROOM\",\"isPartOf\":{\"@id\":\"https:\\\/\\\/press.cranbourn.com\\\/pl\\\/#website\"},\"primaryImageOfPage\":{\"@id\":\"https:\\\/\\\/press.cranbourn.com\\\/#primaryimage\"},\"image\":{\"@id\":\"https:\\\/\\\/press.cranbourn.com\\\/#primaryimage\"},\"thumbnailUrl\":\"https:\\\/\\\/press.cranbourn.com\\\/wp-content\\\/uploads\\\/avifenc\\\/2023\\\/07\\\/cranbourn-home-hero-5-1536x864-1.avif\",\"datePublished\":\"2023-07-14T09:09:28+00:00\",\"dateModified\":\"2026-03-02T21:25:51+00:00\",\"description\":\"Access CRANBOURN\u00ae news, press releases, product launches, and official media resources from our Media Room.\",\"breadcrumb\":{\"@id\":\"https:\\\/\\\/press.cranbourn.com\\\/#breadcrumb\"},\"inLanguage\":\"nb-NO\",\"potentialAction\":[{\"@type\":\"ReadAction\",\"target\":[\"https:\\\/\\\/press.cranbourn.com\\\/\"]}]},{\"@type\":\"ImageObject\",\"inLanguage\":\"nb-NO\",\"@id\":\"https:\\\/\\\/press.cranbourn.com\\\/#primaryimage\",\"url\":\"https:\\\/\\\/press.cranbourn.com\\\/wp-content\\\/uploads\\\/avifenc\\\/2023\\\/07\\\/cranbourn-home-hero-5-1536x864-1.avif\",\"contentUrl\":\"https:\\\/\\\/press.cranbourn.com\\\/wp-content\\\/uploads\\\/avifenc\\\/2023\\\/07\\\/cranbourn-home-hero-5-1536x864-1.avif\",\"width\":1536,\"height\":864,\"caption\":\"cranbourn home hero 5 1536x864 1\"},{\"@type\":\"BreadcrumbList\",\"@id\":\"https:\\\/\\\/press.cranbourn.com\\\/#breadcrumb\",\"itemListElement\":[{\"@type\":\"ListItem\",\"position\":1,\"name\":\"CRANBOURN\u00ae\",\"item\":\"https:\\\/\\\/press.cranbourn.com\\\/nb\"},{\"@type\":\"ListItem\",\"position\":2,\"name\":\"Media Home\"}]},{\"@type\":\"WebSite\",\"@id\":\"https:\\\/\\\/press.cranbourn.com\\\/pl\\\/#website\",\"url\":\"https:\\\/\\\/press.cranbourn.com\\\/pl\\\/\",\"name\":\"MEDIA ROOM\",\"description\":\"CRANBOURN\u00ae | Press &amp; Media Room. Contact a Member of the Team for the latest News, Press Releases and Media Downloads.\",\"publisher\":{\"@id\":\"https:\\\/\\\/press.cranbourn.com\\\/pl\\\/#organization\"},\"potentialAction\":[{\"@type\":\"SearchAction\",\"target\":{\"@type\":\"EntryPoint\",\"urlTemplate\":\"https:\\\/\\\/press.cranbourn.com\\\/pl\\\/?s={search_term_string}\"},\"query-input\":{\"@type\":\"PropertyValueSpecification\",\"valueRequired\":true,\"valueName\":\"search_term_string\"}}],\"inLanguage\":\"nb-NO\"},{\"@type\":\"Organization\",\"@id\":\"https:\\\/\\\/press.cranbourn.com\\\/pl\\\/#organization\",\"name\":\"MEDIA ROOM\",\"url\":\"https:\\\/\\\/press.cranbourn.com\\\/pl\\\/\",\"logo\":{\"@type\":\"ImageObject\",\"inLanguage\":\"nb-NO\",\"@id\":\"https:\\\/\\\/press.cranbourn.com\\\/pl\\\/#\\\/schema\\\/logo\\\/image\\\/\",\"url\":\"https:\\\/\\\/press.cranbourn.com\\\/wp-content\\\/uploads\\\/2023\\\/07\\\/logo.svg\",\"contentUrl\":\"https:\\\/\\\/press.cranbourn.com\\\/wp-content\\\/uploads\\\/2023\\\/07\\\/logo.svg\",\"width\":1,\"height\":1,\"caption\":\"MEDIA ROOM\"},\"image\":{\"@id\":\"https:\\\/\\\/press.cranbourn.com\\\/pl\\\/#\\\/schema\\\/logo\\\/image\\\/\"},\"sameAs\":[\"https:\\\/\\\/www.facebook.com\\\/cranbourn\\\/\",\"https:\\\/\\\/x.com\\\/cranbourn_\"]}]}<\/script>\n<!-- \/ Yoast SEO plugin. -->","yoast_head_json":{"title":"Media Home - MEDIEROM","description":"F\u00e5 tilgang til CRANBOURN\u00ae-nyheter, pressemeldinger, produktlanseringer og offisielle medieressurser fra medierommet v\u00e5rt.","robots":{"index":"index","follow":"follow","max-snippet":"max-snippet:-1","max-image-preview":"max-image-preview:large","max-video-preview":"max-video-preview:-1"},"canonical":"https:\/\/press.cranbourn.com\/nb\/","og_locale":"nb_NO","og_type":"article","og_title":"Media Home - MEDIA ROOM","og_description":"Access CRANBOURN\u00ae news, press releases, product launches, and official media resources from our Media Room.","og_url":"https:\/\/press.cranbourn.com\/nb\/","og_site_name":"MEDIA ROOM","article_publisher":"https:\/\/www.facebook.com\/cranbourn\/","article_modified_time":"2026-03-02T21:25:51+00:00","og_image":[{"width":1536,"height":864,"url":"https:\/\/press.cranbourn.com\/wp-content\/uploads\/2023\/07\/cranbourn-home-hero-5-1536x864-1.jpg","type":"image\/jpeg"}],"twitter_card":"summary_large_image","twitter_site":"@cranbourn_","twitter_misc":{"Ansl. lesetid":"1 minutt"},"schema":{"@context":"https:\/\/schema.org","@graph":[{"@type":"WebPage","@id":"https:\/\/press.cranbourn.com\/","url":"https:\/\/press.cranbourn.com\/","name":"Media Home - MEDIEROM","isPartOf":{"@id":"https:\/\/press.cranbourn.com\/pl\/#website"},"primaryImageOfPage":{"@id":"https:\/\/press.cranbourn.com\/#primaryimage"},"image":{"@id":"https:\/\/press.cranbourn.com\/#primaryimage"},"thumbnailUrl":"https:\/\/press.cranbourn.com\/wp-content\/uploads\/avifenc\/2023\/07\/cranbourn-home-hero-5-1536x864-1.avif","datePublished":"2023-07-14T09:09:28+00:00","dateModified":"2026-03-02T21:25:51+00:00","description":"F\u00e5 tilgang til CRANBOURN\u00ae-nyheter, pressemeldinger, produktlanseringer og offisielle medieressurser fra medierommet v\u00e5rt.","breadcrumb":{"@id":"https:\/\/press.cranbourn.com\/#breadcrumb"},"inLanguage":"nb-NO","potentialAction":[{"@type":"ReadAction","target":["https:\/\/press.cranbourn.com\/"]}]},{"@type":"ImageObject","inLanguage":"nb-NO","@id":"https:\/\/press.cranbourn.com\/#primaryimage","url":"https:\/\/press.cranbourn.com\/wp-content\/uploads\/avifenc\/2023\/07\/cranbourn-home-hero-5-1536x864-1.avif","contentUrl":"https:\/\/press.cranbourn.com\/wp-content\/uploads\/avifenc\/2023\/07\/cranbourn-home-hero-5-1536x864-1.avif","width":1536,"height":864,"caption":"cranbourn home hero 5 1536x864 1"},{"@type":"BreadcrumbList","@id":"https:\/\/press.cranbourn.com\/#breadcrumb","itemListElement":[{"@type":"ListItem","position":1,"name":"CRANBOURN\u00ae","item":"https:\/\/press.cranbourn.com\/nb"},{"@type":"ListItem","position":2,"name":"Media Home"}]},{"@type":"WebSite","@id":"https:\/\/press.cranbourn.com\/pl\/#website","url":"https:\/\/press.cranbourn.com\/pl\/","name":"MEDIEROM","description":"CRANBOURN\u00ae | Presse- og mediarom. Kontakt et medlem av teamet for siste nytt, pressemeldinger og medienedlastinger.","publisher":{"@id":"https:\/\/press.cranbourn.com\/pl\/#organization"},"potentialAction":[{"@type":"SearchAction","target":{"@type":"EntryPoint","urlTemplate":"https:\/\/press.cranbourn.com\/pl\/?s={search_term_string}"},"query-input":{"@type":"PropertyValueSpecification","valueRequired":true,"valueName":"search_term_string"}}],"inLanguage":"nb-NO"},{"@type":"Organization","@id":"https:\/\/press.cranbourn.com\/pl\/#organization","name":"MEDIEROM","url":"https:\/\/press.cranbourn.com\/pl\/","logo":{"@type":"ImageObject","inLanguage":"nb-NO","@id":"https:\/\/press.cranbourn.com\/pl\/#\/schema\/logo\/image\/","url":"https:\/\/press.cranbourn.com\/wp-content\/uploads\/2023\/07\/logo.svg","contentUrl":"https:\/\/press.cranbourn.com\/wp-content\/uploads\/2023\/07\/logo.svg","width":1,"height":1,"caption":"MEDIA ROOM"},"image":{"@id":"https:\/\/press.cranbourn.com\/pl\/#\/schema\/logo\/image\/"},"sameAs":["https:\/\/www.facebook.com\/cranbourn\/","https:\/\/x.com\/cranbourn_"]}]}},"jetpack_sharing_enabled":true,"_links":{"self":[{"href":"https:\/\/press.cranbourn.com\/nb\/wp-json\/wp\/v2\/pages\/9","targetHints":{"allow":["GET"]}}],"collection":[{"href":"https:\/\/press.cranbourn.com\/nb\/wp-json\/wp\/v2\/pages"}],"about":[{"href":"https:\/\/press.cranbourn.com\/nb\/wp-json\/wp\/v2\/types\/page"}],"author":[{"embeddable":true,"href":"https:\/\/press.cranbourn.com\/nb\/wp-json\/wp\/v2\/users\/2"}],"replies":[{"embeddable":true,"href":"https:\/\/press.cranbourn.com\/nb\/wp-json\/wp\/v2\/comments?post=9"}],"version-history":[{"count":15,"href":"https:\/\/press.cranbourn.com\/nb\/wp-json\/wp\/v2\/pages\/9\/revisions"}],"predecessor-version":[{"id":2501,"href":"https:\/\/press.cranbourn.com\/nb\/wp-json\/wp\/v2\/pages\/9\/revisions\/2501"}],"wp:featuredmedia":[{"embeddable":true,"href":"https:\/\/press.cranbourn.com\/nb\/wp-json\/wp\/v2\/media\/284"}],"wp:attachment":[{"href":"https:\/\/press.cranbourn.com\/nb\/wp-json\/wp\/v2\/media?parent=9"}],"curies":[{"name":"wp","href":"https:\/\/api.w.org\/{rel}","templated":true}]}}