{"id":3,"date":"2023-07-13T12:37:38","date_gmt":"2023-07-13T11:37:38","guid":{"rendered":"https:\/\/presscranbourn.wpengine.com\/?page_id=3"},"modified":"2023-08-23T10:14:34","modified_gmt":"2023-08-23T09:14:34","slug":"vilkar-betingelser","status":"publish","type":"page","link":"https:\/\/press.cranbourn.com\/nb\/terms-conditions\/","title":{"rendered":"Betingelser og vilk\u00e5r"},"content":{"rendered":"<p>Takk for at du bes\u00f8kte CRANBOURN<sup>\u00ae<\/sup>\u00a0nettstedet p\u00e5 www.cranbourn.com (&quot;nettstedet&quot;). Dette dokumentet (sammen med dokumentene det refereres til i det) forteller deg vilk\u00e5rene og betingelsene som du kan bruke nettstedet p\u00e5.<\/p>\r\n<p>Hvis du ikke \u00f8nsker \u00e5 v\u00e6re bundet av disse vilk\u00e5rene og betingelsene, b\u00f8r du ikke bruke siden. Bruk av nettstedet av deg skal anses som din aksept av disse vilk\u00e5rene og betingelsene.<\/p>\r\n<p>Vi kan endre disse vilk\u00e5rene og betingelsene fra tid til annen, s\u00e5 vennligst les dem hver gang du bes\u00f8ker nettstedet. Du b\u00f8r lagre en kopi av disse vilk\u00e5rene og betingelsene for fremtidig referanse.<\/p>\r\n<h2 class=\"wp-block-heading\">1. OM OSS:<\/h2>\r\n<p>Nettstedet og applikasjonen drives av CRANBOURN (Holdings) Limited, et selskap registrert i England og Wales under selskapsnummer 11692479, med sitt registrerte kontor p\u00e5 1 The Green, Richmond, Surrey, TW9 1PL.<\/p>\r\n<p>VAT-nummeret v\u00e5rt er GB 311 7674 14. Du kan kontakte oss ved \u00e5 bruke f\u00f8lgende e-postadresse:\u00a0<a href=\"mailto:enquiries@cranbourn.com\">enquiries@cranbourn.com<\/a>.<\/p>\r\n<h2>2. BRUKE NETTSTEDET OG\/ELLER APPLIKASJONEN<\/h2>\r\n<p>Du kan kun bruke nettstedet til personlig bruk. Enhver kommersiell bruk av nettstedet er strengt forbudt. Du har tillatelse til \u00e5 skrive ut individuelle nettsider av og til, forutsatt at du ikke skriver ut hele eller en vesentlig del av nettstedet og at varemerkene og merknadene om immaterielle rettigheter inkludert p\u00e5 nettstedet ikke fjernes.<\/p>\r\n<p>Med mindre annet er angitt i disse vilk\u00e5rene og betingelsene, m\u00e5 du ikke (enten direkte eller indirekte) (i) kopiere, laste ned, lagre, gj\u00f8re tilgjengelig, distribuere, selge eller tilby \u00e5 selge hele eller deler av innholdet eller nettstedet eller applikasjonen, eller (ii) laste ned eller p\u00e5 annen m\u00e5te kopiere innhold, filer eller data fra nettstedet for \u00e5 lage eller fylle ut en database eller publikasjon av noe slag.<\/p>\r\n<h2>3. REGISTRERING<\/h2>\r\n<p>Du m\u00e5 ikke registrere mer enn \u00e9n konto.<\/p>\r\n<p>Du m\u00e5 v\u00e6re minst 18 \u00e5r gammel for \u00e5 registrere deg og sende inn kommentarer eller bilder via nettstedet.<\/p>\r\n<p>Du m\u00e5 oppgi en oppdatert e-post som du har regelmessig tilgang til, da vi kanskje m\u00e5 kontakte deg ang\u00e5ende dine innsendinger.<\/p>\r\n<p>Du m\u00e5 ikke: etterligne eller pr\u00f8ve \u00e5 etterligne en annen person; oppgi passordet ditt til noen andre; la noen andre bruke kontoen din, eller bruke andres konto. Du er ansvarlig for alle innsendinger som gj\u00f8res via kontoen din. Hvis du mistenker at noen andre kan ha tilgang til, eller bruker, passordet eller kontoen din, m\u00e5 du varsle oss s\u00e5 snart som mulig ved \u00e5 sende e-post\u00a0<a href=\"mailto:enquiries@cranbourn.com\">enquiries@cranbourn.com<\/a><\/p>\r\n<h2>4. LENGING TIL SIDEN<\/h2>\r\n<p>Du kan sende lenker til vennene dine p\u00e5 e-post til v\u00e5re sider eller spesifikke sider p\u00e5 den.<\/p>\r\n<h2>5. INNHOLDET DITT \u2013 HVA VI F\u00c5R GJ\u00d8RE<\/h2>\r\n<p>Vi forbeholder oss retten til \u00e5 publisere, redigere eller fjerne alt eller deler av innhold du sender inn, inkludert men ikke begrenset til detaljer i profilen din (f.eks. navn, by, land), fotografier eller kommentarer du kan ha sendt inn (&quot; Innholdet ditt&quot;).<\/p>\r\n<p>V\u00e6r oppmerksom p\u00e5 at ved \u00e5 sende inn innhold via nettstedet, samtykker du til at alle bilder du gir blir lastet opp til Google Bilder eller en annen s\u00f8kemotor valgt av oss.<\/p>\r\n<p>Ved \u00e5 sende inn innhold til nettstedet gir du oss en evigvarende, royaltyfri, verdensomspennende, ugjenkallelig, ikke-eksklusiv lisens til \u00e5 bruke, kopiere, redigere, tilpasse, publisere, oversette, gj\u00f8re tilgjengelig, kommunisere, distribuere og underlisensiere innholdet ditt (helt eller delvis) for ethvert form\u00e5l. Vi har ogs\u00e5 rett til \u00e5 avsl\u00f8re identiteten din til enhver tredjepart som hevder at materiale som er lagt ut eller lastet opp av deg gjennom nettstedet utgj\u00f8r et brudd p\u00e5 deres immaterielle rettigheter eller deres rett til privatliv. Ved \u00e5 sende inn innholdet ditt garanterer du at du har rett til \u00e5 gi denne lisensen, og du holder oss skadesl\u00f8s for ethvert brudd p\u00e5 denne garantien. Vi er ikke ansvarlige, eller ansvarlige overfor noen tredjepart, for innholdet eller n\u00f8yaktigheten til noe materiale som er lagt ut av deg eller andre brukere av nettstedet. I den grad loven tillater det, gir du avkall p\u00e5 dine moralske rettigheter (f.eks. retten til \u00e5 bli identifisert som forfatter eller til \u00e5 protestere mot nedsettende behandling) i innholdet ditt. Fortsett \u00e5 publisere hele eller deler av innholdet ditt, inkludert bilder, kommentarer, profil, navn, by og land, selv om du ombestemmer deg og vil at vi skal fjerne det og\/eller du ikke lenger er registrert p\u00e5 nettstedet.<\/p>\r\n<h2>6. INNHOLDET DITT \u2013 HVA DU IKKE F\u00c5R GJ\u00d8RE<\/h2>\r\n<p>Du m\u00e5 ikke sende inn noe materiale til nettstedet som er: \u00e6rekrenkende, falskt eller villedende; forn\u00e6rmende, truende eller forn\u00e6rmende; uanstendig eller av seksuell karakter; eller st\u00f8tende, rasistisk, sexistisk, aldersistisk eller som p\u00e5 annen m\u00e5te diskriminerer personer basert p\u00e5 deres sivilstatus, seksuelle legning eller religi\u00f8se tro. Du m\u00e5 ikke sende inn noe materiale til nettstedet som sannsynligvis vil: oppmuntre til vold; oppmuntre til eller undervise i atferd som er en straffbar handling, gir opphav til sivilt ansvar eller p\u00e5 annen m\u00e5te er ulovlig; krenke tredjeparts immaterielle rettigheter; annonsere for produkter eller tjenester; utgi seg for noen andre eller p\u00e5 annen m\u00e5te gir en feilaktig fremstilling av din identitet, tilknytning eller status; skade enhver aktiv rettssak som du er klar over; for\u00e5rsake noen alarm, angst eller n\u00f8d; v\u00e6re teknisk skadelig (inkludert, uten begrensning, datavirus, logiske bomber, trojanske hester, ormer, \u00f8delagte data eller annen ondsinnet eller skadelig programvare, data, komponenter eller atferd); eller bryte disse vilk\u00e5rene og betingelsene, eller v\u00e5re retningslinjer for personvern. Du kan ikke sende inn lenker til noen nettsteder. Du m\u00e5 ikke pr\u00f8ve \u00e5 omg\u00e5 noen beskyttelse vi har p\u00e5 plass for sikkerheten og driften av nettstedet. Du m\u00e5 ikke sende inn innhold som du er klar over er fjernet p\u00e5 nytt.<\/p>\r\n<h2>7. SUSPENSERING ELLER OPPSIGELSE AV KONTO<\/h2>\r\n<p>Vi kan suspendere og\/eller slette enhver brukerkonto etter eget skj\u00f8nn. Hoved\u00e5rsakene til at en konto kan bli suspendert eller slettet er:<\/p>\r\n<p>Brukeren unnlot \u00e5 overholde retningslinjene eller disse vilk\u00e5rene og betingelsene; og\/eller enhver kommentar sendt inn av brukerkontoen ble ansett som upassende.<\/p>\r\n<p>Vi vil varsle deg om eventuell suspensjon via e-post til adressen du oppga under registreringen eller neste gang du pr\u00f8ver \u00e5 f\u00e5 tilgang til kontoen din. Lengden p\u00e5 suspensjonen eller beslutningen om \u00e5 slette en konto vil avhenge av omstendighetene. Hvis kontoen din er suspendert eller slettet, m\u00e5 du ikke fors\u00f8ke \u00e5 registrere deg p\u00e5 nytt eller sende inn innhold via en annen konto uten v\u00e5rt skriftlige samtykke p\u00e5 forh\u00e5nd.<\/p>\r\n<h2>8. ERSTATNING<\/h2>\r\n<p>Du vil holde oss skadesl\u00f8s og holde oss skadesl\u00f8s mot alle tap, utgifter, kostnader og forpliktelser som oppst\u00e5r som f\u00f8lge av eller i forbindelse med ditt brudd p\u00e5 disse vilk\u00e5rene og betingelsene.<\/p>\r\n<h2>9. TRANSAKSJONER SLUTTET GJENNOM NETTSTEDET<\/h2>\r\n<p>Kontrakter for levering av varer dannet gjennom nettstedet v\u00e5rt er underlagt v\u00e5re vilk\u00e5r og betingelser for levering. Det uautoriserte videresalget av CRANBOURN<sup>\u00ae<\/sup>\u00a0produkter er forbudt.<\/p>\r\n<h2>10. ONLINE TVISTL\u00d8SNING<\/h2>\r\n<p>Forbrukere som har et problem med en forhandler ang\u00e5ende et produkt eller en tjeneste kj\u00f8pt p\u00e5 nettet, kan avgj\u00f8re tvisten gjennom EU-kommisjonens prosedyre for onlinetvistl\u00f8sning (\u201cODR\u201d). Skulle du ha et problem med noen av v\u00e5re produkter eller tjenester, kan du f\u00e5 tilgang til ODR-plattformen Hyperlink her.<\/p>\r\n<h2>11. LENKER FRA SIDEN<\/h2>\r\n<p>Der nettstedet eller applikasjonen inneholder lenker til andre nettsteder og ressurser levert av tredjeparter, er disse koblingene kun gitt for din informasjon. Vi har ingen kontroll over innholdet p\u00e5 disse nettstedene eller ressursene og p\u00e5tar oss intet ansvar for dem eller for tap eller skade som kan oppst\u00e5 fra din bruk av dem.<\/p>\r\n<p>Med mindre annet er oppgitt, er vi ikke kommersielt assosiert med tredjepartsprodukter som det refereres til p\u00e5 nettstedet v\u00e5rt eller i applikasjonen.<\/p>\r\n<h2>12. V\u00c5RT ANSVAR<\/h2>\r\n<p>Materialet som vises p\u00e5 nettstedet v\u00e5rt leveres uten garantier, betingelser eller garantier for n\u00f8yaktigheten. I den grad det er tillatt ved lov, ekskluderer vi, andre medlemmer av v\u00e5r gruppe av selskaper og tredjeparter knyttet til oss herved uttrykkelig: alle betingelser, garantier og andre vilk\u00e5r som ellers kan v\u00e6re underforst\u00e5tt av lov, felles lov eller lov om egenkapital; og ethvert ansvar for ethvert direkte, indirekte eller f\u00f8lgetap eller skade p\u00e5f\u00f8rt av en bruker i forbindelse med nettstedet eller i forbindelse med bruk, manglende evne til \u00e5 bruke eller resultater av bruken av nettstedet, eventuelle nettsteder som er koblet til det og alt materiale som er lagt ut p\u00e5 det, inkludert tap av inntekt eller inntekt, tap av virksomhet, tap av fortjeneste eller kontrakter, tap av forventede besparelser, tap av data, tap av goodwill eller bortkastet administrasjon eller kontortid enten det er for\u00e5rsaket av tort (inkludert uaktsomhet) kontraktsbrudd eller p\u00e5 annen m\u00e5te, selv om det er forutsigbart, forutsatt at denne betingelsen ikke skal forhindre krav om tap av eller skade p\u00e5 din materielle eiendom eller andre krav for direkte \u00f8konomisk tap som ikke er ekskludert av noen av kategoriene ovenfor. Dette p\u00e5virker ikke v\u00e5rt ansvar for d\u00f8dsfall eller personskade som oppst\u00e5r p\u00e5 grunn av v\u00e5r uaktsomhet, og heller ikke v\u00e5rt ansvar for uredelig uriktig fremstilling eller uriktig fremstilling av en grunnleggende sak, eller noe annet ansvar som ikke kan utelukkes eller begrenses under gjeldende lov.<\/p>\r\n<h2>1. 3 . TILGANG TIL SIDEN<\/h2>\r\n<p>Tilgang til nettstedet v\u00e5rt er midlertidig tillatt, og vi forbeholder oss retten til \u00e5 trekke tilbake eller endre tjenesten vi tilbyr p\u00e5 nettstedet uten varsel. Vi vil ikke v\u00e6re ansvarlige hvis siden v\u00e5r av en eller annen grunn er utilgjengelig til enhver tid eller i en hvilken som helst periode.<\/p>\r\n<p>Siden er delvis avhengig av programvare for \u00e5 fungere. Programvaren har feil. Selv om vi vil overv\u00e5ke nettstedet og pr\u00f8ve \u00e5 fikse feil, kan vi ikke garantere at nettstedet eller noen individuelle funksjoner p\u00e5 nettstedet vil v\u00e6re feilfritt, tilgjengelig hele tiden og\/eller fri for virus.<\/p>\r\n<h2>14. INGEN GARANTIER<\/h2>\r\n<p>Vi gir ingen garanti, verken uttrykkelig eller underforst\u00e5tt, av noe slag inkludert, men ikke begrenset til, underforst\u00e5tte garantier eller underforst\u00e5tte vilk\u00e5r for tilfredsstillende kvalitet, egnethet for et bestemt form\u00e5l eller ikke-krenkelse. Alle slike underforst\u00e5tte vilk\u00e5r og garantier er herved ekskludert.<\/p>\r\n<h2>15. ENDRINGER P\u00c5 NETTSTEDET ELLER APPLIKASJONEN<\/h2>\r\n<p>Vi forbeholder oss retten til \u00e5 endre innholdet p\u00e5 nettstedet n\u00e5r som helst. Hvis behovet oppst\u00e5r, kan vi suspendere tilgangen til nettstedet eller stenge det p\u00e5 ubestemt tid. Alt av materialet p\u00e5 nettstedet kan v\u00e6re utdatert til enhver tid, og vi er ikke forpliktet til \u00e5 oppdatere slikt materiale.<\/p>\r\n<h2>16. BEKYMRINGER<\/h2>\r\n<p>Hvis du har noen bekymringer ang\u00e5ende materialet som vises p\u00e5 nettstedet v\u00e5rt, eller hvis du ser noe som du med rimelighet mener bryter disse vilk\u00e5rene og betingelsene eller retningslinjene v\u00e5re, vennligst send oss en e-post p\u00e5:\u00a0<a href=\"mailto:enquiries@cranbourn.com\">enquiries@cranbourn.com<\/a><\/p>\r\n<h2>17. GYLDIGHET<\/h2>\r\n<p>Hvis noen del eller bestemmelse av disse vilk\u00e5rene og betingelsene blir funnet \u00e5 v\u00e6re ulovlige eller ikke kan h\u00e5ndheves, skal dette ikke p\u00e5virke gyldigheten av noen annen del eller bestemmelse.<\/p>\r\n<h2>18. HELE AVTALEN<\/h2>\r\n<p>Disse vilk\u00e5rene og betingelsene, retningslinjene og ethvert dokument som det er uttrykkelig referert til i dem, utgj\u00f8r hele avtalen mellom oss og erstatter alle tidligere diskusjoner, korrespondanse, forhandlinger, tidligere ordninger, forst\u00e5else eller avtaler mellom oss knyttet til emnet i disse vilk\u00e5rene og betingelsene. Hver av oss erkjenner at ingen av oss stoler p\u00e5, eller vil ha noen rettsmidler i forhold til, noen representasjon eller garanti (enten laget uskyldig eller uaktsomt) som ikke er angitt i disse vilk\u00e5rene og betingelsene, retningslinjene eller dokumentene det refereres til i dem . Hver av oss erkjenner og godtar at den eneste tilgjengelige l\u00f8sningen for brudd p\u00e5 disse vilk\u00e5rene og betingelsene skal v\u00e6re brudd p\u00e5 kontrakten under disse vilk\u00e5rene og betingelsene. Ingenting i disse vilk\u00e5rene og betingelsene virker imidlertid for \u00e5 begrense eller utelukke noe ansvar for svindel.<\/p>\r\n<h2>19. JURISDIKSJON OG GJELDENDE LOV<\/h2>\r\n<p>Disse vilk\u00e5rene og betingelsene er underlagt engelsk lov. De engelske domstolene skal ha eksklusiv jurisdiksjon over enhver tvist knyttet til disse vilk\u00e5rene og betingelsene.<\/p>","protected":false},"excerpt":{"rendered":"<p>Thank you for visiting the CRANBOURN\u00ae\u00a0website at www.cranbourn.com (the \u201cSite\u201d). This document (together with the documents referred to in it) tells you the terms and conditions on which you may use the Site. If you do not wish to be bound by these terms and conditions, then you should not use the site. Use of [&hellip;]<\/p>\n","protected":false},"author":13,"featured_media":911,"parent":0,"menu_order":0,"comment_status":"closed","ping_status":"closed","template":"template-term-condition.php","meta":{"_acf_changed":false,"content-type":"","footnotes":""},"class_list":["post-3","page","type-page","status-publish","has-post-thumbnail","hentry"],"acf":[],"yoast_head":"<!-- This site is optimized with the Yoast SEO plugin v27.4 - https:\/\/yoast.com\/product\/yoast-seo-wordpress\/ -->\n<title>Terms &amp; Conditions - MEDIA ROOM<\/title>\n<meta name=\"robots\" content=\"index, follow, max-snippet:-1, max-image-preview:large, max-video-preview:-1\" \/>\n<link rel=\"canonical\" href=\"https:\/\/press.cranbourn.com\/nb\/vilkar-betingelser\/\" \/>\n<meta property=\"og:locale\" content=\"nb_NO\" \/>\n<meta property=\"og:type\" content=\"article\" \/>\n<meta property=\"og:title\" content=\"Terms &amp; Conditions - MEDIA ROOM\" \/>\n<meta property=\"og:description\" content=\"Thank you for visiting the CRANBOURN\u00ae\u00a0website at www.cranbourn.com (the \u201cSite\u201d). This document (together with the documents referred to in it) tells you the terms and conditions on which you may use the Site. If you do not wish to be bound by these terms and conditions, then you should not use the site. Use of [&hellip;]\" \/>\n<meta property=\"og:url\" content=\"https:\/\/press.cranbourn.com\/nb\/vilkar-betingelser\/\" \/>\n<meta property=\"og:site_name\" content=\"MEDIA ROOM\" \/>\n<meta property=\"article:publisher\" content=\"https:\/\/www.facebook.com\/cranbourn\/\" \/>\n<meta property=\"article:modified_time\" content=\"2023-08-23T09:14:34+00:00\" \/>\n<meta property=\"og:image\" content=\"https:\/\/press.cranbourn.com\/wp-content\/uploads\/2023\/08\/cranbourn-terms-conditions.jpg\" \/>\n\t<meta property=\"og:image:width\" content=\"1800\" \/>\n\t<meta property=\"og:image:height\" content=\"1012\" \/>\n\t<meta property=\"og:image:type\" content=\"image\/jpeg\" \/>\n<meta name=\"twitter:card\" content=\"summary_large_image\" \/>\n<meta name=\"twitter:site\" content=\"@cranbourn_\" \/>\n<meta name=\"twitter:label1\" content=\"Ansl. lesetid\" \/>\n\t<meta name=\"twitter:data1\" content=\"9 minutter\" \/>\n<script type=\"application\/ld+json\" class=\"yoast-schema-graph\">{\"@context\":\"https:\\\/\\\/schema.org\",\"@graph\":[{\"@type\":\"WebPage\",\"@id\":\"https:\\\/\\\/press.cranbourn.com\\\/terms-conditions\\\/\",\"url\":\"https:\\\/\\\/press.cranbourn.com\\\/terms-conditions\\\/\",\"name\":\"Terms & Conditions - MEDIA ROOM\",\"isPartOf\":{\"@id\":\"https:\\\/\\\/press.cranbourn.com\\\/pl\\\/#website\"},\"primaryImageOfPage\":{\"@id\":\"https:\\\/\\\/press.cranbourn.com\\\/terms-conditions\\\/#primaryimage\"},\"image\":{\"@id\":\"https:\\\/\\\/press.cranbourn.com\\\/terms-conditions\\\/#primaryimage\"},\"thumbnailUrl\":\"https:\\\/\\\/press.cranbourn.com\\\/wp-content\\\/uploads\\\/avifenc\\\/2023\\\/08\\\/cranbourn-terms-conditions.avif\",\"datePublished\":\"2023-07-13T11:37:38+00:00\",\"dateModified\":\"2023-08-23T09:14:34+00:00\",\"breadcrumb\":{\"@id\":\"https:\\\/\\\/press.cranbourn.com\\\/terms-conditions\\\/#breadcrumb\"},\"inLanguage\":\"nb-NO\",\"potentialAction\":[{\"@type\":\"ReadAction\",\"target\":[\"https:\\\/\\\/press.cranbourn.com\\\/terms-conditions\\\/\"]}]},{\"@type\":\"ImageObject\",\"inLanguage\":\"nb-NO\",\"@id\":\"https:\\\/\\\/press.cranbourn.com\\\/terms-conditions\\\/#primaryimage\",\"url\":\"https:\\\/\\\/press.cranbourn.com\\\/wp-content\\\/uploads\\\/avifenc\\\/2023\\\/08\\\/cranbourn-terms-conditions.avif\",\"contentUrl\":\"https:\\\/\\\/press.cranbourn.com\\\/wp-content\\\/uploads\\\/avifenc\\\/2023\\\/08\\\/cranbourn-terms-conditions.avif\",\"width\":1800,\"height\":1012},{\"@type\":\"BreadcrumbList\",\"@id\":\"https:\\\/\\\/press.cranbourn.com\\\/terms-conditions\\\/#breadcrumb\",\"itemListElement\":[{\"@type\":\"ListItem\",\"position\":1,\"name\":\"CRANBOURN\u00ae\",\"item\":\"https:\\\/\\\/press.cranbourn.com\\\/nb\"},{\"@type\":\"ListItem\",\"position\":2,\"name\":\"Terms &#038; Conditions\"}]},{\"@type\":\"WebSite\",\"@id\":\"https:\\\/\\\/press.cranbourn.com\\\/pl\\\/#website\",\"url\":\"https:\\\/\\\/press.cranbourn.com\\\/pl\\\/\",\"name\":\"MEDIA ROOM\",\"description\":\"CRANBOURN\u00ae | Press &amp; Media Room. Contact a Member of the Team for the latest News, Press Releases and Media Downloads.\",\"publisher\":{\"@id\":\"https:\\\/\\\/press.cranbourn.com\\\/pl\\\/#organization\"},\"potentialAction\":[{\"@type\":\"SearchAction\",\"target\":{\"@type\":\"EntryPoint\",\"urlTemplate\":\"https:\\\/\\\/press.cranbourn.com\\\/pl\\\/?s={search_term_string}\"},\"query-input\":{\"@type\":\"PropertyValueSpecification\",\"valueRequired\":true,\"valueName\":\"search_term_string\"}}],\"inLanguage\":\"nb-NO\"},{\"@type\":\"Organization\",\"@id\":\"https:\\\/\\\/press.cranbourn.com\\\/pl\\\/#organization\",\"name\":\"MEDIA ROOM\",\"url\":\"https:\\\/\\\/press.cranbourn.com\\\/pl\\\/\",\"logo\":{\"@type\":\"ImageObject\",\"inLanguage\":\"nb-NO\",\"@id\":\"https:\\\/\\\/press.cranbourn.com\\\/pl\\\/#\\\/schema\\\/logo\\\/image\\\/\",\"url\":\"https:\\\/\\\/press.cranbourn.com\\\/wp-content\\\/uploads\\\/2023\\\/07\\\/logo.svg\",\"contentUrl\":\"https:\\\/\\\/press.cranbourn.com\\\/wp-content\\\/uploads\\\/2023\\\/07\\\/logo.svg\",\"width\":1,\"height\":1,\"caption\":\"MEDIA ROOM\"},\"image\":{\"@id\":\"https:\\\/\\\/press.cranbourn.com\\\/pl\\\/#\\\/schema\\\/logo\\\/image\\\/\"},\"sameAs\":[\"https:\\\/\\\/www.facebook.com\\\/cranbourn\\\/\",\"https:\\\/\\\/x.com\\\/cranbourn_\"]}]}<\/script>\n<!-- \/ Yoast SEO plugin. -->","yoast_head_json":{"title":"Vilk\u00e5r og betingelser - MEDIEROM","robots":{"index":"index","follow":"follow","max-snippet":"max-snippet:-1","max-image-preview":"max-image-preview:large","max-video-preview":"max-video-preview:-1"},"canonical":"https:\/\/press.cranbourn.com\/nb\/vilkar-betingelser\/","og_locale":"nb_NO","og_type":"article","og_title":"Terms & Conditions - MEDIA ROOM","og_description":"Thank you for visiting the CRANBOURN\u00ae\u00a0website at www.cranbourn.com (the \u201cSite\u201d). This document (together with the documents referred to in it) tells you the terms and conditions on which you may use the Site. If you do not wish to be bound by these terms and conditions, then you should not use the site. Use of [&hellip;]","og_url":"https:\/\/press.cranbourn.com\/nb\/vilkar-betingelser\/","og_site_name":"MEDIA ROOM","article_publisher":"https:\/\/www.facebook.com\/cranbourn\/","article_modified_time":"2023-08-23T09:14:34+00:00","og_image":[{"width":1800,"height":1012,"url":"https:\/\/press.cranbourn.com\/wp-content\/uploads\/2023\/08\/cranbourn-terms-conditions.jpg","type":"image\/jpeg"}],"twitter_card":"summary_large_image","twitter_site":"@cranbourn_","twitter_misc":{"Ansl. lesetid":"9 minutter"},"schema":{"@context":"https:\/\/schema.org","@graph":[{"@type":"WebPage","@id":"https:\/\/press.cranbourn.com\/terms-conditions\/","url":"https:\/\/press.cranbourn.com\/terms-conditions\/","name":"Vilk\u00e5r og betingelser - MEDIEROM","isPartOf":{"@id":"https:\/\/press.cranbourn.com\/pl\/#website"},"primaryImageOfPage":{"@id":"https:\/\/press.cranbourn.com\/terms-conditions\/#primaryimage"},"image":{"@id":"https:\/\/press.cranbourn.com\/terms-conditions\/#primaryimage"},"thumbnailUrl":"https:\/\/press.cranbourn.com\/wp-content\/uploads\/avifenc\/2023\/08\/cranbourn-terms-conditions.avif","datePublished":"2023-07-13T11:37:38+00:00","dateModified":"2023-08-23T09:14:34+00:00","breadcrumb":{"@id":"https:\/\/press.cranbourn.com\/terms-conditions\/#breadcrumb"},"inLanguage":"nb-NO","potentialAction":[{"@type":"ReadAction","target":["https:\/\/press.cranbourn.com\/terms-conditions\/"]}]},{"@type":"ImageObject","inLanguage":"nb-NO","@id":"https:\/\/press.cranbourn.com\/terms-conditions\/#primaryimage","url":"https:\/\/press.cranbourn.com\/wp-content\/uploads\/avifenc\/2023\/08\/cranbourn-terms-conditions.avif","contentUrl":"https:\/\/press.cranbourn.com\/wp-content\/uploads\/avifenc\/2023\/08\/cranbourn-terms-conditions.avif","width":1800,"height":1012},{"@type":"BreadcrumbList","@id":"https:\/\/press.cranbourn.com\/terms-conditions\/#breadcrumb","itemListElement":[{"@type":"ListItem","position":1,"name":"CRANBOURN\u00ae","item":"https:\/\/press.cranbourn.com\/nb"},{"@type":"ListItem","position":2,"name":"Terms &#038; Conditions"}]},{"@type":"WebSite","@id":"https:\/\/press.cranbourn.com\/pl\/#website","url":"https:\/\/press.cranbourn.com\/pl\/","name":"MEDIEROM","description":"CRANBOURN\u00ae | Presse- og mediarom. Kontakt et medlem av teamet for siste nytt, pressemeldinger og medienedlastinger.","publisher":{"@id":"https:\/\/press.cranbourn.com\/pl\/#organization"},"potentialAction":[{"@type":"SearchAction","target":{"@type":"EntryPoint","urlTemplate":"https:\/\/press.cranbourn.com\/pl\/?s={search_term_string}"},"query-input":{"@type":"PropertyValueSpecification","valueRequired":true,"valueName":"search_term_string"}}],"inLanguage":"nb-NO"},{"@type":"Organization","@id":"https:\/\/press.cranbourn.com\/pl\/#organization","name":"MEDIEROM","url":"https:\/\/press.cranbourn.com\/pl\/","logo":{"@type":"ImageObject","inLanguage":"nb-NO","@id":"https:\/\/press.cranbourn.com\/pl\/#\/schema\/logo\/image\/","url":"https:\/\/press.cranbourn.com\/wp-content\/uploads\/2023\/07\/logo.svg","contentUrl":"https:\/\/press.cranbourn.com\/wp-content\/uploads\/2023\/07\/logo.svg","width":1,"height":1,"caption":"MEDIA ROOM"},"image":{"@id":"https:\/\/press.cranbourn.com\/pl\/#\/schema\/logo\/image\/"},"sameAs":["https:\/\/www.facebook.com\/cranbourn\/","https:\/\/x.com\/cranbourn_"]}]}},"jetpack_sharing_enabled":true,"_links":{"self":[{"href":"https:\/\/press.cranbourn.com\/nb\/wp-json\/wp\/v2\/pages\/3","targetHints":{"allow":["GET"]}}],"collection":[{"href":"https:\/\/press.cranbourn.com\/nb\/wp-json\/wp\/v2\/pages"}],"about":[{"href":"https:\/\/press.cranbourn.com\/nb\/wp-json\/wp\/v2\/types\/page"}],"author":[{"embeddable":true,"href":"https:\/\/press.cranbourn.com\/nb\/wp-json\/wp\/v2\/users\/13"}],"replies":[{"embeddable":true,"href":"https:\/\/press.cranbourn.com\/nb\/wp-json\/wp\/v2\/comments?post=3"}],"version-history":[{"count":0,"href":"https:\/\/press.cranbourn.com\/nb\/wp-json\/wp\/v2\/pages\/3\/revisions"}],"wp:featuredmedia":[{"embeddable":true,"href":"https:\/\/press.cranbourn.com\/nb\/wp-json\/wp\/v2\/media\/911"}],"wp:attachment":[{"href":"https:\/\/press.cranbourn.com\/nb\/wp-json\/wp\/v2\/media?parent=3"}],"curies":[{"name":"wp","href":"https:\/\/api.w.org\/{rel}","templated":true}]}}