{"id":3,"date":"2023-07-13T12:37:38","date_gmt":"2023-07-13T11:37:38","guid":{"rendered":"https:\/\/presscranbourn.wpengine.com\/?page_id=3"},"modified":"2023-08-23T10:14:34","modified_gmt":"2023-08-23T09:14:34","slug":"termini-e-condizioni","status":"publish","type":"page","link":"https:\/\/press.cranbourn.com\/it\/terms-conditions\/","title":{"rendered":"Termini &amp; Condizioni"},"content":{"rendered":"<p>Grazie per aver visitato CRANBOURN<sup>\u00ae<\/sup>\u00a0sito web all&#039;indirizzo www.cranbourn.com (il &quot;Sito&quot;). Questo documento (unitamente ai documenti a cui si fa riferimento) indica i termini e le condizioni in base ai quali \u00e8 possibile utilizzare il Sito.<\/p>\r\n<p>Se non desideri essere vincolato da questi termini e condizioni, non dovresti utilizzare il sito. L&#039;utilizzo del sito da parte vostra sar\u00e0 considerato come accettazione di questi termini e condizioni.<\/p>\r\n<p>Potremmo modificare questi Termini e Condizioni di tanto in tanto, quindi ti preghiamo di rivederli ogni volta che visiti il Sito. \u00c8 necessario salvare una copia di questi Termini e condizioni per riferimenti futuri.<\/p>\r\n<h2 class=\"wp-block-heading\">1. CHI SIAMO:<\/h2>\r\n<p>Il Sito e l&#039;Applicazione sono gestiti da CRANBOURN (Holdings) Limited, una societ\u00e0 registrata in Inghilterra e Galles con il numero di registrazione 11692479, con sede legale in 1 The Green, Richmond, Surrey, TW9 1PL.<\/p>\r\n<p>La nostra Partita IVA \u00e8 GB 311 7674 14. Puoi contattarci utilizzando il seguente indirizzo email:\u00a0<a href=\"mailto:enquiries@cranbourn.com\">enquiries@cranbourn.com<\/a>.<\/p>\r\n<h2>2. UTILIZZO DEL SITO E\/O DELL&#039;APPLICAZIONE<\/h2>\r\n<p>\u00c8 possibile utilizzare il Sito solo per uso personale. Qualsiasi uso commerciale da parte tua del Sito \u00e8 severamente vietato. \u00c8 consentito stampare singole pagine Web su base occasionale a condizione che non si stampi l&#039;intero o una parte sostanziale del Sito e che i marchi e gli avvisi di propriet\u00e0 intellettuale inclusi nel Sito non vengano rimossi.<\/p>\r\n<p>Salvo diversa indicazione nei presenti Termini e condizioni, non \u00e8 consentito (direttamente o indirettamente) (i) copiare, scaricare, archiviare, rendere disponibile, distribuire, vendere o offrire di vendere tutto o parte del contenuto o del Sito o dell&#039;Applicazione, o (ii) scaricare o copiare in altro modo qualsiasi contenuto, file o dato dal Sito per creare o popolare un database o una pubblicazione di qualsiasi tipo.<\/p>\r\n<h2>3. REGISTRAZIONE<\/h2>\r\n<p>Non devi registrare pi\u00f9 di un account.<\/p>\r\n<p>Devi avere almeno 18 anni per registrarti e inviare commenti o fotografie attraverso il Sito.<\/p>\r\n<p>Devi fornire un&#039;e-mail aggiornata a cui hai accesso regolare in quanto potremmo aver bisogno di contattarti in merito ai tuoi invii.<\/p>\r\n<p>Non devi: impersonare o tentare di impersonare un&#039;altra persona; rivelare la tua password a chiunque altro; consentire a chiunque altro di utilizzare il tuo account o utilizzare l&#039;account di qualcun altro. Sei responsabile di tutti gli invii effettuati tramite il tuo account. Se sospetti che qualcun altro possa avere accesso o stia utilizzando la tua password o il tuo account, devi avvisarci il prima possibile inviando un&#039;e-mail\u00a0<a href=\"mailto:enquiries@cranbourn.com\">enquiries@cranbourn.com<\/a><\/p>\r\n<h2>4. COLLEGAMENTO AL SITO<\/h2>\r\n<p>\u00c8 possibile inviare tramite e-mail ai propri amici collegamenti ai nostri Siti o pagine specifiche all&#039;interno di essi.<\/p>\r\n<h2>5. I TUOI CONTENUTI \u2013 COSA SIAMO AUTORIZZATI A FARE<\/h2>\r\n<p>Ci riserviamo il diritto di pubblicare, modificare o rimuovere tutto o parte di qualsiasi contenuto inviato, inclusi, a titolo esemplificativo ma non esaustivo, i dettagli contenuti nel tuo profilo (ad esempio il tuo nome, citt\u00e0, paese), qualsiasi fotografia o qualsiasi commento che potresti aver inviato (&quot; I tuoi contenuti\u201d).<\/p>\r\n<p>Tieni presente che inviando contenuti tramite il Sito acconsenti al caricamento di qualsiasi immagine da te fornita su Google Immagini o su qualsiasi altro motore di ricerca selezionato da noi.<\/p>\r\n<p>Inviando Contenuti al Sito, ci concedi una licenza perpetua, esente da royalty, mondiale, irrevocabile e non esclusiva per utilizzare, copiare, modificare, adattare, pubblicare, tradurre, rendere disponibile, comunicare, distribuire e concedere in licenza i tuoi Contenuti (in tutto o in parte) per qualsiasi scopo. Abbiamo anche il diritto di rivelare la tua identit\u00e0 a terzi che sostengono che qualsiasi materiale pubblicato o caricato da te attraverso il Sito costituisce una violazione dei loro diritti di propriet\u00e0 intellettuale o del loro diritto alla privacy. Inviando i tuoi contenuti garantisci di avere il diritto di concedere questa licenza e ci indennizzi per qualsiasi violazione di tale garanzia. Non siamo responsabili, n\u00e9 perseguibili nei confronti di terzi, per il contenuto o l&#039;accuratezza di qualsiasi materiale pubblicato dall&#039;utente o da qualsiasi altro utente del sito. Nella misura consentita dalla legge, rinunci ai tuoi diritti morali (ad es. il diritto di essere identificato come autore o di opporsi al trattamento dispregiativo) sui tuoi contenuti. Continuare a pubblicare tutto o parte dei Tuoi Contenuti, comprese le tue foto, i commenti, il profilo, il nome, la citt\u00e0 e il paese, anche se cambi idea e vuoi che li rimuoviamo e\/o non sei pi\u00f9 registrato al Sito.<\/p>\r\n<h2>6. I TUOI CONTENUTI \u2013 COSA NON TI \u00c8 AUTORIZZATO FARE<\/h2>\r\n<p>Non devi inviare al Sito alcun materiale che sia: diffamatorio, falso o fuorviante; offensivo, minaccioso o offensivo; osceno o di natura sessuale; o offensivo, razzista, sessista, antiet\u00e0 o che discrimina in altro modo le persone in base al loro stato civile, orientamento sessuale o credenze religiose. Non devi inviare al Sito alcun materiale che possa: incoraggiare la violenza; incoraggiare o insegnare comportamenti che costituiscono un reato, danno luogo a responsabilit\u00e0 civile o sono altrimenti illegali; violare i diritti di propriet\u00e0 intellettuale di terzi; pubblicizzare qualsiasi prodotto o servizio; impersonare qualcun altro o travisare in altro modo la tua identit\u00e0, affiliazione o status; pregiudicare eventuali procedimenti legali attivi di cui sei a conoscenza; causare allarme, ansia o angoscia a qualcuno; essere tecnicamente dannosi (inclusi, a titolo esemplificativo, virus informatici, bombe logiche, cavalli di Troia, worm, dati danneggiati o altri software, dati, componenti o comportamenti dannosi o dannosi); o violare questi Termini e condizioni o la nostra Informativa sulla privacy. Non puoi inviare collegamenti a nessun sito web. Non devi cercare di eludere le protezioni che mettiamo in atto per la sicurezza e il funzionamento del Sito. Non devi inviare nuovamente contenuti che sai essere stati rimossi.<\/p>\r\n<h2>7. SOSPENSIONE O CHIUSURA DELL&#039;ACCOUNT<\/h2>\r\n<p>Possiamo sospendere e\/o eliminare qualsiasi account utente a nostra esclusiva discrezione. I motivi principali per cui un account pu\u00f2 essere sospeso o cancellato sono:<\/p>\r\n<p>L&#039;utente non ha rispettato le Linee Guida o questi Termini e Condizioni; e\/o qualsiasi commento inviato dall&#039;account utente \u00e8 stato ritenuto inappropriato.<\/p>\r\n<p>Ti informeremo di qualsiasi sospensione via e-mail all&#039;indirizzo che hai fornito durante la registrazione o la prossima volta che tenti di accedere al tuo account. La durata della sospensione o la decisione di eliminare un account dipender\u00e0 dalle circostanze. Se il tuo account viene sospeso o eliminato, non devi tentare di registrarti nuovamente o inviare contenuti tramite un altro account senza il nostro previo consenso scritto.<\/p>\r\n<h2>8. INDENNIT\u00c0<\/h2>\r\n<p>Ci risarcirai e ci manterrai indenni da tutte le perdite, spese, costi e responsabilit\u00e0 derivanti da o in connessione con la tua violazione di questi Termini e condizioni.<\/p>\r\n<h2>9. OPERAZIONI CONCLUSE TRAMITE IL SITO<\/h2>\r\n<p>I contratti per la fornitura di beni stipulati tramite il nostro Sito sono regolati dai nostri Termini e condizioni di fornitura. La rivendita non autorizzata di CRANBOURN<sup>\u00ae<\/sup>\u00a0prodotti \u00e8 vietato.<\/p>\r\n<h2>10. RISOLUZIONE DELLE CONTROVERSIE ONLINE<\/h2>\r\n<p>I consumatori che hanno un problema con un commerciante in merito a un prodotto o servizio acquistato online possono risolvere la controversia tramite la procedura di risoluzione delle controversie online (&quot;ODR&quot;) della Commissione europea. In caso di problemi con uno qualsiasi dei nostri prodotti o servizi, \u00e8 possibile accedere al collegamento ipertestuale della piattaforma ODR qui.<\/p>\r\n<h2>11. COLLEGAMENTI DAL SITO<\/h2>\r\n<p>Laddove il Sito o l&#039;Applicazione contenga collegamenti ad altri siti Web e risorse fornite da terze parti, tali collegamenti sono forniti solo a scopo informativo. Non abbiamo alcun controllo sul contenuto di tali siti o risorse e non ci assumiamo alcuna responsabilit\u00e0 per essi o per eventuali perdite o danni che potrebbero derivare dal loro utilizzo.<\/p>\r\n<p>Salvo diversa indicazione, non siamo associati commercialmente a prodotti di terze parti a cui si fa riferimento sul nostro Sito o nell&#039;Applicazione.<\/p>\r\n<h2>12. LA NOSTRA RESPONSABILIT\u00c0<\/h2>\r\n<p>Il materiale visualizzato sul nostro Sito \u00e8 fornito senza garanzie, condizioni o garanzie circa la sua accuratezza. Nella misura consentita dalla legge, noi, altri membri del nostro gruppo di societ\u00e0 e terze parti a noi collegate escludiamo espressamente: tutte le condizioni, garanzie e altri termini che potrebbero altrimenti essere impliciti per statuto, diritto comune o diritto di equit\u00e0; e qualsiasi responsabilit\u00e0 per eventuali perdite o danni diretti, indiretti o consequenziali subiti da qualsiasi utente in relazione al Sito o in relazione all&#039;uso, all&#039;incapacit\u00e0 di utilizzo o ai risultati dell&#039;uso del Sito, di qualsiasi sito Web ad esso collegato e di qualsiasi materiale pubblicato su di esso, inclusa la perdita di reddito o reddito, perdita di affari, perdita di profitti o contratti, perdita di risparmi previsti, perdita di dati, perdita di avviamento o spreco di tempo di gestione o d&#039;ufficio se causato da illecito (inclusa la negligenza) violazione del contratto o altrimenti, anche se prevedibile, a condizione che questa condizione non impedisca reclami per perdita o danneggiamento di beni materiali dell&#039;utente o qualsiasi altro reclamo per perdita finanziaria diretta che non sia escluso da nessuna delle categorie di cui sopra. Ci\u00f2 non pregiudica la nostra responsabilit\u00e0 per morte o lesioni personali derivanti dalla nostra negligenza, n\u00e9 la nostra responsabilit\u00e0 per dichiarazioni fraudolente o false dichiarazioni in merito a questioni fondamentali, n\u00e9 qualsiasi altra responsabilit\u00e0 che non pu\u00f2 essere esclusa o limitata ai sensi della legge applicabile.<\/p>\r\n<h2>13 . ACCEDENDO AL SITO<\/h2>\r\n<p>L&#039;accesso al nostro sito \u00e8 consentito temporaneamente e ci riserviamo il diritto di ritirare o modificare il servizio che forniamo sul nostro sito senza preavviso. Non saremo responsabili se per qualsiasi motivo il nostro sito non \u00e8 disponibile in qualsiasi momento o per qualsiasi periodo.<\/p>\r\n<p>Il Sito si basa in parte sul software per funzionare. Il software ha dei bug. Sebbene monitoreremo il Sito e cercheremo di correggere i bug, non possiamo garantire che il Sito o qualsiasi singola caratteristica del Sito sia privo di errori, sempre disponibile e\/o privo di virus.<\/p>\r\n<h2>14. NESSUNA GARANZIA<\/h2>\r\n<p>Non forniamo alcuna garanzia, esplicita o implicita, di alcun tipo, incluse, a titolo esemplificativo ma non esaustivo, garanzie implicite o termini impliciti di qualit\u00e0 soddisfacente, idoneit\u00e0 per uno scopo particolare o non violazione. Tutti questi termini e garanzie implicite sono qui esclusi.<\/p>\r\n<h2>15. MODIFICHE DEL SITO O DELL&#039;APPLICAZIONE<\/h2>\r\n<p>Ci riserviamo il diritto di modificare il contenuto del Sito in qualsiasi momento. In caso di necessit\u00e0, potremmo sospendere l&#039;accesso al Sito o chiuderlo a tempo indeterminato. Qualsiasi materiale presente sul Sito potrebbe non essere aggiornato in qualsiasi momento e non abbiamo alcun obbligo di aggiornare tale materiale.<\/p>\r\n<h2>16. PREOCCUPAZIONI<\/h2>\r\n<p>In caso di dubbi sul materiale che appare sul nostro sito o se vedi qualcosa che ritieni ragionevolmente violi questi Termini e condizioni o le nostre linee guida, ti preghiamo di inviarci un&#039;e-mail a:\u00a0<a href=\"mailto:enquiries@cranbourn.com\">enquiries@cranbourn.com<\/a><\/p>\r\n<h2>17. VALIDIT\u00c0<\/h2>\r\n<p>Se una qualsiasi parte o disposizione di questi Termini e Condizioni dovesse risultare illegale o inapplicabile, ci\u00f2 non pregiudicher\u00e0 la validit\u00e0 di qualsiasi altra parte o disposizione.<\/p>\r\n<h2>18. INTERO ACCORDO<\/h2>\r\n<p>I presenti Termini e condizioni, le Linee guida e qualsiasi documento a cui si fa espressamente riferimento costituiscono l&#039;intero accordo tra di noi e sostituiscono tutte le precedenti discussioni, corrispondenza, negoziazioni, precedenti accordi, intese o accordi tra di noi relativi all&#039;oggetto di questi Termini e condizioni. Ciascuno di noi riconosce che nessuno di noi fa affidamento su, o avr\u00e0 alcun rimedio in relazione a, qualsiasi dichiarazione o garanzia (sia resa innocentemente che per negligenza) che non sia stabilita nei presenti Termini e condizioni, nelle Linee guida o nei documenti a cui si fa riferimento . Ciascuno di noi riconosce e accetta che l&#039;unico rimedio a sua disposizione per la violazione di questi Termini e Condizioni sar\u00e0 la violazione del contratto ai sensi di questi Termini e Condizioni. Nulla in questi Termini e Condizioni, tuttavia, opera per limitare o escludere qualsiasi responsabilit\u00e0 per frode.<\/p>\r\n<h2>19. FORO COMPETENTE E LEGGE APPLICABILE<\/h2>\r\n<p>I presenti Termini e condizioni sono regolati dalla legge inglese. I tribunali inglesi avranno giurisdizione esclusiva su qualsiasi controversia relativa a questi Termini e Condizioni.<\/p>","protected":false},"excerpt":{"rendered":"<p>Thank you for visiting the CRANBOURN\u00ae\u00a0website at www.cranbourn.com (the \u201cSite\u201d). This document (together with the documents referred to in it) tells you the terms and conditions on which you may use the Site. If you do not wish to be bound by these terms and conditions, then you should not use the site. Use of [&hellip;]<\/p>\n","protected":false},"author":13,"featured_media":911,"parent":0,"menu_order":0,"comment_status":"closed","ping_status":"closed","template":"template-term-condition.php","meta":{"_acf_changed":false,"content-type":"","footnotes":""},"class_list":["post-3","page","type-page","status-publish","has-post-thumbnail","hentry"],"acf":[],"yoast_head":"<!-- This site is optimized with the Yoast SEO plugin v27.4 - https:\/\/yoast.com\/product\/yoast-seo-wordpress\/ -->\n<title>Terms &amp; Conditions - MEDIA ROOM<\/title>\n<meta name=\"robots\" content=\"index, follow, max-snippet:-1, max-image-preview:large, max-video-preview:-1\" \/>\n<link rel=\"canonical\" href=\"https:\/\/press.cranbourn.com\/it\/termini-e-condizioni\/\" \/>\n<meta property=\"og:locale\" content=\"it_IT\" \/>\n<meta property=\"og:type\" content=\"article\" \/>\n<meta property=\"og:title\" content=\"Terms &amp; Conditions - MEDIA ROOM\" \/>\n<meta property=\"og:description\" content=\"Thank you for visiting the CRANBOURN\u00ae\u00a0website at www.cranbourn.com (the \u201cSite\u201d). This document (together with the documents referred to in it) tells you the terms and conditions on which you may use the Site. If you do not wish to be bound by these terms and conditions, then you should not use the site. Use of [&hellip;]\" \/>\n<meta property=\"og:url\" content=\"https:\/\/press.cranbourn.com\/it\/termini-e-condizioni\/\" \/>\n<meta property=\"og:site_name\" content=\"MEDIA ROOM\" \/>\n<meta property=\"article:publisher\" content=\"https:\/\/www.facebook.com\/cranbourn\/\" \/>\n<meta property=\"article:modified_time\" content=\"2023-08-23T09:14:34+00:00\" \/>\n<meta property=\"og:image\" content=\"https:\/\/press.cranbourn.com\/wp-content\/uploads\/2023\/08\/cranbourn-terms-conditions.jpg\" \/>\n\t<meta property=\"og:image:width\" content=\"1800\" \/>\n\t<meta property=\"og:image:height\" content=\"1012\" \/>\n\t<meta property=\"og:image:type\" content=\"image\/jpeg\" \/>\n<meta name=\"twitter:card\" content=\"summary_large_image\" \/>\n<meta name=\"twitter:site\" content=\"@cranbourn_\" \/>\n<meta name=\"twitter:label1\" content=\"Tempo di lettura stimato\" \/>\n\t<meta name=\"twitter:data1\" content=\"9 minuti\" \/>\n<script type=\"application\/ld+json\" class=\"yoast-schema-graph\">{\"@context\":\"https:\\\/\\\/schema.org\",\"@graph\":[{\"@type\":\"WebPage\",\"@id\":\"https:\\\/\\\/press.cranbourn.com\\\/terms-conditions\\\/\",\"url\":\"https:\\\/\\\/press.cranbourn.com\\\/terms-conditions\\\/\",\"name\":\"Terms & Conditions - MEDIA ROOM\",\"isPartOf\":{\"@id\":\"https:\\\/\\\/press.cranbourn.com\\\/pl\\\/#website\"},\"primaryImageOfPage\":{\"@id\":\"https:\\\/\\\/press.cranbourn.com\\\/terms-conditions\\\/#primaryimage\"},\"image\":{\"@id\":\"https:\\\/\\\/press.cranbourn.com\\\/terms-conditions\\\/#primaryimage\"},\"thumbnailUrl\":\"https:\\\/\\\/press.cranbourn.com\\\/wp-content\\\/uploads\\\/avifenc\\\/2023\\\/08\\\/cranbourn-terms-conditions.avif\",\"datePublished\":\"2023-07-13T11:37:38+00:00\",\"dateModified\":\"2023-08-23T09:14:34+00:00\",\"breadcrumb\":{\"@id\":\"https:\\\/\\\/press.cranbourn.com\\\/terms-conditions\\\/#breadcrumb\"},\"inLanguage\":\"it-IT\",\"potentialAction\":[{\"@type\":\"ReadAction\",\"target\":[\"https:\\\/\\\/press.cranbourn.com\\\/terms-conditions\\\/\"]}]},{\"@type\":\"ImageObject\",\"inLanguage\":\"it-IT\",\"@id\":\"https:\\\/\\\/press.cranbourn.com\\\/terms-conditions\\\/#primaryimage\",\"url\":\"https:\\\/\\\/press.cranbourn.com\\\/wp-content\\\/uploads\\\/avifenc\\\/2023\\\/08\\\/cranbourn-terms-conditions.avif\",\"contentUrl\":\"https:\\\/\\\/press.cranbourn.com\\\/wp-content\\\/uploads\\\/avifenc\\\/2023\\\/08\\\/cranbourn-terms-conditions.avif\",\"width\":1800,\"height\":1012},{\"@type\":\"BreadcrumbList\",\"@id\":\"https:\\\/\\\/press.cranbourn.com\\\/terms-conditions\\\/#breadcrumb\",\"itemListElement\":[{\"@type\":\"ListItem\",\"position\":1,\"name\":\"CRANBOURN\u00ae\",\"item\":\"https:\\\/\\\/press.cranbourn.com\\\/it\"},{\"@type\":\"ListItem\",\"position\":2,\"name\":\"Terms &#038; Conditions\"}]},{\"@type\":\"WebSite\",\"@id\":\"https:\\\/\\\/press.cranbourn.com\\\/pl\\\/#website\",\"url\":\"https:\\\/\\\/press.cranbourn.com\\\/pl\\\/\",\"name\":\"MEDIA ROOM\",\"description\":\"CRANBOURN\u00ae | Press &amp; Media Room. Contact a Member of the Team for the latest News, Press Releases and Media Downloads.\",\"publisher\":{\"@id\":\"https:\\\/\\\/press.cranbourn.com\\\/pl\\\/#organization\"},\"potentialAction\":[{\"@type\":\"SearchAction\",\"target\":{\"@type\":\"EntryPoint\",\"urlTemplate\":\"https:\\\/\\\/press.cranbourn.com\\\/pl\\\/?s={search_term_string}\"},\"query-input\":{\"@type\":\"PropertyValueSpecification\",\"valueRequired\":true,\"valueName\":\"search_term_string\"}}],\"inLanguage\":\"it-IT\"},{\"@type\":\"Organization\",\"@id\":\"https:\\\/\\\/press.cranbourn.com\\\/pl\\\/#organization\",\"name\":\"MEDIA ROOM\",\"url\":\"https:\\\/\\\/press.cranbourn.com\\\/pl\\\/\",\"logo\":{\"@type\":\"ImageObject\",\"inLanguage\":\"it-IT\",\"@id\":\"https:\\\/\\\/press.cranbourn.com\\\/pl\\\/#\\\/schema\\\/logo\\\/image\\\/\",\"url\":\"https:\\\/\\\/press.cranbourn.com\\\/wp-content\\\/uploads\\\/2023\\\/07\\\/logo.svg\",\"contentUrl\":\"https:\\\/\\\/press.cranbourn.com\\\/wp-content\\\/uploads\\\/2023\\\/07\\\/logo.svg\",\"width\":1,\"height\":1,\"caption\":\"MEDIA ROOM\"},\"image\":{\"@id\":\"https:\\\/\\\/press.cranbourn.com\\\/pl\\\/#\\\/schema\\\/logo\\\/image\\\/\"},\"sameAs\":[\"https:\\\/\\\/www.facebook.com\\\/cranbourn\\\/\",\"https:\\\/\\\/x.com\\\/cranbourn_\"]}]}<\/script>\n<!-- \/ Yoast SEO plugin. -->","yoast_head_json":{"title":"Termini e Condizioni - SALA MULTIMEDIALE","robots":{"index":"index","follow":"follow","max-snippet":"max-snippet:-1","max-image-preview":"max-image-preview:large","max-video-preview":"max-video-preview:-1"},"canonical":"https:\/\/press.cranbourn.com\/it\/termini-e-condizioni\/","og_locale":"it_IT","og_type":"article","og_title":"Terms & Conditions - MEDIA ROOM","og_description":"Thank you for visiting the CRANBOURN\u00ae\u00a0website at www.cranbourn.com (the \u201cSite\u201d). This document (together with the documents referred to in it) tells you the terms and conditions on which you may use the Site. If you do not wish to be bound by these terms and conditions, then you should not use the site. Use of [&hellip;]","og_url":"https:\/\/press.cranbourn.com\/it\/termini-e-condizioni\/","og_site_name":"MEDIA ROOM","article_publisher":"https:\/\/www.facebook.com\/cranbourn\/","article_modified_time":"2023-08-23T09:14:34+00:00","og_image":[{"width":1800,"height":1012,"url":"https:\/\/press.cranbourn.com\/wp-content\/uploads\/2023\/08\/cranbourn-terms-conditions.jpg","type":"image\/jpeg"}],"twitter_card":"summary_large_image","twitter_site":"@cranbourn_","twitter_misc":{"Tempo di lettura stimato":"9 minuti"},"schema":{"@context":"https:\/\/schema.org","@graph":[{"@type":"WebPage","@id":"https:\/\/press.cranbourn.com\/terms-conditions\/","url":"https:\/\/press.cranbourn.com\/terms-conditions\/","name":"Termini e Condizioni - SALA MULTIMEDIALE","isPartOf":{"@id":"https:\/\/press.cranbourn.com\/pl\/#website"},"primaryImageOfPage":{"@id":"https:\/\/press.cranbourn.com\/terms-conditions\/#primaryimage"},"image":{"@id":"https:\/\/press.cranbourn.com\/terms-conditions\/#primaryimage"},"thumbnailUrl":"https:\/\/press.cranbourn.com\/wp-content\/uploads\/avifenc\/2023\/08\/cranbourn-terms-conditions.avif","datePublished":"2023-07-13T11:37:38+00:00","dateModified":"2023-08-23T09:14:34+00:00","breadcrumb":{"@id":"https:\/\/press.cranbourn.com\/terms-conditions\/#breadcrumb"},"inLanguage":"it-IT","potentialAction":[{"@type":"ReadAction","target":["https:\/\/press.cranbourn.com\/terms-conditions\/"]}]},{"@type":"ImageObject","inLanguage":"it-IT","@id":"https:\/\/press.cranbourn.com\/terms-conditions\/#primaryimage","url":"https:\/\/press.cranbourn.com\/wp-content\/uploads\/avifenc\/2023\/08\/cranbourn-terms-conditions.avif","contentUrl":"https:\/\/press.cranbourn.com\/wp-content\/uploads\/avifenc\/2023\/08\/cranbourn-terms-conditions.avif","width":1800,"height":1012},{"@type":"BreadcrumbList","@id":"https:\/\/press.cranbourn.com\/terms-conditions\/#breadcrumb","itemListElement":[{"@type":"ListItem","position":1,"name":"CRANBOURN\u00ae","item":"https:\/\/press.cranbourn.com\/it"},{"@type":"ListItem","position":2,"name":"Terms &#038; Conditions"}]},{"@type":"WebSite","@id":"https:\/\/press.cranbourn.com\/pl\/#website","url":"https:\/\/press.cranbourn.com\/pl\/","name":"SALA MEDIA","description":"CRANBOURN\u00ae | Sala Stampa e Media. Contatta un membro del team per le ultime notizie, comunicati stampa e download dei media.","publisher":{"@id":"https:\/\/press.cranbourn.com\/pl\/#organization"},"potentialAction":[{"@type":"SearchAction","target":{"@type":"EntryPoint","urlTemplate":"https:\/\/press.cranbourn.com\/pl\/?s={search_term_string}"},"query-input":{"@type":"PropertyValueSpecification","valueRequired":true,"valueName":"search_term_string"}}],"inLanguage":"it-IT"},{"@type":"Organization","@id":"https:\/\/press.cranbourn.com\/pl\/#organization","name":"SALA MEDIA","url":"https:\/\/press.cranbourn.com\/pl\/","logo":{"@type":"ImageObject","inLanguage":"it-IT","@id":"https:\/\/press.cranbourn.com\/pl\/#\/schema\/logo\/image\/","url":"https:\/\/press.cranbourn.com\/wp-content\/uploads\/2023\/07\/logo.svg","contentUrl":"https:\/\/press.cranbourn.com\/wp-content\/uploads\/2023\/07\/logo.svg","width":1,"height":1,"caption":"MEDIA ROOM"},"image":{"@id":"https:\/\/press.cranbourn.com\/pl\/#\/schema\/logo\/image\/"},"sameAs":["https:\/\/www.facebook.com\/cranbourn\/","https:\/\/x.com\/cranbourn_"]}]}},"jetpack_sharing_enabled":true,"_links":{"self":[{"href":"https:\/\/press.cranbourn.com\/it\/wp-json\/wp\/v2\/pages\/3","targetHints":{"allow":["GET"]}}],"collection":[{"href":"https:\/\/press.cranbourn.com\/it\/wp-json\/wp\/v2\/pages"}],"about":[{"href":"https:\/\/press.cranbourn.com\/it\/wp-json\/wp\/v2\/types\/page"}],"author":[{"embeddable":true,"href":"https:\/\/press.cranbourn.com\/it\/wp-json\/wp\/v2\/users\/13"}],"replies":[{"embeddable":true,"href":"https:\/\/press.cranbourn.com\/it\/wp-json\/wp\/v2\/comments?post=3"}],"version-history":[{"count":0,"href":"https:\/\/press.cranbourn.com\/it\/wp-json\/wp\/v2\/pages\/3\/revisions"}],"wp:featuredmedia":[{"embeddable":true,"href":"https:\/\/press.cranbourn.com\/it\/wp-json\/wp\/v2\/media\/911"}],"wp:attachment":[{"href":"https:\/\/press.cranbourn.com\/it\/wp-json\/wp\/v2\/media?parent=3"}],"curies":[{"name":"wp","href":"https:\/\/api.w.org\/{rel}","templated":true}]}}