{"id":743,"date":"2023-07-26T05:33:23","date_gmt":"2023-07-26T05:33:23","guid":{"rendered":"https:\/\/press.cranbourn.com\/clients\/"},"modified":"2023-08-02T08:09:26","modified_gmt":"2023-08-02T07:09:26","slug":"ugyfelek-2","status":"publish","type":"page","link":"https:\/\/press.cranbourn.com\/hu\/clients-2\/","title":{"rendered":"\u00dcGYF\u00c9LPORT\u00c1L"},"content":{"rendered":"<div id=\"zbs-main\" class=\"alignwide zbs-site-main\">\n\t<div class=\"zbs-client-portal-wrap main site-main zbs-post zbs-hentry\">\n\n\t\t\t\t<div class=\"container zbs-portal-login\" style=\"margin-top:20px;text-align:center;\">\n\t\t\t<h2>\u00dcdv\u00f6z\u00f6lj\u00fck \u00dcgyf\u00e9lport\u00e1lj\u00e1n<\/h2> \n\t\t\t<p>K\u00e9rj\u00fck, jelentkezzen be \u00dcgyf\u00e9lport\u00e1lj\u00e1ra, hogy megtekinthesse dokumentumait<\/p>\n\t\t\t<div class=\"login-form\">\n\t\t\t\t<form name=\"loginform\" id=\"loginform\" action=\"https:\/\/press.cranbourn.com\/hu\/press-admin-only\/\" method=\"post\"><p class=\"login-username\">\n\t\t\t\t<label for=\"user_login\">Email c\u00edm<\/label>\n\t\t\t\t<input type=\"text\" name=\"log\" id=\"user_login\" autocomplete=\"username\" class=\"input\" value=\"\" size=\"20\" \/>\n\t\t\t<\/p><p class=\"login-password\">\n\t\t\t\t<label for=\"user_pass\">Jelsz\u00f3<\/label>\n\t\t\t\t<input type=\"password\" name=\"pwd\" id=\"user_pass\" autocomplete=\"current-password\" spellcheck=\"false\" class=\"input\" value=\"\" size=\"20\" \/>\n\t\t\t<\/p><p class=\"login-remember\"><label><input name=\"rememberme\" type=\"checkbox\" id=\"rememberme\" value=\"forever\" \/> Eml\u00e9kezz r\u00e1m<\/label><\/p><p class=\"login-submit\">\n\t\t\t\t<input type=\"submit\" name=\"wp-submit\" id=\"wp-submit\" class=\"button button-primary\" value=\"Bel\u00e9p\u00e9s\" \/>\n\t\t\t\t<input type=\"hidden\" name=\"redirect_to\" value=\"https:\/\/press.cranbourn.com\/hu\/clients-2\/\" \/>\n\t\t\t<\/p><input type=\"hidden\" name=\"fromzbslogin\" value=\"1\" \/><\/form><div class=\"g-recaptcha-wrap\" style=\"padding:10px 0 10px 0\"><div  class=\"g-recaptcha\" data-sitekey=\"6LeKIxUnAAAAADPb9dXA99XmUvMVfNx-c4__j63R\"><\/div><\/div><p style=\"display: none;\"><label>Adjon meg valami k\u00fcl\u00f6nlegeset:<\/label><input name=\"aio_special_field\" type=\"text\" class=\"aio_special_field\" value=\"\" \/><\/p>\t\t\t\t<a href=\"https:\/\/press.cranbourn.com\/hu\/clients-2\/lost-password\/\" alt=\"Lost Password\">Elfelejtett jelsz\u00f3<\/a>\n\t\t\t<\/div>\n\t\t<\/div>\n\t\t\t<\/div>\n<\/div>","protected":false},"excerpt":{"rendered":"","protected":false},"author":13,"featured_media":0,"parent":0,"menu_order":0,"comment_status":"closed","ping_status":"closed","template":"","meta":{"_acf_changed":false,"content-type":"","footnotes":""},"class_list":["post-743","page","type-page","status-publish","hentry"],"acf":[],"yoast_head":"<!-- This site is optimized with the Yoast SEO plugin v27.3 - https:\/\/yoast.com\/product\/yoast-seo-wordpress\/ -->\n<title>CLIENT PORTAL - MEDIA ROOM<\/title>\n<meta name=\"robots\" content=\"index, follow, max-snippet:-1, max-image-preview:large, max-video-preview:-1\" \/>\n<link rel=\"canonical\" href=\"https:\/\/press.cranbourn.com\/hu\/ugyfelek-2\/\" \/>\n<meta property=\"og:locale\" content=\"hu_HU\" \/>\n<meta property=\"og:type\" content=\"article\" \/>\n<meta property=\"og:title\" content=\"CLIENT PORTAL - MEDIA ROOM\" \/>\n<meta property=\"og:url\" content=\"https:\/\/press.cranbourn.com\/hu\/ugyfelek-2\/\" \/>\n<meta property=\"og:site_name\" content=\"MEDIA ROOM\" \/>\n<meta property=\"article:publisher\" content=\"https:\/\/www.facebook.com\/cranbourn\/\" \/>\n<meta property=\"article:modified_time\" content=\"2023-08-02T07:09:26+00:00\" \/>\n<meta name=\"twitter:card\" content=\"summary_large_image\" \/>\n<meta name=\"twitter:site\" content=\"@cranbourn_\" \/>\n<meta name=\"twitter:label1\" content=\"Becs\u00fclt olvas\u00e1si id\u0151\" \/>\n\t<meta name=\"twitter:data1\" content=\"1 perc\" \/>\n<script type=\"application\/ld+json\" class=\"yoast-schema-graph\">{\"@context\":\"https:\\\/\\\/schema.org\",\"@graph\":[{\"@type\":\"WebPage\",\"@id\":\"https:\\\/\\\/press.cranbourn.com\\\/hu\\\/ugyfelek-2\\\/\",\"url\":\"https:\\\/\\\/press.cranbourn.com\\\/hu\\\/ugyfelek-2\\\/\",\"name\":\"CLIENT PORTAL - MEDIA ROOM\",\"isPartOf\":{\"@id\":\"https:\\\/\\\/press.cranbourn.com\\\/pl\\\/#website\"},\"datePublished\":\"2023-07-26T05:33:23+00:00\",\"dateModified\":\"2023-08-02T07:09:26+00:00\",\"breadcrumb\":{\"@id\":\"https:\\\/\\\/press.cranbourn.com\\\/hu\\\/ugyfelek-2\\\/#breadcrumb\"},\"inLanguage\":\"hu\",\"potentialAction\":[{\"@type\":\"ReadAction\",\"target\":[\"https:\\\/\\\/press.cranbourn.com\\\/hu\\\/ugyfelek-2\\\/\"]}]},{\"@type\":\"BreadcrumbList\",\"@id\":\"https:\\\/\\\/press.cranbourn.com\\\/hu\\\/ugyfelek-2\\\/#breadcrumb\",\"itemListElement\":[{\"@type\":\"ListItem\",\"position\":1,\"name\":\"CRANBOURN\u00ae\",\"item\":\"https:\\\/\\\/press.cranbourn.com\\\/hu\"},{\"@type\":\"ListItem\",\"position\":2,\"name\":\"CLIENT PORTAL\"}]},{\"@type\":\"WebSite\",\"@id\":\"https:\\\/\\\/press.cranbourn.com\\\/pl\\\/#website\",\"url\":\"https:\\\/\\\/press.cranbourn.com\\\/pl\\\/\",\"name\":\"MEDIA ROOM\",\"description\":\"CRANBOURN\u00ae | Press &amp; Media Room. Contact a Member of the Team for the latest News, Press Releases and Media Downloads.\",\"publisher\":{\"@id\":\"https:\\\/\\\/press.cranbourn.com\\\/pl\\\/#organization\"},\"potentialAction\":[{\"@type\":\"SearchAction\",\"target\":{\"@type\":\"EntryPoint\",\"urlTemplate\":\"https:\\\/\\\/press.cranbourn.com\\\/pl\\\/?s={search_term_string}\"},\"query-input\":{\"@type\":\"PropertyValueSpecification\",\"valueRequired\":true,\"valueName\":\"search_term_string\"}}],\"inLanguage\":\"hu\"},{\"@type\":\"Organization\",\"@id\":\"https:\\\/\\\/press.cranbourn.com\\\/pl\\\/#organization\",\"name\":\"MEDIA ROOM\",\"url\":\"https:\\\/\\\/press.cranbourn.com\\\/pl\\\/\",\"logo\":{\"@type\":\"ImageObject\",\"inLanguage\":\"hu\",\"@id\":\"https:\\\/\\\/press.cranbourn.com\\\/pl\\\/#\\\/schema\\\/logo\\\/image\\\/\",\"url\":\"https:\\\/\\\/press.cranbourn.com\\\/wp-content\\\/uploads\\\/2023\\\/07\\\/logo.svg\",\"contentUrl\":\"https:\\\/\\\/press.cranbourn.com\\\/wp-content\\\/uploads\\\/2023\\\/07\\\/logo.svg\",\"width\":1,\"height\":1,\"caption\":\"MEDIA ROOM\"},\"image\":{\"@id\":\"https:\\\/\\\/press.cranbourn.com\\\/pl\\\/#\\\/schema\\\/logo\\\/image\\\/\"},\"sameAs\":[\"https:\\\/\\\/www.facebook.com\\\/cranbourn\\\/\",\"https:\\\/\\\/x.com\\\/cranbourn_\"]}]}<\/script>\n<!-- \/ Yoast SEO plugin. -->","yoast_head_json":{"title":"\u00dcGYF\u00c9LPORT\u00c1L - M\u00c9DIASZOBA","robots":{"index":"index","follow":"follow","max-snippet":"max-snippet:-1","max-image-preview":"max-image-preview:large","max-video-preview":"max-video-preview:-1"},"canonical":"https:\/\/press.cranbourn.com\/hu\/ugyfelek-2\/","og_locale":"hu_HU","og_type":"article","og_title":"CLIENT PORTAL - MEDIA ROOM","og_url":"https:\/\/press.cranbourn.com\/hu\/ugyfelek-2\/","og_site_name":"MEDIA ROOM","article_publisher":"https:\/\/www.facebook.com\/cranbourn\/","article_modified_time":"2023-08-02T07:09:26+00:00","twitter_card":"summary_large_image","twitter_site":"@cranbourn_","twitter_misc":{"Becs\u00fclt olvas\u00e1si id\u0151":"1 perc"},"schema":{"@context":"https:\/\/schema.org","@graph":[{"@type":"WebPage","@id":"https:\/\/press.cranbourn.com\/hu\/ugyfelek-2\/","url":"https:\/\/press.cranbourn.com\/hu\/ugyfelek-2\/","name":"\u00dcGYF\u00c9LPORT\u00c1L - M\u00c9DIASZOBA","isPartOf":{"@id":"https:\/\/press.cranbourn.com\/pl\/#website"},"datePublished":"2023-07-26T05:33:23+00:00","dateModified":"2023-08-02T07:09:26+00:00","breadcrumb":{"@id":"https:\/\/press.cranbourn.com\/hu\/ugyfelek-2\/#breadcrumb"},"inLanguage":"hu","potentialAction":[{"@type":"ReadAction","target":["https:\/\/press.cranbourn.com\/hu\/ugyfelek-2\/"]}]},{"@type":"BreadcrumbList","@id":"https:\/\/press.cranbourn.com\/hu\/ugyfelek-2\/#breadcrumb","itemListElement":[{"@type":"ListItem","position":1,"name":"CRANBOURN\u00ae","item":"https:\/\/press.cranbourn.com\/hu"},{"@type":"ListItem","position":2,"name":"CLIENT PORTAL"}]},{"@type":"WebSite","@id":"https:\/\/press.cranbourn.com\/pl\/#website","url":"https:\/\/press.cranbourn.com\/pl\/","name":"M\u00c9DIA SZOBA","description":"CRANBOURN\u00ae | Sajt\u00f3- \u00e9s m\u00e9diaterem. L\u00e9pjen kapcsolatba a csapat egyik tagj\u00e1val a legfrissebb h\u00edrek\u00e9rt, sajt\u00f3k\u00f6zlem\u00e9nyek\u00e9rt \u00e9s m\u00e9dialet\u00f6lt\u00e9sek\u00e9rt.","publisher":{"@id":"https:\/\/press.cranbourn.com\/pl\/#organization"},"potentialAction":[{"@type":"SearchAction","target":{"@type":"EntryPoint","urlTemplate":"https:\/\/press.cranbourn.com\/pl\/?s={search_term_string}"},"query-input":{"@type":"PropertyValueSpecification","valueRequired":true,"valueName":"search_term_string"}}],"inLanguage":"hu"},{"@type":"Organization","@id":"https:\/\/press.cranbourn.com\/pl\/#organization","name":"M\u00c9DIA SZOBA","url":"https:\/\/press.cranbourn.com\/pl\/","logo":{"@type":"ImageObject","inLanguage":"hu","@id":"https:\/\/press.cranbourn.com\/pl\/#\/schema\/logo\/image\/","url":"https:\/\/press.cranbourn.com\/wp-content\/uploads\/2023\/07\/logo.svg","contentUrl":"https:\/\/press.cranbourn.com\/wp-content\/uploads\/2023\/07\/logo.svg","width":1,"height":1,"caption":"MEDIA ROOM"},"image":{"@id":"https:\/\/press.cranbourn.com\/pl\/#\/schema\/logo\/image\/"},"sameAs":["https:\/\/www.facebook.com\/cranbourn\/","https:\/\/x.com\/cranbourn_"]}]}},"jetpack_sharing_enabled":true,"_links":{"self":[{"href":"https:\/\/press.cranbourn.com\/hu\/wp-json\/wp\/v2\/pages\/743","targetHints":{"allow":["GET"]}}],"collection":[{"href":"https:\/\/press.cranbourn.com\/hu\/wp-json\/wp\/v2\/pages"}],"about":[{"href":"https:\/\/press.cranbourn.com\/hu\/wp-json\/wp\/v2\/types\/page"}],"author":[{"embeddable":true,"href":"https:\/\/press.cranbourn.com\/hu\/wp-json\/wp\/v2\/users\/13"}],"replies":[{"embeddable":true,"href":"https:\/\/press.cranbourn.com\/hu\/wp-json\/wp\/v2\/comments?post=743"}],"version-history":[{"count":0,"href":"https:\/\/press.cranbourn.com\/hu\/wp-json\/wp\/v2\/pages\/743\/revisions"}],"wp:attachment":[{"href":"https:\/\/press.cranbourn.com\/hu\/wp-json\/wp\/v2\/media?parent=743"}],"curies":[{"name":"wp","href":"https:\/\/api.w.org\/{rel}","templated":true}]}}