{"id":22,"date":"2023-07-14T12:28:47","date_gmt":"2023-07-14T11:28:47","guid":{"rendered":"https:\/\/presscranbourn.wpengine.com\/?page_id=22"},"modified":"2023-09-15T13:52:03","modified_gmt":"2023-09-15T12:52:03","slug":"media-letoltes","status":"publish","type":"page","link":"https:\/\/press.cranbourn.com\/hu\/media-download\/","title":{"rendered":"M\u00e9dia \u00e9s let\u00f6lt\u00e9sek"},"content":{"rendered":"<p>Fedezze fel a CRANBOURN\u00ae term\u00e9kfot\u00f3z\u00e1st \u00e9s a kapcsol\u00f3d\u00f3 m\u00e9di\u00e1t al\u00e1bb. Adja meg e-mail c\u00edm\u00e9t a nyer\u00e9shez<br \/>\nel\u00e9rheti \u00e9s let\u00f6ltheti a k\u00edv\u00e1nt k\u00e9peket.<\/p>","protected":false},"excerpt":{"rendered":"<p>Fedezze fel a CRANBOURN\u00ae term\u00e9kfot\u00f3z\u00e1st \u00e9s a kapcsol\u00f3d\u00f3 m\u00e9di\u00e1t al\u00e1bb. Adja meg e-mail c\u00edm\u00e9t, hogy hozz\u00e1f\u00e9rjen \u00e9s let\u00f6ltse a k\u00edv\u00e1nt k\u00e9peket.<\/p>","protected":false},"author":2,"featured_media":1056,"parent":0,"menu_order":0,"comment_status":"closed","ping_status":"closed","template":"template-media.php","meta":{"_acf_changed":false,"content-type":"","footnotes":""},"class_list":["post-22","page","type-page","status-publish","has-post-thumbnail","hentry"],"acf":[],"yoast_head":"<!-- This site is optimized with the Yoast SEO plugin v27.3 - https:\/\/yoast.com\/product\/yoast-seo-wordpress\/ -->\n<title>Media &amp; Downloads - MEDIA ROOM<\/title>\n<meta name=\"robots\" content=\"index, follow, max-snippet:-1, max-image-preview:large, max-video-preview:-1\" \/>\n<link rel=\"canonical\" href=\"https:\/\/press.cranbourn.com\/hu\/media-letoltes\/\" \/>\n<meta property=\"og:locale\" content=\"hu_HU\" \/>\n<meta property=\"og:type\" content=\"article\" \/>\n<meta property=\"og:title\" content=\"Media &amp; Downloads - MEDIA ROOM\" \/>\n<meta property=\"og:description\" content=\"Explore CRANBOURN\u00ae product photography and related media below. Enter your email address to gain access and download any imagery you require.\" \/>\n<meta property=\"og:url\" content=\"https:\/\/press.cranbourn.com\/hu\/media-letoltes\/\" \/>\n<meta property=\"og:site_name\" content=\"MEDIA ROOM\" \/>\n<meta property=\"article:publisher\" content=\"https:\/\/www.facebook.com\/cranbourn\/\" \/>\n<meta property=\"article:modified_time\" content=\"2023-09-15T12:52:03+00:00\" \/>\n<meta property=\"og:image\" content=\"https:\/\/press.cranbourn.com\/wp-content\/uploads\/2023\/09\/cranbourn-moments-mauritius-hero-white-2.jpg\" \/>\n\t<meta property=\"og:image:width\" content=\"2000\" \/>\n\t<meta property=\"og:image:height\" content=\"1113\" \/>\n\t<meta property=\"og:image:type\" content=\"image\/jpeg\" \/>\n<meta name=\"twitter:card\" content=\"summary_large_image\" \/>\n<meta name=\"twitter:site\" content=\"@cranbourn_\" \/>\n<meta name=\"twitter:label1\" content=\"Becs\u00fclt olvas\u00e1si id\u0151\" \/>\n\t<meta name=\"twitter:data1\" content=\"1 perc\" \/>\n<script type=\"application\/ld+json\" class=\"yoast-schema-graph\">{\"@context\":\"https:\\\/\\\/schema.org\",\"@graph\":[{\"@type\":\"WebPage\",\"@id\":\"https:\\\/\\\/press.cranbourn.com\\\/cs\\\/media-stahovani\\\/\",\"url\":\"https:\\\/\\\/press.cranbourn.com\\\/cs\\\/media-stahovani\\\/\",\"name\":\"Media & Downloads - MEDIA ROOM\",\"isPartOf\":{\"@id\":\"https:\\\/\\\/press.cranbourn.com\\\/pl\\\/#website\"},\"primaryImageOfPage\":{\"@id\":\"https:\\\/\\\/press.cranbourn.com\\\/cs\\\/media-stahovani\\\/#primaryimage\"},\"image\":{\"@id\":\"https:\\\/\\\/press.cranbourn.com\\\/cs\\\/media-stahovani\\\/#primaryimage\"},\"thumbnailUrl\":\"https:\\\/\\\/press.cranbourn.com\\\/wp-content\\\/uploads\\\/avifenc\\\/2023\\\/09\\\/cranbourn-moments-mauritius-hero-white-2.avif\",\"datePublished\":\"2023-07-14T11:28:47+00:00\",\"dateModified\":\"2023-09-15T12:52:03+00:00\",\"breadcrumb\":{\"@id\":\"https:\\\/\\\/press.cranbourn.com\\\/cs\\\/media-stahovani\\\/#breadcrumb\"},\"inLanguage\":\"hu\",\"potentialAction\":[{\"@type\":\"ReadAction\",\"target\":[\"https:\\\/\\\/press.cranbourn.com\\\/cs\\\/media-stahovani\\\/\"]}]},{\"@type\":\"ImageObject\",\"inLanguage\":\"hu\",\"@id\":\"https:\\\/\\\/press.cranbourn.com\\\/cs\\\/media-stahovani\\\/#primaryimage\",\"url\":\"https:\\\/\\\/press.cranbourn.com\\\/wp-content\\\/uploads\\\/avifenc\\\/2023\\\/09\\\/cranbourn-moments-mauritius-hero-white-2.avif\",\"contentUrl\":\"https:\\\/\\\/press.cranbourn.com\\\/wp-content\\\/uploads\\\/avifenc\\\/2023\\\/09\\\/cranbourn-moments-mauritius-hero-white-2.avif\",\"width\":2000,\"height\":1113},{\"@type\":\"BreadcrumbList\",\"@id\":\"https:\\\/\\\/press.cranbourn.com\\\/cs\\\/media-stahovani\\\/#breadcrumb\",\"itemListElement\":[{\"@type\":\"ListItem\",\"position\":1,\"name\":\"CRANBOURN\u00ae\",\"item\":\"https:\\\/\\\/press.cranbourn.com\\\/hu\"},{\"@type\":\"ListItem\",\"position\":2,\"name\":\"Media &#038; Downloads\"}]},{\"@type\":\"WebSite\",\"@id\":\"https:\\\/\\\/press.cranbourn.com\\\/pl\\\/#website\",\"url\":\"https:\\\/\\\/press.cranbourn.com\\\/pl\\\/\",\"name\":\"MEDIA ROOM\",\"description\":\"CRANBOURN\u00ae | Press &amp; Media Room. Contact a Member of the Team for the latest News, Press Releases and Media Downloads.\",\"publisher\":{\"@id\":\"https:\\\/\\\/press.cranbourn.com\\\/pl\\\/#organization\"},\"potentialAction\":[{\"@type\":\"SearchAction\",\"target\":{\"@type\":\"EntryPoint\",\"urlTemplate\":\"https:\\\/\\\/press.cranbourn.com\\\/pl\\\/?s={search_term_string}\"},\"query-input\":{\"@type\":\"PropertyValueSpecification\",\"valueRequired\":true,\"valueName\":\"search_term_string\"}}],\"inLanguage\":\"hu\"},{\"@type\":\"Organization\",\"@id\":\"https:\\\/\\\/press.cranbourn.com\\\/pl\\\/#organization\",\"name\":\"MEDIA ROOM\",\"url\":\"https:\\\/\\\/press.cranbourn.com\\\/pl\\\/\",\"logo\":{\"@type\":\"ImageObject\",\"inLanguage\":\"hu\",\"@id\":\"https:\\\/\\\/press.cranbourn.com\\\/pl\\\/#\\\/schema\\\/logo\\\/image\\\/\",\"url\":\"https:\\\/\\\/press.cranbourn.com\\\/wp-content\\\/uploads\\\/2023\\\/07\\\/logo.svg\",\"contentUrl\":\"https:\\\/\\\/press.cranbourn.com\\\/wp-content\\\/uploads\\\/2023\\\/07\\\/logo.svg\",\"width\":1,\"height\":1,\"caption\":\"MEDIA ROOM\"},\"image\":{\"@id\":\"https:\\\/\\\/press.cranbourn.com\\\/pl\\\/#\\\/schema\\\/logo\\\/image\\\/\"},\"sameAs\":[\"https:\\\/\\\/www.facebook.com\\\/cranbourn\\\/\",\"https:\\\/\\\/x.com\\\/cranbourn_\"]}]}<\/script>\n<!-- \/ Yoast SEO plugin. -->","yoast_head_json":{"title":"M\u00e9dia \u00e9s let\u00f6lt\u00e9sek - M\u00c9DIASZOBA","robots":{"index":"index","follow":"follow","max-snippet":"max-snippet:-1","max-image-preview":"max-image-preview:large","max-video-preview":"max-video-preview:-1"},"canonical":"https:\/\/press.cranbourn.com\/hu\/media-letoltes\/","og_locale":"hu_HU","og_type":"article","og_title":"Media & Downloads - MEDIA ROOM","og_description":"Explore CRANBOURN\u00ae product photography and related media below. Enter your email address to gain access and download any imagery you require.","og_url":"https:\/\/press.cranbourn.com\/hu\/media-letoltes\/","og_site_name":"MEDIA ROOM","article_publisher":"https:\/\/www.facebook.com\/cranbourn\/","article_modified_time":"2023-09-15T12:52:03+00:00","og_image":[{"width":2000,"height":1113,"url":"https:\/\/press.cranbourn.com\/wp-content\/uploads\/2023\/09\/cranbourn-moments-mauritius-hero-white-2.jpg","type":"image\/jpeg"}],"twitter_card":"summary_large_image","twitter_site":"@cranbourn_","twitter_misc":{"Becs\u00fclt olvas\u00e1si id\u0151":"1 perc"},"schema":{"@context":"https:\/\/schema.org","@graph":[{"@type":"WebPage","@id":"https:\/\/press.cranbourn.com\/cs\/media-stahovani\/","url":"https:\/\/press.cranbourn.com\/cs\/media-stahovani\/","name":"M\u00e9dia \u00e9s let\u00f6lt\u00e9sek - M\u00c9DIASZOBA","isPartOf":{"@id":"https:\/\/press.cranbourn.com\/pl\/#website"},"primaryImageOfPage":{"@id":"https:\/\/press.cranbourn.com\/cs\/media-stahovani\/#primaryimage"},"image":{"@id":"https:\/\/press.cranbourn.com\/cs\/media-stahovani\/#primaryimage"},"thumbnailUrl":"https:\/\/press.cranbourn.com\/wp-content\/uploads\/avifenc\/2023\/09\/cranbourn-moments-mauritius-hero-white-2.avif","datePublished":"2023-07-14T11:28:47+00:00","dateModified":"2023-09-15T12:52:03+00:00","breadcrumb":{"@id":"https:\/\/press.cranbourn.com\/cs\/media-stahovani\/#breadcrumb"},"inLanguage":"hu","potentialAction":[{"@type":"ReadAction","target":["https:\/\/press.cranbourn.com\/cs\/media-stahovani\/"]}]},{"@type":"ImageObject","inLanguage":"hu","@id":"https:\/\/press.cranbourn.com\/cs\/media-stahovani\/#primaryimage","url":"https:\/\/press.cranbourn.com\/wp-content\/uploads\/avifenc\/2023\/09\/cranbourn-moments-mauritius-hero-white-2.avif","contentUrl":"https:\/\/press.cranbourn.com\/wp-content\/uploads\/avifenc\/2023\/09\/cranbourn-moments-mauritius-hero-white-2.avif","width":2000,"height":1113},{"@type":"BreadcrumbList","@id":"https:\/\/press.cranbourn.com\/cs\/media-stahovani\/#breadcrumb","itemListElement":[{"@type":"ListItem","position":1,"name":"CRANBOURN\u00ae","item":"https:\/\/press.cranbourn.com\/hu"},{"@type":"ListItem","position":2,"name":"Media &#038; Downloads"}]},{"@type":"WebSite","@id":"https:\/\/press.cranbourn.com\/pl\/#website","url":"https:\/\/press.cranbourn.com\/pl\/","name":"M\u00c9DIA SZOBA","description":"CRANBOURN\u00ae | Sajt\u00f3- \u00e9s m\u00e9diaterem. L\u00e9pjen kapcsolatba a csapat egyik tagj\u00e1val a legfrissebb h\u00edrek\u00e9rt, sajt\u00f3k\u00f6zlem\u00e9nyek\u00e9rt \u00e9s m\u00e9dialet\u00f6lt\u00e9sek\u00e9rt.","publisher":{"@id":"https:\/\/press.cranbourn.com\/pl\/#organization"},"potentialAction":[{"@type":"SearchAction","target":{"@type":"EntryPoint","urlTemplate":"https:\/\/press.cranbourn.com\/pl\/?s={search_term_string}"},"query-input":{"@type":"PropertyValueSpecification","valueRequired":true,"valueName":"search_term_string"}}],"inLanguage":"hu"},{"@type":"Organization","@id":"https:\/\/press.cranbourn.com\/pl\/#organization","name":"M\u00c9DIA SZOBA","url":"https:\/\/press.cranbourn.com\/pl\/","logo":{"@type":"ImageObject","inLanguage":"hu","@id":"https:\/\/press.cranbourn.com\/pl\/#\/schema\/logo\/image\/","url":"https:\/\/press.cranbourn.com\/wp-content\/uploads\/2023\/07\/logo.svg","contentUrl":"https:\/\/press.cranbourn.com\/wp-content\/uploads\/2023\/07\/logo.svg","width":1,"height":1,"caption":"MEDIA ROOM"},"image":{"@id":"https:\/\/press.cranbourn.com\/pl\/#\/schema\/logo\/image\/"},"sameAs":["https:\/\/www.facebook.com\/cranbourn\/","https:\/\/x.com\/cranbourn_"]}]}},"jetpack_sharing_enabled":true,"_links":{"self":[{"href":"https:\/\/press.cranbourn.com\/hu\/wp-json\/wp\/v2\/pages\/22","targetHints":{"allow":["GET"]}}],"collection":[{"href":"https:\/\/press.cranbourn.com\/hu\/wp-json\/wp\/v2\/pages"}],"about":[{"href":"https:\/\/press.cranbourn.com\/hu\/wp-json\/wp\/v2\/types\/page"}],"author":[{"embeddable":true,"href":"https:\/\/press.cranbourn.com\/hu\/wp-json\/wp\/v2\/users\/2"}],"replies":[{"embeddable":true,"href":"https:\/\/press.cranbourn.com\/hu\/wp-json\/wp\/v2\/comments?post=22"}],"version-history":[{"count":1,"href":"https:\/\/press.cranbourn.com\/hu\/wp-json\/wp\/v2\/pages\/22\/revisions"}],"predecessor-version":[{"id":1055,"href":"https:\/\/press.cranbourn.com\/hu\/wp-json\/wp\/v2\/pages\/22\/revisions\/1055"}],"wp:featuredmedia":[{"embeddable":true,"href":"https:\/\/press.cranbourn.com\/hu\/wp-json\/wp\/v2\/media\/1056"}],"wp:attachment":[{"href":"https:\/\/press.cranbourn.com\/hu\/wp-json\/wp\/v2\/media?parent=22"}],"curies":[{"name":"wp","href":"https:\/\/api.w.org\/{rel}","templated":true}]}}