{"id":3,"date":"2023-07-13T12:37:38","date_gmt":"2023-07-13T11:37:38","guid":{"rendered":"https:\/\/presscranbourn.wpengine.com\/?page_id=3"},"modified":"2023-08-23T10:14:34","modified_gmt":"2023-08-23T09:14:34","slug":"conditions-generales","status":"publish","type":"page","link":"https:\/\/press.cranbourn.com\/fr\/terms-conditions\/","title":{"rendered":"termes et conditions"},"content":{"rendered":"<p>Merci d&#039;avoir visit\u00e9 le CRANBOURN<sup>\u00ae<\/sup>\u00a0site Web \u00e0 l&#039;adresse www.cranbourn.com (le &quot;Site&quot;). Ce document (ainsi que les documents auxquels il fait r\u00e9f\u00e9rence) vous indique les termes et conditions selon lesquels vous pouvez utiliser le Site.<\/p>\r\n<p>Si vous ne souhaitez pas \u00eatre li\u00e9 par ces termes et conditions, vous ne devez pas utiliser le site. L&#039;utilisation du site par vous sera consid\u00e9r\u00e9e comme votre acceptation de ces termes et conditions.<\/p>\r\n<p>Nous pouvons modifier ces Termes et Conditions de temps \u00e0 autre, veuillez donc les consulter chaque fois que vous visitez le Site. Vous devez enregistrer une copie de ces Termes et Conditions pour r\u00e9f\u00e9rence future.<\/p>\r\n<h2 class=\"wp-block-heading\">1. \u00c0 PROPOS DE NOUS\u00a0:<\/h2>\r\n<p>Le Site et l&#039;Application sont exploit\u00e9s par CRANBOURN (Holdings) Limited, une soci\u00e9t\u00e9 enregistr\u00e9e en Angleterre et au Pays de Galles sous le num\u00e9ro 11692479, dont le si\u00e8ge social est situ\u00e9 au 1 The Green, Richmond, Surrey, TW9 1PL.<\/p>\r\n<p>Notre num\u00e9ro de TVA est GB 311 7674 14. Vous pouvez nous contacter en utilisant l&#039;adresse e-mail suivante :\u00a0<a href=\"mailto:enquiries@cranbourn.com\">enquiries@cranbourn.com<\/a>.<\/p>\r\n<h2>2. UTILISATION DU SITE ET\/OU DE L&#039;APPLICATION<\/h2>\r\n<p>Vous ne pouvez utiliser le Site qu&#039;\u00e0 des fins personnelles. Toute utilisation commerciale de votre part du Site est strictement interdite. Vous \u00eates autoris\u00e9 \u00e0 imprimer des pages Web individuelles de mani\u00e8re occasionnelle \u00e0 condition que vous n&#039;imprimiez pas la totalit\u00e9 ou une partie substantielle du Site et que les marques de commerce et les avis de propri\u00e9t\u00e9 intellectuelle inclus sur le Site ne soient pas supprim\u00e9s.<\/p>\r\n<p>Sauf indication contraire dans les pr\u00e9sentes Conditions g\u00e9n\u00e9rales, vous ne devez pas (directement ou indirectement) (i) copier, t\u00e9l\u00e9charger, stocker, mettre \u00e0 disposition, distribuer, vendre ou proposer de vendre tout ou partie du contenu ou du Site ou de l&#039;Application, ou (ii) t\u00e9l\u00e9charger ou autrement copier tout contenu, fichiers ou donn\u00e9es du Site pour cr\u00e9er ou alimenter une base de donn\u00e9es ou une publication de quelque nature que ce soit.<\/p>\r\n<h2>3. INSCRIPTION<\/h2>\r\n<p>Vous ne devez pas enregistrer plus d&#039;un compte.<\/p>\r\n<p>Vous devez avoir au moins 18 ans pour vous inscrire et soumettre des commentaires ou des photographies via le Site.<\/p>\r\n<p>Vous devez fournir un e-mail \u00e0 jour auquel vous avez r\u00e9guli\u00e8rement acc\u00e8s, car nous pourrions avoir besoin de vous contacter au sujet de vos soumissions.<\/p>\r\n<p>Vous ne devez pas : usurper l&#039;identit\u00e9 ou essayer d&#039;usurper l&#039;identit\u00e9 d&#039;une autre personne ; divulguer votre mot de passe \u00e0 quelqu&#039;un d&#039;autre\u00a0; permettre \u00e0 quelqu&#039;un d&#039;autre d&#039;utiliser votre compte ou d&#039;utiliser le compte de quelqu&#039;un d&#039;autre. Vous \u00eates responsable de toutes les soumissions faites via votre compte. Si vous pensez que quelqu&#039;un d&#039;autre peut avoir acc\u00e8s ou utiliser votre mot de passe ou votre compte, vous devez nous en informer d\u00e8s que possible en envoyant un e-mail \u00e0\u00a0<a href=\"mailto:enquiries@cranbourn.com\">enquiries@cranbourn.com<\/a><\/p>\r\n<h2>4. LIEN VERS LE SITE<\/h2>\r\n<p>Vous pouvez envoyer par e-mail \u00e0 vos amis des liens vers nos sites ou des pages sp\u00e9cifiques de ceux-ci.<\/p>\r\n<h2>5. VOTRE CONTENU \u2013 CE QUE NOUS SOMMES AUTORIS\u00c9S \u00c0 FAIRE<\/h2>\r\n<p>Nous nous r\u00e9servons le droit de publier, modifier ou supprimer tout ou partie de tout contenu que vous soumettez, y compris, mais sans s&#039;y limiter, les d\u00e9tails contenus dans votre profil (par exemple, votre nom, votre ville, votre pays), les photographies ou les commentaires que vous avez pu soumettre (&quot; Votre contenu \u00bb).<\/p>\r\n<p>Veuillez noter qu&#039;en soumettant du contenu via le site, vous consentez \u00e0 ce que toutes les images que vous fournissez soient t\u00e9l\u00e9charg\u00e9es sur Google Images ou tout autre moteur de recherche que nous avons s\u00e9lectionn\u00e9.<\/p>\r\n<p>En soumettant du contenu sur le site, vous nous accordez une licence perp\u00e9tuelle, libre de droits, mondiale, irr\u00e9vocable et non exclusive pour utiliser, copier, modifier, adapter, publier, traduire, rendre disponible, communiquer, distribuer et sous-licencier votre contenu. (en totalit\u00e9 ou en partie) \u00e0 quelque fin que ce soit. Nous avons \u00e9galement le droit de divulguer votre identit\u00e9 \u00e0 tout tiers qui pr\u00e9tend que tout mat\u00e9riel publi\u00e9 ou t\u00e9l\u00e9charg\u00e9 par vous via le Site constitue une violation de ses droits de propri\u00e9t\u00e9 intellectuelle ou de son droit \u00e0 la vie priv\u00e9e. En soumettant Votre Contenu, vous garantissez que vous avez le droit d&#039;accorder cette licence et vous nous indemnisez pour toute violation de cette garantie. Nous ne sommes pas responsables, ni redevables envers un tiers, du contenu ou de l&#039;exactitude de tout mat\u00e9riel publi\u00e9 par vous ou tout autre utilisateur du site. Dans la mesure permise par la loi, vous renoncez \u00e0 vos droits moraux (par exemple, le droit d&#039;\u00eatre identifi\u00e9 comme l&#039;auteur ou de vous opposer \u00e0 un traitement d\u00e9rogatoire) sur Votre Contenu. Continuez \u00e0 publier tout ou partie de Votre Contenu, y compris vos photos, commentaires, profil, nom, ville et pays, m\u00eame si vous changez d&#039;avis et souhaitez que nous le supprimions et\/ou que vous n&#039;\u00eates plus inscrit sur le Site.<\/p>\r\n<h2>6. VOTRE CONTENU - CE QUE VOUS N&#039;\u00caTES PAS AUTORIS\u00c9 \u00c0 FAIRE<\/h2>\r\n<p>Vous ne devez soumettre sur le Site aucun mat\u00e9riel qui est : diffamatoire, faux ou trompeur ; insultant, mena\u00e7ant ou abusif\u00a0; obsc\u00e8ne ou \u00e0 caract\u00e8re sexuel\u00a0; ou offensant, raciste, sexiste, \u00e2giste ou autrement discriminatoire \u00e0 l&#039;\u00e9gard des personnes en raison de leur \u00e9tat civil, de leur orientation sexuelle ou de leurs croyances religieuses. Vous ne devez soumettre sur le Site aucun mat\u00e9riel susceptible de : encourager la violence ; encourager ou enseigner une conduite qui est une infraction p\u00e9nale, donne lieu \u00e0 une responsabilit\u00e9 civile ou est autrement ill\u00e9gale\u00a0; enfreindre les droits de propri\u00e9t\u00e9 intellectuelle de tiers\u00a0; faire la publicit\u00e9 de tout produit ou service\u00a0; usurper l&#039;identit\u00e9 de quelqu&#039;un d&#039;autre ou pr\u00e9senter de mani\u00e8re inexacte votre identit\u00e9, votre affiliation ou votre statut\u00a0; porter atteinte \u00e0 toute proc\u00e9dure judiciaire en cours dont vous avez connaissance\u00a0; causer de l&#039;inqui\u00e9tude, de l&#039;anxi\u00e9t\u00e9 ou de la d\u00e9tresse \u00e0 quelqu&#039;un\u00a0; \u00eatre techniquement nuisible (y compris, sans s&#039;y limiter, les virus informatiques, les bombes logiques, les chevaux de Troie, les vers, les donn\u00e9es corrompues ou d&#039;autres logiciels, donn\u00e9es, composants ou comportements malveillants ou nuisibles) ; ou enfreindre ces Termes et Conditions, ou notre Politique de Confidentialit\u00e9. Vous ne pouvez pas soumettre de liens vers des sites Web. Vous ne devez pas tenter de contourner les protections que nous mettons en place pour la s\u00e9curit\u00e9 et le fonctionnement du Site. Vous ne devez pas soumettre \u00e0 nouveau un contenu dont vous savez qu&#039;il a \u00e9t\u00e9 supprim\u00e9.<\/p>\r\n<h2>7. SUSPENSION OU R\u00c9SILIATION DU COMPTE<\/h2>\r\n<p>Nous pouvons suspendre et\/ou supprimer tout compte d&#039;utilisateur \u00e0 notre seule discr\u00e9tion. Les principales raisons pour lesquelles un compte peut \u00eatre suspendu ou supprim\u00e9 sont :<\/p>\r\n<p>L&#039;utilisateur n&#039;a pas respect\u00e9 les Lignes directrices ou les pr\u00e9sentes Conditions g\u00e9n\u00e9rales\u00a0; et\/ou tout commentaire soumis par le compte utilisateur a \u00e9t\u00e9 jug\u00e9 inappropri\u00e9.<\/p>\r\n<p>Nous vous informerons de toute suspension par e-mail \u00e0 l&#039;adresse que vous avez fournie lors de votre inscription ou lors de la prochaine tentative d&#039;acc\u00e8s \u00e0 votre compte. La dur\u00e9e de la suspension ou la d\u00e9cision de supprimer un compte d\u00e9pendra des circonstances. Si votre compte est suspendu ou supprim\u00e9, vous ne devez pas tenter de vous r\u00e9inscrire ou de soumettre du contenu via un autre compte sans notre consentement \u00e9crit pr\u00e9alable.<\/p>\r\n<h2>8. INDEMNIT\u00c9<\/h2>\r\n<p>Vous nous indemniserez et nous garderez indemnis\u00e9s contre toutes les pertes, d\u00e9penses, co\u00fbts et responsabilit\u00e9s r\u00e9sultant de ou en relation avec votre violation des pr\u00e9sentes conditions g\u00e9n\u00e9rales.<\/p>\r\n<h2>9. TRANSACTIONS CONCLUES VIA LE SITE<\/h2>\r\n<p>Les contrats de fourniture de biens conclus via notre site sont r\u00e9gis par nos conditions g\u00e9n\u00e9rales de fourniture. La revente non autoris\u00e9e de CRANBOURN<sup>\u00ae<\/sup>\u00a0produits est interdit.<\/p>\r\n<h2>10. R\u00c9SOLUTION DES LITIGES EN LIGNE<\/h2>\r\n<p>Les consommateurs qui ont un probl\u00e8me avec un commer\u00e7ant concernant un produit ou un service achet\u00e9 en ligne peuvent r\u00e9gler le litige par le biais de la proc\u00e9dure de r\u00e8glement en ligne des litiges (&quot;ODR&quot;) de la Commission europ\u00e9enne. Si vous rencontrez un probl\u00e8me avec l&#039;un de nos produits ou services, vous pouvez acc\u00e9der \u00e0 l&#039;hyperlien de la plateforme ODR ici.<\/p>\r\n<h2>11. LIENS DEPUIS LE SITE<\/h2>\r\n<p>Lorsque le site ou l&#039;application contient des liens vers d&#039;autres sites Web et ressources fournis par des tiers, ces liens sont fournis \u00e0 titre informatif uniquement. Nous n&#039;avons aucun contr\u00f4le sur le contenu de ces sites ou ressources et n&#039;acceptons aucune responsabilit\u00e9 pour eux ou pour toute perte ou dommage pouvant r\u00e9sulter de votre utilisation de ceux-ci.<\/p>\r\n<p>Sauf indication contraire, nous ne sommes pas commercialement associ\u00e9s \u00e0 des produits tiers mentionn\u00e9s sur notre Site ou dans l&#039;Application.<\/p>\r\n<h2>12. NOTRE RESPONSABILITE<\/h2>\r\n<p>Le mat\u00e9riel affich\u00e9 sur notre site est fourni sans garanties, conditions ou garanties quant \u00e0 son exactitude. Dans la mesure permise par la loi, nous, les autres membres de notre groupe de soci\u00e9t\u00e9s et les tiers qui nous sont li\u00e9s, excluons express\u00e9ment par les pr\u00e9sentes\u00a0: toutes les conditions, garanties et autres termes qui pourraient autrement \u00eatre implicites par la loi, la common law ou la loi de l&#039;\u00e9quit\u00e9\u00a0; et toute responsabilit\u00e9 pour toute perte ou dommage direct, indirect ou cons\u00e9cutif subi par tout utilisateur en relation avec le Site ou en relation avec l&#039;utilisation, l&#039;incapacit\u00e9 d&#039;utiliser ou les r\u00e9sultats de l&#039;utilisation du Site, de tout site Web li\u00e9 \u00e0 celui-ci et de tout mat\u00e9riel publi\u00e9 y compris la perte de revenus ou de revenus, la perte d&#039;activit\u00e9, la perte de b\u00e9n\u00e9fices ou de contrats, la perte d&#039;\u00e9conomies anticip\u00e9es, la perte de donn\u00e9es, la perte de client\u00e8le ou la perte de temps de gestion ou de bureau, qu&#039;elle soit caus\u00e9e par un d\u00e9lit (y compris la n\u00e9gligence) une rupture de contrat ou autrement, m\u00eame si pr\u00e9visible, \u00e0 condition que cette condition n&#039;emp\u00eache pas les r\u00e9clamations pour perte ou dommage \u00e0 vos biens corporels ou toute autre r\u00e9clamation pour perte financi\u00e8re directe qui n&#039;est exclue par aucune des cat\u00e9gories ci-dessus. Cela n&#039;affecte pas notre responsabilit\u00e9 en cas de d\u00e9c\u00e8s ou de blessure r\u00e9sultant de notre n\u00e9gligence, ni notre responsabilit\u00e9 en cas de fausse d\u00e9claration frauduleuse ou de fausse d\u00e9claration quant \u00e0 une question fondamentale, ni toute autre responsabilit\u00e9 qui ne peut \u00eatre exclue ou limit\u00e9e en vertu de la loi applicable.<\/p>\r\n<h2>13 . ACCES AU SITE<\/h2>\r\n<p>L&#039;acc\u00e8s \u00e0 notre site est autoris\u00e9 temporairement et nous nous r\u00e9servons le droit de retirer ou de modifier le service que nous fournissons sur notre site sans pr\u00e9avis. Nous ne serons pas responsables si, pour une raison quelconque, notre site est indisponible \u00e0 tout moment ou pour toute p\u00e9riode.<\/p>\r\n<p>Le Site s&#039;appuie en partie sur des logiciels pour fonctionner. Le logiciel a des bugs. Bien que nous surveillions le Site et essayions de corriger les bogues, nous ne pouvons pas garantir que le Site ou toute fonctionnalit\u00e9 individuelle du Site sera sans erreur, disponible \u00e0 tout moment et\/ou exempt de virus.<\/p>\r\n<h2>14. AUCUNE GARANTIE<\/h2>\r\n<p>Nous ne fournissons aucune garantie, expresse ou implicite, de quelque nature que ce soit, y compris, mais sans s&#039;y limiter, toute garantie implicite ou condition implicite de qualit\u00e9 satisfaisante, d&#039;ad\u00e9quation \u00e0 un usage particulier ou d&#039;absence de contrefa\u00e7on. Toutes ces conditions et garanties implicites sont par la pr\u00e9sente exclues.<\/p>\r\n<h2>15. MODIFICATIONS DU SITE OU DE L&#039;APPLICATION<\/h2>\r\n<p>Nous nous r\u00e9servons le droit de modifier le contenu du Site \u00e0 tout moment. En cas de besoin, nous pouvons suspendre l&#039;acc\u00e8s au Site ou le fermer pour une dur\u00e9e ind\u00e9termin\u00e9e. Tout mat\u00e9riel sur le site peut \u00eatre obsol\u00e8te \u00e0 un moment donn\u00e9, et nous n&#039;avons aucune obligation de mettre \u00e0 jour ce mat\u00e9riel.<\/p>\r\n<h2>16. PR\u00c9OCCUPATIONS<\/h2>\r\n<p>Si vous avez des inqui\u00e9tudes concernant le mat\u00e9riel qui appara\u00eet sur notre site ou si vous voyez quelque chose qui, selon vous, enfreint raisonnablement les pr\u00e9sentes conditions g\u00e9n\u00e9rales ou nos directives, veuillez nous envoyer un e-mail \u00e0\u00a0:\u00a0<a href=\"mailto:enquiries@cranbourn.com\">enquiries@cranbourn.com<\/a><\/p>\r\n<h2>17. VALIDITE<\/h2>\r\n<p>Si une partie ou une disposition des pr\u00e9sentes conditions g\u00e9n\u00e9rales est jug\u00e9e ill\u00e9gale ou inapplicable, cela n&#039;affectera pas la validit\u00e9 de toute autre partie ou disposition.<\/p>\r\n<h2>18. INT\u00c9GRALIT\u00c9 DU CONTRAT<\/h2>\r\n<p>Les pr\u00e9sentes conditions g\u00e9n\u00e9rales, les directives et tout document express\u00e9ment mentionn\u00e9 dans celles-ci constituent l&#039;int\u00e9gralit\u00e9 de l&#039;accord entre nous et remplacent toutes les discussions, correspondances, n\u00e9gociations, arrangements, ententes ou accords ant\u00e9rieurs entre nous concernant l&#039;objet des pr\u00e9sentes conditions g\u00e9n\u00e9rales. Nous reconnaissons chacun qu&#039;aucun de nous ne s&#039;appuie sur, ou n&#039;aura de recours \u00e0 l&#039;\u00e9gard de, toute repr\u00e9sentation ou garantie (qu&#039;elle soit faite innocemment ou par n\u00e9gligence) qui n&#039;est pas \u00e9nonc\u00e9e dans les pr\u00e9sentes conditions g\u00e9n\u00e9rales, les directives ou les documents auxquels elles font r\u00e9f\u00e9rence. . Chacun de nous reconna\u00eet et accepte que le seul recours dont il dispose en cas de violation des pr\u00e9sentes Conditions g\u00e9n\u00e9rales sera la rupture du contrat en vertu des pr\u00e9sentes Conditions g\u00e9n\u00e9rales. Cependant, rien dans ces Termes et Conditions n&#039;a pour effet de limiter ou d&#039;exclure toute responsabilit\u00e9 en cas de fraude.<\/p>\r\n<h2>19. JURIDICTION ET DROIT APPLICABLE<\/h2>\r\n<p>Les pr\u00e9sentes conditions g\u00e9n\u00e9rales sont r\u00e9gies par le droit anglais. Les tribunaux anglais seront seuls comp\u00e9tents pour tout litige relatif aux pr\u00e9sentes conditions g\u00e9n\u00e9rales.<\/p>","protected":false},"excerpt":{"rendered":"<p>Thank you for visiting the CRANBOURN\u00ae\u00a0website at www.cranbourn.com (the \u201cSite\u201d). This document (together with the documents referred to in it) tells you the terms and conditions on which you may use the Site. If you do not wish to be bound by these terms and conditions, then you should not use the site. Use of [&hellip;]<\/p>\n","protected":false},"author":13,"featured_media":911,"parent":0,"menu_order":0,"comment_status":"closed","ping_status":"closed","template":"template-term-condition.php","meta":{"_acf_changed":false,"content-type":"","footnotes":""},"class_list":["post-3","page","type-page","status-publish","has-post-thumbnail","hentry"],"acf":[],"yoast_head":"<!-- This site is optimized with the Yoast SEO plugin v27.3 - https:\/\/yoast.com\/product\/yoast-seo-wordpress\/ -->\n<title>Terms &amp; Conditions - MEDIA ROOM<\/title>\n<meta name=\"robots\" content=\"index, follow, max-snippet:-1, max-image-preview:large, max-video-preview:-1\" \/>\n<link rel=\"canonical\" href=\"https:\/\/press.cranbourn.com\/fr\/conditions-generales\/\" \/>\n<meta property=\"og:locale\" content=\"fr_FR\" \/>\n<meta property=\"og:type\" content=\"article\" \/>\n<meta property=\"og:title\" content=\"Terms &amp; Conditions - MEDIA ROOM\" \/>\n<meta property=\"og:description\" content=\"Thank you for visiting the CRANBOURN\u00ae\u00a0website at www.cranbourn.com (the \u201cSite\u201d). This document (together with the documents referred to in it) tells you the terms and conditions on which you may use the Site. If you do not wish to be bound by these terms and conditions, then you should not use the site. Use of [&hellip;]\" \/>\n<meta property=\"og:url\" content=\"https:\/\/press.cranbourn.com\/fr\/conditions-generales\/\" \/>\n<meta property=\"og:site_name\" content=\"MEDIA ROOM\" \/>\n<meta property=\"article:publisher\" content=\"https:\/\/www.facebook.com\/cranbourn\/\" \/>\n<meta property=\"article:modified_time\" content=\"2023-08-23T09:14:34+00:00\" \/>\n<meta property=\"og:image\" content=\"https:\/\/press.cranbourn.com\/wp-content\/uploads\/2023\/08\/cranbourn-terms-conditions.jpg\" \/>\n\t<meta property=\"og:image:width\" content=\"1800\" \/>\n\t<meta property=\"og:image:height\" content=\"1012\" \/>\n\t<meta property=\"og:image:type\" content=\"image\/jpeg\" \/>\n<meta name=\"twitter:card\" content=\"summary_large_image\" \/>\n<meta name=\"twitter:site\" content=\"@cranbourn_\" \/>\n<meta name=\"twitter:label1\" content=\"Dur\u00e9e de lecture estim\u00e9e\" \/>\n\t<meta name=\"twitter:data1\" content=\"9 minutes\" \/>\n<script type=\"application\/ld+json\" class=\"yoast-schema-graph\">{\"@context\":\"https:\\\/\\\/schema.org\",\"@graph\":[{\"@type\":\"WebPage\",\"@id\":\"https:\\\/\\\/press.cranbourn.com\\\/terms-conditions\\\/\",\"url\":\"https:\\\/\\\/press.cranbourn.com\\\/terms-conditions\\\/\",\"name\":\"Terms & Conditions - MEDIA ROOM\",\"isPartOf\":{\"@id\":\"https:\\\/\\\/press.cranbourn.com\\\/pl\\\/#website\"},\"primaryImageOfPage\":{\"@id\":\"https:\\\/\\\/press.cranbourn.com\\\/terms-conditions\\\/#primaryimage\"},\"image\":{\"@id\":\"https:\\\/\\\/press.cranbourn.com\\\/terms-conditions\\\/#primaryimage\"},\"thumbnailUrl\":\"https:\\\/\\\/press.cranbourn.com\\\/wp-content\\\/uploads\\\/avifenc\\\/2023\\\/08\\\/cranbourn-terms-conditions.avif\",\"datePublished\":\"2023-07-13T11:37:38+00:00\",\"dateModified\":\"2023-08-23T09:14:34+00:00\",\"breadcrumb\":{\"@id\":\"https:\\\/\\\/press.cranbourn.com\\\/terms-conditions\\\/#breadcrumb\"},\"inLanguage\":\"fr-FR\",\"potentialAction\":[{\"@type\":\"ReadAction\",\"target\":[\"https:\\\/\\\/press.cranbourn.com\\\/terms-conditions\\\/\"]}]},{\"@type\":\"ImageObject\",\"inLanguage\":\"fr-FR\",\"@id\":\"https:\\\/\\\/press.cranbourn.com\\\/terms-conditions\\\/#primaryimage\",\"url\":\"https:\\\/\\\/press.cranbourn.com\\\/wp-content\\\/uploads\\\/avifenc\\\/2023\\\/08\\\/cranbourn-terms-conditions.avif\",\"contentUrl\":\"https:\\\/\\\/press.cranbourn.com\\\/wp-content\\\/uploads\\\/avifenc\\\/2023\\\/08\\\/cranbourn-terms-conditions.avif\",\"width\":1800,\"height\":1012},{\"@type\":\"BreadcrumbList\",\"@id\":\"https:\\\/\\\/press.cranbourn.com\\\/terms-conditions\\\/#breadcrumb\",\"itemListElement\":[{\"@type\":\"ListItem\",\"position\":1,\"name\":\"CRANBOURN\u00ae\",\"item\":\"https:\\\/\\\/press.cranbourn.com\\\/fr\"},{\"@type\":\"ListItem\",\"position\":2,\"name\":\"Terms &#038; Conditions\"}]},{\"@type\":\"WebSite\",\"@id\":\"https:\\\/\\\/press.cranbourn.com\\\/pl\\\/#website\",\"url\":\"https:\\\/\\\/press.cranbourn.com\\\/pl\\\/\",\"name\":\"MEDIA ROOM\",\"description\":\"CRANBOURN\u00ae | Press &amp; Media Room. Contact a Member of the Team for the latest News, Press Releases and Media Downloads.\",\"publisher\":{\"@id\":\"https:\\\/\\\/press.cranbourn.com\\\/pl\\\/#organization\"},\"potentialAction\":[{\"@type\":\"SearchAction\",\"target\":{\"@type\":\"EntryPoint\",\"urlTemplate\":\"https:\\\/\\\/press.cranbourn.com\\\/pl\\\/?s={search_term_string}\"},\"query-input\":{\"@type\":\"PropertyValueSpecification\",\"valueRequired\":true,\"valueName\":\"search_term_string\"}}],\"inLanguage\":\"fr-FR\"},{\"@type\":\"Organization\",\"@id\":\"https:\\\/\\\/press.cranbourn.com\\\/pl\\\/#organization\",\"name\":\"MEDIA ROOM\",\"url\":\"https:\\\/\\\/press.cranbourn.com\\\/pl\\\/\",\"logo\":{\"@type\":\"ImageObject\",\"inLanguage\":\"fr-FR\",\"@id\":\"https:\\\/\\\/press.cranbourn.com\\\/pl\\\/#\\\/schema\\\/logo\\\/image\\\/\",\"url\":\"https:\\\/\\\/press.cranbourn.com\\\/wp-content\\\/uploads\\\/2023\\\/07\\\/logo.svg\",\"contentUrl\":\"https:\\\/\\\/press.cranbourn.com\\\/wp-content\\\/uploads\\\/2023\\\/07\\\/logo.svg\",\"width\":1,\"height\":1,\"caption\":\"MEDIA ROOM\"},\"image\":{\"@id\":\"https:\\\/\\\/press.cranbourn.com\\\/pl\\\/#\\\/schema\\\/logo\\\/image\\\/\"},\"sameAs\":[\"https:\\\/\\\/www.facebook.com\\\/cranbourn\\\/\",\"https:\\\/\\\/x.com\\\/cranbourn_\"]}]}<\/script>\n<!-- \/ Yoast SEO plugin. -->","yoast_head_json":{"title":"Conditions g\u00e9n\u00e9rales - SALLE M\u00c9DIA","robots":{"index":"index","follow":"follow","max-snippet":"max-snippet:-1","max-image-preview":"max-image-preview:large","max-video-preview":"max-video-preview:-1"},"canonical":"https:\/\/press.cranbourn.com\/fr\/conditions-generales\/","og_locale":"fr_FR","og_type":"article","og_title":"Terms & Conditions - MEDIA ROOM","og_description":"Thank you for visiting the CRANBOURN\u00ae\u00a0website at www.cranbourn.com (the \u201cSite\u201d). This document (together with the documents referred to in it) tells you the terms and conditions on which you may use the Site. If you do not wish to be bound by these terms and conditions, then you should not use the site. Use of [&hellip;]","og_url":"https:\/\/press.cranbourn.com\/fr\/conditions-generales\/","og_site_name":"MEDIA ROOM","article_publisher":"https:\/\/www.facebook.com\/cranbourn\/","article_modified_time":"2023-08-23T09:14:34+00:00","og_image":[{"width":1800,"height":1012,"url":"https:\/\/press.cranbourn.com\/wp-content\/uploads\/2023\/08\/cranbourn-terms-conditions.jpg","type":"image\/jpeg"}],"twitter_card":"summary_large_image","twitter_site":"@cranbourn_","twitter_misc":{"Dur\u00e9e de lecture estim\u00e9e":"9 minutes"},"schema":{"@context":"https:\/\/schema.org","@graph":[{"@type":"WebPage","@id":"https:\/\/press.cranbourn.com\/terms-conditions\/","url":"https:\/\/press.cranbourn.com\/terms-conditions\/","name":"Conditions g\u00e9n\u00e9rales - SALLE M\u00c9DIA","isPartOf":{"@id":"https:\/\/press.cranbourn.com\/pl\/#website"},"primaryImageOfPage":{"@id":"https:\/\/press.cranbourn.com\/terms-conditions\/#primaryimage"},"image":{"@id":"https:\/\/press.cranbourn.com\/terms-conditions\/#primaryimage"},"thumbnailUrl":"https:\/\/press.cranbourn.com\/wp-content\/uploads\/avifenc\/2023\/08\/cranbourn-terms-conditions.avif","datePublished":"2023-07-13T11:37:38+00:00","dateModified":"2023-08-23T09:14:34+00:00","breadcrumb":{"@id":"https:\/\/press.cranbourn.com\/terms-conditions\/#breadcrumb"},"inLanguage":"fr-FR","potentialAction":[{"@type":"ReadAction","target":["https:\/\/press.cranbourn.com\/terms-conditions\/"]}]},{"@type":"ImageObject","inLanguage":"fr-FR","@id":"https:\/\/press.cranbourn.com\/terms-conditions\/#primaryimage","url":"https:\/\/press.cranbourn.com\/wp-content\/uploads\/avifenc\/2023\/08\/cranbourn-terms-conditions.avif","contentUrl":"https:\/\/press.cranbourn.com\/wp-content\/uploads\/avifenc\/2023\/08\/cranbourn-terms-conditions.avif","width":1800,"height":1012},{"@type":"BreadcrumbList","@id":"https:\/\/press.cranbourn.com\/terms-conditions\/#breadcrumb","itemListElement":[{"@type":"ListItem","position":1,"name":"CRANBOURN\u00ae","item":"https:\/\/press.cranbourn.com\/fr"},{"@type":"ListItem","position":2,"name":"Terms &#038; Conditions"}]},{"@type":"WebSite","@id":"https:\/\/press.cranbourn.com\/pl\/#website","url":"https:\/\/press.cranbourn.com\/pl\/","name":"SALLE DES M\u00c9DIAS","description":"CRANBOURN\u00ae | Salle de presse et m\u00e9dias. Contactez un membre de l&#039;\u00e9quipe pour les derni\u00e8res nouvelles, communiqu\u00e9s de presse et t\u00e9l\u00e9chargements de m\u00e9dias.","publisher":{"@id":"https:\/\/press.cranbourn.com\/pl\/#organization"},"potentialAction":[{"@type":"SearchAction","target":{"@type":"EntryPoint","urlTemplate":"https:\/\/press.cranbourn.com\/pl\/?s={search_term_string}"},"query-input":{"@type":"PropertyValueSpecification","valueRequired":true,"valueName":"search_term_string"}}],"inLanguage":"fr-FR"},{"@type":"Organization","@id":"https:\/\/press.cranbourn.com\/pl\/#organization","name":"SALLE DES M\u00c9DIAS","url":"https:\/\/press.cranbourn.com\/pl\/","logo":{"@type":"ImageObject","inLanguage":"fr-FR","@id":"https:\/\/press.cranbourn.com\/pl\/#\/schema\/logo\/image\/","url":"https:\/\/press.cranbourn.com\/wp-content\/uploads\/2023\/07\/logo.svg","contentUrl":"https:\/\/press.cranbourn.com\/wp-content\/uploads\/2023\/07\/logo.svg","width":1,"height":1,"caption":"MEDIA ROOM"},"image":{"@id":"https:\/\/press.cranbourn.com\/pl\/#\/schema\/logo\/image\/"},"sameAs":["https:\/\/www.facebook.com\/cranbourn\/","https:\/\/x.com\/cranbourn_"]}]}},"jetpack_sharing_enabled":true,"_links":{"self":[{"href":"https:\/\/press.cranbourn.com\/fr\/wp-json\/wp\/v2\/pages\/3","targetHints":{"allow":["GET"]}}],"collection":[{"href":"https:\/\/press.cranbourn.com\/fr\/wp-json\/wp\/v2\/pages"}],"about":[{"href":"https:\/\/press.cranbourn.com\/fr\/wp-json\/wp\/v2\/types\/page"}],"author":[{"embeddable":true,"href":"https:\/\/press.cranbourn.com\/fr\/wp-json\/wp\/v2\/users\/13"}],"replies":[{"embeddable":true,"href":"https:\/\/press.cranbourn.com\/fr\/wp-json\/wp\/v2\/comments?post=3"}],"version-history":[{"count":0,"href":"https:\/\/press.cranbourn.com\/fr\/wp-json\/wp\/v2\/pages\/3\/revisions"}],"wp:featuredmedia":[{"embeddable":true,"href":"https:\/\/press.cranbourn.com\/fr\/wp-json\/wp\/v2\/media\/911"}],"wp:attachment":[{"href":"https:\/\/press.cranbourn.com\/fr\/wp-json\/wp\/v2\/media?parent=3"}],"curies":[{"name":"wp","href":"https:\/\/api.w.org\/{rel}","templated":true}]}}