{"id":920,"date":"2023-08-24T07:45:29","date_gmt":"2023-08-24T06:45:29","guid":{"rendered":"https:\/\/press.cranbourn.com\/?page_id=920"},"modified":"2023-09-04T13:09:39","modified_gmt":"2023-09-04T12:09:39","slug":"cranbourn-brand-assets-digitaalisen-median-politiikka","status":"publish","type":"page","link":"https:\/\/press.cranbourn.com\/fi\/cranbourn-brand-assets-digital-media-policy\/","title":{"rendered":"Brand Assets &amp; Digital Media Policy"},"content":{"rendered":"\r\n<p>This is a licence agreement between you and CRANBOURN<sup>\u00ae<\/sup> that explains how you or your company can use photos, illustrations, vectors, and video clips (individually and collectively, \u201ccontent\u201d) that you download and license from CRANBOURN<sup>\u00ae<\/sup>. By downloading content from CRANBOURN<sup>\u00ae<\/sup>, you accept the terms of this agreement.<\/p>\r\n<p>You may use licensed content in any way consistent with the rights granted below and not restricted (see Restricted Uses below). Subject to those restrictions and the rest of the terms of this agreement.<\/p>\r\n<p>For purposes of this agreement, \u201cuse\u201d means to copy, reproduce, modify, edit, synchronise, perform, display, broadcast, publish or otherwise make use of the Licensed Material. Please make sure you read the Restricted Uses section below for exceptions.<\/p>\r\n<h2 class=\"wp-block-heading\">1. Restricted Uses:<\/h2>\r\n<p><u>No Unlawful Use.<\/u><br \/>You may not use content in a pornographic, defamatory, or other unlawful manner to promote violence or hatred or in violation of any applicable regulations (including for sports content, any restrictions or credentials issued by a sports league or governing body) or industry codes.<\/p>\r\n<p><u>No Alteration of Editorial Content.<\/u><br \/>Content marked \u201ceditorial\u201d or \u201cintended for editorial\u201d may be cropped or otherwise edited for technical quality, provided that the editorial integrity of the content is not compromised, but you may not otherwise alter the content.<\/p>\r\n<p><u>No Standalone File Use.<\/u><br \/>You may not use content in any way that allows others to download, extract or redistribute content as a standalone file (meaning just the content file itself, separate from the project or end use).<\/p>\r\n<p><u>No False Representation of Authorship.<\/u><br \/>You may not falsely represent that you are the original creator of a work that is made up largely of licensed content. For instance, you cannot create artwork based solely on licensed content and claim that you are the author.<\/p>\r\n<p><u>No Commercial Use of Editorial Content.<\/u><br \/>Unless explicitly authorised in a CRANBOURN<sup>\u00ae<\/sup>, you may not use content marked \u201ceditorial\u201d or \u201cintended for editorial\u201d for any commercial, promotional, advertorial, endorsement, advertising, gambling\/betting\/gaming uses, or merchandising purposes. This type of content is primarily intended to be used for editorial purposes, meaning descriptive purposes such as news reporting and discussion of current events or other human-interest topics.<\/p>\r\n<p><u>No \u2018On Demand\u2019 Products.<\/u><br \/>Unless explicitly authorised by CRANBOURN<sup>\u00ae<\/sup>, you may not use content in connection with \u201con-demand\u201d products (e.g., products in which a licensed image is selected by a third party for customisation of such product on a made-to-order basis), including, without limitation, postcards, mugs, t-shirts, calendars, posters, screensavers or wallpapers on mobile telephones, or similar items, this includes the sale of products through custom designed websites.<\/p>\r\n<p><u>No Electronic Templates.<\/u><br \/>Unless explicitly authorised by CRANBOURN<sup>\u00ae<\/sup>, you may not use content in electronic or digital templates intended for resale or other distribution (for example, website templates, business card templates, electronic greeting card templates, and brochure design templates).<\/p>\r\n<p><u>No Use in Trademark or Logo.<\/u><br \/>Unless explicitly authorised by CRANBOURN<sup>\u00ae<\/sup>, you may not use content (in whole or in part) as the distinctive or distinguishing feature of a trademark, design mark, tradename, business name, service mark, or logo. Additionally, you shall not be entitled to register (in any jurisdiction) such content (in whole or in part) as a trademark or rely on any such registrations, prior use, and\/or accrued goodwill to prevent any third-party use of the content or any similar content (including by us, our customers, or the copyright owner of such content).<\/p>\r\n<p><u>No Machine Learning, AI, or Biometric Technology Use.<\/u><br \/>Unless explicitly authorised by CRANBOURN<sup>\u00ae<\/sup>, you may not use content (including any caption information, keywords or other metadata associated with content) for any machine learning and\/or artificial intelligence purposes, or for any technologies designed or intended for the identification of natural persons.<\/p>\r\n<p><u>No Metadata Exploitation.<\/u><br \/>Unless expressly authorised by CRANBOURN<sup>\u00ae<\/sup>, you may not use the caption information, keywords, accompanying text, or other metadata associated with content separate and apart from the content, or allow any third parties to access or use any such information associated with the content.<\/p>\r\n<p><u>No NFT Use of Editorial Content or Rights-Ready Video Content.<\/u><br \/>Unless explicitly authorised by CRANBOURN<sup>\u00ae<\/sup>, you may not use any items of content marked \u201ceditorial\u201d or \u201cintended for editorial\u201d or any rights-ready video content in connection with an immutable digital asset intended for sale or other distribution.<\/p>\r\n<h2>2. Intellectual Property Rights.<\/h2>\r\n<p>All the licensed content is owned by either CRANBOURN<sup>\u00ae<\/sup> or its content suppliers. CRANBOURN<sup>\u00ae<\/sup> and the content suppliers reserve all rights not expressly granted in this agreement. You may not assert any right to revenue from a collecting society, social media website, content-sharing platform or any other third-party regarding photocopying, digital copying, sharing, distribution or other secondary uses of the licensed content.<\/p>\r\n<h2>2.1 Attribution:<\/h2>\r\n<p>If you use content for editorial or academic purposes, you must include a credit adjacent to the content or in production credits. The credit should be in the following form or as otherwise stipulated in the caption information accompanying the content on the CRANBOURN<sup>\u00ae<\/sup> website: \u201c[Photographer Name]\/ [Collection Name] via CRANBOURN<sup>\u00ae<\/sup>.\u201d<\/p>\r\n<p>If licensed content is used in an audio\/visual production where credits are accorded to other providers of licensed material, you must include a credit in comparable size and placement. The credit should be in the following form or as otherwise stipulated in the caption information accompanying the content on the CRANBOURN<sup>\u00ae<\/sup> website: \u201c[Video] [Imagery] supplied by [Artist Name]\/[Collection Name] via CRANBOURN<sup>\u00ae<\/sup>.\u201d<\/p>\r\n<p>You may use the name of CRANBOURN<sup>\u00ae<\/sup> and\/or its content suppliers as necessary to give attribution. Still, you may not otherwise use their names, logos, or trademarks without prior written approval.<\/p>\r\n<h2>2.2 Termination\/Cancellation\/Withdrawal:<\/h2>\r\n<p>CRANBOURN<sup>\u00ae<\/sup> may terminate this agreement at any time if you breach any of the terms of this or any other agreement with CRANBOURN<sup>\u00ae<\/sup>, in which case you must immediately: cease using the content , delete or destroy any copies ,and, if requested, confirm to CRANBOURN<sup>\u00ae<\/sup> in writing that you have complied with these requirements.<\/p>\r\n<p>Social Media Termination. If you use the content on a social media platform or other third-party website and the platform or website uses (or announces that it plans to use) the content for its own purpose or in a way that is contrary to this agreement, the rights granted for such use shall immediately terminate, and in that event, upon CRANBOURN<sup>\u00ae<\/sup>s request, you agree to remove any content from such platform or website.<\/p>\r\n<h2>3. General Provisions.<\/h2>\r\n<h2>3.1 Assignment:<\/h2>\r\n<p>This agreement is personal to you and is not assignable by you without CRANBOURN<sup>\u00ae<\/sup>\u2019s prior written consent. CRANBOURN<sup>\u00ae<\/sup> may assign this agreement, without notice or consent, to any corporate affiliate or to any successor in interest, provided that such entity agrees to be bound by these terms.<\/p>\r\n<h2>3.2 Audit:<\/h2>\r\n<p>Upon reasonable notice, you agree to provide CRANBOURN<sup>\u00ae<\/sup> sample copies of projects or end uses that contain licensed content, including by providing CRANBOURN<sup>\u00ae<\/sup> with free-of-charge access to any pay-walled or otherwise restricted access website or platform where content is reproduced. In addition, upon reasonable notice, CRANBOURN<sup>\u00ae<\/sup> may, at its discretion, either through its own employees or through a third party, audit your records directly related to this agreement and your use of licensed content to verify compliance with the terms of this agreement.<\/p>\r\n<h2>3.3 Electronic storage:<\/h2>\r\n<p>You agree to retain the copyright symbol, the name of CRANBOURN<sup>\u00ae<\/sup>, the content\u2019s identification number and any other information or metadata that may be embedded in the electronic file containing the original content and to maintain appropriate security to protect the content from unauthorised use by third parties. You may make one (1) copy of the content for backup purposes.<\/p>\r\n<h2>3.4 Governing Law\/Arbitration.<\/h2>\r\n<p>The laws of England &amp; Wales in the United Kingdom will govern this agreement. Any disputes arising from or related to this agreement shall be finally settled by binding, confidential arbitration by a single arbitrator selected using the rules and procedures for arbitrator selection under i) if you are in North America: the JAMS\u2019 Expedited Procedures in its Comprehensive Arbitration Rules and Procedures (\u201cJAMS\u201d); or ii) if you are outside of North America: the International Centre for Dispute Resolution (\u201cICDR\u201d) or JAMS (the applicable rules to be at your discretion), in effect on the date of the commencement of arbitration to be held in one of the following jurisdictions (whichever is closest to you): New York, New York; London, England; Paris, France; Munich, Germany; Madrid, Spain; Milan, Italy; Sydney, Australia; Tokyo, Japan; or Singapore. The arbitration proceedings shall be conducted in English, and all documentation shall be presented and filed in English. The arbitrator&#8217;s decision shall be final and binding on the parties, and judgement may be entered on the arbitration award and enforced by any court of competent jurisdiction. The United Nations Convention on Contracts for the International Sale of Goods does not govern this agreement. The prevailing party shall be entitled to recover its reasonable legal costs, including legal fees relating to that aspect of its claim or defence on which it prevails, and any opposing costs awards shall be offset. Notwithstanding the foregoing, CRANBOURN<sup>\u00ae<\/sup> shall have the right to commence and prosecute any legal or equitable action or proceeding before any court of competent jurisdiction to obtain injunctive or other relief against you in the event that, in the opinion of CRANBOURN<sup>\u00ae<\/sup>, such action is necessary or desirable to protect CRANBOURN<sup>\u00ae<\/sup>\u2019S intellectual property rights. The parties agree that, notwithstanding any otherwise applicable statute(s) of limitation, any arbitration proceeding shall be commenced within two years of the acts, events or occurrences giving rise to the claim.<\/p>\r\n<h2>3.5 Severability:<\/h2>\r\n<p>If one or more of the provisions in this agreement is found to be invalid, illegal, or unenforceable in any respect, the validity, legality, and enforceability of the remaining provisions should not be affected. Such provisions should be revised only to the extent necessary to make them enforceable.<\/p>\r\n<h2>3.6 Waiver:<\/h2>\r\n<p>No action of either party, other than express written waiver, may be construed as a waiver of any provision of this agreement.<\/p>\r\n<p>The user failed to comply with the Guidelines or these Terms and Conditions; and\/or any comment submitted by the user account was deemed inappropriate.<\/p>\r\n<h2>3.7 Entire Agreement:<\/h2>\r\n<p>No terms or conditions of this agreement may be added or deleted unless made in writing and accepted in writing by both parties or issued electronically by CRANBOURN<sup>\u00ae<\/sup> and accepted by you. In the event of any inconsistency between the terms of this agreement and the terms contained on any purchase order sent by you, the terms of this agreement will apply. Notice. All notices required to be sent to CRANBOURN<sup>\u00ae<\/sup> under this agreement should be sent via email to enquiries@cranbourn.com. All notices to you will be sent via email to the email set out in your account.<\/p>\r\n","protected":false},"excerpt":{"rendered":"<p>This is a licence agreement between you and CRANBOURN\u00ae that explains how you or your company can use photos, illustrations, vectors, and video clips (individually and collectively, \u201ccontent\u201d) that you download and license from CRANBOURN\u00ae. By downloading content from CRANBOURN\u00ae, you accept the terms of this agreement. You may use licensed content in any way [&hellip;]<\/p>\n","protected":false},"author":2,"featured_media":916,"parent":0,"menu_order":0,"comment_status":"closed","ping_status":"closed","template":"template-term-condition.php","meta":{"_acf_changed":false,"content-type":"","footnotes":""},"class_list":["post-920","page","type-page","status-publish","has-post-thumbnail","hentry"],"acf":[],"yoast_head":"<!-- This site is optimized with the Yoast SEO plugin v27.3 - https:\/\/yoast.com\/product\/yoast-seo-wordpress\/ -->\n<title>Brand Assets &amp; Digital Media Policy - MEDIA ROOM<\/title>\n<meta name=\"robots\" content=\"index, follow, max-snippet:-1, max-image-preview:large, max-video-preview:-1\" \/>\n<link rel=\"canonical\" href=\"https:\/\/press.cranbourn.com\/fi\/cranbourn-brand-assets-digitaalisen-median-politiikka\/\" \/>\n<meta property=\"og:locale\" content=\"fi_FI\" \/>\n<meta property=\"og:type\" content=\"article\" \/>\n<meta property=\"og:title\" content=\"Brand Assets &amp; Digital Media Policy - MEDIA ROOM\" \/>\n<meta property=\"og:description\" content=\"This is a licence agreement between you and CRANBOURN\u00ae that explains how you or your company can use photos, illustrations, vectors, and video clips (individually and collectively, \u201ccontent\u201d) that you download and license from CRANBOURN\u00ae. By downloading content from CRANBOURN\u00ae, you accept the terms of this agreement. You may use licensed content in any way [&hellip;]\" \/>\n<meta property=\"og:url\" content=\"https:\/\/press.cranbourn.com\/fi\/cranbourn-brand-assets-digitaalisen-median-politiikka\/\" \/>\n<meta property=\"og:site_name\" content=\"MEDIA ROOM\" \/>\n<meta property=\"article:publisher\" content=\"https:\/\/www.facebook.com\/cranbourn\/\" \/>\n<meta property=\"article:modified_time\" content=\"2023-09-04T12:09:39+00:00\" \/>\n<meta property=\"og:image\" content=\"https:\/\/press.cranbourn.com\/wp-content\/uploads\/2023\/08\/AdobeStock_162997545-scaled.jpeg\" \/>\n\t<meta property=\"og:image:width\" content=\"2560\" \/>\n\t<meta property=\"og:image:height\" content=\"1707\" \/>\n\t<meta property=\"og:image:type\" content=\"image\/jpeg\" \/>\n<meta name=\"twitter:card\" content=\"summary_large_image\" \/>\n<meta name=\"twitter:site\" content=\"@cranbourn_\" \/>\n<meta name=\"twitter:label1\" content=\"Arvioitu lukuaika\" \/>\n\t<meta name=\"twitter:data1\" content=\"8 minuuttia\" \/>\n<script type=\"application\/ld+json\" class=\"yoast-schema-graph\">{\"@context\":\"https:\\\/\\\/schema.org\",\"@graph\":[{\"@type\":\"WebPage\",\"@id\":\"https:\\\/\\\/press.cranbourn.com\\\/hu\\\/cranbourn-brand-assets-digital-media-policy\\\/\",\"url\":\"https:\\\/\\\/press.cranbourn.com\\\/hu\\\/cranbourn-brand-assets-digital-media-policy\\\/\",\"name\":\"Brand Assets & Digital Media Policy - MEDIA ROOM\",\"isPartOf\":{\"@id\":\"https:\\\/\\\/press.cranbourn.com\\\/pl\\\/#website\"},\"primaryImageOfPage\":{\"@id\":\"https:\\\/\\\/press.cranbourn.com\\\/hu\\\/cranbourn-brand-assets-digital-media-policy\\\/#primaryimage\"},\"image\":{\"@id\":\"https:\\\/\\\/press.cranbourn.com\\\/hu\\\/cranbourn-brand-assets-digital-media-policy\\\/#primaryimage\"},\"thumbnailUrl\":\"https:\\\/\\\/press.cranbourn.com\\\/wp-content\\\/uploads\\\/avifenc\\\/2023\\\/08\\\/AdobeStock_162997545-scaled.avif\",\"datePublished\":\"2023-08-24T06:45:29+00:00\",\"dateModified\":\"2023-09-04T12:09:39+00:00\",\"breadcrumb\":{\"@id\":\"https:\\\/\\\/press.cranbourn.com\\\/hu\\\/cranbourn-brand-assets-digital-media-policy\\\/#breadcrumb\"},\"inLanguage\":\"fi\",\"potentialAction\":[{\"@type\":\"ReadAction\",\"target\":[\"https:\\\/\\\/press.cranbourn.com\\\/hu\\\/cranbourn-brand-assets-digital-media-policy\\\/\"]}]},{\"@type\":\"ImageObject\",\"inLanguage\":\"fi\",\"@id\":\"https:\\\/\\\/press.cranbourn.com\\\/hu\\\/cranbourn-brand-assets-digital-media-policy\\\/#primaryimage\",\"url\":\"https:\\\/\\\/press.cranbourn.com\\\/wp-content\\\/uploads\\\/avifenc\\\/2023\\\/08\\\/AdobeStock_162997545-scaled.avif\",\"contentUrl\":\"https:\\\/\\\/press.cranbourn.com\\\/wp-content\\\/uploads\\\/avifenc\\\/2023\\\/08\\\/AdobeStock_162997545-scaled.avif\",\"width\":2560,\"height\":1707,\"caption\":\"selective focus of the stacking magazine place on table in living room\"},{\"@type\":\"BreadcrumbList\",\"@id\":\"https:\\\/\\\/press.cranbourn.com\\\/hu\\\/cranbourn-brand-assets-digital-media-policy\\\/#breadcrumb\",\"itemListElement\":[{\"@type\":\"ListItem\",\"position\":1,\"name\":\"CRANBOURN\u00ae\",\"item\":\"https:\\\/\\\/press.cranbourn.com\\\/fi\"},{\"@type\":\"ListItem\",\"position\":2,\"name\":\"Brand Assets &#038; Digital Media Policy\"}]},{\"@type\":\"WebSite\",\"@id\":\"https:\\\/\\\/press.cranbourn.com\\\/pl\\\/#website\",\"url\":\"https:\\\/\\\/press.cranbourn.com\\\/pl\\\/\",\"name\":\"MEDIA ROOM\",\"description\":\"CRANBOURN\u00ae | Press &amp; Media Room. Contact a Member of the Team for the latest News, Press Releases and Media Downloads.\",\"publisher\":{\"@id\":\"https:\\\/\\\/press.cranbourn.com\\\/pl\\\/#organization\"},\"potentialAction\":[{\"@type\":\"SearchAction\",\"target\":{\"@type\":\"EntryPoint\",\"urlTemplate\":\"https:\\\/\\\/press.cranbourn.com\\\/pl\\\/?s={search_term_string}\"},\"query-input\":{\"@type\":\"PropertyValueSpecification\",\"valueRequired\":true,\"valueName\":\"search_term_string\"}}],\"inLanguage\":\"fi\"},{\"@type\":\"Organization\",\"@id\":\"https:\\\/\\\/press.cranbourn.com\\\/pl\\\/#organization\",\"name\":\"MEDIA ROOM\",\"url\":\"https:\\\/\\\/press.cranbourn.com\\\/pl\\\/\",\"logo\":{\"@type\":\"ImageObject\",\"inLanguage\":\"fi\",\"@id\":\"https:\\\/\\\/press.cranbourn.com\\\/pl\\\/#\\\/schema\\\/logo\\\/image\\\/\",\"url\":\"https:\\\/\\\/press.cranbourn.com\\\/wp-content\\\/uploads\\\/2023\\\/07\\\/logo.svg\",\"contentUrl\":\"https:\\\/\\\/press.cranbourn.com\\\/wp-content\\\/uploads\\\/2023\\\/07\\\/logo.svg\",\"width\":1,\"height\":1,\"caption\":\"MEDIA ROOM\"},\"image\":{\"@id\":\"https:\\\/\\\/press.cranbourn.com\\\/pl\\\/#\\\/schema\\\/logo\\\/image\\\/\"},\"sameAs\":[\"https:\\\/\\\/www.facebook.com\\\/cranbourn\\\/\",\"https:\\\/\\\/x.com\\\/cranbourn_\"]}]}<\/script>\n<!-- \/ Yoast SEO plugin. -->","yoast_head_json":{"title":"Brand Assets &amp; Digital Media Policy - MEDIA ROOM","robots":{"index":"index","follow":"follow","max-snippet":"max-snippet:-1","max-image-preview":"max-image-preview:large","max-video-preview":"max-video-preview:-1"},"canonical":"https:\/\/press.cranbourn.com\/fi\/cranbourn-brand-assets-digitaalisen-median-politiikka\/","og_locale":"fi_FI","og_type":"article","og_title":"Brand Assets & Digital Media Policy - MEDIA ROOM","og_description":"This is a licence agreement between you and CRANBOURN\u00ae that explains how you or your company can use photos, illustrations, vectors, and video clips (individually and collectively, \u201ccontent\u201d) that you download and license from CRANBOURN\u00ae. By downloading content from CRANBOURN\u00ae, you accept the terms of this agreement. You may use licensed content in any way [&hellip;]","og_url":"https:\/\/press.cranbourn.com\/fi\/cranbourn-brand-assets-digitaalisen-median-politiikka\/","og_site_name":"MEDIA ROOM","article_publisher":"https:\/\/www.facebook.com\/cranbourn\/","article_modified_time":"2023-09-04T12:09:39+00:00","og_image":[{"width":2560,"height":1707,"url":"https:\/\/press.cranbourn.com\/wp-content\/uploads\/2023\/08\/AdobeStock_162997545-scaled.jpeg","type":"image\/jpeg"}],"twitter_card":"summary_large_image","twitter_site":"@cranbourn_","twitter_misc":{"Arvioitu lukuaika":"8 minuuttia"},"schema":{"@context":"https:\/\/schema.org","@graph":[{"@type":"WebPage","@id":"https:\/\/press.cranbourn.com\/hu\/cranbourn-brand-assets-digital-media-policy\/","url":"https:\/\/press.cranbourn.com\/hu\/cranbourn-brand-assets-digital-media-policy\/","name":"Brand Assets &amp; Digital Media Policy - MEDIA ROOM","isPartOf":{"@id":"https:\/\/press.cranbourn.com\/pl\/#website"},"primaryImageOfPage":{"@id":"https:\/\/press.cranbourn.com\/hu\/cranbourn-brand-assets-digital-media-policy\/#primaryimage"},"image":{"@id":"https:\/\/press.cranbourn.com\/hu\/cranbourn-brand-assets-digital-media-policy\/#primaryimage"},"thumbnailUrl":"https:\/\/press.cranbourn.com\/wp-content\/uploads\/avifenc\/2023\/08\/AdobeStock_162997545-scaled.avif","datePublished":"2023-08-24T06:45:29+00:00","dateModified":"2023-09-04T12:09:39+00:00","breadcrumb":{"@id":"https:\/\/press.cranbourn.com\/hu\/cranbourn-brand-assets-digital-media-policy\/#breadcrumb"},"inLanguage":"fi","potentialAction":[{"@type":"ReadAction","target":["https:\/\/press.cranbourn.com\/hu\/cranbourn-brand-assets-digital-media-policy\/"]}]},{"@type":"ImageObject","inLanguage":"fi","@id":"https:\/\/press.cranbourn.com\/hu\/cranbourn-brand-assets-digital-media-policy\/#primaryimage","url":"https:\/\/press.cranbourn.com\/wp-content\/uploads\/avifenc\/2023\/08\/AdobeStock_162997545-scaled.avif","contentUrl":"https:\/\/press.cranbourn.com\/wp-content\/uploads\/avifenc\/2023\/08\/AdobeStock_162997545-scaled.avif","width":2560,"height":1707,"caption":"selective focus of the stacking magazine place on table in living room"},{"@type":"BreadcrumbList","@id":"https:\/\/press.cranbourn.com\/hu\/cranbourn-brand-assets-digital-media-policy\/#breadcrumb","itemListElement":[{"@type":"ListItem","position":1,"name":"CRANBOURN\u00ae","item":"https:\/\/press.cranbourn.com\/fi"},{"@type":"ListItem","position":2,"name":"Brand Assets &#038; Digital Media Policy"}]},{"@type":"WebSite","@id":"https:\/\/press.cranbourn.com\/pl\/#website","url":"https:\/\/press.cranbourn.com\/pl\/","name":"MEDIAHUONE","description":"CRANBOURN\u00ae | Lehdist\u00f6- ja mediahuone. Ota yhteytt\u00e4 tiimin j\u00e4seneen saadaksesi viimeisimm\u00e4t uutiset, lehdist\u00f6tiedotteet ja medialataukset.","publisher":{"@id":"https:\/\/press.cranbourn.com\/pl\/#organization"},"potentialAction":[{"@type":"SearchAction","target":{"@type":"EntryPoint","urlTemplate":"https:\/\/press.cranbourn.com\/pl\/?s={search_term_string}"},"query-input":{"@type":"PropertyValueSpecification","valueRequired":true,"valueName":"search_term_string"}}],"inLanguage":"fi"},{"@type":"Organization","@id":"https:\/\/press.cranbourn.com\/pl\/#organization","name":"MEDIAHUONE","url":"https:\/\/press.cranbourn.com\/pl\/","logo":{"@type":"ImageObject","inLanguage":"fi","@id":"https:\/\/press.cranbourn.com\/pl\/#\/schema\/logo\/image\/","url":"https:\/\/press.cranbourn.com\/wp-content\/uploads\/2023\/07\/logo.svg","contentUrl":"https:\/\/press.cranbourn.com\/wp-content\/uploads\/2023\/07\/logo.svg","width":1,"height":1,"caption":"MEDIA ROOM"},"image":{"@id":"https:\/\/press.cranbourn.com\/pl\/#\/schema\/logo\/image\/"},"sameAs":["https:\/\/www.facebook.com\/cranbourn\/","https:\/\/x.com\/cranbourn_"]}]}},"jetpack_sharing_enabled":true,"_links":{"self":[{"href":"https:\/\/press.cranbourn.com\/fi\/wp-json\/wp\/v2\/pages\/920","targetHints":{"allow":["GET"]}}],"collection":[{"href":"https:\/\/press.cranbourn.com\/fi\/wp-json\/wp\/v2\/pages"}],"about":[{"href":"https:\/\/press.cranbourn.com\/fi\/wp-json\/wp\/v2\/types\/page"}],"author":[{"embeddable":true,"href":"https:\/\/press.cranbourn.com\/fi\/wp-json\/wp\/v2\/users\/2"}],"replies":[{"embeddable":true,"href":"https:\/\/press.cranbourn.com\/fi\/wp-json\/wp\/v2\/comments?post=920"}],"version-history":[{"count":1,"href":"https:\/\/press.cranbourn.com\/fi\/wp-json\/wp\/v2\/pages\/920\/revisions"}],"predecessor-version":[{"id":921,"href":"https:\/\/press.cranbourn.com\/fi\/wp-json\/wp\/v2\/pages\/920\/revisions\/921"}],"wp:featuredmedia":[{"embeddable":true,"href":"https:\/\/press.cranbourn.com\/fi\/wp-json\/wp\/v2\/media\/916"}],"wp:attachment":[{"href":"https:\/\/press.cranbourn.com\/fi\/wp-json\/wp\/v2\/media?parent=920"}],"curies":[{"name":"wp","href":"https:\/\/api.w.org\/{rel}","templated":true}]}}