{"id":3,"date":"2023-07-13T12:37:38","date_gmt":"2023-07-13T11:37:38","guid":{"rendered":"https:\/\/presscranbourn.wpengine.com\/?page_id=3"},"modified":"2023-08-23T10:14:34","modified_gmt":"2023-08-23T09:14:34","slug":"ehdot-ehdot","status":"publish","type":"page","link":"https:\/\/press.cranbourn.com\/fi\/terms-conditions\/","title":{"rendered":"k\u00e4ytt\u00f6ehdot"},"content":{"rendered":"<p>Kiitos vierailustasi CRANBOURN:ss\u00e4<sup>\u00ae<\/sup>\u00a0verkkosivusto osoitteessa www.cranbourn.com (&quot;sivusto&quot;). T\u00e4m\u00e4 asiakirja (yhdess\u00e4 siin\u00e4 mainittujen asiakirjojen kanssa) kertoo sinulle ehdot, joilla voit k\u00e4ytt\u00e4\u00e4 Sivustoa.<\/p>\r\n<p>Jos et halua noudattaa n\u00e4it\u00e4 ehtoja, sinun ei tule k\u00e4ytt\u00e4\u00e4 sivustoa. Sivuston k\u00e4yt\u00f6n katsotaan hyv\u00e4ksyv\u00e4n n\u00e4m\u00e4 ehdot.<\/p>\r\n<p>Saatamme muuttaa n\u00e4it\u00e4 ehtoja ajoittain, joten tarkista ne aina, kun vierailet sivustolla. Sinun tulee tallentaa kopio n\u00e4ist\u00e4 k\u00e4ytt\u00f6ehdoista my\u00f6hemp\u00e4\u00e4 k\u00e4ytt\u00f6\u00e4 varten.<\/p>\r\n<h2 class=\"wp-block-heading\">1. MEIST\u00c4:<\/h2>\r\n<p>Sivustoa ja sovellusta yll\u00e4pit\u00e4\u00e4 CRANBOURN (Holdings) Limited, Englannissa ja Walesissa rekister\u00f6ity yritys numerolla 11692479, jonka rekister\u00f6ity kotipaikka on 1 The Green, Richmond, Surrey, TW9 1PL.<\/p>\r\n<p>ALV-numeromme on GB 311 7674 14. Voit ottaa meihin yhteytt\u00e4 k\u00e4ytt\u00e4m\u00e4ll\u00e4 seuraavaa s\u00e4hk\u00f6postiosoitetta:\u00a0<a href=\"mailto:enquiries@cranbourn.com\">enquiries@cranbourn.com<\/a>.<\/p>\r\n<h2>2. SIVUSTON JA\/TAI SOVELLUKSEN K\u00c4YTT\u00d6<\/h2>\r\n<p>Voit k\u00e4ytt\u00e4\u00e4 Sivustoa vain henkil\u00f6kohtaiseen k\u00e4ytt\u00f6\u00f6n. Sivuston kaupallinen k\u00e4ytt\u00f6 on ehdottomasti kielletty. Sinulla on lupa tulostaa yksitt\u00e4isi\u00e4 verkkosivuja satunnaisesti edellytt\u00e4en, ett\u00e4 et tulosta koko Sivustoa tai huomattavaa osaa siit\u00e4 ja ett\u00e4 Sivustolla olevia tavaramerkkej\u00e4 ja immateriaalioikeuksia koskevia huomautuksia ei poisteta.<\/p>\r\n<p>Ellei n\u00e4iss\u00e4 k\u00e4ytt\u00f6ehdoissa toisin mainita, et saa (suoraan tai ep\u00e4suorasti) (i) kopioida, ladata, tallentaa, asettaa saataville, jakaa, myyd\u00e4 tai tarjota myyt\u00e4v\u00e4ksi kaikkea sis\u00e4lt\u00f6\u00e4 tai sivustoa tai sovellusta tai sen osaa, tai (ii) ladata tai muuten kopioida mit\u00e4 tahansa sis\u00e4lt\u00f6\u00e4, tiedostoja tai tietoja Sivustolta luodakseen tai t\u00e4ytt\u00e4\u00e4kseen mink\u00e4 tahansa tietokannan tai julkaisun.<\/p>\r\n<h2>3. REKISTER\u00d6INTI<\/h2>\r\n<p>Et saa rekister\u00f6id\u00e4 useampaa kuin yht\u00e4 tili\u00e4.<\/p>\r\n<p>Sinun on oltava v\u00e4hint\u00e4\u00e4n 18-vuotias rekister\u00f6ity\u00e4ksesi ja l\u00e4hett\u00e4\u00e4ksesi kommentteja tai valokuvia Sivuston kautta.<\/p>\r\n<p>Sinun on annettava ajan tasalla oleva s\u00e4hk\u00f6posti, johon sinulla on s\u00e4\u00e4nn\u00f6llisesti p\u00e4\u00e4sy, koska saatamme joutua ottamaan sinuun yhteytt\u00e4 koskien l\u00e4hetyksi\u00e4si.<\/p>\r\n<p>Et saa: esiinty\u00e4 toisena henkil\u00f6n\u00e4 tai yritt\u00e4\u00e4 esiinty\u00e4 toisena henkil\u00f6n\u00e4; paljasta salasanasi kenellek\u00e4\u00e4n muulle; sallia kenenk\u00e4\u00e4n muun k\u00e4ytt\u00e4\u00e4 tili\u00e4si tai k\u00e4ytt\u00e4\u00e4 kenenk\u00e4\u00e4n muun tili\u00e4. Olet vastuussa kaikista tilisi kautta l\u00e4hetetyist\u00e4 l\u00e4hetyksist\u00e4. Jos ep\u00e4ilet, ett\u00e4 joku muu voi p\u00e4\u00e4st\u00e4 k\u00e4siksi salasanaasi tai tiliisi tai k\u00e4ytt\u00e4\u00e4 niit\u00e4, sinun on ilmoitettava siit\u00e4 meille mahdollisimman pian s\u00e4hk\u00f6postitse\u00a0<a href=\"mailto:enquiries@cranbourn.com\">enquiries@cranbourn.com<\/a><\/p>\r\n<h2>4. LINKITT\u00c4MINEN SIVUSTOON<\/h2>\r\n<p>Voit l\u00e4hett\u00e4\u00e4 yst\u00e4villesi s\u00e4hk\u00f6postitse linkkej\u00e4 sivustoillemme tai tietyille sivuillemme.<\/p>\r\n<h2>5. SINUN SIS\u00c4LT\u00d6SI \u2013 MIT\u00c4 MEID\u00c4N SAA TEHD\u00c4<\/h2>\r\n<p>Varaamme oikeuden julkaista, muokata tai poistaa kaiken tai osan l\u00e4hett\u00e4m\u00e4st\u00e4si sis\u00e4ll\u00f6st\u00e4, mukaan lukien, mutta ei rajoittuen, mitk\u00e4 tahansa profiilisi tiedot (esim. nimesi, kaupunkisi, maasi), kaikki l\u00e4hett\u00e4m\u00e4si valokuvat tai kommentit (\u201c Sinun sis\u00e4lt\u00f6si\u201d).<\/p>\r\n<p>Huomaa, ett\u00e4 l\u00e4hett\u00e4m\u00e4ll\u00e4 sis\u00e4lt\u00f6\u00e4 Sivuston kautta annat suostumuksesi siihen, ett\u00e4 kaikki antamasi kuvat ladataan Google-kuvahakuun tai mihin tahansa muuhun valitsemiimme hakukoneeseen.<\/p>\r\n<p>L\u00e4hett\u00e4m\u00e4ll\u00e4 sis\u00e4lt\u00f6\u00e4 sivustolle annat meille pysyv\u00e4n, rojaltivapaan, maailmanlaajuisen, peruuttamattoman, ei-yksinomaisen lisenssin k\u00e4ytt\u00e4\u00e4, kopioida, muokata, mukauttaa, julkaista, k\u00e4\u00e4nt\u00e4\u00e4, asettaa saataville, viesti\u00e4, jakaa ja alilisensoida sis\u00e4lt\u00f6\u00e4si. (kokonaan tai osittain) mihin tahansa tarkoitukseen. Meill\u00e4 on my\u00f6s oikeus paljastaa henkil\u00f6llisyytesi mille tahansa kolmannelle osapuolelle, joka v\u00e4itt\u00e4\u00e4, ett\u00e4 mik\u00e4 tahansa sivuston kautta l\u00e4hett\u00e4m\u00e4si tai lataamasi materiaali loukkaa heid\u00e4n immateriaalioikeuksiaan tai oikeuttaan yksityisyyteen. L\u00e4hett\u00e4m\u00e4ll\u00e4 sis\u00e4lt\u00f6si takaat, ett\u00e4 sinulla on oikeus my\u00f6nt\u00e4\u00e4 t\u00e4m\u00e4 lisenssi, ja korvaat meid\u00e4t t\u00e4m\u00e4n takuun rikkomisesta. Emme ole vastuussa tai vastuussa kolmannelle osapuolelle sinun tai kenenk\u00e4\u00e4n muun sivuston k\u00e4ytt\u00e4j\u00e4n l\u00e4hett\u00e4m\u00e4n materiaalin sis\u00e4ll\u00f6st\u00e4 tai tarkkuudesta. Lain sallimissa rajoissa luovut sis\u00e4lt\u00f6\u00f6si liittyvist\u00e4 moraalisista oikeuksistasi (esim. oikeudesta tulla tunnistetuksi tekij\u00e4ksi tai vastustaa halventavaa kohtelua). Jatka sis\u00e4lt\u00f6si, mukaan lukien valokuvasi, kommenttisi, profiilisi, nimesi, kaupunkisi ja maasi, julkaisemista kokonaan tai osittain, vaikka muuttaisit mielesi ja haluaisit meid\u00e4n poistavan sen ja\/tai et ole en\u00e4\u00e4 rekister\u00f6itynyt Sivustolle.<\/p>\r\n<h2>6. SIS\u00c4LLYSSI \u2013 MIT\u00c4 SINUN EI SAA TEHD\u00c4<\/h2>\r\n<p>Et saa l\u00e4hett\u00e4\u00e4 sivustolle materiaalia, joka on: kunniaa loukkaavaa, v\u00e4\u00e4r\u00e4\u00e4 tai harhaanjohtavaa; loukkaava, uhkaava tai loukkaava; siveet\u00f6nt\u00e4 tai seksuaalista; tai loukkaavaa, rasistista, seksistist\u00e4, ik\u00e4\u00e4ntyv\u00e4\u00e4 tai muuten syrjiv\u00e4\u00e4 henkil\u00f6\u00e4 siviilis\u00e4\u00e4dyn, seksuaalisen suuntautumisen tai uskonnollisen vakaumuksen perusteella. Et saa l\u00e4hett\u00e4\u00e4 sivustolle materiaalia, joka todenn\u00e4k\u00f6isesti: rohkaisee v\u00e4kivaltaan; rohkaista tai opettaa toimintaan, joka on rikos, joka johtaa siviilioikeuteen tai on muuten laitonta; loukata kolmannen osapuolen immateriaalioikeuksia; mainostaa mit\u00e4 tahansa tuotetta tai palvelua; esiinty\u00e4 kenen tahansa muuna tai muuten antaa v\u00e4\u00e4ri\u00e4 tietoja henkil\u00f6llisyydest\u00e4si, kuulumisestasi tai asemastasi; haitata kaikkia k\u00e4ynniss\u00e4 olevia oikeustoimia, joista olet tietoinen; aiheuttaa jonkun h\u00e4lytyksen, ahdistuksen tai ahdistuksen; olla teknisesti haitallisia (mukaan lukien rajoituksetta tietokonevirukset, logiikkapommit, troijalaiset, madot, vioittuneet tiedot tai muut haitalliset tai haitalliset ohjelmistot, tiedot, komponentit tai toiminta); tai rikkoa n\u00e4it\u00e4 ehtoja tai tietosuojak\u00e4yt\u00e4nt\u00f6\u00e4mme. Et saa l\u00e4hett\u00e4\u00e4 linkkej\u00e4 millek\u00e4\u00e4n verkkosivustolle. Et saa yritt\u00e4\u00e4 kiert\u00e4\u00e4 mit\u00e4\u00e4n suojauksia, jotka olemme ottaneet k\u00e4ytt\u00f6\u00f6n Sivuston turvallisuuden ja toiminnan takaamiseksi. Et saa l\u00e4hett\u00e4\u00e4 uudelleen sis\u00e4lt\u00f6\u00e4, jonka tied\u00e4t olevan poistettu.<\/p>\r\n<h2>7. TILIN KESKEYTT\u00c4MINEN TAI P\u00c4\u00c4TT\u00c4MINEN<\/h2>\r\n<p>Voimme j\u00e4\u00e4dytt\u00e4\u00e4 ja\/tai poistaa mink\u00e4 tahansa k\u00e4ytt\u00e4j\u00e4tilin oman harkintamme mukaan. T\u00e4rkeimm\u00e4t syyt, joiden vuoksi tili voidaan j\u00e4\u00e4dytt\u00e4\u00e4 tai poistaa, ovat:<\/p>\r\n<p>K\u00e4ytt\u00e4j\u00e4 ei noudattanut ohjeita tai n\u00e4it\u00e4 ehtoja; ja\/tai mik\u00e4 tahansa k\u00e4ytt\u00e4j\u00e4tilin l\u00e4hett\u00e4m\u00e4 kommentti katsottiin sopimattomaksi.<\/p>\r\n<p>Ilmoitamme sinulle j\u00e4\u00e4dytt\u00e4misest\u00e4 s\u00e4hk\u00f6postitse rekister\u00f6itymisen yhteydess\u00e4 antamaasi osoitteeseen tai kun seuraavan kerran yrit\u00e4t k\u00e4ytt\u00e4\u00e4 tili\u00e4si. J\u00e4\u00e4dytyksen pituus tai p\u00e4\u00e4t\u00f6s tilin poistamisesta riippuu olosuhteista. Jos tilisi j\u00e4\u00e4dytet\u00e4\u00e4n tai poistetaan, et saa yritt\u00e4\u00e4 rekister\u00f6ity\u00e4 uudelleen tai l\u00e4hett\u00e4\u00e4 sis\u00e4lt\u00f6\u00e4 toisen tilin kautta ilman kirjallista lupaamme.<\/p>\r\n<h2>8. KORVAUS<\/h2>\r\n<p>Sin\u00e4 korvaat meid\u00e4t ja pid\u00e4t meid\u00e4t hyvitettyin\u00e4 kaikista tappioista, kuluista, kustannuksista ja vastuista, jotka syntyv\u00e4t n\u00e4iden Ehtojen rikkomisestasi tai sen yhteydess\u00e4.<\/p>\r\n<h2>9. SIVUSTON KAUTTA TEHDYT TAPAHTUMAT<\/h2>\r\n<p>Sivustomme kautta solmittuja tavaroiden toimitussopimuksia s\u00e4\u00e4telev\u00e4t toimitusehdot. CRANBOURN:n luvaton j\u00e4lleenmyynti<sup>\u00ae<\/sup>\u00a0tuotteet ovat kiellettyj\u00e4.<\/p>\r\n<h2>10. VERKKORIITOJEN RATKAISEMINEN<\/h2>\r\n<p>Kuluttajat, joilla on verkkokaupasta ostettua tuotetta tai palvelua koskevia ongelmia elinkeinonharjoittajan kanssa, voivat ratkaista riidan Euroopan komission verkkokiistanratkaisumenettelyn (&quot;ODR&quot;) avulla. Jos sinulla on ongelmia jonkin tuotteemme tai palvelumme kanssa, p\u00e4\u00e4set ODR-alustan hyperlinkkiin t\u00e4st\u00e4.<\/p>\r\n<h2>11. LINKIT SIVUSTOLTA<\/h2>\r\n<p>Jos Sivusto tai Sovellus sis\u00e4lt\u00e4\u00e4 linkkej\u00e4 muille kolmansien osapuolten tarjoamille verkkosivustoille ja resursseille, n\u00e4m\u00e4 linkit on tarkoitettu vain tiedoksi. Emme voi valvoa n\u00e4iden sivustojen tai resurssien sis\u00e4lt\u00f6\u00e4, emmek\u00e4 ota vastuuta niist\u00e4 tai mist\u00e4\u00e4n menetyksist\u00e4 tai vahingoista, joita voi aiheutua niiden k\u00e4yt\u00f6st\u00e4.<\/p>\r\n<p>Ellei toisin mainita, emme ole kaupallisesti yhteydess\u00e4 mihink\u00e4\u00e4n kolmannen osapuolen tuotteisiin, joihin viitataan sivustollamme tai sovelluksessa.<\/p>\r\n<h2>12. VASTUULEMME<\/h2>\r\n<p>Sivustollamme n\u00e4kyv\u00e4 materiaali toimitetaan ilman takuita, ehtoja tai takuita sen tarkkuudesta. Lain sallimissa rajoissa me, muut yritysryhm\u00e4mme j\u00e4senet ja meihin liittyv\u00e4t kolmannet osapuolet t\u00e4ten nimenomaisesti suljemme pois: kaikki ehdot, takuut ja muut ehdot, jotka muutoin saattaisivat olla lain, yleisen lain tai p\u00e4\u00e4omalain perusteella; ja mik\u00e4 tahansa vastuu kaikista suorista, ep\u00e4suorista tai v\u00e4lillisist\u00e4 menetyksist\u00e4 tai vahingoista, joita kenelle tahansa k\u00e4ytt\u00e4j\u00e4lle aiheutuu Sivuston tai sivuston, siihen linkitettyjen verkkosivustojen ja l\u00e4hetetyn materiaalin k\u00e4yt\u00f6st\u00e4, k\u00e4ytt\u00f6kyvytt\u00f6myydest\u00e4 tai k\u00e4yt\u00f6n seurauksista. siihen, mukaan lukien tulojen tai tulojen menetys, liiketoiminnan menetys, voittojen tai sopimusten menetys, odotettujen s\u00e4\u00e4st\u00f6jen menetys, tietojen menetys, liikearvon menetys tai hukattua hallinto- tai toimistoaikaa riippumatta siit\u00e4, onko syyn\u00e4 vahinko (mukaan lukien huolimattomuus) sopimusrikkomuksesta tai muuten, vaikka se olisi ennakoitavissa, edellytt\u00e4en, ett\u00e4 t\u00e4m\u00e4 ehto ei est\u00e4 vaatimuksia aineellisen omaisuutesi menetyksest\u00e4 tai vahingoittumisesta tai muita suoria taloudellisia menetyksi\u00e4 koskevia vaatimuksia, joita mik\u00e4\u00e4n yll\u00e4 olevista luokista ei sulje pois. T\u00e4m\u00e4 ei vaikuta vastuuseen laiminly\u00f6nnist\u00e4mme aiheutuneesta kuolemasta tai henkil\u00f6vahingosta, eik\u00e4 vastuuseen vilpillisest\u00e4 tai perustavanlaatuisesta harhaanjohtamisesta, eik\u00e4 mihink\u00e4\u00e4n muuhun vastuuseen, jota ei voida sulkea pois tai rajoittaa sovellettavan lain mukaan.<\/p>\r\n<h2>13. SIVUSTON K\u00c4YTT\u00d6<\/h2>\r\n<p>P\u00e4\u00e4sy Sivustollemme on sallittu tilap\u00e4isesti, ja pid\u00e4t\u00e4mme oikeuden peruuttaa tai muuttaa sivustollamme tarjoamaamme palvelua ilman erillist\u00e4 ilmoitusta. Emme ole vastuussa, jos Sivustomme ei jostain syyst\u00e4 ole k\u00e4ytett\u00e4viss\u00e4 milloin tahansa tai min\u00e4 tahansa ajanjaksona.<\/p>\r\n<p>Sivuston toiminta perustuu osittain ohjelmistoon. Ohjelmistossa on bugeja. Vaikka seuraamme Sivustoa ja yrit\u00e4mme korjata vikoja, emme voi taata, ett\u00e4 Sivusto tai mik\u00e4 tahansa sen yksitt\u00e4inen ominaisuus on virheet\u00f6n, k\u00e4ytett\u00e4viss\u00e4 jatkuvasti ja\/tai vapaa viruksista.<\/p>\r\n<h2>14. EI TAKUITA<\/h2>\r\n<p>Emme anna mink\u00e4\u00e4nlaista nimenomaista tai oletettua takuuta, mukaan lukien, mutta ei rajoittuen, oletetut takuut tai oletetut ehdot tyydytt\u00e4v\u00e4st\u00e4 laadusta, sopivuudesta tiettyyn tarkoitukseen tai loukkaamattomuuteen. Kaikki t\u00e4llaiset oletetut ehdot ja takuut suljetaan pois.<\/p>\r\n<h2>15. SIVUSTON TAI SOVELLUKSEN MUUTOKSET<\/h2>\r\n<p>Pid\u00e4t\u00e4mme oikeuden muuttaa Sivuston sis\u00e4lt\u00f6\u00e4 milloin tahansa. Jos tarvetta ilmenee, voimme keskeytt\u00e4\u00e4 p\u00e4\u00e4syn Sivustolle tai sulkea sen m\u00e4\u00e4r\u00e4\u00e4m\u00e4tt\u00f6m\u00e4ksi ajaksi. Mik\u00e4 tahansa sivustolla oleva materiaali voi olla vanhentunutta milloin tahansa, eik\u00e4 meill\u00e4 ole velvollisuutta p\u00e4ivitt\u00e4\u00e4 sellaista materiaalia.<\/p>\r\n<h2>16. HUOLELLE<\/h2>\r\n<p>Jos olet huolissasi sivustollamme olevasta materiaalista tai jos n\u00e4et jotain, jonka uskot rikkovan n\u00e4it\u00e4 ehtoja tai ohjeitamme, l\u00e4het\u00e4 meille s\u00e4hk\u00f6postia osoitteeseen:\u00a0<a href=\"mailto:enquiries@cranbourn.com\">enquiries@cranbourn.com<\/a><\/p>\r\n<h2>17. VOIMASSAOLO<\/h2>\r\n<p>Jos jokin n\u00e4iden k\u00e4ytt\u00f6ehtojen osa tai m\u00e4\u00e4r\u00e4ys todetaan laittomaksi tai t\u00e4yt\u00e4nt\u00f6\u00f6npanokelvottomaksi, t\u00e4m\u00e4 ei vaikuta mink\u00e4\u00e4n muun osan tai m\u00e4\u00e4r\u00e4yksen p\u00e4tevyyteen.<\/p>\r\n<h2>18. KOKO SOPIMUS<\/h2>\r\n<p>N\u00e4m\u00e4 ehdot, ohjeet ja kaikki niiss\u00e4 nimenomaisesti mainitut asiakirjat muodostavat koko v\u00e4lisen sopimuksen ja syrj\u00e4ytt\u00e4v\u00e4t kaikki aikaisemmat keskustelut, kirjeenvaihdot, neuvottelut, aikaisemmat j\u00e4rjestelyt, yhteisymm\u00e4rrykset tai sopimukset, jotka liittyv\u00e4t n\u00e4iden k\u00e4ytt\u00f6ehtojen aiheeseen. Ymm\u00e4rr\u00e4mme kumpikin, ett\u00e4 kumpikaan meist\u00e4 ei luota mihink\u00e4\u00e4n esitykseen tai takuuseen (joka on tehty viattomasti tai huolimattomuudesta) eik\u00e4 meill\u00e4 ole mit\u00e4\u00e4n korjauskeinoja, joita ei ole mainittu n\u00e4iss\u00e4 k\u00e4ytt\u00f6ehdoissa, ohjeissa tai niiss\u00e4 tarkoitetuissa asiakirjoissa. . Jokainen meist\u00e4 tiedostaa ja hyv\u00e4ksyy, ett\u00e4 ainoa k\u00e4ytett\u00e4viss\u00e4 oleva oikeuskeino n\u00e4iden ehtojen rikkomiseen on n\u00e4iden ehtojen mukainen sopimusrikkomus. Mik\u00e4\u00e4n n\u00e4iss\u00e4 k\u00e4ytt\u00f6ehdoissa ei kuitenkaan rajoita tai sulje pois petoksia koskevaa vastuuta.<\/p>\r\n<h2>19. TOIMIVALTA JA SOVELLETTAVA LAKI<\/h2>\r\n<p>N\u00e4ihin ehtoihin sovelletaan Englannin lakia. Englannin tuomioistuimilla on yksinomainen toimivalta kaikissa n\u00e4ihin ehtoihin liittyviss\u00e4 riita-asioissa.<\/p>","protected":false},"excerpt":{"rendered":"<p>Thank you for visiting the CRANBOURN\u00ae\u00a0website at www.cranbourn.com (the \u201cSite\u201d). This document (together with the documents referred to in it) tells you the terms and conditions on which you may use the Site. If you do not wish to be bound by these terms and conditions, then you should not use the site. Use of [&hellip;]<\/p>\n","protected":false},"author":13,"featured_media":911,"parent":0,"menu_order":0,"comment_status":"closed","ping_status":"closed","template":"template-term-condition.php","meta":{"_acf_changed":false,"content-type":"","footnotes":""},"class_list":["post-3","page","type-page","status-publish","has-post-thumbnail","hentry"],"acf":[],"yoast_head":"<!-- This site is optimized with the Yoast SEO plugin v27.4 - https:\/\/yoast.com\/product\/yoast-seo-wordpress\/ -->\n<title>Terms &amp; Conditions - MEDIA ROOM<\/title>\n<meta name=\"robots\" content=\"index, follow, max-snippet:-1, max-image-preview:large, max-video-preview:-1\" \/>\n<link rel=\"canonical\" href=\"https:\/\/press.cranbourn.com\/fi\/ehdot-ehdot\/\" \/>\n<meta property=\"og:locale\" content=\"fi_FI\" \/>\n<meta property=\"og:type\" content=\"article\" \/>\n<meta property=\"og:title\" content=\"Terms &amp; Conditions - MEDIA ROOM\" \/>\n<meta property=\"og:description\" content=\"Thank you for visiting the CRANBOURN\u00ae\u00a0website at www.cranbourn.com (the \u201cSite\u201d). This document (together with the documents referred to in it) tells you the terms and conditions on which you may use the Site. If you do not wish to be bound by these terms and conditions, then you should not use the site. Use of [&hellip;]\" \/>\n<meta property=\"og:url\" content=\"https:\/\/press.cranbourn.com\/fi\/ehdot-ehdot\/\" \/>\n<meta property=\"og:site_name\" content=\"MEDIA ROOM\" \/>\n<meta property=\"article:publisher\" content=\"https:\/\/www.facebook.com\/cranbourn\/\" \/>\n<meta property=\"article:modified_time\" content=\"2023-08-23T09:14:34+00:00\" \/>\n<meta property=\"og:image\" content=\"https:\/\/press.cranbourn.com\/wp-content\/uploads\/2023\/08\/cranbourn-terms-conditions.jpg\" \/>\n\t<meta property=\"og:image:width\" content=\"1800\" \/>\n\t<meta property=\"og:image:height\" content=\"1012\" \/>\n\t<meta property=\"og:image:type\" content=\"image\/jpeg\" \/>\n<meta name=\"twitter:card\" content=\"summary_large_image\" \/>\n<meta name=\"twitter:site\" content=\"@cranbourn_\" \/>\n<meta name=\"twitter:label1\" content=\"Arvioitu lukuaika\" \/>\n\t<meta name=\"twitter:data1\" content=\"9 minuuttia\" \/>\n<script type=\"application\/ld+json\" class=\"yoast-schema-graph\">{\"@context\":\"https:\\\/\\\/schema.org\",\"@graph\":[{\"@type\":\"WebPage\",\"@id\":\"https:\\\/\\\/press.cranbourn.com\\\/terms-conditions\\\/\",\"url\":\"https:\\\/\\\/press.cranbourn.com\\\/terms-conditions\\\/\",\"name\":\"Terms & Conditions - MEDIA ROOM\",\"isPartOf\":{\"@id\":\"https:\\\/\\\/press.cranbourn.com\\\/pl\\\/#website\"},\"primaryImageOfPage\":{\"@id\":\"https:\\\/\\\/press.cranbourn.com\\\/terms-conditions\\\/#primaryimage\"},\"image\":{\"@id\":\"https:\\\/\\\/press.cranbourn.com\\\/terms-conditions\\\/#primaryimage\"},\"thumbnailUrl\":\"https:\\\/\\\/press.cranbourn.com\\\/wp-content\\\/uploads\\\/avifenc\\\/2023\\\/08\\\/cranbourn-terms-conditions.avif\",\"datePublished\":\"2023-07-13T11:37:38+00:00\",\"dateModified\":\"2023-08-23T09:14:34+00:00\",\"breadcrumb\":{\"@id\":\"https:\\\/\\\/press.cranbourn.com\\\/terms-conditions\\\/#breadcrumb\"},\"inLanguage\":\"fi\",\"potentialAction\":[{\"@type\":\"ReadAction\",\"target\":[\"https:\\\/\\\/press.cranbourn.com\\\/terms-conditions\\\/\"]}]},{\"@type\":\"ImageObject\",\"inLanguage\":\"fi\",\"@id\":\"https:\\\/\\\/press.cranbourn.com\\\/terms-conditions\\\/#primaryimage\",\"url\":\"https:\\\/\\\/press.cranbourn.com\\\/wp-content\\\/uploads\\\/avifenc\\\/2023\\\/08\\\/cranbourn-terms-conditions.avif\",\"contentUrl\":\"https:\\\/\\\/press.cranbourn.com\\\/wp-content\\\/uploads\\\/avifenc\\\/2023\\\/08\\\/cranbourn-terms-conditions.avif\",\"width\":1800,\"height\":1012},{\"@type\":\"BreadcrumbList\",\"@id\":\"https:\\\/\\\/press.cranbourn.com\\\/terms-conditions\\\/#breadcrumb\",\"itemListElement\":[{\"@type\":\"ListItem\",\"position\":1,\"name\":\"CRANBOURN\u00ae\",\"item\":\"https:\\\/\\\/press.cranbourn.com\\\/fi\"},{\"@type\":\"ListItem\",\"position\":2,\"name\":\"Terms &#038; Conditions\"}]},{\"@type\":\"WebSite\",\"@id\":\"https:\\\/\\\/press.cranbourn.com\\\/pl\\\/#website\",\"url\":\"https:\\\/\\\/press.cranbourn.com\\\/pl\\\/\",\"name\":\"MEDIA ROOM\",\"description\":\"CRANBOURN\u00ae | Press &amp; Media Room. Contact a Member of the Team for the latest News, Press Releases and Media Downloads.\",\"publisher\":{\"@id\":\"https:\\\/\\\/press.cranbourn.com\\\/pl\\\/#organization\"},\"potentialAction\":[{\"@type\":\"SearchAction\",\"target\":{\"@type\":\"EntryPoint\",\"urlTemplate\":\"https:\\\/\\\/press.cranbourn.com\\\/pl\\\/?s={search_term_string}\"},\"query-input\":{\"@type\":\"PropertyValueSpecification\",\"valueRequired\":true,\"valueName\":\"search_term_string\"}}],\"inLanguage\":\"fi\"},{\"@type\":\"Organization\",\"@id\":\"https:\\\/\\\/press.cranbourn.com\\\/pl\\\/#organization\",\"name\":\"MEDIA ROOM\",\"url\":\"https:\\\/\\\/press.cranbourn.com\\\/pl\\\/\",\"logo\":{\"@type\":\"ImageObject\",\"inLanguage\":\"fi\",\"@id\":\"https:\\\/\\\/press.cranbourn.com\\\/pl\\\/#\\\/schema\\\/logo\\\/image\\\/\",\"url\":\"https:\\\/\\\/press.cranbourn.com\\\/wp-content\\\/uploads\\\/2023\\\/07\\\/logo.svg\",\"contentUrl\":\"https:\\\/\\\/press.cranbourn.com\\\/wp-content\\\/uploads\\\/2023\\\/07\\\/logo.svg\",\"width\":1,\"height\":1,\"caption\":\"MEDIA ROOM\"},\"image\":{\"@id\":\"https:\\\/\\\/press.cranbourn.com\\\/pl\\\/#\\\/schema\\\/logo\\\/image\\\/\"},\"sameAs\":[\"https:\\\/\\\/www.facebook.com\\\/cranbourn\\\/\",\"https:\\\/\\\/x.com\\\/cranbourn_\"]}]}<\/script>\n<!-- \/ Yoast SEO plugin. -->","yoast_head_json":{"title":"Ehdot - MEDIA ROOM","robots":{"index":"index","follow":"follow","max-snippet":"max-snippet:-1","max-image-preview":"max-image-preview:large","max-video-preview":"max-video-preview:-1"},"canonical":"https:\/\/press.cranbourn.com\/fi\/ehdot-ehdot\/","og_locale":"fi_FI","og_type":"article","og_title":"Terms & Conditions - MEDIA ROOM","og_description":"Thank you for visiting the CRANBOURN\u00ae\u00a0website at www.cranbourn.com (the \u201cSite\u201d). This document (together with the documents referred to in it) tells you the terms and conditions on which you may use the Site. If you do not wish to be bound by these terms and conditions, then you should not use the site. Use of [&hellip;]","og_url":"https:\/\/press.cranbourn.com\/fi\/ehdot-ehdot\/","og_site_name":"MEDIA ROOM","article_publisher":"https:\/\/www.facebook.com\/cranbourn\/","article_modified_time":"2023-08-23T09:14:34+00:00","og_image":[{"width":1800,"height":1012,"url":"https:\/\/press.cranbourn.com\/wp-content\/uploads\/2023\/08\/cranbourn-terms-conditions.jpg","type":"image\/jpeg"}],"twitter_card":"summary_large_image","twitter_site":"@cranbourn_","twitter_misc":{"Arvioitu lukuaika":"9 minuuttia"},"schema":{"@context":"https:\/\/schema.org","@graph":[{"@type":"WebPage","@id":"https:\/\/press.cranbourn.com\/terms-conditions\/","url":"https:\/\/press.cranbourn.com\/terms-conditions\/","name":"Ehdot - MEDIA ROOM","isPartOf":{"@id":"https:\/\/press.cranbourn.com\/pl\/#website"},"primaryImageOfPage":{"@id":"https:\/\/press.cranbourn.com\/terms-conditions\/#primaryimage"},"image":{"@id":"https:\/\/press.cranbourn.com\/terms-conditions\/#primaryimage"},"thumbnailUrl":"https:\/\/press.cranbourn.com\/wp-content\/uploads\/avifenc\/2023\/08\/cranbourn-terms-conditions.avif","datePublished":"2023-07-13T11:37:38+00:00","dateModified":"2023-08-23T09:14:34+00:00","breadcrumb":{"@id":"https:\/\/press.cranbourn.com\/terms-conditions\/#breadcrumb"},"inLanguage":"fi","potentialAction":[{"@type":"ReadAction","target":["https:\/\/press.cranbourn.com\/terms-conditions\/"]}]},{"@type":"ImageObject","inLanguage":"fi","@id":"https:\/\/press.cranbourn.com\/terms-conditions\/#primaryimage","url":"https:\/\/press.cranbourn.com\/wp-content\/uploads\/avifenc\/2023\/08\/cranbourn-terms-conditions.avif","contentUrl":"https:\/\/press.cranbourn.com\/wp-content\/uploads\/avifenc\/2023\/08\/cranbourn-terms-conditions.avif","width":1800,"height":1012},{"@type":"BreadcrumbList","@id":"https:\/\/press.cranbourn.com\/terms-conditions\/#breadcrumb","itemListElement":[{"@type":"ListItem","position":1,"name":"CRANBOURN\u00ae","item":"https:\/\/press.cranbourn.com\/fi"},{"@type":"ListItem","position":2,"name":"Terms &#038; Conditions"}]},{"@type":"WebSite","@id":"https:\/\/press.cranbourn.com\/pl\/#website","url":"https:\/\/press.cranbourn.com\/pl\/","name":"MEDIAHUONE","description":"CRANBOURN\u00ae | Lehdist\u00f6- ja mediahuone. Ota yhteytt\u00e4 tiimin j\u00e4seneen saadaksesi viimeisimm\u00e4t uutiset, lehdist\u00f6tiedotteet ja medialataukset.","publisher":{"@id":"https:\/\/press.cranbourn.com\/pl\/#organization"},"potentialAction":[{"@type":"SearchAction","target":{"@type":"EntryPoint","urlTemplate":"https:\/\/press.cranbourn.com\/pl\/?s={search_term_string}"},"query-input":{"@type":"PropertyValueSpecification","valueRequired":true,"valueName":"search_term_string"}}],"inLanguage":"fi"},{"@type":"Organization","@id":"https:\/\/press.cranbourn.com\/pl\/#organization","name":"MEDIAHUONE","url":"https:\/\/press.cranbourn.com\/pl\/","logo":{"@type":"ImageObject","inLanguage":"fi","@id":"https:\/\/press.cranbourn.com\/pl\/#\/schema\/logo\/image\/","url":"https:\/\/press.cranbourn.com\/wp-content\/uploads\/2023\/07\/logo.svg","contentUrl":"https:\/\/press.cranbourn.com\/wp-content\/uploads\/2023\/07\/logo.svg","width":1,"height":1,"caption":"MEDIA ROOM"},"image":{"@id":"https:\/\/press.cranbourn.com\/pl\/#\/schema\/logo\/image\/"},"sameAs":["https:\/\/www.facebook.com\/cranbourn\/","https:\/\/x.com\/cranbourn_"]}]}},"jetpack_sharing_enabled":true,"_links":{"self":[{"href":"https:\/\/press.cranbourn.com\/fi\/wp-json\/wp\/v2\/pages\/3","targetHints":{"allow":["GET"]}}],"collection":[{"href":"https:\/\/press.cranbourn.com\/fi\/wp-json\/wp\/v2\/pages"}],"about":[{"href":"https:\/\/press.cranbourn.com\/fi\/wp-json\/wp\/v2\/types\/page"}],"author":[{"embeddable":true,"href":"https:\/\/press.cranbourn.com\/fi\/wp-json\/wp\/v2\/users\/13"}],"replies":[{"embeddable":true,"href":"https:\/\/press.cranbourn.com\/fi\/wp-json\/wp\/v2\/comments?post=3"}],"version-history":[{"count":0,"href":"https:\/\/press.cranbourn.com\/fi\/wp-json\/wp\/v2\/pages\/3\/revisions"}],"wp:featuredmedia":[{"embeddable":true,"href":"https:\/\/press.cranbourn.com\/fi\/wp-json\/wp\/v2\/media\/911"}],"wp:attachment":[{"href":"https:\/\/press.cranbourn.com\/fi\/wp-json\/wp\/v2\/media?parent=3"}],"curies":[{"name":"wp","href":"https:\/\/api.w.org\/{rel}","templated":true}]}}