{"id":3,"date":"2023-07-13T12:37:38","date_gmt":"2023-07-13T11:37:38","guid":{"rendered":"https:\/\/presscranbourn.wpengine.com\/?page_id=3"},"modified":"2023-08-23T10:14:34","modified_gmt":"2023-08-23T09:14:34","slug":"condiciones","status":"publish","type":"page","link":"https:\/\/press.cranbourn.com\/es\/terms-conditions\/","title":{"rendered":"T\u00e9rminos y condiciones"},"content":{"rendered":"<p>Gracias por visitar el CRANBOURN<sup>\u00ae<\/sup>\u00a0sitio web en www.cranbourn.com (el &quot;Sitio&quot;). Este documento (junto con los documentos a los que se hace referencia en \u00e9l) le informa los t\u00e9rminos y condiciones en los que puede utilizar el Sitio.<\/p>\r\n<p>Si no desea estar sujeto a estos t\u00e9rminos y condiciones, entonces no debe usar el sitio. El uso del sitio por su parte se considerar\u00e1 como su aceptaci\u00f3n de estos t\u00e9rminos y condiciones.<\/p>\r\n<p>Es posible que cambiemos estos T\u00e9rminos y condiciones de vez en cuando, as\u00ed que rev\u00edselos cada vez que visite el Sitio. Debe guardar una copia de estos T\u00e9rminos y condiciones para referencia futura.<\/p>\r\n<h2 class=\"wp-block-heading\">1. SOBRE NOSOTROS:<\/h2>\r\n<p>El Sitio y la Aplicaci\u00f3n son operados por CRANBOURN (Holdings) Limited, una empresa registrada en Inglaterra y Gales con el n\u00famero de empresa 11692479, con domicilio social en 1 The Green, Richmond, Surrey, TW9 1PL.<\/p>\r\n<p>Nuestro n\u00famero de IVA es GB 311 7674 14. Puede ponerse en contacto con nosotros a trav\u00e9s de la siguiente direcci\u00f3n de correo electr\u00f3nico:\u00a0<a href=\"mailto:enquiries@cranbourn.com\">enquiries@cranbourn.com<\/a>.<\/p>\r\n<h2>2. USO DEL SITIO Y\/O APLICACI\u00d3N<\/h2>\r\n<p>Solo puede usar el Sitio para uso personal. Cualquier uso comercial por su parte del Sitio est\u00e1 estrictamente prohibido. Se le permite imprimir p\u00e1ginas web individuales ocasionalmente, siempre que no imprima la totalidad o una parte sustancial del Sitio y que las marcas registradas y los avisos de propiedad intelectual incluidos en el Sitio no se eliminen.<\/p>\r\n<p>A menos que se indique lo contrario en estos T\u00e9rminos y condiciones, no debe (ya sea directa o indirectamente) (i) copiar, descargar, almacenar, poner a disposici\u00f3n, distribuir, vender u ofrecer vender todo o parte del contenido o el Sitio o la Aplicaci\u00f3n, o (ii) descargar o copiar cualquier contenido, archivos o datos del Sitio para crear o completar una base de datos o publicaci\u00f3n de cualquier tipo.<\/p>\r\n<h2>3. REGISTRO<\/h2>\r\n<p>No debe registrar m\u00e1s de una cuenta.<\/p>\r\n<p>Debe tener al menos 18 a\u00f1os para registrarse y enviar comentarios o fotograf\u00edas a trav\u00e9s del Sitio.<\/p>\r\n<p>Debe proporcionar un correo electr\u00f3nico actualizado al que tenga acceso regular, ya que es posible que necesitemos comunicarnos con usted con respecto a sus env\u00edos.<\/p>\r\n<p>No debe: suplantar o intentar suplantar a otra persona; divulgar su contrase\u00f1a a cualquier otra persona; Permita que cualquier otra persona use su cuenta o use la cuenta de otra persona. Usted es responsable de todos los env\u00edos realizados a trav\u00e9s de su cuenta. Si sospecha que alguien m\u00e1s puede tener acceso a su contrase\u00f1a o cuenta, o estar usando su cuenta, debe notificarnos lo antes posible por correo electr\u00f3nico\u00a0<a href=\"mailto:enquiries@cranbourn.com\">enquiries@cranbourn.com<\/a><\/p>\r\n<h2>4. ENLACES AL SITIO<\/h2>\r\n<p>Puede enviar por correo electr\u00f3nico a sus amigos enlaces a nuestros Sitios o p\u00e1ginas espec\u00edficas dentro de ellos.<\/p>\r\n<h2>5. SU CONTENIDO: LO QUE NOS PERMITE HACER<\/h2>\r\n<p>Nos reservamos el derecho de publicar, editar o eliminar todo o parte de cualquier contenido que env\u00ede, incluidos, entre otros, los detalles incluidos en su perfil (por ejemplo, su nombre, ciudad, pa\u00eds), cualquier fotograf\u00eda o cualquier comentario que haya enviado (&quot; Tu contenido&quot;).<\/p>\r\n<p>Tenga en cuenta que al enviar contenido a trav\u00e9s del Sitio, est\u00e1 dando su consentimiento para que las im\u00e1genes que proporcione se carguen en Google Im\u00e1genes o en cualquier otro motor de b\u00fasqueda seleccionado por nosotros.<\/p>\r\n<p>Al enviar Contenido al Sitio, nos otorga una licencia perpetua, libre de regal\u00edas, mundial, irrevocable y no exclusiva para usar, copiar, editar, adaptar, publicar, traducir, poner a disposici\u00f3n, comunicar, distribuir y sublicenciar Su Contenido. (en su totalidad o en parte) para cualquier prop\u00f3sito. Tambi\u00e9n tenemos derecho a revelar su identidad a cualquier tercero que afirme que cualquier material publicado o cargado por usted a trav\u00e9s del Sitio constituye una violaci\u00f3n de sus derechos de propiedad intelectual o su derecho a la privacidad. Al enviar Su contenido, usted garantiza que tiene derecho a otorgar esta licencia y nos indemniza por cualquier incumplimiento de esa garant\u00eda. No somos responsables ante ning\u00fan tercero por el contenido o la precisi\u00f3n de los materiales publicados por usted o cualquier otro usuario del Sitio. En la medida en que lo permita la ley, usted renuncia a sus derechos morales (por ejemplo, el derecho a ser identificado como el autor oa oponerse a un tratamiento despectivo) en Su contenido. Contin\u00fae publicando todo o parte de su Contenido, incluidas sus fotos, comentarios, perfil, nombre, ciudad y pa\u00eds, incluso si cambia de opini\u00f3n y desea que lo eliminemos y\/o si ya no est\u00e1 registrado en el Sitio.<\/p>\r\n<h2>6. SU CONTENIDO: LO QUE NO PUEDE HACER<\/h2>\r\n<p>No debe enviar ning\u00fan material al Sitio que sea: difamatorio, falso o enga\u00f1oso; insultar, amenazar o abusar; obsceno o de naturaleza sexual; u ofensivo, racista, sexista, discriminatorio o que de otro modo discrimine a las personas en funci\u00f3n de su estado civil, orientaci\u00f3n sexual o creencias religiosas. No debe enviar ning\u00fan material al Sitio que pueda: fomentar la violencia; alentar o ense\u00f1ar una conducta que sea un delito penal, d\u00e9 lugar a responsabilidad civil o sea ilegal de cualquier otro modo; infringir los derechos de propiedad intelectual de terceros; publicitar cualquier producto o servicio; hacerse pasar por otra persona o tergiversar su identidad, afiliaci\u00f3n o estado; perjudicar cualquier procedimiento legal activo del que tenga conocimiento; causar alarma, ansiedad o angustia a alguien; ser t\u00e9cnicamente da\u00f1ino (incluidos, entre otros, virus inform\u00e1ticos, bombas l\u00f3gicas, caballos de Troya, gusanos, datos corruptos u otro software, datos, componentes o conducta maliciosos o da\u00f1inos); o violar estos T\u00e9rminos y Condiciones, o nuestra Pol\u00edtica de Privacidad. No puede enviar enlaces a ning\u00fan sitio web. No debe intentar eludir las protecciones que implementamos para la seguridad y el funcionamiento del Sitio. No debe volver a enviar contenido que sepa que se ha eliminado.<\/p>\r\n<h2>7. SUSPENSI\u00d3N O TERMINACI\u00d3N DE CUENTA<\/h2>\r\n<p>Podemos suspender y\/o eliminar cualquier cuenta de usuario a nuestro exclusivo criterio. Las principales razones por las cuales una cuenta puede ser suspendida o eliminada son:<\/p>\r\n<p>El usuario no cumpli\u00f3 con las Directrices o estos T\u00e9rminos y Condiciones; y\/o cualquier comentario enviado por la cuenta de usuario se consider\u00f3 inapropiado.<\/p>\r\n<p>Le notificaremos cualquier suspensi\u00f3n por correo electr\u00f3nico a la direcci\u00f3n que proporcion\u00f3 durante su registro o la pr\u00f3xima vez que intente acceder a su cuenta. La duraci\u00f3n de la suspensi\u00f3n o la decisi\u00f3n de eliminar una cuenta depender\u00e1 de las circunstancias. Si su cuenta se suspende o elimina, no debe intentar volver a registrarse o enviar contenido a trav\u00e9s de otra cuenta sin nuestro consentimiento previo por escrito.<\/p>\r\n<h2>8. INDEMNIZACI\u00d3N<\/h2>\r\n<p>Usted nos indemnizar\u00e1 y nos mantendr\u00e1 indemnizados contra todas las p\u00e9rdidas, gastos, costos y responsabilidades que surjan como resultado o en relaci\u00f3n con su incumplimiento de estos T\u00e9rminos y condiciones.<\/p>\r\n<h2>9. TRANSACCIONES CONCLUIDAS A TRAV\u00c9S DEL SITIO<\/h2>\r\n<p>Los contratos para el suministro de bienes formados a trav\u00e9s de nuestro Sitio se rigen por nuestros T\u00e9rminos y Condiciones de Suministro. La reventa no autorizada de CRANBOURN<sup>\u00ae<\/sup>\u00a0productos est\u00e1 prohibido.<\/p>\r\n<h2>10. RESOLUCI\u00d3N DE DISPUTAS EN L\u00cdNEA<\/h2>\r\n<p>Los consumidores que tengan un problema con un comerciante con respecto a un producto o servicio comprado en l\u00ednea pueden resolver la disputa a trav\u00e9s del procedimiento de Resoluci\u00f3n de disputas en l\u00ednea (&quot;ODR&quot;) de la Comisi\u00f3n Europea. Si tiene un problema con alguno de nuestros productos o servicios, puede acceder al hiperv\u00ednculo de la plataforma ODR aqu\u00ed.<\/p>\r\n<h2>11. ENLACES DESDE EL SITIO<\/h2>\r\n<p>Cuando el Sitio o la Aplicaci\u00f3n contengan enlaces a otros sitios web y recursos proporcionados por terceros, estos enlaces se proporcionan \u00fanicamente para su informaci\u00f3n. No tenemos control sobre el contenido de esos sitios o recursos y no aceptamos ninguna responsabilidad por ellos o por cualquier p\u00e9rdida o da\u00f1o que pueda surgir del uso que usted haga de ellos.<\/p>\r\n<p>A menos que se indique lo contrario, no estamos asociados comercialmente con ning\u00fan producto de terceros a los que se haga referencia en nuestro Sitio o en la Aplicaci\u00f3n.<\/p>\r\n<h2>12. NUESTRA RESPONSABILIDAD<\/h2>\r\n<p>El material que se muestra en nuestro Sitio se proporciona sin garant\u00edas, condiciones o garant\u00edas en cuanto a su exactitud. En la medida permitida por la ley, nosotros, otros miembros de nuestro grupo de empresas y terceros relacionados con nosotros excluimos expresamente: todas las condiciones, garant\u00edas y otros t\u00e9rminos que de otro modo podr\u00edan estar impl\u00edcitos por ley, derecho consuetudinario o derecho de equidad; y cualquier responsabilidad por cualquier p\u00e9rdida o da\u00f1o directo, indirecto o consecuente incurrido por cualquier usuario en relaci\u00f3n con el Sitio o en relaci\u00f3n con el uso, la incapacidad de uso o los resultados del uso del Sitio, cualquier sitio web vinculado a \u00e9l y cualquier material publicado en \u00e9l, incluida la p\u00e9rdida de ingresos o ganancias, la p\u00e9rdida de negocios, la p\u00e9rdida de ganancias o contratos, la p\u00e9rdida de ahorros anticipados, la p\u00e9rdida de datos, la p\u00e9rdida de buena voluntad o la gesti\u00f3n o el tiempo de oficina desperdiciado, ya sea causado por agravio (incluida la negligencia) incumplimiento de contrato o de lo contrario, incluso si es previsible, siempre que esta condici\u00f3n no impida las reclamaciones por p\u00e9rdida o da\u00f1o a su propiedad tangible o cualquier otra reclamaci\u00f3n por p\u00e9rdida financiera directa que no est\u00e9 excluida por ninguna de las categor\u00edas anteriores. Esto no afecta nuestra responsabilidad por muerte o lesiones personales que surjan de nuestra negligencia, ni nuestra responsabilidad por tergiversaci\u00f3n fraudulenta o tergiversaci\u00f3n sobre un asunto fundamental, ni ninguna otra responsabilidad que no pueda excluirse o limitarse seg\u00fan la ley aplicable.<\/p>\r\n<h2>13 ACCEDER AL SITIO<\/h2>\r\n<p>El acceso a nuestro Sitio est\u00e1 permitido temporalmente y nos reservamos el derecho de retirar o modificar el servicio que brindamos en nuestro Sitio sin previo aviso. No seremos responsables si por alguna raz\u00f3n nuestro Sitio no est\u00e1 disponible en alg\u00fan momento o durante alg\u00fan per\u00edodo.<\/p>\r\n<p>El Sitio depende en parte del software para funcionar. El software tiene errores. Si bien monitorearemos el Sitio e intentaremos corregir errores, no podemos garantizar que el Sitio o cualquier caracter\u00edstica individual del Sitio est\u00e9 libre de errores, disponible todo el tiempo y\/o libre de virus.<\/p>\r\n<h2>14. SIN GARANT\u00cdAS<\/h2>\r\n<p>No proporcionamos ninguna garant\u00eda, ya sea expresa o impl\u00edcita, de ning\u00fan tipo, incluidas, entre otras, garant\u00edas impl\u00edcitas o t\u00e9rminos impl\u00edcitos de calidad satisfactoria, idoneidad para un prop\u00f3sito particular o ausencia de infracci\u00f3n. Todos los t\u00e9rminos y garant\u00edas tales impl\u00edcitas quedan excluidas.<\/p>\r\n<h2>15. CAMBIOS AL SITIO O APLICACI\u00d3N<\/h2>\r\n<p>Nos reservamos el derecho de cambiar el contenido del Sitio en cualquier momento. Si surge la necesidad, podemos suspender el acceso al Sitio o cerrarlo indefinidamente. Cualquiera de los materiales en el Sitio puede estar desactualizado en un momento dado, y no tenemos ninguna obligaci\u00f3n de actualizar dicho material.<\/p>\r\n<h2>16. PREOCUPACIONES<\/h2>\r\n<p>Si tiene alguna inquietud sobre el material que aparece en nuestro Sitio o si ve algo que razonablemente cree que infringe estos T\u00e9rminos y condiciones o nuestras Pautas, env\u00edenos un correo electr\u00f3nico a:\u00a0<a href=\"mailto:enquiries@cranbourn.com\">enquiries@cranbourn.com<\/a><\/p>\r\n<h2>17. VALIDEZ<\/h2>\r\n<p>Si se determina que alguna parte o disposici\u00f3n de estos T\u00e9rminos y condiciones es ilegal o inaplicable, esto no afectar\u00e1 la validez de ninguna otra parte o disposici\u00f3n.<\/p>\r\n<h2>18. ACUERDO COMPLETO<\/h2>\r\n<p>Estos T\u00e9rminos y condiciones, las Directrices y cualquier documento al que se haga referencia expresa en ellos constituyen el acuerdo completo entre nosotros y reemplazan todas las discusiones, correspondencia, negociaciones, arreglos, entendimientos o acuerdos previos entre nosotros en relaci\u00f3n con el tema de estos T\u00e9rminos y condiciones. Cada uno de nosotros reconoce que ninguno de nosotros depende de ninguna representaci\u00f3n o garant\u00eda (ya sea que se haga de manera inocente o negligente) que no est\u00e9 establecida en estos T\u00e9rminos y condiciones, las Pautas o los documentos a los que se hace referencia en ellos, ni tendr\u00e1 ning\u00fan recurso con respecto a ellos. . Cada uno de nosotros reconoce y acepta que el \u00fanico recurso disponible por el incumplimiento de estos T\u00e9rminos y condiciones ser\u00e1 el incumplimiento del contrato en virtud de estos T\u00e9rminos y condiciones. Sin embargo, nada en estos T\u00e9rminos y Condiciones opera para limitar o excluir cualquier responsabilidad por fraude.<\/p>\r\n<h2>19. JURISDICCI\u00d3N Y LEY APLICABLE<\/h2>\r\n<p>Estos T\u00e9rminos y Condiciones se rigen por la ley inglesa. Los tribunales ingleses tendr\u00e1n jurisdicci\u00f3n exclusiva sobre cualquier disputa relacionada con estos T\u00e9rminos y Condiciones.<\/p>","protected":false},"excerpt":{"rendered":"<p>Thank you for visiting the CRANBOURN\u00ae\u00a0website at www.cranbourn.com (the \u201cSite\u201d). This document (together with the documents referred to in it) tells you the terms and conditions on which you may use the Site. If you do not wish to be bound by these terms and conditions, then you should not use the site. Use of [&hellip;]<\/p>\n","protected":false},"author":13,"featured_media":911,"parent":0,"menu_order":0,"comment_status":"closed","ping_status":"closed","template":"template-term-condition.php","meta":{"_acf_changed":false,"content-type":"","footnotes":""},"class_list":["post-3","page","type-page","status-publish","has-post-thumbnail","hentry"],"acf":[],"yoast_head":"<!-- This site is optimized with the Yoast SEO plugin v27.3 - https:\/\/yoast.com\/product\/yoast-seo-wordpress\/ -->\n<title>Terms &amp; Conditions - MEDIA ROOM<\/title>\n<meta name=\"robots\" content=\"index, follow, max-snippet:-1, max-image-preview:large, max-video-preview:-1\" \/>\n<link rel=\"canonical\" href=\"https:\/\/press.cranbourn.com\/es\/condiciones\/\" \/>\n<meta property=\"og:locale\" content=\"es_ES\" \/>\n<meta property=\"og:type\" content=\"article\" \/>\n<meta property=\"og:title\" content=\"Terms &amp; Conditions - MEDIA ROOM\" \/>\n<meta property=\"og:description\" content=\"Thank you for visiting the CRANBOURN\u00ae\u00a0website at www.cranbourn.com (the \u201cSite\u201d). This document (together with the documents referred to in it) tells you the terms and conditions on which you may use the Site. If you do not wish to be bound by these terms and conditions, then you should not use the site. Use of [&hellip;]\" \/>\n<meta property=\"og:url\" content=\"https:\/\/press.cranbourn.com\/es\/condiciones\/\" \/>\n<meta property=\"og:site_name\" content=\"MEDIA ROOM\" \/>\n<meta property=\"article:publisher\" content=\"https:\/\/www.facebook.com\/cranbourn\/\" \/>\n<meta property=\"article:modified_time\" content=\"2023-08-23T09:14:34+00:00\" \/>\n<meta property=\"og:image\" content=\"https:\/\/press.cranbourn.com\/wp-content\/uploads\/2023\/08\/cranbourn-terms-conditions.jpg\" \/>\n\t<meta property=\"og:image:width\" content=\"1800\" \/>\n\t<meta property=\"og:image:height\" content=\"1012\" \/>\n\t<meta property=\"og:image:type\" content=\"image\/jpeg\" \/>\n<meta name=\"twitter:card\" content=\"summary_large_image\" \/>\n<meta name=\"twitter:site\" content=\"@cranbourn_\" \/>\n<meta name=\"twitter:label1\" content=\"Tiempo de lectura\" \/>\n\t<meta name=\"twitter:data1\" content=\"9 minutos\" \/>\n<script type=\"application\/ld+json\" class=\"yoast-schema-graph\">{\"@context\":\"https:\\\/\\\/schema.org\",\"@graph\":[{\"@type\":\"WebPage\",\"@id\":\"https:\\\/\\\/press.cranbourn.com\\\/terms-conditions\\\/\",\"url\":\"https:\\\/\\\/press.cranbourn.com\\\/terms-conditions\\\/\",\"name\":\"Terms & Conditions - MEDIA ROOM\",\"isPartOf\":{\"@id\":\"https:\\\/\\\/press.cranbourn.com\\\/pl\\\/#website\"},\"primaryImageOfPage\":{\"@id\":\"https:\\\/\\\/press.cranbourn.com\\\/terms-conditions\\\/#primaryimage\"},\"image\":{\"@id\":\"https:\\\/\\\/press.cranbourn.com\\\/terms-conditions\\\/#primaryimage\"},\"thumbnailUrl\":\"https:\\\/\\\/press.cranbourn.com\\\/wp-content\\\/uploads\\\/avifenc\\\/2023\\\/08\\\/cranbourn-terms-conditions.avif\",\"datePublished\":\"2023-07-13T11:37:38+00:00\",\"dateModified\":\"2023-08-23T09:14:34+00:00\",\"breadcrumb\":{\"@id\":\"https:\\\/\\\/press.cranbourn.com\\\/terms-conditions\\\/#breadcrumb\"},\"inLanguage\":\"es\",\"potentialAction\":[{\"@type\":\"ReadAction\",\"target\":[\"https:\\\/\\\/press.cranbourn.com\\\/terms-conditions\\\/\"]}]},{\"@type\":\"ImageObject\",\"inLanguage\":\"es\",\"@id\":\"https:\\\/\\\/press.cranbourn.com\\\/terms-conditions\\\/#primaryimage\",\"url\":\"https:\\\/\\\/press.cranbourn.com\\\/wp-content\\\/uploads\\\/avifenc\\\/2023\\\/08\\\/cranbourn-terms-conditions.avif\",\"contentUrl\":\"https:\\\/\\\/press.cranbourn.com\\\/wp-content\\\/uploads\\\/avifenc\\\/2023\\\/08\\\/cranbourn-terms-conditions.avif\",\"width\":1800,\"height\":1012},{\"@type\":\"BreadcrumbList\",\"@id\":\"https:\\\/\\\/press.cranbourn.com\\\/terms-conditions\\\/#breadcrumb\",\"itemListElement\":[{\"@type\":\"ListItem\",\"position\":1,\"name\":\"CRANBOURN\u00ae\",\"item\":\"https:\\\/\\\/press.cranbourn.com\\\/es\"},{\"@type\":\"ListItem\",\"position\":2,\"name\":\"Terms &#038; Conditions\"}]},{\"@type\":\"WebSite\",\"@id\":\"https:\\\/\\\/press.cranbourn.com\\\/pl\\\/#website\",\"url\":\"https:\\\/\\\/press.cranbourn.com\\\/pl\\\/\",\"name\":\"MEDIA ROOM\",\"description\":\"CRANBOURN\u00ae | Press &amp; Media Room. Contact a Member of the Team for the latest News, Press Releases and Media Downloads.\",\"publisher\":{\"@id\":\"https:\\\/\\\/press.cranbourn.com\\\/pl\\\/#organization\"},\"potentialAction\":[{\"@type\":\"SearchAction\",\"target\":{\"@type\":\"EntryPoint\",\"urlTemplate\":\"https:\\\/\\\/press.cranbourn.com\\\/pl\\\/?s={search_term_string}\"},\"query-input\":{\"@type\":\"PropertyValueSpecification\",\"valueRequired\":true,\"valueName\":\"search_term_string\"}}],\"inLanguage\":\"es\"},{\"@type\":\"Organization\",\"@id\":\"https:\\\/\\\/press.cranbourn.com\\\/pl\\\/#organization\",\"name\":\"MEDIA ROOM\",\"url\":\"https:\\\/\\\/press.cranbourn.com\\\/pl\\\/\",\"logo\":{\"@type\":\"ImageObject\",\"inLanguage\":\"es\",\"@id\":\"https:\\\/\\\/press.cranbourn.com\\\/pl\\\/#\\\/schema\\\/logo\\\/image\\\/\",\"url\":\"https:\\\/\\\/press.cranbourn.com\\\/wp-content\\\/uploads\\\/2023\\\/07\\\/logo.svg\",\"contentUrl\":\"https:\\\/\\\/press.cranbourn.com\\\/wp-content\\\/uploads\\\/2023\\\/07\\\/logo.svg\",\"width\":1,\"height\":1,\"caption\":\"MEDIA ROOM\"},\"image\":{\"@id\":\"https:\\\/\\\/press.cranbourn.com\\\/pl\\\/#\\\/schema\\\/logo\\\/image\\\/\"},\"sameAs\":[\"https:\\\/\\\/www.facebook.com\\\/cranbourn\\\/\",\"https:\\\/\\\/x.com\\\/cranbourn_\"]}]}<\/script>\n<!-- \/ Yoast SEO plugin. -->","yoast_head_json":{"title":"T\u00e9rminos y condiciones - SALA DE MEDIOS","robots":{"index":"index","follow":"follow","max-snippet":"max-snippet:-1","max-image-preview":"max-image-preview:large","max-video-preview":"max-video-preview:-1"},"canonical":"https:\/\/press.cranbourn.com\/es\/condiciones\/","og_locale":"es_ES","og_type":"article","og_title":"Terms & Conditions - MEDIA ROOM","og_description":"Thank you for visiting the CRANBOURN\u00ae\u00a0website at www.cranbourn.com (the \u201cSite\u201d). This document (together with the documents referred to in it) tells you the terms and conditions on which you may use the Site. If you do not wish to be bound by these terms and conditions, then you should not use the site. Use of [&hellip;]","og_url":"https:\/\/press.cranbourn.com\/es\/condiciones\/","og_site_name":"MEDIA ROOM","article_publisher":"https:\/\/www.facebook.com\/cranbourn\/","article_modified_time":"2023-08-23T09:14:34+00:00","og_image":[{"width":1800,"height":1012,"url":"https:\/\/press.cranbourn.com\/wp-content\/uploads\/2023\/08\/cranbourn-terms-conditions.jpg","type":"image\/jpeg"}],"twitter_card":"summary_large_image","twitter_site":"@cranbourn_","twitter_misc":{"Tiempo de lectura":"9 minutos"},"schema":{"@context":"https:\/\/schema.org","@graph":[{"@type":"WebPage","@id":"https:\/\/press.cranbourn.com\/terms-conditions\/","url":"https:\/\/press.cranbourn.com\/terms-conditions\/","name":"T\u00e9rminos y condiciones - SALA DE MEDIOS","isPartOf":{"@id":"https:\/\/press.cranbourn.com\/pl\/#website"},"primaryImageOfPage":{"@id":"https:\/\/press.cranbourn.com\/terms-conditions\/#primaryimage"},"image":{"@id":"https:\/\/press.cranbourn.com\/terms-conditions\/#primaryimage"},"thumbnailUrl":"https:\/\/press.cranbourn.com\/wp-content\/uploads\/avifenc\/2023\/08\/cranbourn-terms-conditions.avif","datePublished":"2023-07-13T11:37:38+00:00","dateModified":"2023-08-23T09:14:34+00:00","breadcrumb":{"@id":"https:\/\/press.cranbourn.com\/terms-conditions\/#breadcrumb"},"inLanguage":"es","potentialAction":[{"@type":"ReadAction","target":["https:\/\/press.cranbourn.com\/terms-conditions\/"]}]},{"@type":"ImageObject","inLanguage":"es","@id":"https:\/\/press.cranbourn.com\/terms-conditions\/#primaryimage","url":"https:\/\/press.cranbourn.com\/wp-content\/uploads\/avifenc\/2023\/08\/cranbourn-terms-conditions.avif","contentUrl":"https:\/\/press.cranbourn.com\/wp-content\/uploads\/avifenc\/2023\/08\/cranbourn-terms-conditions.avif","width":1800,"height":1012},{"@type":"BreadcrumbList","@id":"https:\/\/press.cranbourn.com\/terms-conditions\/#breadcrumb","itemListElement":[{"@type":"ListItem","position":1,"name":"CRANBOURN\u00ae","item":"https:\/\/press.cranbourn.com\/es"},{"@type":"ListItem","position":2,"name":"Terms &#038; Conditions"}]},{"@type":"WebSite","@id":"https:\/\/press.cranbourn.com\/pl\/#website","url":"https:\/\/press.cranbourn.com\/pl\/","name":"SALA DE MEDIOS DE COMUNICACI\u00d3N","description":"CRANBOURN\u00ae | Sala de Prensa y Medios. P\u00f3ngase en contacto con un miembro del equipo para obtener las \u00faltimas noticias, comunicados de prensa y descargas de medios.","publisher":{"@id":"https:\/\/press.cranbourn.com\/pl\/#organization"},"potentialAction":[{"@type":"SearchAction","target":{"@type":"EntryPoint","urlTemplate":"https:\/\/press.cranbourn.com\/pl\/?s={search_term_string}"},"query-input":{"@type":"PropertyValueSpecification","valueRequired":true,"valueName":"search_term_string"}}],"inLanguage":"es"},{"@type":"Organization","@id":"https:\/\/press.cranbourn.com\/pl\/#organization","name":"SALA DE MEDIOS DE COMUNICACI\u00d3N","url":"https:\/\/press.cranbourn.com\/pl\/","logo":{"@type":"ImageObject","inLanguage":"es","@id":"https:\/\/press.cranbourn.com\/pl\/#\/schema\/logo\/image\/","url":"https:\/\/press.cranbourn.com\/wp-content\/uploads\/2023\/07\/logo.svg","contentUrl":"https:\/\/press.cranbourn.com\/wp-content\/uploads\/2023\/07\/logo.svg","width":1,"height":1,"caption":"MEDIA ROOM"},"image":{"@id":"https:\/\/press.cranbourn.com\/pl\/#\/schema\/logo\/image\/"},"sameAs":["https:\/\/www.facebook.com\/cranbourn\/","https:\/\/x.com\/cranbourn_"]}]}},"jetpack_sharing_enabled":true,"_links":{"self":[{"href":"https:\/\/press.cranbourn.com\/es\/wp-json\/wp\/v2\/pages\/3","targetHints":{"allow":["GET"]}}],"collection":[{"href":"https:\/\/press.cranbourn.com\/es\/wp-json\/wp\/v2\/pages"}],"about":[{"href":"https:\/\/press.cranbourn.com\/es\/wp-json\/wp\/v2\/types\/page"}],"author":[{"embeddable":true,"href":"https:\/\/press.cranbourn.com\/es\/wp-json\/wp\/v2\/users\/13"}],"replies":[{"embeddable":true,"href":"https:\/\/press.cranbourn.com\/es\/wp-json\/wp\/v2\/comments?post=3"}],"version-history":[{"count":0,"href":"https:\/\/press.cranbourn.com\/es\/wp-json\/wp\/v2\/pages\/3\/revisions"}],"wp:featuredmedia":[{"embeddable":true,"href":"https:\/\/press.cranbourn.com\/es\/wp-json\/wp\/v2\/media\/911"}],"wp:attachment":[{"href":"https:\/\/press.cranbourn.com\/es\/wp-json\/wp\/v2\/media?parent=3"}],"curies":[{"name":"wp","href":"https:\/\/api.w.org\/{rel}","templated":true}]}}