{"id":3,"date":"2023-07-13T12:37:38","date_gmt":"2023-07-13T11:37:38","guid":{"rendered":"https:\/\/presscranbourn.wpengine.com\/?page_id=3"},"modified":"2023-08-23T10:14:34","modified_gmt":"2023-08-23T09:14:34","slug":"bedingungen","status":"publish","type":"page","link":"https:\/\/press.cranbourn.com\/de\/terms-conditions\/","title":{"rendered":"Terms &amp; amp; Bedingungen"},"content":{"rendered":"<p>Vielen Dank f\u00fcr Ihren Besuch im CRANBOURN<sup>\u00ae<\/sup>\u00a0Website unter www.cranbourn.com (die \u201eWebsite\u201c). In diesem Dokument (zusammen mit den darin genannten Dokumenten) erfahren Sie, zu welchen Bedingungen Sie die Website nutzen d\u00fcrfen.<\/p>\r\n<p>Wenn Sie nicht an diese Allgemeinen Gesch\u00e4ftsbedingungen gebunden sein m\u00f6chten, sollten Sie die Website nicht nutzen. Durch die Nutzung der Website durch Sie erkl\u00e4ren Sie sich mit diesen Allgemeinen Gesch\u00e4ftsbedingungen einverstanden.<\/p>\r\n<p>Wir k\u00f6nnen diese Allgemeinen Gesch\u00e4ftsbedingungen von Zeit zu Zeit \u00e4ndern. Bitte \u00fcberpr\u00fcfen Sie sie daher jedes Mal, wenn Sie die Website besuchen. Sie sollten eine Kopie dieser Allgemeinen Gesch\u00e4ftsbedingungen zum sp\u00e4teren Nachschlagen aufbewahren.<\/p>\r\n<h2 class=\"wp-block-heading\">1. \u00dcBER UNS:<\/h2>\r\n<p>Die Website und die Anwendung werden von CRANBOURN (Holdings) Limited betrieben, einem in England und Wales unter der Firmennummer 11692479 registrierten Unternehmen mit Sitz in 1 The Green, Richmond, Surrey, TW9 1PL.<\/p>\r\n<p>Unsere Umsatzsteuer-Identifikationsnummer lautet GB 311 7674 14. Sie k\u00f6nnen uns \u00fcber die folgende E-Mail-Adresse kontaktieren:\u00a0<a href=\"mailto:enquiries@cranbourn.com\">enquiries@cranbourn.com<\/a>.<\/p>\r\n<h2>2. NUTZUNG DER WEBSITE UND\/ODER ANWENDUNG<\/h2>\r\n<p>Sie d\u00fcrfen die Website nur f\u00fcr den pers\u00f6nlichen Gebrauch nutzen. Jegliche kommerzielle Nutzung der Website durch Sie ist strengstens untersagt. Es ist Ihnen gestattet, gelegentlich einzelne Webseiten auszudrucken, sofern Sie nicht die gesamte Website oder einen wesentlichen Teil davon ausdrucken und die auf der Website enthaltenen Markenzeichen und Hinweise auf geistiges Eigentum nicht entfernt werden.<\/p>\r\n<p>Sofern in diesen Allgemeinen Gesch\u00e4ftsbedingungen nichts anderes angegeben ist, ist es Ihnen (weder direkt noch indirekt) untersagt, (i) den Inhalt oder die Website oder Anwendung ganz oder teilweise zu kopieren, herunterzuladen, zu speichern, verf\u00fcgbar zu machen, zu verteilen, zu verkaufen oder zum Verkauf anzubieten, oder (ii) Inhalte, Dateien oder Daten von der Website herunterzuladen oder anderweitig zu kopieren, um eine Datenbank oder Ver\u00f6ffentlichung jeglicher Art zu erstellen oder zu f\u00fcllen.<\/p>\r\n<h2>3. REGISTRIERUNG<\/h2>\r\n<p>Sie d\u00fcrfen nicht mehr als ein Konto registrieren.<\/p>\r\n<p>Sie m\u00fcssen mindestens 18 Jahre alt sein, um sich \u00fcber die Website zu registrieren und Kommentare oder Fotos einzureichen.<\/p>\r\n<p>Sie m\u00fcssen eine aktuelle E-Mail-Adresse angeben, auf die Sie regelm\u00e4\u00dfig Zugriff haben, da wir Sie m\u00f6glicherweise bez\u00fcglich Ihrer Einreichungen kontaktieren m\u00fcssen.<\/p>\r\n<p>Sie d\u00fcrfen nicht: sich als eine andere Person ausgeben oder versuchen, sich als eine andere Person auszugeben; Geben Sie Ihr Passwort an Dritte weiter. Erlauben Sie anderen Personen, Ihr Konto oder das Konto einer anderen Person zu verwenden. Sie sind f\u00fcr alle \u00fcber Ihr Konto \u00fcbermittelten Beitr\u00e4ge verantwortlich. Wenn Sie den Verdacht haben, dass jemand anderes Zugriff auf Ihr Passwort oder Konto hat oder dieses verwendet, m\u00fcssen Sie uns so schnell wie m\u00f6glich per E-Mail benachrichtigen\u00a0<a href=\"mailto:enquiries@cranbourn.com\">enquiries@cranbourn.com<\/a><\/p>\r\n<h2>4. VERLINKUNG ZUR WEBSITE<\/h2>\r\n<p>Sie k\u00f6nnen Ihren Freunden Links zu unseren Websites oder bestimmten Seiten darin per E-Mail zusenden.<\/p>\r\n<h2>5. IHRE INHALTE \u2013 WAS WIR D\u00dcRFEN<\/h2>\r\n<p>Wir behalten uns das Recht vor, alle oder Teile der von Ihnen eingereichten Inhalte zu ver\u00f6ffentlichen, zu bearbeiten oder zu entfernen, einschlie\u00dflich, aber nicht beschr\u00e4nkt auf, alle in Ihrem Profil enthaltenen Details (z. B. Ihr Name, Ihre Stadt, Ihr Land), alle Fotos oder Kommentare, die Sie m\u00f6glicherweise eingereicht haben (\u201e Ihre Inhalte\u201c).<\/p>\r\n<p>Bitte beachten Sie, dass Sie durch die \u00dcbermittlung von Inhalten \u00fcber die Website damit einverstanden sind, dass alle von Ihnen bereitgestellten Bilder auf Google Bilder oder eine andere von uns ausgew\u00e4hlte Suchmaschine hochgeladen werden.<\/p>\r\n<p>Durch die \u00dcbermittlung von Inhalten an die Website gew\u00e4hren Sie uns eine unbefristete, geb\u00fchrenfreie, weltweite, unwiderrufliche, nicht ausschlie\u00dfliche Lizenz zur Nutzung, Vervielf\u00e4ltigung, Bearbeitung, Anpassung, Ver\u00f6ffentlichung, \u00dcbersetzung, Bereitstellung, Kommunikation, Verbreitung und Unterlizenzierung Ihrer Inhalte (ganz oder teilweise) f\u00fcr jeden Zweck. Wir haben au\u00dferdem das Recht, Ihre Identit\u00e4t gegen\u00fcber Dritten offenzulegen, die behaupten, dass von Ihnen \u00fcber die Website ver\u00f6ffentlichtes oder hochgeladenes Material eine Verletzung ihrer geistigen Eigentumsrechte oder ihres Rechts auf Privatsph\u00e4re darstellt. Durch die \u00dcbermittlung Ihrer Inhalte garantieren Sie, dass Sie das Recht haben, diese Lizenz zu gew\u00e4hren, und Sie entsch\u00e4digen uns f\u00fcr jeden Versto\u00df gegen diese Garantie. Wir \u00fcbernehmen keine Verantwortung oder Haftung gegen\u00fcber Dritten f\u00fcr den Inhalt oder die Richtigkeit der von Ihnen oder einem anderen Benutzer der Website ver\u00f6ffentlichten Materialien. Soweit gesetzlich zul\u00e4ssig, verzichten Sie auf Ihre Urheberpers\u00f6nlichkeitsrechte (z. B. das Recht, als Urheber identifiziert zu werden oder einer herabw\u00fcrdigenden Behandlung zu widersprechen) an Ihren Inhalten. Ver\u00f6ffentlichen Sie weiterhin alle oder einen Teil Ihrer Inhalte, einschlie\u00dflich Ihrer Fotos, Kommentare, Ihres Profils, Ihres Namens, Ihrer Stadt und Ihres Landes, auch wenn Sie Ihre Meinung \u00e4ndern und m\u00f6chten, dass wir sie entfernen und\/oder Sie nicht mehr auf der Website registriert sind.<\/p>\r\n<h2>6. IHRE INHALTE \u2013 WAS SIE NICHT D\u00dcRFEN<\/h2>\r\n<p>Sie d\u00fcrfen auf der Website kein Material einreichen, das verleumderisch, falsch oder irref\u00fchrend ist; beleidigend, bedrohlich oder beleidigend; obsz\u00f6ner oder sexueller Natur; oder beleidigend, rassistisch, sexistisch, altersfeindlich oder auf andere Weise Personen aufgrund ihres Familienstands, ihrer sexuellen Orientierung oder ihrer religi\u00f6sen \u00dcberzeugung diskriminiert. Sie d\u00fcrfen auf der Website kein Material einreichen, das geeignet ist: Gewalt zu f\u00f6rdern; Verhalten f\u00f6rdern oder lehren, das eine Straftat darstellt, eine zivilrechtliche Haftung nach sich zieht oder anderweitig rechtswidrig ist; geistige Eigentumsrechte Dritter verletzen; Werbung f\u00fcr Produkte oder Dienstleistungen machen; sich als jemand anderes auszugeben oder Ihre Identit\u00e4t, Zugeh\u00f6rigkeit oder Ihren Status auf andere Weise falsch darzustellen; etwaige laufende Gerichtsverfahren beeintr\u00e4chtigen, von denen Sie Kenntnis haben; jemandem Alarm, Angst oder Bedr\u00e4ngnis bereiten; technisch sch\u00e4dlich sein (einschlie\u00dflich, aber nicht beschr\u00e4nkt auf Computerviren, Logikbomben, Trojaner, W\u00fcrmer, besch\u00e4digte Daten oder andere b\u00f6sartige oder sch\u00e4dliche Software, Daten, Komponenten oder Verhaltensweisen); oder gegen diese Allgemeinen Gesch\u00e4ftsbedingungen oder unsere Datenschutzrichtlinie versto\u00dfen. Sie d\u00fcrfen keine Links zu Websites einreichen. Sie d\u00fcrfen nicht versuchen, die von uns f\u00fcr die Sicherheit und den Betrieb der Website eingerichteten Schutzma\u00dfnahmen zu umgehen. Sie d\u00fcrfen keine Inhalte erneut einreichen, von denen Sie wissen, dass sie entfernt wurden.<\/p>\r\n<h2>7. SUSPENSION ODER K\u00dcNDIGUNG DES KONTOS<\/h2>\r\n<p>Wir k\u00f6nnen jedes Benutzerkonto nach unserem alleinigen Ermessen sperren und\/oder l\u00f6schen. Die Hauptgr\u00fcnde, aus denen ein Konto gesperrt oder gel\u00f6scht werden kann, sind:<\/p>\r\n<p>Der Benutzer hat die Richtlinien oder diese Allgemeinen Gesch\u00e4ftsbedingungen nicht eingehalten. und\/oder jeder vom Benutzerkonto abgegebene Kommentar wurde als unangemessen erachtet.<\/p>\r\n<p>Wir benachrichtigen Sie \u00fcber jede Sperrung per E-Mail an die Adresse, die Sie bei Ihrer Registrierung angegeben haben, oder wenn Sie das n\u00e4chste Mal versuchen, auf Ihr Konto zuzugreifen. Die Dauer der Sperrung oder die Entscheidung, ein Konto zu l\u00f6schen, h\u00e4ngt von den Umst\u00e4nden ab. Wenn Ihr Konto gesperrt oder gel\u00f6scht wird, d\u00fcrfen Sie ohne unsere vorherige schriftliche Zustimmung nicht versuchen, sich erneut zu registrieren oder Inhalte \u00fcber ein anderes Konto einzureichen.<\/p>\r\n<h2>8. SCHADENERSATZ<\/h2>\r\n<p>Sie werden uns von allen Verlusten, Ausgaben, Kosten und Verbindlichkeiten schadlos halten, die sich aus oder im Zusammenhang mit Ihrem Versto\u00df gegen diese Allgemeinen Gesch\u00e4ftsbedingungen ergeben.<\/p>\r\n<h2>9. \u00dcBER DIE WEBSITE ABGESCHLOSSENE TRANSAKTIONEN<\/h2>\r\n<p>Vertr\u00e4ge \u00fcber die Lieferung von Waren, die \u00fcber unsere Website geschlossen werden, unterliegen unseren Lieferbedingungen. Der unbefugte Weiterverkauf von CRANBOURN<sup>\u00ae<\/sup>\u00a0Produkte ist verboten.<\/p>\r\n<h2>10. Online-Streitbeilegung<\/h2>\r\n<p>Verbraucher, die ein Problem mit einem H\u00e4ndler bez\u00fcglich eines online gekauften Produkts oder einer online gekauften Dienstleistung haben, k\u00f6nnen den Streit \u00fcber das Online-Streitbeilegungsverfahren (\u201eODR\u201c) der Europ\u00e4ischen Kommission beilegen. Sollten Sie ein Problem mit einem unserer Produkte oder Dienstleistungen haben, k\u00f6nnen Sie hier auf den Hyperlink zur OS-Plattform zugreifen.<\/p>\r\n<h2>11. LINKS VON DER WEBSITE<\/h2>\r\n<p>Wenn die Website oder Anwendung Links zu anderen Websites und Ressourcen enth\u00e4lt, die von Dritten bereitgestellt werden, werden diese Links nur zu Ihrer Information bereitgestellt. Wir haben keine Kontrolle \u00fcber den Inhalt dieser Websites oder Ressourcen und \u00fcbernehmen keine Verantwortung f\u00fcr diese oder f\u00fcr Verluste oder Sch\u00e4den, die aus Ihrer Nutzung dieser Websites entstehen k\u00f6nnen.<\/p>\r\n<p>Sofern nicht anders angegeben, sind wir nicht kommerziell mit den Produkten Dritter verbunden, auf die auf unserer Website oder in der Anwendung verwiesen wird.<\/p>\r\n<h2>12. UNSERE HAFTUNG<\/h2>\r\n<p>Das auf unserer Website angezeigte Material wird ohne Garantien, Bedingungen oder Gew\u00e4hrleistungen hinsichtlich seiner Richtigkeit bereitgestellt. Soweit gesetzlich zul\u00e4ssig, schlie\u00dfen wir, andere Mitglieder unserer Unternehmensgruppe und mit uns verbundene Dritte hiermit ausdr\u00fccklich Folgendes aus: alle Bedingungen, Gew\u00e4hrleistungen und anderen Bedingungen, die andernfalls durch Gesetz, Gewohnheitsrecht oder Billigkeitsrecht impliziert werden k\u00f6nnten; und jegliche Haftung f\u00fcr direkte, indirekte oder Folgeverluste oder -sch\u00e4den, die einem Benutzer im Zusammenhang mit der Website oder im Zusammenhang mit der Nutzung, Unm\u00f6glichkeit der Nutzung oder den Ergebnissen der Nutzung der Website, aller damit verlinkten Websites und aller ver\u00f6ffentlichten Materialien entstehen darauf zur\u00fcckzuf\u00fchren sind, einschlie\u00dflich Einkommens- oder Umsatzverlusten, Gesch\u00e4ftsverlusten, entgangenen Gewinnen oder Vertr\u00e4gen, Verlust erwarteter Einsparungen, Verlust von Daten, Verlust von Firmenwert oder verschwendeter Management- oder B\u00fcrozeit, unabh\u00e4ngig davon, ob diese durch unerlaubte Handlung (einschlie\u00dflich Fahrl\u00e4ssigkeit) oder Vertragsbruch verursacht wurden oder anderweitig, selbst wenn vorhersehbar, vorausgesetzt, dass diese Bedingung Anspr\u00fcchen wegen Verlust oder Besch\u00e4digung Ihres materiellen Eigentums oder anderen Anspr\u00fcchen wegen direkter finanzieller Verluste, die nicht durch eine der oben genannten Kategorien ausgeschlossen sind, nicht entgegensteht. Dies ber\u00fchrt weder unsere Haftung f\u00fcr Todesf\u00e4lle oder Personensch\u00e4den, die auf unsere Fahrl\u00e4ssigkeit zur\u00fcckzuf\u00fchren sind, noch unsere Haftung f\u00fcr betr\u00fcgerische Falschdarstellung oder Falschdarstellung einer wesentlichen Angelegenheit, noch jede andere Haftung, die nach geltendem Recht nicht ausgeschlossen oder beschr\u00e4nkt werden kann.<\/p>\r\n<h2>13 . ZUGRIFF AUF DIE WEBSITE<\/h2>\r\n<p>Der Zugriff auf unsere Website ist vor\u00fcbergehend gestattet und wir behalten uns das Recht vor, den auf unserer Website bereitgestellten Service ohne Vorank\u00fcndigung zur\u00fcckzuziehen oder zu \u00e4ndern. Wir haften nicht, wenn unsere Website aus irgendeinem Grund zu irgendeinem Zeitpunkt oder f\u00fcr einen bestimmten Zeitraum nicht verf\u00fcgbar ist.<\/p>\r\n<p>Die Website ist teilweise auf Software angewiesen, um zu funktionieren. Die Software hat Fehler. Obwohl wir die Website \u00fcberwachen und versuchen, Fehler zu beheben, k\u00f6nnen wir nicht garantieren, dass die Website oder einzelne Funktionen der Website fehlerfrei, jederzeit verf\u00fcgbar und\/oder frei von Viren sind.<\/p>\r\n<h2>14. KEINE GARANTIEN<\/h2>\r\n<p>Wir geben keinerlei Garantie, weder ausdr\u00fccklich noch stillschweigend, einschlie\u00dflich, aber nicht beschr\u00e4nkt auf stillschweigende Garantien oder stillschweigende Bedingungen f\u00fcr zufriedenstellende Qualit\u00e4t, Eignung f\u00fcr einen bestimmten Zweck oder Nichtverletzung. Alle derartigen stillschweigenden Bedingungen und Gew\u00e4hrleistungen werden hiermit ausgeschlossen.<\/p>\r\n<h2>15. \u00c4NDERUNGEN AN DER WEBSITE ODER ANWENDUNG<\/h2>\r\n<p>Wir behalten uns das Recht vor, den Inhalt der Website jederzeit zu \u00e4ndern. Bei Bedarf k\u00f6nnen wir den Zugriff auf die Website sperren oder sie auf unbestimmte Zeit schlie\u00dfen. Jegliches Material auf der Website kann jederzeit veraltet sein und wir sind nicht verpflichtet, dieses Material zu aktualisieren.<\/p>\r\n<h2>16. Bedenken<\/h2>\r\n<p>Wenn Sie Bedenken hinsichtlich des Materials haben, das auf unserer Website erscheint, oder wenn Sie etwas sehen, von dem Sie begr\u00fcndet annehmen, dass es gegen diese Allgemeinen Gesch\u00e4ftsbedingungen oder unsere Richtlinien verst\u00f6\u00dft, senden Sie uns bitte eine E-Mail an:\u00a0<a href=\"mailto:enquiries@cranbourn.com\">enquiries@cranbourn.com<\/a><\/p>\r\n<h2>17. G\u00dcLTIGKEIT<\/h2>\r\n<p>Sollte sich herausstellen, dass ein Teil oder eine Bestimmung dieser Allgemeinen Gesch\u00e4ftsbedingungen rechtswidrig oder nicht durchsetzbar ist, ber\u00fchrt dies nicht die G\u00fcltigkeit der anderen Teile oder Bestimmungen.<\/p>\r\n<h2>18. GESAMTE VEREINBARUNG<\/h2>\r\n<p>Diese Allgemeinen Gesch\u00e4ftsbedingungen, die Richtlinien und alle darin ausdr\u00fccklich genannten Dokumente stellen die gesamte Vereinbarung zwischen uns dar und ersetzen alle vorherigen Diskussionen, Korrespondenzen, Verhandlungen, vorherigen Vereinbarungen, Absprachen oder Vereinbarungen zwischen uns in Bezug auf den Gegenstand dieser Allgemeinen Gesch\u00e4ftsbedingungen. Wir alle erkennen an, dass sich keiner von uns auf Zusicherungen oder Garantien (ob vors\u00e4tzlich oder fahrl\u00e4ssig gemacht) verl\u00e4sst oder Rechtsmittel in Bezug auf solche Zusicherungen oder Garantien hat, die nicht in diesen Allgemeinen Gesch\u00e4ftsbedingungen, den Richtlinien oder den darin genannten Dokumenten enthalten sind . Jeder von uns erkennt an und stimmt zu, dass der einzige Rechtsbehelf, der ihm bei einem Versto\u00df gegen diese Allgemeinen Gesch\u00e4ftsbedingungen zur Verf\u00fcgung steht, ein Versto\u00df gegen den Vertrag gem\u00e4\u00df diesen Allgemeinen Gesch\u00e4ftsbedingungen ist. Nichts in diesen Allgemeinen Gesch\u00e4ftsbedingungen dient jedoch dazu, die Haftung f\u00fcr Betrug einzuschr\u00e4nken oder auszuschlie\u00dfen.<\/p>\r\n<h2>19. GERICHTSSTAND UND ANWENDBARES RECHT<\/h2>\r\n<p>Diese Allgemeinen Gesch\u00e4ftsbedingungen unterliegen englischem Recht. F\u00fcr alle Streitigkeiten im Zusammenhang mit diesen Allgemeinen Gesch\u00e4ftsbedingungen sind ausschlie\u00dflich die englischen Gerichte zust\u00e4ndig.<\/p>","protected":false},"excerpt":{"rendered":"<p>Thank you for visiting the CRANBOURN\u00ae\u00a0website at www.cranbourn.com (the \u201cSite\u201d). This document (together with the documents referred to in it) tells you the terms and conditions on which you may use the Site. If you do not wish to be bound by these terms and conditions, then you should not use the site. Use of [&hellip;]<\/p>\n","protected":false},"author":13,"featured_media":911,"parent":0,"menu_order":0,"comment_status":"closed","ping_status":"closed","template":"template-term-condition.php","meta":{"_acf_changed":false,"content-type":"","footnotes":""},"class_list":["post-3","page","type-page","status-publish","has-post-thumbnail","hentry"],"acf":[],"yoast_head":"<!-- This site is optimized with the Yoast SEO plugin v27.4 - https:\/\/yoast.com\/product\/yoast-seo-wordpress\/ -->\n<title>Terms &amp; Conditions - MEDIA ROOM<\/title>\n<meta name=\"robots\" content=\"index, follow, max-snippet:-1, max-image-preview:large, max-video-preview:-1\" \/>\n<link rel=\"canonical\" href=\"https:\/\/press.cranbourn.com\/de\/bedingungen\/\" \/>\n<meta property=\"og:locale\" content=\"de_DE\" \/>\n<meta property=\"og:type\" content=\"article\" \/>\n<meta property=\"og:title\" content=\"Terms &amp; Conditions - MEDIA ROOM\" \/>\n<meta property=\"og:description\" content=\"Thank you for visiting the CRANBOURN\u00ae\u00a0website at www.cranbourn.com (the \u201cSite\u201d). This document (together with the documents referred to in it) tells you the terms and conditions on which you may use the Site. If you do not wish to be bound by these terms and conditions, then you should not use the site. Use of [&hellip;]\" \/>\n<meta property=\"og:url\" content=\"https:\/\/press.cranbourn.com\/de\/bedingungen\/\" \/>\n<meta property=\"og:site_name\" content=\"MEDIA ROOM\" \/>\n<meta property=\"article:publisher\" content=\"https:\/\/www.facebook.com\/cranbourn\/\" \/>\n<meta property=\"article:modified_time\" content=\"2023-08-23T09:14:34+00:00\" \/>\n<meta property=\"og:image\" content=\"https:\/\/press.cranbourn.com\/wp-content\/uploads\/2023\/08\/cranbourn-terms-conditions.jpg\" \/>\n\t<meta property=\"og:image:width\" content=\"1800\" \/>\n\t<meta property=\"og:image:height\" content=\"1012\" \/>\n\t<meta property=\"og:image:type\" content=\"image\/jpeg\" \/>\n<meta name=\"twitter:card\" content=\"summary_large_image\" \/>\n<meta name=\"twitter:site\" content=\"@cranbourn_\" \/>\n<meta name=\"twitter:label1\" content=\"Gesch\u00e4tzte Lesezeit\" \/>\n\t<meta name=\"twitter:data1\" content=\"9\u00a0Minuten\" \/>\n<script type=\"application\/ld+json\" class=\"yoast-schema-graph\">{\"@context\":\"https:\\\/\\\/schema.org\",\"@graph\":[{\"@type\":\"WebPage\",\"@id\":\"https:\\\/\\\/press.cranbourn.com\\\/terms-conditions\\\/\",\"url\":\"https:\\\/\\\/press.cranbourn.com\\\/terms-conditions\\\/\",\"name\":\"Terms & Conditions - MEDIA ROOM\",\"isPartOf\":{\"@id\":\"https:\\\/\\\/press.cranbourn.com\\\/pl\\\/#website\"},\"primaryImageOfPage\":{\"@id\":\"https:\\\/\\\/press.cranbourn.com\\\/terms-conditions\\\/#primaryimage\"},\"image\":{\"@id\":\"https:\\\/\\\/press.cranbourn.com\\\/terms-conditions\\\/#primaryimage\"},\"thumbnailUrl\":\"https:\\\/\\\/press.cranbourn.com\\\/wp-content\\\/uploads\\\/avifenc\\\/2023\\\/08\\\/cranbourn-terms-conditions.avif\",\"datePublished\":\"2023-07-13T11:37:38+00:00\",\"dateModified\":\"2023-08-23T09:14:34+00:00\",\"breadcrumb\":{\"@id\":\"https:\\\/\\\/press.cranbourn.com\\\/terms-conditions\\\/#breadcrumb\"},\"inLanguage\":\"de\",\"potentialAction\":[{\"@type\":\"ReadAction\",\"target\":[\"https:\\\/\\\/press.cranbourn.com\\\/terms-conditions\\\/\"]}]},{\"@type\":\"ImageObject\",\"inLanguage\":\"de\",\"@id\":\"https:\\\/\\\/press.cranbourn.com\\\/terms-conditions\\\/#primaryimage\",\"url\":\"https:\\\/\\\/press.cranbourn.com\\\/wp-content\\\/uploads\\\/avifenc\\\/2023\\\/08\\\/cranbourn-terms-conditions.avif\",\"contentUrl\":\"https:\\\/\\\/press.cranbourn.com\\\/wp-content\\\/uploads\\\/avifenc\\\/2023\\\/08\\\/cranbourn-terms-conditions.avif\",\"width\":1800,\"height\":1012},{\"@type\":\"BreadcrumbList\",\"@id\":\"https:\\\/\\\/press.cranbourn.com\\\/terms-conditions\\\/#breadcrumb\",\"itemListElement\":[{\"@type\":\"ListItem\",\"position\":1,\"name\":\"CRANBOURN\u00ae\",\"item\":\"https:\\\/\\\/press.cranbourn.com\\\/de\"},{\"@type\":\"ListItem\",\"position\":2,\"name\":\"Terms &#038; Conditions\"}]},{\"@type\":\"WebSite\",\"@id\":\"https:\\\/\\\/press.cranbourn.com\\\/pl\\\/#website\",\"url\":\"https:\\\/\\\/press.cranbourn.com\\\/pl\\\/\",\"name\":\"MEDIA ROOM\",\"description\":\"CRANBOURN\u00ae | Press &amp; Media Room. Contact a Member of the Team for the latest News, Press Releases and Media Downloads.\",\"publisher\":{\"@id\":\"https:\\\/\\\/press.cranbourn.com\\\/pl\\\/#organization\"},\"potentialAction\":[{\"@type\":\"SearchAction\",\"target\":{\"@type\":\"EntryPoint\",\"urlTemplate\":\"https:\\\/\\\/press.cranbourn.com\\\/pl\\\/?s={search_term_string}\"},\"query-input\":{\"@type\":\"PropertyValueSpecification\",\"valueRequired\":true,\"valueName\":\"search_term_string\"}}],\"inLanguage\":\"de\"},{\"@type\":\"Organization\",\"@id\":\"https:\\\/\\\/press.cranbourn.com\\\/pl\\\/#organization\",\"name\":\"MEDIA ROOM\",\"url\":\"https:\\\/\\\/press.cranbourn.com\\\/pl\\\/\",\"logo\":{\"@type\":\"ImageObject\",\"inLanguage\":\"de\",\"@id\":\"https:\\\/\\\/press.cranbourn.com\\\/pl\\\/#\\\/schema\\\/logo\\\/image\\\/\",\"url\":\"https:\\\/\\\/press.cranbourn.com\\\/wp-content\\\/uploads\\\/2023\\\/07\\\/logo.svg\",\"contentUrl\":\"https:\\\/\\\/press.cranbourn.com\\\/wp-content\\\/uploads\\\/2023\\\/07\\\/logo.svg\",\"width\":1,\"height\":1,\"caption\":\"MEDIA ROOM\"},\"image\":{\"@id\":\"https:\\\/\\\/press.cranbourn.com\\\/pl\\\/#\\\/schema\\\/logo\\\/image\\\/\"},\"sameAs\":[\"https:\\\/\\\/www.facebook.com\\\/cranbourn\\\/\",\"https:\\\/\\\/x.com\\\/cranbourn_\"]}]}<\/script>\n<!-- \/ Yoast SEO plugin. -->","yoast_head_json":{"title":"Allgemeine Gesch\u00e4ftsbedingungen - MEDIA ROOM","robots":{"index":"index","follow":"follow","max-snippet":"max-snippet:-1","max-image-preview":"max-image-preview:large","max-video-preview":"max-video-preview:-1"},"canonical":"https:\/\/press.cranbourn.com\/de\/bedingungen\/","og_locale":"de_DE","og_type":"article","og_title":"Terms & Conditions - MEDIA ROOM","og_description":"Thank you for visiting the CRANBOURN\u00ae\u00a0website at www.cranbourn.com (the \u201cSite\u201d). This document (together with the documents referred to in it) tells you the terms and conditions on which you may use the Site. If you do not wish to be bound by these terms and conditions, then you should not use the site. Use of [&hellip;]","og_url":"https:\/\/press.cranbourn.com\/de\/bedingungen\/","og_site_name":"MEDIA ROOM","article_publisher":"https:\/\/www.facebook.com\/cranbourn\/","article_modified_time":"2023-08-23T09:14:34+00:00","og_image":[{"width":1800,"height":1012,"url":"https:\/\/press.cranbourn.com\/wp-content\/uploads\/2023\/08\/cranbourn-terms-conditions.jpg","type":"image\/jpeg"}],"twitter_card":"summary_large_image","twitter_site":"@cranbourn_","twitter_misc":{"Gesch\u00e4tzte Lesezeit":"9\u00a0Minuten"},"schema":{"@context":"https:\/\/schema.org","@graph":[{"@type":"WebPage","@id":"https:\/\/press.cranbourn.com\/terms-conditions\/","url":"https:\/\/press.cranbourn.com\/terms-conditions\/","name":"Allgemeine Gesch\u00e4ftsbedingungen - MEDIA ROOM","isPartOf":{"@id":"https:\/\/press.cranbourn.com\/pl\/#website"},"primaryImageOfPage":{"@id":"https:\/\/press.cranbourn.com\/terms-conditions\/#primaryimage"},"image":{"@id":"https:\/\/press.cranbourn.com\/terms-conditions\/#primaryimage"},"thumbnailUrl":"https:\/\/press.cranbourn.com\/wp-content\/uploads\/avifenc\/2023\/08\/cranbourn-terms-conditions.avif","datePublished":"2023-07-13T11:37:38+00:00","dateModified":"2023-08-23T09:14:34+00:00","breadcrumb":{"@id":"https:\/\/press.cranbourn.com\/terms-conditions\/#breadcrumb"},"inLanguage":"de","potentialAction":[{"@type":"ReadAction","target":["https:\/\/press.cranbourn.com\/terms-conditions\/"]}]},{"@type":"ImageObject","inLanguage":"de","@id":"https:\/\/press.cranbourn.com\/terms-conditions\/#primaryimage","url":"https:\/\/press.cranbourn.com\/wp-content\/uploads\/avifenc\/2023\/08\/cranbourn-terms-conditions.avif","contentUrl":"https:\/\/press.cranbourn.com\/wp-content\/uploads\/avifenc\/2023\/08\/cranbourn-terms-conditions.avif","width":1800,"height":1012},{"@type":"BreadcrumbList","@id":"https:\/\/press.cranbourn.com\/terms-conditions\/#breadcrumb","itemListElement":[{"@type":"ListItem","position":1,"name":"CRANBOURN\u00ae","item":"https:\/\/press.cranbourn.com\/de"},{"@type":"ListItem","position":2,"name":"Terms &#038; Conditions"}]},{"@type":"WebSite","@id":"https:\/\/press.cranbourn.com\/pl\/#website","url":"https:\/\/press.cranbourn.com\/pl\/","name":"MEDIENRAUM","description":"CRANBOURN\u00ae | Presse- und Medienraum. Kontaktieren Sie ein Mitglied des Teams f\u00fcr die neuesten Nachrichten, Pressemitteilungen und Medien-Downloads.","publisher":{"@id":"https:\/\/press.cranbourn.com\/pl\/#organization"},"potentialAction":[{"@type":"SearchAction","target":{"@type":"EntryPoint","urlTemplate":"https:\/\/press.cranbourn.com\/pl\/?s={search_term_string}"},"query-input":{"@type":"PropertyValueSpecification","valueRequired":true,"valueName":"search_term_string"}}],"inLanguage":"de"},{"@type":"Organization","@id":"https:\/\/press.cranbourn.com\/pl\/#organization","name":"MEDIENRAUM","url":"https:\/\/press.cranbourn.com\/pl\/","logo":{"@type":"ImageObject","inLanguage":"de","@id":"https:\/\/press.cranbourn.com\/pl\/#\/schema\/logo\/image\/","url":"https:\/\/press.cranbourn.com\/wp-content\/uploads\/2023\/07\/logo.svg","contentUrl":"https:\/\/press.cranbourn.com\/wp-content\/uploads\/2023\/07\/logo.svg","width":1,"height":1,"caption":"MEDIA ROOM"},"image":{"@id":"https:\/\/press.cranbourn.com\/pl\/#\/schema\/logo\/image\/"},"sameAs":["https:\/\/www.facebook.com\/cranbourn\/","https:\/\/x.com\/cranbourn_"]}]}},"jetpack_sharing_enabled":true,"_links":{"self":[{"href":"https:\/\/press.cranbourn.com\/de\/wp-json\/wp\/v2\/pages\/3","targetHints":{"allow":["GET"]}}],"collection":[{"href":"https:\/\/press.cranbourn.com\/de\/wp-json\/wp\/v2\/pages"}],"about":[{"href":"https:\/\/press.cranbourn.com\/de\/wp-json\/wp\/v2\/types\/page"}],"author":[{"embeddable":true,"href":"https:\/\/press.cranbourn.com\/de\/wp-json\/wp\/v2\/users\/13"}],"replies":[{"embeddable":true,"href":"https:\/\/press.cranbourn.com\/de\/wp-json\/wp\/v2\/comments?post=3"}],"version-history":[{"count":0,"href":"https:\/\/press.cranbourn.com\/de\/wp-json\/wp\/v2\/pages\/3\/revisions"}],"wp:featuredmedia":[{"embeddable":true,"href":"https:\/\/press.cranbourn.com\/de\/wp-json\/wp\/v2\/media\/911"}],"wp:attachment":[{"href":"https:\/\/press.cranbourn.com\/de\/wp-json\/wp\/v2\/media?parent=3"}],"curies":[{"name":"wp","href":"https:\/\/api.w.org\/{rel}","templated":true}]}}