{"id":3,"date":"2023-07-13T12:37:38","date_gmt":"2023-07-13T11:37:38","guid":{"rendered":"https:\/\/presscranbourn.wpengine.com\/?page_id=3"},"modified":"2023-08-23T10:14:34","modified_gmt":"2023-08-23T09:14:34","slug":"vilkar-betingelser","status":"publish","type":"page","link":"https:\/\/press.cranbourn.com\/da\/terms-conditions\/","title":{"rendered":"Vilk\u00e5r og Betingelser"},"content":{"rendered":"<p>Tak fordi du bes\u00f8gte CRANBOURN<sup>\u00ae<\/sup>\u00a0websted p\u00e5 www.cranbourn.com (&quot;Webstedet&quot;). Dette dokument (sammen med de dokumenter, der henvises til i det) fort\u00e6ller dig de vilk\u00e5r og betingelser, p\u00e5 hvilke du m\u00e5 bruge webstedet.<\/p>\r\n<p>Hvis du ikke \u00f8nsker at v\u00e6re bundet af disse vilk\u00e5r og betingelser, b\u00f8r du ikke bruge siden. Brug af webstedet af dig skal anses for at v\u00e6re din accept af disse vilk\u00e5r og betingelser.<\/p>\r\n<p>Vi kan \u00e6ndre disse vilk\u00e5r og betingelser fra tid til anden, s\u00e5 gennemg\u00e5 dem hver gang du bes\u00f8ger webstedet. Du b\u00f8r gemme en kopi af disse vilk\u00e5r og betingelser til fremtidig reference.<\/p>\r\n<h2 class=\"wp-block-heading\">1. OM OS:<\/h2>\r\n<p>Webstedet og applikationen drives af CRANBOURN (Holdings) Limited, et selskab registreret i England og Wales under firmanummer 11692479, med dets registrerede kontor p\u00e5 1 The Green, Richmond, Surrey, TW9 1PL.<\/p>\r\n<p>Vores momsnummer er GB 311 7674 14. Du kan kontakte os ved at bruge f\u00f8lgende e-mailadresse:\u00a0<a href=\"mailto:enquiries@cranbourn.com\">enquiries@cranbourn.com<\/a>.<\/p>\r\n<h2>2. BRUG AF WEBSTEDET OG\/ELLER APPLIKATIONEN<\/h2>\r\n<p>Du m\u00e5 kun bruge webstedet til personlig brug. Enhver kommerciel brug af webstedet er strengt forbudt. Du har tilladelse til at udskrive individuelle websider lejlighedsvis, forudsat at du ikke udskriver hele eller en v\u00e6sentlig del af webstedet, og at de varem\u00e6rker og meddelelser om intellektuel ejendom, der er inkluderet p\u00e5 webstedet, ikke fjernes.<\/p>\r\n<p>Medmindre andet er angivet i disse vilk\u00e5r og betingelser, m\u00e5 du ikke (hvad enten det er direkte eller indirekte) (i) kopiere, downloade, gemme, g\u00f8re tilg\u00e6ngeligt, distribuere, s\u00e6lge eller tilbyde at s\u00e6lge hele eller dele af indholdet eller webstedet eller applikationen, eller (ii) downloade eller p\u00e5 anden m\u00e5de kopiere indhold, filer eller data fra webstedet for at lave eller udfylde en database eller publikation af enhver art.<\/p>\r\n<h2>3. TILMELDING<\/h2>\r\n<p>Du m\u00e5 ikke registrere mere end \u00e9n konto.<\/p>\r\n<p>Du skal v\u00e6re mindst 18 \u00e5r gammel for at registrere og indsende kommentarer eller fotografier via webstedet.<\/p>\r\n<p>Du skal angive en opdateret e-mail, som du har regelm\u00e6ssig adgang til, da vi muligvis skal kontakte dig vedr\u00f8rende dine indsendelser.<\/p>\r\n<p>Du m\u00e5 ikke: efterligne eller fors\u00f8ge at efterligne en anden person; videregive din adgangskode til enhver anden; tillade andre at bruge din konto eller bruge andres konto. Du er ansvarlig for alle indsendelser foretaget via din konto. Hvis du har mistanke om, at en anden kan have adgang til eller bruger din adgangskode eller konto, skal du give os besked s\u00e5 hurtigt som muligt ved at sende en e-mail\u00a0<a href=\"mailto:enquiries@cranbourn.com\">enquiries@cranbourn.com<\/a><\/p>\r\n<h2>4. LINKER TIL SIDEN<\/h2>\r\n<p>Du kan e-maile dine venners links til vores websteder eller specifikke sider p\u00e5 det.<\/p>\r\n<h2>5. DIT INDHOLD \u2013 HVAD VI M\u00c5 G\u00d8RE<\/h2>\r\n<p>Vi forbeholder os retten til at offentligg\u00f8re, redigere eller fjerne alt eller en del af indhold, du indsender, inklusive men ikke begr\u00e6nset til detaljer indeholdt i din profil (f.eks. dit navn, by, land), alle fotografier eller kommentarer, du m\u00e5tte have indsendt (&quot; Dit indhold&quot;).<\/p>\r\n<p>Bem\u00e6rk venligst, at ved at indsende indhold via webstedet giver du dit samtykke til, at alle billeder, du giver, uploades til Google Billeder eller enhver anden s\u00f8gemaskine valgt af os.<\/p>\r\n<p>Ved at indsende indhold til webstedet giver du os en evig, royaltyfri, verdensomsp\u00e6ndende, uigenkaldelig, ikke-eksklusiv licens til at bruge, kopiere, redigere, tilpasse, udgive, overs\u00e6tte, g\u00f8re tilg\u00e6ngeligt, kommunikere, distribuere og underlicensere dit indhold (helt eller delvist) til ethvert form\u00e5l. Vi har ogs\u00e5 ret til at afsl\u00f8re din identitet til enhver tredjepart, der h\u00e6vder, at materiale, der er postet eller uploadet af dig via webstedet, udg\u00f8r en kr\u00e6nkelse af deres intellektuelle ejendomsrettigheder eller deres ret til privatliv. Ved at indsende dit indhold garanterer du, at du har ret til at give denne licens, og du holder os skadesl\u00f8s for ethvert brud p\u00e5 denne garanti. Vi er ikke ansvarlige eller erstatningspligtige over for nogen tredjepart for indholdet eller n\u00f8jagtigheden af noget materiale, der er postet af dig eller nogen anden bruger af webstedet. I det omfang loven tillader det, giver du afkald p\u00e5 dine moralske rettigheder (f.eks. retten til at blive identificeret som forfatter eller til at g\u00f8re indsigelse mod neds\u00e6ttende behandling) i dit indhold. Forts\u00e6t med at udgive hele eller dele af dit indhold, inklusive dine billeder, kommentarer, profil, navn, by og land, selvom du ombestemmer dig og \u00f8nsker, at vi fjerner det, og\/eller du ikke l\u00e6ngere er registreret p\u00e5 webstedet.<\/p>\r\n<h2>6. DIT INDHOLD \u2013 HVAD DU IKKE M\u00c5 G\u00d8RE<\/h2>\r\n<p>Du m\u00e5 ikke indsende noget materiale til webstedet, der er: \u00e6rekr\u00e6nkende, falsk eller vildledende; forn\u00e6rmende, truende eller forn\u00e6rmende; obsk\u00f8nt eller af seksuel karakter; eller st\u00f8dende, racistisk, sexistisk, alderdomspr\u00e6get eller som p\u00e5 anden m\u00e5de diskriminerer personer baseret p\u00e5 deres \u00e6gteskabelige status, seksuelle orientering eller religi\u00f8se overbevisning. Du m\u00e5 ikke indsende noget materiale til webstedet, der sandsynligvis vil: opmuntre til vold; tilskynde til eller undervise i adf\u00e6rd, der er en strafbar handling, giver anledning til civilretligt ansvar eller p\u00e5 anden m\u00e5de er ulovlig; kr\u00e6nke tredjeparts intellektuelle ejendomsrettigheder; reklamere for produkter eller tjenester; udgive sig for at v\u00e6re nogen anden eller p\u00e5 anden m\u00e5de misrepr\u00e6sentere din identitet, tilknytning eller status; foregribe enhver aktiv retssag, som du er bekendt med; for\u00e5rsage nogen alarm, angst eller n\u00f8d; v\u00e6re teknisk skadelig (herunder, uden begr\u00e6nsning, computervirus, logiske bomber, trojanske heste, orme, korrupte data eller anden ondsindet eller skadelig software, data, komponenter eller adf\u00e6rd); eller bryder disse vilk\u00e5r og betingelser eller vores privatlivspolitik. Du m\u00e5 ikke indsende links til nogen hjemmesider. Du m\u00e5 ikke fors\u00f8ge at omg\u00e5 nogen beskyttelse, vi har indf\u00f8rt for sikkerheden og driften af webstedet. Du m\u00e5 ikke genindsende indhold, som du ved er blevet fjernet.<\/p>\r\n<h2>7. SUSPENSION ELLER OPSIGELSE AF KONTO<\/h2>\r\n<p>Vi kan suspendere og\/eller slette enhver brugerkonto efter eget sk\u00f8n. De vigtigste \u00e5rsager til, at en konto kan blive suspenderet eller slettet, er:<\/p>\r\n<p>Brugeren undlod at overholde retningslinjerne eller disse vilk\u00e5r og betingelser; og\/eller enhver kommentar indsendt af brugerkontoen blev anset for upassende.<\/p>\r\n<p>Vi vil underrette dig om enhver suspension via e-mail p\u00e5 den adresse, du har angivet under din registrering eller n\u00e6ste gang, du fors\u00f8ger at f\u00e5 adgang til din konto. L\u00e6ngden af suspensionen eller beslutningen om at slette en konto vil afh\u00e6nge af omst\u00e6ndighederne. Hvis din konto er suspenderet eller slettet, m\u00e5 du ikke fors\u00f8ge at genregistrere eller indsende indhold via en anden konto uden vores forudg\u00e5ende skriftlige samtykke.<\/p>\r\n<h2>8. ERSTATNING<\/h2>\r\n<p>Du vil holde os skadesl\u00f8s og holde os skadesl\u00f8s for alle tab, udgifter, omkostninger og forpligtelser, der opst\u00e5r som f\u00f8lge af eller i forbindelse med din overtr\u00e6delse af disse vilk\u00e5r og betingelser.<\/p>\r\n<h2>9. TRANSAKTIONER, DER ER SLUT VIA WEBSTEDET<\/h2>\r\n<p>Kontrakter om levering af varer dannet via vores websted er underlagt vores vilk\u00e5r og betingelser for levering. Det uautoriserede videresalg af CRANBOURN<sup>\u00ae<\/sup>\u00a0produkter er forbudt.<\/p>\r\n<h2>10. ONLINE TVIDL\u00d8SNING<\/h2>\r\n<p>Forbrugere, der har et problem med en forhandler vedr\u00f8rende et produkt eller en tjeneste, der er k\u00f8bt online, kan bil\u00e6gge tvisten gennem Europa-Kommissionens onlinetvistbil\u00e6ggelsesprocedure (\u201cODR\u201d). Skulle du have et problem med nogle af vores produkter eller tjenester, kan du f\u00e5 adgang til ODR-platformen Hyperlink her.<\/p>\r\n<h2>11. LINKS FRA SIDE<\/h2>\r\n<p>Hvor webstedet eller applikationen indeholder links til andre websteder og ressourcer leveret af tredjeparter, er disse links kun til din information. Vi har ingen kontrol over indholdet af disse websteder eller ressourcer og p\u00e5tager os intet ansvar for dem eller for tab eller skader, der m\u00e5tte opst\u00e5 som f\u00f8lge af din brug af dem.<\/p>\r\n<p>Medmindre andet er angivet, er vi ikke kommercielt forbundet med tredjepartsprodukter, som der henvises til p\u00e5 vores websted eller i applikationen.<\/p>\r\n<h2>12. VORES ANSVAR<\/h2>\r\n<p>Materialet, der vises p\u00e5 vores websted, leveres uden garantier, betingelser eller garantier for dets n\u00f8jagtighed. I det omfang loven tillader det, udelukker vi, andre medlemmer af vores gruppe af virksomheder og tredjeparter, der er forbundet til os, hermed udtrykkeligt: alle betingelser, garantier og andre vilk\u00e5r, som ellers m\u00e5tte v\u00e6re underforst\u00e5et af lov, almindelig lovgivning eller loven om egenkapital; og ethvert ansvar for ethvert direkte, indirekte eller f\u00f8lgeligt tab eller skade, som en bruger p\u00e5drager sig i forbindelse med webstedet eller i forbindelse med brugen, manglende evne til at bruge eller resultaterne af brugen af webstedet, eventuelle websteder, der er linket til det, og eventuelt offentliggjort materiale. p\u00e5 det, herunder tab af indkomst eller oms\u00e6tning, tab af forretning, tab af fortjeneste eller kontrakter, tab af forventede besparelser, tab af data, tab af goodwill eller spildt ledelses- eller kontortid, uanset om det er for\u00e5rsaget af tort (herunder uagtsomhed) kontraktbrud eller p\u00e5 anden m\u00e5de, selv om det er forudsigeligt, forudsat at denne betingelse ikke forhindrer krav om tab af eller skade p\u00e5 din materielle ejendom eller andre krav om direkte \u00f8konomisk tab, som ikke er udelukket af nogen af ovenst\u00e5ende kategorier. Dette p\u00e5virker ikke vores ansvar for d\u00f8d eller personskade, der opst\u00e5r som f\u00f8lge af vores uagtsomhed, og heller ikke vores ansvar for svigagtig vildledning eller urigtige fremstilling af et grundl\u00e6ggende sp\u00f8rgsm\u00e5l, eller noget andet ansvar, som ikke kan udelukkes eller begr\u00e6nses i henhold til g\u00e6ldende lovgivning.<\/p>\r\n<h2>13 . ADGANG TIL WEBSTEDET<\/h2>\r\n<p>Adgang til vores websted er midlertidigt tilladt, og vi forbeholder os retten til at tr\u00e6kke eller \u00e6ndre den service, vi leverer p\u00e5 vores websted, uden varsel. Vi er ikke ansvarlige, hvis vores websted af en eller anden grund ikke er tilg\u00e6ngeligt p\u00e5 noget tidspunkt eller i en hvilken som helst periode.<\/p>\r\n<p>Siden er delvist afh\u00e6ngig af software for at fungere. Softwaren har fejl. Selvom vi vil overv\u00e5ge webstedet og fors\u00f8ge at rette fejl, kan vi ikke garantere, at webstedet eller en enkelt funktion p\u00e5 webstedet vil v\u00e6re fejlfrit, tilg\u00e6ngeligt hele tiden og\/eller fri for virus.<\/p>\r\n<h2>14. INGEN GARANTIER<\/h2>\r\n<p>Vi yder ingen garanti, hverken udtrykkelig eller underforst\u00e5et, af nogen art, herunder men ikke begr\u00e6nset til underforst\u00e5ede garantier eller underforst\u00e5ede vilk\u00e5r for tilfredsstillende kvalitet, egnethed til et bestemt form\u00e5l eller ikke-kr\u00e6nkelse. Alle s\u00e5danne underforst\u00e5ede vilk\u00e5r og garantier er hermed udelukket.<\/p>\r\n<h2>15. \u00c6NDRINGER P\u00c5 SIDE ELLER APPLIKATION<\/h2>\r\n<p>Vi forbeholder os retten til at \u00e6ndre indholdet af webstedet til enhver tid. Hvis behovet opst\u00e5r, kan vi suspendere adgangen til webstedet eller lukke det p\u00e5 ubestemt tid. Alt materiale p\u00e5 webstedet kan v\u00e6re for\u00e6ldet p\u00e5 et givet tidspunkt, og vi er ikke forpligtet til at opdatere s\u00e5dant materiale.<\/p>\r\n<h2>16. BEKYMRINGER<\/h2>\r\n<p>Hvis du har nogen bekymringer vedr\u00f8rende det materiale, der vises p\u00e5 vores websted, eller hvis du ser noget, som du med rimelighed mener, bryder disse vilk\u00e5r og betingelser eller vores retningslinjer, bedes du sende os en e-mail p\u00e5:\u00a0<a href=\"mailto:enquiries@cranbourn.com\">enquiries@cranbourn.com<\/a><\/p>\r\n<h2>17. GYLDIGHED<\/h2>\r\n<p>Hvis en del eller bestemmelse i disse vilk\u00e5r og betingelser viser sig at v\u00e6re ulovlige eller ikke kan h\u00e5ndh\u00e6ves, skal dette ikke p\u00e5virke gyldigheden af nogen anden del eller bestemmelse.<\/p>\r\n<h2>18. HELE AFTALE<\/h2>\r\n<p>Disse vilk\u00e5r og betingelser, retningslinjerne og ethvert dokument, der udtrykkeligt henvises til i dem, udg\u00f8r hele aftalen mellem os og erstatter alle tidligere diskussioner, korrespondance, forhandlinger, tidligere arrangementer, forst\u00e5else eller aftale mellem os vedr\u00f8rende emnet for disse vilk\u00e5r og betingelser. Vi anerkender hver is\u00e6r, at ingen af os stoler p\u00e5 eller vil have nogen retsmidler i forhold til nogen repr\u00e6sentation eller garanti (uanset om den er fremsat uskyldigt eller uagtsomt), som ikke er angivet i disse vilk\u00e5r og betingelser, retningslinjerne eller de dokumenter, der henvises til i dem. . Hver af os anerkender og accepterer, at det eneste retsmiddel, der er tilg\u00e6ngeligt for det, for misligholdelse af disse vilk\u00e5r og betingelser, er brud p\u00e5 kontrakten i henhold til disse vilk\u00e5r og betingelser. Intet i disse vilk\u00e5r og betingelser tjener dog til at begr\u00e6nse eller udelukke ethvert ansvar for bedrageri.<\/p>\r\n<h2>19. JURISDIKTION OG G\u00c6LDENDE LOV<\/h2>\r\n<p>Disse vilk\u00e5r og betingelser er underlagt engelsk lov. De engelske domstole har eksklusiv jurisdiktion over enhver tvist vedr\u00f8rende disse vilk\u00e5r og betingelser.<\/p>","protected":false},"excerpt":{"rendered":"<p>Thank you for visiting the CRANBOURN\u00ae\u00a0website at www.cranbourn.com (the \u201cSite\u201d). This document (together with the documents referred to in it) tells you the terms and conditions on which you may use the Site. If you do not wish to be bound by these terms and conditions, then you should not use the site. Use of [&hellip;]<\/p>\n","protected":false},"author":13,"featured_media":911,"parent":0,"menu_order":0,"comment_status":"closed","ping_status":"closed","template":"template-term-condition.php","meta":{"_acf_changed":false,"content-type":"","footnotes":""},"class_list":["post-3","page","type-page","status-publish","has-post-thumbnail","hentry"],"acf":[],"yoast_head":"<!-- This site is optimized with the Yoast SEO plugin v27.3 - https:\/\/yoast.com\/product\/yoast-seo-wordpress\/ -->\n<title>Terms &amp; Conditions - MEDIA ROOM<\/title>\n<meta name=\"robots\" content=\"index, follow, max-snippet:-1, max-image-preview:large, max-video-preview:-1\" \/>\n<link rel=\"canonical\" href=\"https:\/\/press.cranbourn.com\/da\/vilkar-betingelser\/\" \/>\n<meta property=\"og:locale\" content=\"da_DK\" \/>\n<meta property=\"og:type\" content=\"article\" \/>\n<meta property=\"og:title\" content=\"Terms &amp; Conditions - MEDIA ROOM\" \/>\n<meta property=\"og:description\" content=\"Thank you for visiting the CRANBOURN\u00ae\u00a0website at www.cranbourn.com (the \u201cSite\u201d). This document (together with the documents referred to in it) tells you the terms and conditions on which you may use the Site. If you do not wish to be bound by these terms and conditions, then you should not use the site. Use of [&hellip;]\" \/>\n<meta property=\"og:url\" content=\"https:\/\/press.cranbourn.com\/da\/vilkar-betingelser\/\" \/>\n<meta property=\"og:site_name\" content=\"MEDIA ROOM\" \/>\n<meta property=\"article:publisher\" content=\"https:\/\/www.facebook.com\/cranbourn\/\" \/>\n<meta property=\"article:modified_time\" content=\"2023-08-23T09:14:34+00:00\" \/>\n<meta property=\"og:image\" content=\"https:\/\/press.cranbourn.com\/wp-content\/uploads\/2023\/08\/cranbourn-terms-conditions.jpg\" \/>\n\t<meta property=\"og:image:width\" content=\"1800\" \/>\n\t<meta property=\"og:image:height\" content=\"1012\" \/>\n\t<meta property=\"og:image:type\" content=\"image\/jpeg\" \/>\n<meta name=\"twitter:card\" content=\"summary_large_image\" \/>\n<meta name=\"twitter:site\" content=\"@cranbourn_\" \/>\n<meta name=\"twitter:label1\" content=\"Estimeret l\u00e6setid\" \/>\n\t<meta name=\"twitter:data1\" content=\"9 minutter\" \/>\n<script type=\"application\/ld+json\" class=\"yoast-schema-graph\">{\"@context\":\"https:\\\/\\\/schema.org\",\"@graph\":[{\"@type\":\"WebPage\",\"@id\":\"https:\\\/\\\/press.cranbourn.com\\\/terms-conditions\\\/\",\"url\":\"https:\\\/\\\/press.cranbourn.com\\\/terms-conditions\\\/\",\"name\":\"Terms & Conditions - MEDIA ROOM\",\"isPartOf\":{\"@id\":\"https:\\\/\\\/press.cranbourn.com\\\/pl\\\/#website\"},\"primaryImageOfPage\":{\"@id\":\"https:\\\/\\\/press.cranbourn.com\\\/terms-conditions\\\/#primaryimage\"},\"image\":{\"@id\":\"https:\\\/\\\/press.cranbourn.com\\\/terms-conditions\\\/#primaryimage\"},\"thumbnailUrl\":\"https:\\\/\\\/press.cranbourn.com\\\/wp-content\\\/uploads\\\/avifenc\\\/2023\\\/08\\\/cranbourn-terms-conditions.avif\",\"datePublished\":\"2023-07-13T11:37:38+00:00\",\"dateModified\":\"2023-08-23T09:14:34+00:00\",\"breadcrumb\":{\"@id\":\"https:\\\/\\\/press.cranbourn.com\\\/terms-conditions\\\/#breadcrumb\"},\"inLanguage\":\"da-DK\",\"potentialAction\":[{\"@type\":\"ReadAction\",\"target\":[\"https:\\\/\\\/press.cranbourn.com\\\/terms-conditions\\\/\"]}]},{\"@type\":\"ImageObject\",\"inLanguage\":\"da-DK\",\"@id\":\"https:\\\/\\\/press.cranbourn.com\\\/terms-conditions\\\/#primaryimage\",\"url\":\"https:\\\/\\\/press.cranbourn.com\\\/wp-content\\\/uploads\\\/avifenc\\\/2023\\\/08\\\/cranbourn-terms-conditions.avif\",\"contentUrl\":\"https:\\\/\\\/press.cranbourn.com\\\/wp-content\\\/uploads\\\/avifenc\\\/2023\\\/08\\\/cranbourn-terms-conditions.avif\",\"width\":1800,\"height\":1012},{\"@type\":\"BreadcrumbList\",\"@id\":\"https:\\\/\\\/press.cranbourn.com\\\/terms-conditions\\\/#breadcrumb\",\"itemListElement\":[{\"@type\":\"ListItem\",\"position\":1,\"name\":\"CRANBOURN\u00ae\",\"item\":\"https:\\\/\\\/press.cranbourn.com\\\/da\"},{\"@type\":\"ListItem\",\"position\":2,\"name\":\"Terms &#038; Conditions\"}]},{\"@type\":\"WebSite\",\"@id\":\"https:\\\/\\\/press.cranbourn.com\\\/pl\\\/#website\",\"url\":\"https:\\\/\\\/press.cranbourn.com\\\/pl\\\/\",\"name\":\"MEDIA ROOM\",\"description\":\"CRANBOURN\u00ae | Press &amp; Media Room. Contact a Member of the Team for the latest News, Press Releases and Media Downloads.\",\"publisher\":{\"@id\":\"https:\\\/\\\/press.cranbourn.com\\\/pl\\\/#organization\"},\"potentialAction\":[{\"@type\":\"SearchAction\",\"target\":{\"@type\":\"EntryPoint\",\"urlTemplate\":\"https:\\\/\\\/press.cranbourn.com\\\/pl\\\/?s={search_term_string}\"},\"query-input\":{\"@type\":\"PropertyValueSpecification\",\"valueRequired\":true,\"valueName\":\"search_term_string\"}}],\"inLanguage\":\"da-DK\"},{\"@type\":\"Organization\",\"@id\":\"https:\\\/\\\/press.cranbourn.com\\\/pl\\\/#organization\",\"name\":\"MEDIA ROOM\",\"url\":\"https:\\\/\\\/press.cranbourn.com\\\/pl\\\/\",\"logo\":{\"@type\":\"ImageObject\",\"inLanguage\":\"da-DK\",\"@id\":\"https:\\\/\\\/press.cranbourn.com\\\/pl\\\/#\\\/schema\\\/logo\\\/image\\\/\",\"url\":\"https:\\\/\\\/press.cranbourn.com\\\/wp-content\\\/uploads\\\/2023\\\/07\\\/logo.svg\",\"contentUrl\":\"https:\\\/\\\/press.cranbourn.com\\\/wp-content\\\/uploads\\\/2023\\\/07\\\/logo.svg\",\"width\":1,\"height\":1,\"caption\":\"MEDIA ROOM\"},\"image\":{\"@id\":\"https:\\\/\\\/press.cranbourn.com\\\/pl\\\/#\\\/schema\\\/logo\\\/image\\\/\"},\"sameAs\":[\"https:\\\/\\\/www.facebook.com\\\/cranbourn\\\/\",\"https:\\\/\\\/x.com\\\/cranbourn_\"]}]}<\/script>\n<!-- \/ Yoast SEO plugin. -->","yoast_head_json":{"title":"Vilk\u00e5r og betingelser - MEDIERUM","robots":{"index":"index","follow":"follow","max-snippet":"max-snippet:-1","max-image-preview":"max-image-preview:large","max-video-preview":"max-video-preview:-1"},"canonical":"https:\/\/press.cranbourn.com\/da\/vilkar-betingelser\/","og_locale":"da_DK","og_type":"article","og_title":"Terms & Conditions - MEDIA ROOM","og_description":"Thank you for visiting the CRANBOURN\u00ae\u00a0website at www.cranbourn.com (the \u201cSite\u201d). This document (together with the documents referred to in it) tells you the terms and conditions on which you may use the Site. If you do not wish to be bound by these terms and conditions, then you should not use the site. Use of [&hellip;]","og_url":"https:\/\/press.cranbourn.com\/da\/vilkar-betingelser\/","og_site_name":"MEDIA ROOM","article_publisher":"https:\/\/www.facebook.com\/cranbourn\/","article_modified_time":"2023-08-23T09:14:34+00:00","og_image":[{"width":1800,"height":1012,"url":"https:\/\/press.cranbourn.com\/wp-content\/uploads\/2023\/08\/cranbourn-terms-conditions.jpg","type":"image\/jpeg"}],"twitter_card":"summary_large_image","twitter_site":"@cranbourn_","twitter_misc":{"Estimeret l\u00e6setid":"9 minutter"},"schema":{"@context":"https:\/\/schema.org","@graph":[{"@type":"WebPage","@id":"https:\/\/press.cranbourn.com\/terms-conditions\/","url":"https:\/\/press.cranbourn.com\/terms-conditions\/","name":"Vilk\u00e5r og betingelser - MEDIERUM","isPartOf":{"@id":"https:\/\/press.cranbourn.com\/pl\/#website"},"primaryImageOfPage":{"@id":"https:\/\/press.cranbourn.com\/terms-conditions\/#primaryimage"},"image":{"@id":"https:\/\/press.cranbourn.com\/terms-conditions\/#primaryimage"},"thumbnailUrl":"https:\/\/press.cranbourn.com\/wp-content\/uploads\/avifenc\/2023\/08\/cranbourn-terms-conditions.avif","datePublished":"2023-07-13T11:37:38+00:00","dateModified":"2023-08-23T09:14:34+00:00","breadcrumb":{"@id":"https:\/\/press.cranbourn.com\/terms-conditions\/#breadcrumb"},"inLanguage":"da-DK","potentialAction":[{"@type":"ReadAction","target":["https:\/\/press.cranbourn.com\/terms-conditions\/"]}]},{"@type":"ImageObject","inLanguage":"da-DK","@id":"https:\/\/press.cranbourn.com\/terms-conditions\/#primaryimage","url":"https:\/\/press.cranbourn.com\/wp-content\/uploads\/avifenc\/2023\/08\/cranbourn-terms-conditions.avif","contentUrl":"https:\/\/press.cranbourn.com\/wp-content\/uploads\/avifenc\/2023\/08\/cranbourn-terms-conditions.avif","width":1800,"height":1012},{"@type":"BreadcrumbList","@id":"https:\/\/press.cranbourn.com\/terms-conditions\/#breadcrumb","itemListElement":[{"@type":"ListItem","position":1,"name":"CRANBOURN\u00ae","item":"https:\/\/press.cranbourn.com\/da"},{"@type":"ListItem","position":2,"name":"Terms &#038; Conditions"}]},{"@type":"WebSite","@id":"https:\/\/press.cranbourn.com\/pl\/#website","url":"https:\/\/press.cranbourn.com\/pl\/","name":"MEDIERUM","description":"CRANBOURN\u00ae | Presse &amp; Medierum. Kontakt et medlem af teamet for de seneste nyheder, pressemeddelelser og mediedownloads.","publisher":{"@id":"https:\/\/press.cranbourn.com\/pl\/#organization"},"potentialAction":[{"@type":"SearchAction","target":{"@type":"EntryPoint","urlTemplate":"https:\/\/press.cranbourn.com\/pl\/?s={search_term_string}"},"query-input":{"@type":"PropertyValueSpecification","valueRequired":true,"valueName":"search_term_string"}}],"inLanguage":"da-DK"},{"@type":"Organization","@id":"https:\/\/press.cranbourn.com\/pl\/#organization","name":"MEDIERUM","url":"https:\/\/press.cranbourn.com\/pl\/","logo":{"@type":"ImageObject","inLanguage":"da-DK","@id":"https:\/\/press.cranbourn.com\/pl\/#\/schema\/logo\/image\/","url":"https:\/\/press.cranbourn.com\/wp-content\/uploads\/2023\/07\/logo.svg","contentUrl":"https:\/\/press.cranbourn.com\/wp-content\/uploads\/2023\/07\/logo.svg","width":1,"height":1,"caption":"MEDIA ROOM"},"image":{"@id":"https:\/\/press.cranbourn.com\/pl\/#\/schema\/logo\/image\/"},"sameAs":["https:\/\/www.facebook.com\/cranbourn\/","https:\/\/x.com\/cranbourn_"]}]}},"jetpack_sharing_enabled":true,"_links":{"self":[{"href":"https:\/\/press.cranbourn.com\/da\/wp-json\/wp\/v2\/pages\/3","targetHints":{"allow":["GET"]}}],"collection":[{"href":"https:\/\/press.cranbourn.com\/da\/wp-json\/wp\/v2\/pages"}],"about":[{"href":"https:\/\/press.cranbourn.com\/da\/wp-json\/wp\/v2\/types\/page"}],"author":[{"embeddable":true,"href":"https:\/\/press.cranbourn.com\/da\/wp-json\/wp\/v2\/users\/13"}],"replies":[{"embeddable":true,"href":"https:\/\/press.cranbourn.com\/da\/wp-json\/wp\/v2\/comments?post=3"}],"version-history":[{"count":0,"href":"https:\/\/press.cranbourn.com\/da\/wp-json\/wp\/v2\/pages\/3\/revisions"}],"wp:featuredmedia":[{"embeddable":true,"href":"https:\/\/press.cranbourn.com\/da\/wp-json\/wp\/v2\/media\/911"}],"wp:attachment":[{"href":"https:\/\/press.cranbourn.com\/da\/wp-json\/wp\/v2\/media?parent=3"}],"curies":[{"name":"wp","href":"https:\/\/api.w.org\/{rel}","templated":true}]}}