{"id":1080,"date":"2023-09-14T11:25:06","date_gmt":"2023-09-14T10:25:06","guid":{"rendered":"https:\/\/press.cranbourn.com\/?page_id=1080"},"modified":"2023-09-14T11:31:10","modified_gmt":"2023-09-14T10:31:10","slug":"cookiepolitik","status":"publish","type":"page","link":"https:\/\/press.cranbourn.com\/da\/cookie-policy\/","title":{"rendered":"Cookiepolitik"},"content":{"rendered":"<h2>Hvad er cookies?<\/h2>\n<p>Denne cookiepolitik forklarer, hvad cookies er, og hvordan vi bruger dem, hvilke typer cookies vi bruger, dvs. de oplysninger, vi indsamler ved hj\u00e6lp af cookies, og hvordan disse oplysninger bruges, og hvordan du administrerer cookie-indstillingerne.<\/p>\n<p>Cookies er sm\u00e5 tekstfiler, der bruges til at gemme sm\u00e5 stykker information. De gemmes p\u00e5 din enhed, n\u00e5r hjemmesiden indl\u00e6ses i din browser. Disse cookies hj\u00e6lper os med at f\u00e5 hjemmesiden til at fungere ordentligt, g\u00f8re den mere sikker, give en bedre brugeroplevelse og forst\u00e5, hvordan hjemmesiden fungerer og analysere, hvad der virker, og hvor den skal forbedres.<\/p>\n<h2>Hvordan bruger vi cookies?<\/h2>\n<p>Som de fleste af onlinetjenesterne bruger vores hjemmeside f\u00f8rsteparts- og tredjepartscookies til flere form\u00e5l. F\u00f8rstepartscookies er for det meste n\u00f8dvendige for, at hjemmesiden fungerer p\u00e5 den rigtige m\u00e5de, og de indsamler ingen af dine personligt identificerbare data.<\/p>\n<p>De tredjepartscookies, der bruges p\u00e5 vores hjemmeside, er hovedsageligt til at forst\u00e5, hvordan hjemmesiden fungerer, hvordan du interagerer med vores hjemmeside, holde vores tjenester sikre, levere annoncer, der er relevante for dig, og alt i alt give dig en bedre og forbedret bruger opleve og hj\u00e6lpe med at fremskynde dine fremtidige interaktioner med vores hjemmeside.<\/p>\n<h2>Typer af cookies, vi bruger<\/h2>\n<div class=\"cky-audit-table-element\"><\/div>\n<h2 style=\"margin-bottom: 20px;\">Administrer cookie-pr\u00e6ferencer<\/h2>\n<p><a class=\"cky-banner-element button\">Cookie-indstillinger<\/a><\/p>\n<p>Du kan til enhver tid \u00e6ndre dine cookie-pr\u00e6ferencer ved at klikke p\u00e5 knappen ovenfor. Dette giver dig mulighed for at gense cookie-samtykkebanneret og \u00e6ndre dine pr\u00e6ferencer eller tr\u00e6kke dit samtykke tilbage med det samme.<\/p>\n<p>Ud over dette tilbyder forskellige browsere forskellige metoder til at blokere og slette cookies, der bruges af websteder. Du kan \u00e6ndre indstillingerne i din browser for at blokere\/slette cookies. Nedenst\u00e5ende er linkene til supportdokumenterne om, hvordan man administrerer og sletter cookies fra de store webbrowsere.<\/p>\n<p>Chrome: <a href=\"https:\/\/support.google.com\/accounts\/answer\/32050\" target=\"_blank\" rel=\"noopener\">https:\/\/support.google.com\/accounts\/answer\/32050<\/a><\/p>\n<p>Safari: <a href=\"https:\/\/support.apple.com\/en-in\/guide\/safari\/sfri11471\/mac\" target=\"_blank\" rel=\"noopener\">https:\/\/support.apple.com\/en-in\/guide\/safari\/sfri11471\/mac<\/a><\/p>\n<p>Firefox: <a href=\"https:\/\/support.mozilla.org\/en-US\/kb\/clear-cookies-and-site-data-firefox?redirectslug=delete-cookies-remove-info-websites-stored&amp;redirectlocale=en-US\" target=\"_blank\" rel=\"noopener\">https:\/\/support.mozilla.org\/en-US\/kb\/clear-cookies-and-site-data-firefox?redirectslug=delete-cookies-remove-info-websites-stored&amp;redirectlocale=en-US<\/a><\/p>\n<p>Internet Explorer: <a href=\"https:\/\/support.microsoft.com\/en-us\/topic\/how-to-delete-cookie-files-in-internet-explorer-bca9446f-d873-78de-77ba-d42645fa52fc\" target=\"_blank\" rel=\"noopener\">https:\/\/support.microsoft.com\/en-us\/topic\/how-to-delete-cookie-files-in-internet-explorer-bca9446f-d873-78de-77ba-d42645fa52fc<\/a><\/p>\n<p>Hvis du bruger en anden webbrowser, skal du bes\u00f8ge din browsers officielle supportdokumenter.<\/p>","protected":false},"excerpt":{"rendered":"<p>What are cookies? This Cookie Policy explains what cookies are and how we use them, the types of cookies we use i.e, the information we collect using cookies and how that information is used, and how to manage the cookie settings. Cookies are small text files that are used to store small pieces of information. [&hellip;]<\/p>\n","protected":false},"author":12,"featured_media":928,"parent":0,"menu_order":0,"comment_status":"closed","ping_status":"closed","template":"template-term-condition.php","meta":{"_acf_changed":false,"content-type":"","footnotes":""},"class_list":["post-1080","page","type-page","status-publish","has-post-thumbnail","hentry"],"acf":[],"yoast_head":"<!-- This site is optimized with the Yoast SEO plugin v27.3 - https:\/\/yoast.com\/product\/yoast-seo-wordpress\/ -->\n<title>Cookie Policy - MEDIA ROOM<\/title>\n<meta name=\"robots\" content=\"index, follow, max-snippet:-1, max-image-preview:large, max-video-preview:-1\" \/>\n<link rel=\"canonical\" href=\"https:\/\/press.cranbourn.com\/da\/cookiepolitik\/\" \/>\n<meta property=\"og:locale\" content=\"da_DK\" \/>\n<meta property=\"og:type\" content=\"article\" \/>\n<meta property=\"og:title\" content=\"Cookie Policy - MEDIA ROOM\" \/>\n<meta property=\"og:description\" content=\"What are cookies? This Cookie Policy explains what cookies are and how we use them, the types of cookies we use i.e, the information we collect using cookies and how that information is used, and how to manage the cookie settings. Cookies are small text files that are used to store small pieces of information. [&hellip;]\" \/>\n<meta property=\"og:url\" content=\"https:\/\/press.cranbourn.com\/da\/cookiepolitik\/\" \/>\n<meta property=\"og:site_name\" content=\"MEDIA ROOM\" \/>\n<meta property=\"article:publisher\" content=\"https:\/\/www.facebook.com\/cranbourn\/\" \/>\n<meta property=\"article:modified_time\" content=\"2023-09-14T10:31:10+00:00\" \/>\n<meta property=\"og:image\" content=\"https:\/\/press.cranbourn.com\/wp-content\/uploads\/2023\/08\/hero-story-1.jpg\" \/>\n\t<meta property=\"og:image:width\" content=\"1400\" \/>\n\t<meta property=\"og:image:height\" content=\"787\" \/>\n\t<meta property=\"og:image:type\" content=\"image\/jpeg\" \/>\n<meta name=\"twitter:card\" content=\"summary_large_image\" \/>\n<meta name=\"twitter:site\" content=\"@cranbourn_\" \/>\n<meta name=\"twitter:label1\" content=\"Estimeret l\u00e6setid\" \/>\n\t<meta name=\"twitter:data1\" content=\"2 minutter\" \/>\n<script type=\"application\/ld+json\" class=\"yoast-schema-graph\">{\"@context\":\"https:\\\/\\\/schema.org\",\"@graph\":[{\"@type\":\"WebPage\",\"@id\":\"https:\\\/\\\/press.cranbourn.com\\\/hu\\\/cookie-politika\\\/\",\"url\":\"https:\\\/\\\/press.cranbourn.com\\\/hu\\\/cookie-politika\\\/\",\"name\":\"Cookie Policy - MEDIA ROOM\",\"isPartOf\":{\"@id\":\"https:\\\/\\\/press.cranbourn.com\\\/pl\\\/#website\"},\"primaryImageOfPage\":{\"@id\":\"https:\\\/\\\/press.cranbourn.com\\\/hu\\\/cookie-politika\\\/#primaryimage\"},\"image\":{\"@id\":\"https:\\\/\\\/press.cranbourn.com\\\/hu\\\/cookie-politika\\\/#primaryimage\"},\"thumbnailUrl\":\"https:\\\/\\\/press.cranbourn.com\\\/wp-content\\\/uploads\\\/avifenc\\\/2023\\\/08\\\/hero-story-1.avif\",\"datePublished\":\"2023-09-14T10:25:06+00:00\",\"dateModified\":\"2023-09-14T10:31:10+00:00\",\"breadcrumb\":{\"@id\":\"https:\\\/\\\/press.cranbourn.com\\\/hu\\\/cookie-politika\\\/#breadcrumb\"},\"inLanguage\":\"da-DK\",\"potentialAction\":[{\"@type\":\"ReadAction\",\"target\":[\"https:\\\/\\\/press.cranbourn.com\\\/hu\\\/cookie-politika\\\/\"]}]},{\"@type\":\"ImageObject\",\"inLanguage\":\"da-DK\",\"@id\":\"https:\\\/\\\/press.cranbourn.com\\\/hu\\\/cookie-politika\\\/#primaryimage\",\"url\":\"https:\\\/\\\/press.cranbourn.com\\\/wp-content\\\/uploads\\\/avifenc\\\/2023\\\/08\\\/hero-story-1.avif\",\"contentUrl\":\"https:\\\/\\\/press.cranbourn.com\\\/wp-content\\\/uploads\\\/avifenc\\\/2023\\\/08\\\/hero-story-1.avif\",\"width\":1400,\"height\":787},{\"@type\":\"BreadcrumbList\",\"@id\":\"https:\\\/\\\/press.cranbourn.com\\\/hu\\\/cookie-politika\\\/#breadcrumb\",\"itemListElement\":[{\"@type\":\"ListItem\",\"position\":1,\"name\":\"CRANBOURN\u00ae\",\"item\":\"https:\\\/\\\/press.cranbourn.com\\\/da\"},{\"@type\":\"ListItem\",\"position\":2,\"name\":\"Cookie Policy\"}]},{\"@type\":\"WebSite\",\"@id\":\"https:\\\/\\\/press.cranbourn.com\\\/pl\\\/#website\",\"url\":\"https:\\\/\\\/press.cranbourn.com\\\/pl\\\/\",\"name\":\"MEDIA ROOM\",\"description\":\"CRANBOURN\u00ae | Press &amp; Media Room. Contact a Member of the Team for the latest News, Press Releases and Media Downloads.\",\"publisher\":{\"@id\":\"https:\\\/\\\/press.cranbourn.com\\\/pl\\\/#organization\"},\"potentialAction\":[{\"@type\":\"SearchAction\",\"target\":{\"@type\":\"EntryPoint\",\"urlTemplate\":\"https:\\\/\\\/press.cranbourn.com\\\/pl\\\/?s={search_term_string}\"},\"query-input\":{\"@type\":\"PropertyValueSpecification\",\"valueRequired\":true,\"valueName\":\"search_term_string\"}}],\"inLanguage\":\"da-DK\"},{\"@type\":\"Organization\",\"@id\":\"https:\\\/\\\/press.cranbourn.com\\\/pl\\\/#organization\",\"name\":\"MEDIA ROOM\",\"url\":\"https:\\\/\\\/press.cranbourn.com\\\/pl\\\/\",\"logo\":{\"@type\":\"ImageObject\",\"inLanguage\":\"da-DK\",\"@id\":\"https:\\\/\\\/press.cranbourn.com\\\/pl\\\/#\\\/schema\\\/logo\\\/image\\\/\",\"url\":\"https:\\\/\\\/press.cranbourn.com\\\/wp-content\\\/uploads\\\/2023\\\/07\\\/logo.svg\",\"contentUrl\":\"https:\\\/\\\/press.cranbourn.com\\\/wp-content\\\/uploads\\\/2023\\\/07\\\/logo.svg\",\"width\":1,\"height\":1,\"caption\":\"MEDIA ROOM\"},\"image\":{\"@id\":\"https:\\\/\\\/press.cranbourn.com\\\/pl\\\/#\\\/schema\\\/logo\\\/image\\\/\"},\"sameAs\":[\"https:\\\/\\\/www.facebook.com\\\/cranbourn\\\/\",\"https:\\\/\\\/x.com\\\/cranbourn_\"]}]}<\/script>\n<!-- \/ Yoast SEO plugin. -->","yoast_head_json":{"title":"Cookiepolitik - MEDIERUM","robots":{"index":"index","follow":"follow","max-snippet":"max-snippet:-1","max-image-preview":"max-image-preview:large","max-video-preview":"max-video-preview:-1"},"canonical":"https:\/\/press.cranbourn.com\/da\/cookiepolitik\/","og_locale":"da_DK","og_type":"article","og_title":"Cookie Policy - MEDIA ROOM","og_description":"What are cookies? This Cookie Policy explains what cookies are and how we use them, the types of cookies we use i.e, the information we collect using cookies and how that information is used, and how to manage the cookie settings. Cookies are small text files that are used to store small pieces of information. [&hellip;]","og_url":"https:\/\/press.cranbourn.com\/da\/cookiepolitik\/","og_site_name":"MEDIA ROOM","article_publisher":"https:\/\/www.facebook.com\/cranbourn\/","article_modified_time":"2023-09-14T10:31:10+00:00","og_image":[{"width":1400,"height":787,"url":"https:\/\/press.cranbourn.com\/wp-content\/uploads\/2023\/08\/hero-story-1.jpg","type":"image\/jpeg"}],"twitter_card":"summary_large_image","twitter_site":"@cranbourn_","twitter_misc":{"Estimeret l\u00e6setid":"2 minutter"},"schema":{"@context":"https:\/\/schema.org","@graph":[{"@type":"WebPage","@id":"https:\/\/press.cranbourn.com\/hu\/cookie-politika\/","url":"https:\/\/press.cranbourn.com\/hu\/cookie-politika\/","name":"Cookiepolitik - MEDIERUM","isPartOf":{"@id":"https:\/\/press.cranbourn.com\/pl\/#website"},"primaryImageOfPage":{"@id":"https:\/\/press.cranbourn.com\/hu\/cookie-politika\/#primaryimage"},"image":{"@id":"https:\/\/press.cranbourn.com\/hu\/cookie-politika\/#primaryimage"},"thumbnailUrl":"https:\/\/press.cranbourn.com\/wp-content\/uploads\/avifenc\/2023\/08\/hero-story-1.avif","datePublished":"2023-09-14T10:25:06+00:00","dateModified":"2023-09-14T10:31:10+00:00","breadcrumb":{"@id":"https:\/\/press.cranbourn.com\/hu\/cookie-politika\/#breadcrumb"},"inLanguage":"da-DK","potentialAction":[{"@type":"ReadAction","target":["https:\/\/press.cranbourn.com\/hu\/cookie-politika\/"]}]},{"@type":"ImageObject","inLanguage":"da-DK","@id":"https:\/\/press.cranbourn.com\/hu\/cookie-politika\/#primaryimage","url":"https:\/\/press.cranbourn.com\/wp-content\/uploads\/avifenc\/2023\/08\/hero-story-1.avif","contentUrl":"https:\/\/press.cranbourn.com\/wp-content\/uploads\/avifenc\/2023\/08\/hero-story-1.avif","width":1400,"height":787},{"@type":"BreadcrumbList","@id":"https:\/\/press.cranbourn.com\/hu\/cookie-politika\/#breadcrumb","itemListElement":[{"@type":"ListItem","position":1,"name":"CRANBOURN\u00ae","item":"https:\/\/press.cranbourn.com\/da"},{"@type":"ListItem","position":2,"name":"Cookie Policy"}]},{"@type":"WebSite","@id":"https:\/\/press.cranbourn.com\/pl\/#website","url":"https:\/\/press.cranbourn.com\/pl\/","name":"MEDIERUM","description":"CRANBOURN\u00ae | Presse &amp; Medierum. Kontakt et medlem af teamet for de seneste nyheder, pressemeddelelser og mediedownloads.","publisher":{"@id":"https:\/\/press.cranbourn.com\/pl\/#organization"},"potentialAction":[{"@type":"SearchAction","target":{"@type":"EntryPoint","urlTemplate":"https:\/\/press.cranbourn.com\/pl\/?s={search_term_string}"},"query-input":{"@type":"PropertyValueSpecification","valueRequired":true,"valueName":"search_term_string"}}],"inLanguage":"da-DK"},{"@type":"Organization","@id":"https:\/\/press.cranbourn.com\/pl\/#organization","name":"MEDIERUM","url":"https:\/\/press.cranbourn.com\/pl\/","logo":{"@type":"ImageObject","inLanguage":"da-DK","@id":"https:\/\/press.cranbourn.com\/pl\/#\/schema\/logo\/image\/","url":"https:\/\/press.cranbourn.com\/wp-content\/uploads\/2023\/07\/logo.svg","contentUrl":"https:\/\/press.cranbourn.com\/wp-content\/uploads\/2023\/07\/logo.svg","width":1,"height":1,"caption":"MEDIA ROOM"},"image":{"@id":"https:\/\/press.cranbourn.com\/pl\/#\/schema\/logo\/image\/"},"sameAs":["https:\/\/www.facebook.com\/cranbourn\/","https:\/\/x.com\/cranbourn_"]}]}},"jetpack_sharing_enabled":true,"_links":{"self":[{"href":"https:\/\/press.cranbourn.com\/da\/wp-json\/wp\/v2\/pages\/1080","targetHints":{"allow":["GET"]}}],"collection":[{"href":"https:\/\/press.cranbourn.com\/da\/wp-json\/wp\/v2\/pages"}],"about":[{"href":"https:\/\/press.cranbourn.com\/da\/wp-json\/wp\/v2\/types\/page"}],"author":[{"embeddable":true,"href":"https:\/\/press.cranbourn.com\/da\/wp-json\/wp\/v2\/users\/12"}],"replies":[{"embeddable":true,"href":"https:\/\/press.cranbourn.com\/da\/wp-json\/wp\/v2\/comments?post=1080"}],"version-history":[{"count":0,"href":"https:\/\/press.cranbourn.com\/da\/wp-json\/wp\/v2\/pages\/1080\/revisions"}],"wp:featuredmedia":[{"embeddable":true,"href":"https:\/\/press.cranbourn.com\/da\/wp-json\/wp\/v2\/media\/928"}],"wp:attachment":[{"href":"https:\/\/press.cranbourn.com\/da\/wp-json\/wp\/v2\/media?parent=1080"}],"curies":[{"name":"wp","href":"https:\/\/api.w.org\/{rel}","templated":true}]}}