{"id":9,"date":"2023-07-14T10:09:28","date_gmt":"2023-07-14T09:09:28","guid":{"rendered":"https:\/\/presscranbourn.wpengine.com\/?page_id=9"},"modified":"2026-03-02T21:25:51","modified_gmt":"2026-03-02T21:25:51","slug":"media-room","status":"publish","type":"page","link":"https:\/\/press.cranbourn.com\/cs\/","title":{"rendered":"Media Home"},"content":{"rendered":"<p data-start=\"160\" data-end=\"394\">Medi\u00e1ln\u00ed m\u00edstnost CRANBOURN\u00ae, vytvo\u0159en\u00e1 pro novin\u00e1\u0159e a pracovn\u00edky m\u00e9di\u00ed, poskytuje p\u0159\u00edstup k z\u00e1kladn\u00edm informac\u00edm a zdroj\u016fm o zna\u010dce. Najdete zde vysoce kvalitn\u00ed obr\u00e1zky produkt\u016f, tiskov\u00e9 zpr\u00e1vy a ofici\u00e1ln\u00ed zdroje zna\u010dky.<\/p>\n<p data-start=\"401\" data-end=\"478\">Zaregistrujte se a z\u00edskejte okam\u017eit\u00fd p\u0159\u00edstup k prozkoum\u00e1n\u00ed a sta\u017een\u00ed pot\u0159ebn\u00fdch materi\u00e1l\u016f.<\/p>","protected":false},"excerpt":{"rendered":"<p>Created for journalists and media professionals, the CRANBOURN\u00ae Media Room provides access to essential brand information and resources. Here you will find high-quality product imagery, press releases, and official brand assets. Register for immediate access to explore and download the materials you need.<\/p>","protected":false},"author":2,"featured_media":284,"parent":0,"menu_order":0,"comment_status":"closed","ping_status":"closed","template":"template-home.php","meta":{"_acf_changed":false,"content-type":"","footnotes":""},"class_list":["post-9","page","type-page","status-publish","has-post-thumbnail","hentry"],"acf":[],"yoast_head":"<!-- This site is optimized with the Yoast SEO plugin v27.3 - https:\/\/yoast.com\/product\/yoast-seo-wordpress\/ -->\n<title>Media Home - MEDIA ROOM<\/title>\n<meta name=\"description\" content=\"Access CRANBOURN\u00ae news, press releases, product launches, and official media resources from our Media Room.\" \/>\n<meta name=\"robots\" content=\"index, follow, max-snippet:-1, max-image-preview:large, max-video-preview:-1\" \/>\n<link rel=\"canonical\" href=\"https:\/\/press.cranbourn.com\/cs\/\" \/>\n<meta property=\"og:locale\" content=\"cs_CZ\" \/>\n<meta property=\"og:type\" content=\"article\" \/>\n<meta property=\"og:title\" content=\"Media Home - MEDIA ROOM\" \/>\n<meta property=\"og:description\" content=\"Access CRANBOURN\u00ae news, press releases, product launches, and official media resources from our Media Room.\" \/>\n<meta property=\"og:url\" content=\"https:\/\/press.cranbourn.com\/cs\/\" \/>\n<meta property=\"og:site_name\" content=\"MEDIA ROOM\" \/>\n<meta property=\"article:publisher\" content=\"https:\/\/www.facebook.com\/cranbourn\/\" \/>\n<meta property=\"article:modified_time\" content=\"2026-03-02T21:25:51+00:00\" \/>\n<meta property=\"og:image\" content=\"https:\/\/press.cranbourn.com\/wp-content\/uploads\/2023\/07\/cranbourn-home-hero-5-1536x864-1.jpg\" \/>\n\t<meta property=\"og:image:width\" content=\"1536\" \/>\n\t<meta property=\"og:image:height\" content=\"864\" \/>\n\t<meta property=\"og:image:type\" content=\"image\/jpeg\" \/>\n<meta name=\"twitter:card\" content=\"summary_large_image\" \/>\n<meta name=\"twitter:site\" content=\"@cranbourn_\" \/>\n<meta name=\"twitter:label1\" content=\"Odhadovan\u00e1 doba \u010dten\u00ed\" \/>\n\t<meta name=\"twitter:data1\" content=\"1 minuta\" \/>\n<script type=\"application\/ld+json\" class=\"yoast-schema-graph\">{\"@context\":\"https:\\\/\\\/schema.org\",\"@graph\":[{\"@type\":\"WebPage\",\"@id\":\"https:\\\/\\\/press.cranbourn.com\\\/\",\"url\":\"https:\\\/\\\/press.cranbourn.com\\\/\",\"name\":\"Media Home - MEDIA ROOM\",\"isPartOf\":{\"@id\":\"https:\\\/\\\/press.cranbourn.com\\\/pl\\\/#website\"},\"primaryImageOfPage\":{\"@id\":\"https:\\\/\\\/press.cranbourn.com\\\/#primaryimage\"},\"image\":{\"@id\":\"https:\\\/\\\/press.cranbourn.com\\\/#primaryimage\"},\"thumbnailUrl\":\"https:\\\/\\\/press.cranbourn.com\\\/wp-content\\\/uploads\\\/avifenc\\\/2023\\\/07\\\/cranbourn-home-hero-5-1536x864-1.avif\",\"datePublished\":\"2023-07-14T09:09:28+00:00\",\"dateModified\":\"2026-03-02T21:25:51+00:00\",\"description\":\"Access CRANBOURN\u00ae news, press releases, product launches, and official media resources from our Media Room.\",\"breadcrumb\":{\"@id\":\"https:\\\/\\\/press.cranbourn.com\\\/#breadcrumb\"},\"inLanguage\":\"cs\",\"potentialAction\":[{\"@type\":\"ReadAction\",\"target\":[\"https:\\\/\\\/press.cranbourn.com\\\/\"]}]},{\"@type\":\"ImageObject\",\"inLanguage\":\"cs\",\"@id\":\"https:\\\/\\\/press.cranbourn.com\\\/#primaryimage\",\"url\":\"https:\\\/\\\/press.cranbourn.com\\\/wp-content\\\/uploads\\\/avifenc\\\/2023\\\/07\\\/cranbourn-home-hero-5-1536x864-1.avif\",\"contentUrl\":\"https:\\\/\\\/press.cranbourn.com\\\/wp-content\\\/uploads\\\/avifenc\\\/2023\\\/07\\\/cranbourn-home-hero-5-1536x864-1.avif\",\"width\":1536,\"height\":864,\"caption\":\"cranbourn home hero 5 1536x864 1\"},{\"@type\":\"BreadcrumbList\",\"@id\":\"https:\\\/\\\/press.cranbourn.com\\\/#breadcrumb\",\"itemListElement\":[{\"@type\":\"ListItem\",\"position\":1,\"name\":\"CRANBOURN\u00ae\",\"item\":\"https:\\\/\\\/press.cranbourn.com\\\/cs\"},{\"@type\":\"ListItem\",\"position\":2,\"name\":\"Media Home\"}]},{\"@type\":\"WebSite\",\"@id\":\"https:\\\/\\\/press.cranbourn.com\\\/pl\\\/#website\",\"url\":\"https:\\\/\\\/press.cranbourn.com\\\/pl\\\/\",\"name\":\"MEDIA ROOM\",\"description\":\"CRANBOURN\u00ae | Press &amp; Media Room. Contact a Member of the Team for the latest News, Press Releases and Media Downloads.\",\"publisher\":{\"@id\":\"https:\\\/\\\/press.cranbourn.com\\\/pl\\\/#organization\"},\"potentialAction\":[{\"@type\":\"SearchAction\",\"target\":{\"@type\":\"EntryPoint\",\"urlTemplate\":\"https:\\\/\\\/press.cranbourn.com\\\/pl\\\/?s={search_term_string}\"},\"query-input\":{\"@type\":\"PropertyValueSpecification\",\"valueRequired\":true,\"valueName\":\"search_term_string\"}}],\"inLanguage\":\"cs\"},{\"@type\":\"Organization\",\"@id\":\"https:\\\/\\\/press.cranbourn.com\\\/pl\\\/#organization\",\"name\":\"MEDIA ROOM\",\"url\":\"https:\\\/\\\/press.cranbourn.com\\\/pl\\\/\",\"logo\":{\"@type\":\"ImageObject\",\"inLanguage\":\"cs\",\"@id\":\"https:\\\/\\\/press.cranbourn.com\\\/pl\\\/#\\\/schema\\\/logo\\\/image\\\/\",\"url\":\"https:\\\/\\\/press.cranbourn.com\\\/wp-content\\\/uploads\\\/2023\\\/07\\\/logo.svg\",\"contentUrl\":\"https:\\\/\\\/press.cranbourn.com\\\/wp-content\\\/uploads\\\/2023\\\/07\\\/logo.svg\",\"width\":1,\"height\":1,\"caption\":\"MEDIA ROOM\"},\"image\":{\"@id\":\"https:\\\/\\\/press.cranbourn.com\\\/pl\\\/#\\\/schema\\\/logo\\\/image\\\/\"},\"sameAs\":[\"https:\\\/\\\/www.facebook.com\\\/cranbourn\\\/\",\"https:\\\/\\\/x.com\\\/cranbourn_\"]}]}<\/script>\n<!-- \/ Yoast SEO plugin. -->","yoast_head_json":{"title":"Media Home - MEDIA ROOM","description":"P\u0159\u00edstup k novink\u00e1m CRANBOURN\u00ae, tiskov\u00fdm zpr\u00e1v\u00e1m, p\u0159edstaven\u00edm produkt\u016f a ofici\u00e1ln\u00edm medi\u00e1ln\u00edm zdroj\u016fm z na\u0161\u00ed medi\u00e1ln\u00ed m\u00edstnosti.","robots":{"index":"index","follow":"follow","max-snippet":"max-snippet:-1","max-image-preview":"max-image-preview:large","max-video-preview":"max-video-preview:-1"},"canonical":"https:\/\/press.cranbourn.com\/cs\/","og_locale":"cs_CZ","og_type":"article","og_title":"Media Home - MEDIA ROOM","og_description":"Access CRANBOURN\u00ae news, press releases, product launches, and official media resources from our Media Room.","og_url":"https:\/\/press.cranbourn.com\/cs\/","og_site_name":"MEDIA ROOM","article_publisher":"https:\/\/www.facebook.com\/cranbourn\/","article_modified_time":"2026-03-02T21:25:51+00:00","og_image":[{"width":1536,"height":864,"url":"https:\/\/press.cranbourn.com\/wp-content\/uploads\/2023\/07\/cranbourn-home-hero-5-1536x864-1.jpg","type":"image\/jpeg"}],"twitter_card":"summary_large_image","twitter_site":"@cranbourn_","twitter_misc":{"Odhadovan\u00e1 doba \u010dten\u00ed":"1 minuta"},"schema":{"@context":"https:\/\/schema.org","@graph":[{"@type":"WebPage","@id":"https:\/\/press.cranbourn.com\/","url":"https:\/\/press.cranbourn.com\/","name":"Media Home - MEDIA ROOM","isPartOf":{"@id":"https:\/\/press.cranbourn.com\/pl\/#website"},"primaryImageOfPage":{"@id":"https:\/\/press.cranbourn.com\/#primaryimage"},"image":{"@id":"https:\/\/press.cranbourn.com\/#primaryimage"},"thumbnailUrl":"https:\/\/press.cranbourn.com\/wp-content\/uploads\/avifenc\/2023\/07\/cranbourn-home-hero-5-1536x864-1.avif","datePublished":"2023-07-14T09:09:28+00:00","dateModified":"2026-03-02T21:25:51+00:00","description":"P\u0159\u00edstup k novink\u00e1m CRANBOURN\u00ae, tiskov\u00fdm zpr\u00e1v\u00e1m, p\u0159edstaven\u00edm produkt\u016f a ofici\u00e1ln\u00edm medi\u00e1ln\u00edm zdroj\u016fm z na\u0161\u00ed medi\u00e1ln\u00ed m\u00edstnosti.","breadcrumb":{"@id":"https:\/\/press.cranbourn.com\/#breadcrumb"},"inLanguage":"cs","potentialAction":[{"@type":"ReadAction","target":["https:\/\/press.cranbourn.com\/"]}]},{"@type":"ImageObject","inLanguage":"cs","@id":"https:\/\/press.cranbourn.com\/#primaryimage","url":"https:\/\/press.cranbourn.com\/wp-content\/uploads\/avifenc\/2023\/07\/cranbourn-home-hero-5-1536x864-1.avif","contentUrl":"https:\/\/press.cranbourn.com\/wp-content\/uploads\/avifenc\/2023\/07\/cranbourn-home-hero-5-1536x864-1.avif","width":1536,"height":864,"caption":"cranbourn home hero 5 1536x864 1"},{"@type":"BreadcrumbList","@id":"https:\/\/press.cranbourn.com\/#breadcrumb","itemListElement":[{"@type":"ListItem","position":1,"name":"CRANBOURN\u00ae","item":"https:\/\/press.cranbourn.com\/cs"},{"@type":"ListItem","position":2,"name":"Media Home"}]},{"@type":"WebSite","@id":"https:\/\/press.cranbourn.com\/pl\/#website","url":"https:\/\/press.cranbourn.com\/pl\/","name":"MEDI\u00c1LN\u00cd M\u00cdSTNOST","description":"CRANBOURN\u00ae | Tiskov\u00e1 a medi\u00e1ln\u00ed m\u00edstnost. Kontaktujte \u010dlena t\u00fdmu pro nejnov\u011bj\u0161\u00ed zpr\u00e1vy, tiskov\u00e9 zpr\u00e1vy a stahov\u00e1n\u00ed m\u00e9di\u00ed.","publisher":{"@id":"https:\/\/press.cranbourn.com\/pl\/#organization"},"potentialAction":[{"@type":"SearchAction","target":{"@type":"EntryPoint","urlTemplate":"https:\/\/press.cranbourn.com\/pl\/?s={search_term_string}"},"query-input":{"@type":"PropertyValueSpecification","valueRequired":true,"valueName":"search_term_string"}}],"inLanguage":"cs"},{"@type":"Organization","@id":"https:\/\/press.cranbourn.com\/pl\/#organization","name":"MEDI\u00c1LN\u00cd M\u00cdSTNOST","url":"https:\/\/press.cranbourn.com\/pl\/","logo":{"@type":"ImageObject","inLanguage":"cs","@id":"https:\/\/press.cranbourn.com\/pl\/#\/schema\/logo\/image\/","url":"https:\/\/press.cranbourn.com\/wp-content\/uploads\/2023\/07\/logo.svg","contentUrl":"https:\/\/press.cranbourn.com\/wp-content\/uploads\/2023\/07\/logo.svg","width":1,"height":1,"caption":"MEDIA ROOM"},"image":{"@id":"https:\/\/press.cranbourn.com\/pl\/#\/schema\/logo\/image\/"},"sameAs":["https:\/\/www.facebook.com\/cranbourn\/","https:\/\/x.com\/cranbourn_"]}]}},"jetpack_sharing_enabled":true,"_links":{"self":[{"href":"https:\/\/press.cranbourn.com\/cs\/wp-json\/wp\/v2\/pages\/9","targetHints":{"allow":["GET"]}}],"collection":[{"href":"https:\/\/press.cranbourn.com\/cs\/wp-json\/wp\/v2\/pages"}],"about":[{"href":"https:\/\/press.cranbourn.com\/cs\/wp-json\/wp\/v2\/types\/page"}],"author":[{"embeddable":true,"href":"https:\/\/press.cranbourn.com\/cs\/wp-json\/wp\/v2\/users\/2"}],"replies":[{"embeddable":true,"href":"https:\/\/press.cranbourn.com\/cs\/wp-json\/wp\/v2\/comments?post=9"}],"version-history":[{"count":15,"href":"https:\/\/press.cranbourn.com\/cs\/wp-json\/wp\/v2\/pages\/9\/revisions"}],"predecessor-version":[{"id":2501,"href":"https:\/\/press.cranbourn.com\/cs\/wp-json\/wp\/v2\/pages\/9\/revisions\/2501"}],"wp:featuredmedia":[{"embeddable":true,"href":"https:\/\/press.cranbourn.com\/cs\/wp-json\/wp\/v2\/media\/284"}],"wp:attachment":[{"href":"https:\/\/press.cranbourn.com\/cs\/wp-json\/wp\/v2\/media?parent=9"}],"curies":[{"name":"wp","href":"https:\/\/api.w.org\/{rel}","templated":true}]}}