{"id":743,"date":"2023-07-26T05:33:23","date_gmt":"2023-07-26T05:33:23","guid":{"rendered":"https:\/\/press.cranbourn.com\/clients\/"},"modified":"2023-08-02T08:09:26","modified_gmt":"2023-08-02T07:09:26","slug":"klienti-2","status":"publish","type":"page","link":"https:\/\/press.cranbourn.com\/cs\/clients-2\/","title":{"rendered":"KLIENTSK\u00dd PORT\u00c1L"},"content":{"rendered":"<div id=\"zbs-main\" class=\"alignwide zbs-site-main\">\n\t<div class=\"zbs-client-portal-wrap main site-main zbs-post zbs-hentry\">\n\n\t\t\t\t<div class=\"container zbs-portal-login\" style=\"margin-top:20px;text-align:center;\">\n\t\t\t<h2>V\u00edtejte na sv\u00e9m klientsk\u00e9m port\u00e1lu<\/h2> \n\t\t\t<p>P\u0159ihlaste se pros\u00edm na sv\u016fj klientsk\u00fd port\u00e1l, abyste si mohli prohl\u00ed\u017eet sv\u00e9 dokumenty<\/p>\n\t\t\t<div class=\"login-form\">\n\t\t\t\t<form name=\"loginform\" id=\"loginform\" action=\"https:\/\/press.cranbourn.com\/cs\/press-admin-only\/\" method=\"post\"><p class=\"login-username\">\n\t\t\t\t<label for=\"user_login\">E-mailov\u00e1 adresa<\/label>\n\t\t\t\t<input type=\"text\" name=\"log\" id=\"user_login\" autocomplete=\"username\" class=\"input\" value=\"\" size=\"20\" \/>\n\t\t\t<\/p><p class=\"login-password\">\n\t\t\t\t<label for=\"user_pass\">Heslo<\/label>\n\t\t\t\t<input type=\"password\" name=\"pwd\" id=\"user_pass\" autocomplete=\"current-password\" spellcheck=\"false\" class=\"input\" value=\"\" size=\"20\" \/>\n\t\t\t<\/p><p class=\"login-remember\"><label><input name=\"rememberme\" type=\"checkbox\" id=\"rememberme\" value=\"forever\" \/> Zapamatovat si m\u011b<\/label><\/p><p class=\"login-submit\">\n\t\t\t\t<input type=\"submit\" name=\"wp-submit\" id=\"wp-submit\" class=\"button button-primary\" value=\"P\u0159ihl\u00e1sit se\" \/>\n\t\t\t\t<input type=\"hidden\" name=\"redirect_to\" value=\"https:\/\/press.cranbourn.com\/cs\/clients-2\/\" \/>\n\t\t\t<\/p><input type=\"hidden\" name=\"fromzbslogin\" value=\"1\" \/><\/form><div class=\"g-recaptcha-wrap\" style=\"padding:10px 0 10px 0\"><div  class=\"g-recaptcha\" data-sitekey=\"6LeKIxUnAAAAADPb9dXA99XmUvMVfNx-c4__j63R\"><\/div><\/div><p style=\"display: none;\"><label>Zadejte n\u011bco speci\u00e1ln\u00edho:<\/label><input name=\"aio_special_field\" type=\"text\" class=\"aio_special_field\" value=\"\" \/><\/p>\t\t\t\t<a href=\"https:\/\/press.cranbourn.com\/cs\/clients-2\/lost-password\/\" alt=\"Zapomenut\u00e9 heslo\">Zapomenut\u00e9 heslo<\/a>\n\t\t\t<\/div>\n\t\t<\/div>\n\t\t\t<\/div>\n<\/div>","protected":false},"excerpt":{"rendered":"","protected":false},"author":13,"featured_media":0,"parent":0,"menu_order":0,"comment_status":"closed","ping_status":"closed","template":"","meta":{"_acf_changed":false,"content-type":"","footnotes":""},"class_list":["post-743","page","type-page","status-publish","hentry"],"acf":[],"yoast_head":"<!-- This site is optimized with the Yoast SEO plugin v27.3 - https:\/\/yoast.com\/product\/yoast-seo-wordpress\/ -->\n<title>CLIENT PORTAL - MEDIA ROOM<\/title>\n<meta name=\"robots\" content=\"index, follow, max-snippet:-1, max-image-preview:large, max-video-preview:-1\" \/>\n<link rel=\"canonical\" href=\"https:\/\/press.cranbourn.com\/cs\/klienti-2\/\" \/>\n<meta property=\"og:locale\" content=\"cs_CZ\" \/>\n<meta property=\"og:type\" content=\"article\" \/>\n<meta property=\"og:title\" content=\"CLIENT PORTAL - MEDIA ROOM\" \/>\n<meta property=\"og:url\" content=\"https:\/\/press.cranbourn.com\/cs\/klienti-2\/\" \/>\n<meta property=\"og:site_name\" content=\"MEDIA ROOM\" \/>\n<meta property=\"article:publisher\" content=\"https:\/\/www.facebook.com\/cranbourn\/\" \/>\n<meta property=\"article:modified_time\" content=\"2023-08-02T07:09:26+00:00\" \/>\n<meta name=\"twitter:card\" content=\"summary_large_image\" \/>\n<meta name=\"twitter:site\" content=\"@cranbourn_\" \/>\n<meta name=\"twitter:label1\" content=\"Odhadovan\u00e1 doba \u010dten\u00ed\" \/>\n\t<meta name=\"twitter:data1\" content=\"1 minuta\" \/>\n<script type=\"application\/ld+json\" class=\"yoast-schema-graph\">{\"@context\":\"https:\\\/\\\/schema.org\",\"@graph\":[{\"@type\":\"WebPage\",\"@id\":\"https:\\\/\\\/press.cranbourn.com\\\/hu\\\/ugyfelek-2\\\/\",\"url\":\"https:\\\/\\\/press.cranbourn.com\\\/hu\\\/ugyfelek-2\\\/\",\"name\":\"CLIENT PORTAL - MEDIA ROOM\",\"isPartOf\":{\"@id\":\"https:\\\/\\\/press.cranbourn.com\\\/pl\\\/#website\"},\"datePublished\":\"2023-07-26T05:33:23+00:00\",\"dateModified\":\"2023-08-02T07:09:26+00:00\",\"breadcrumb\":{\"@id\":\"https:\\\/\\\/press.cranbourn.com\\\/hu\\\/ugyfelek-2\\\/#breadcrumb\"},\"inLanguage\":\"cs\",\"potentialAction\":[{\"@type\":\"ReadAction\",\"target\":[\"https:\\\/\\\/press.cranbourn.com\\\/hu\\\/ugyfelek-2\\\/\"]}]},{\"@type\":\"BreadcrumbList\",\"@id\":\"https:\\\/\\\/press.cranbourn.com\\\/hu\\\/ugyfelek-2\\\/#breadcrumb\",\"itemListElement\":[{\"@type\":\"ListItem\",\"position\":1,\"name\":\"CRANBOURN\u00ae\",\"item\":\"https:\\\/\\\/press.cranbourn.com\\\/cs\"},{\"@type\":\"ListItem\",\"position\":2,\"name\":\"CLIENT PORTAL\"}]},{\"@type\":\"WebSite\",\"@id\":\"https:\\\/\\\/press.cranbourn.com\\\/pl\\\/#website\",\"url\":\"https:\\\/\\\/press.cranbourn.com\\\/pl\\\/\",\"name\":\"MEDIA ROOM\",\"description\":\"CRANBOURN\u00ae | Press &amp; Media Room. Contact a Member of the Team for the latest News, Press Releases and Media Downloads.\",\"publisher\":{\"@id\":\"https:\\\/\\\/press.cranbourn.com\\\/pl\\\/#organization\"},\"potentialAction\":[{\"@type\":\"SearchAction\",\"target\":{\"@type\":\"EntryPoint\",\"urlTemplate\":\"https:\\\/\\\/press.cranbourn.com\\\/pl\\\/?s={search_term_string}\"},\"query-input\":{\"@type\":\"PropertyValueSpecification\",\"valueRequired\":true,\"valueName\":\"search_term_string\"}}],\"inLanguage\":\"cs\"},{\"@type\":\"Organization\",\"@id\":\"https:\\\/\\\/press.cranbourn.com\\\/pl\\\/#organization\",\"name\":\"MEDIA ROOM\",\"url\":\"https:\\\/\\\/press.cranbourn.com\\\/pl\\\/\",\"logo\":{\"@type\":\"ImageObject\",\"inLanguage\":\"cs\",\"@id\":\"https:\\\/\\\/press.cranbourn.com\\\/pl\\\/#\\\/schema\\\/logo\\\/image\\\/\",\"url\":\"https:\\\/\\\/press.cranbourn.com\\\/wp-content\\\/uploads\\\/2023\\\/07\\\/logo.svg\",\"contentUrl\":\"https:\\\/\\\/press.cranbourn.com\\\/wp-content\\\/uploads\\\/2023\\\/07\\\/logo.svg\",\"width\":1,\"height\":1,\"caption\":\"MEDIA ROOM\"},\"image\":{\"@id\":\"https:\\\/\\\/press.cranbourn.com\\\/pl\\\/#\\\/schema\\\/logo\\\/image\\\/\"},\"sameAs\":[\"https:\\\/\\\/www.facebook.com\\\/cranbourn\\\/\",\"https:\\\/\\\/x.com\\\/cranbourn_\"]}]}<\/script>\n<!-- \/ Yoast SEO plugin. -->","yoast_head_json":{"title":"KLIENTSK\u00dd PORT\u00c1L - MEDI\u00c1LN\u00cd M\u00cdSTNOST","robots":{"index":"index","follow":"follow","max-snippet":"max-snippet:-1","max-image-preview":"max-image-preview:large","max-video-preview":"max-video-preview:-1"},"canonical":"https:\/\/press.cranbourn.com\/cs\/klienti-2\/","og_locale":"cs_CZ","og_type":"article","og_title":"CLIENT PORTAL - MEDIA ROOM","og_url":"https:\/\/press.cranbourn.com\/cs\/klienti-2\/","og_site_name":"MEDIA ROOM","article_publisher":"https:\/\/www.facebook.com\/cranbourn\/","article_modified_time":"2023-08-02T07:09:26+00:00","twitter_card":"summary_large_image","twitter_site":"@cranbourn_","twitter_misc":{"Odhadovan\u00e1 doba \u010dten\u00ed":"1 minuta"},"schema":{"@context":"https:\/\/schema.org","@graph":[{"@type":"WebPage","@id":"https:\/\/press.cranbourn.com\/hu\/ugyfelek-2\/","url":"https:\/\/press.cranbourn.com\/hu\/ugyfelek-2\/","name":"KLIENTSK\u00dd PORT\u00c1L - MEDI\u00c1LN\u00cd M\u00cdSTNOST","isPartOf":{"@id":"https:\/\/press.cranbourn.com\/pl\/#website"},"datePublished":"2023-07-26T05:33:23+00:00","dateModified":"2023-08-02T07:09:26+00:00","breadcrumb":{"@id":"https:\/\/press.cranbourn.com\/hu\/ugyfelek-2\/#breadcrumb"},"inLanguage":"cs","potentialAction":[{"@type":"ReadAction","target":["https:\/\/press.cranbourn.com\/hu\/ugyfelek-2\/"]}]},{"@type":"BreadcrumbList","@id":"https:\/\/press.cranbourn.com\/hu\/ugyfelek-2\/#breadcrumb","itemListElement":[{"@type":"ListItem","position":1,"name":"CRANBOURN\u00ae","item":"https:\/\/press.cranbourn.com\/cs"},{"@type":"ListItem","position":2,"name":"CLIENT PORTAL"}]},{"@type":"WebSite","@id":"https:\/\/press.cranbourn.com\/pl\/#website","url":"https:\/\/press.cranbourn.com\/pl\/","name":"MEDI\u00c1LN\u00cd M\u00cdSTNOST","description":"CRANBOURN\u00ae | Tiskov\u00e1 a medi\u00e1ln\u00ed m\u00edstnost. Kontaktujte \u010dlena t\u00fdmu pro nejnov\u011bj\u0161\u00ed zpr\u00e1vy, tiskov\u00e9 zpr\u00e1vy a stahov\u00e1n\u00ed m\u00e9di\u00ed.","publisher":{"@id":"https:\/\/press.cranbourn.com\/pl\/#organization"},"potentialAction":[{"@type":"SearchAction","target":{"@type":"EntryPoint","urlTemplate":"https:\/\/press.cranbourn.com\/pl\/?s={search_term_string}"},"query-input":{"@type":"PropertyValueSpecification","valueRequired":true,"valueName":"search_term_string"}}],"inLanguage":"cs"},{"@type":"Organization","@id":"https:\/\/press.cranbourn.com\/pl\/#organization","name":"MEDI\u00c1LN\u00cd M\u00cdSTNOST","url":"https:\/\/press.cranbourn.com\/pl\/","logo":{"@type":"ImageObject","inLanguage":"cs","@id":"https:\/\/press.cranbourn.com\/pl\/#\/schema\/logo\/image\/","url":"https:\/\/press.cranbourn.com\/wp-content\/uploads\/2023\/07\/logo.svg","contentUrl":"https:\/\/press.cranbourn.com\/wp-content\/uploads\/2023\/07\/logo.svg","width":1,"height":1,"caption":"MEDIA ROOM"},"image":{"@id":"https:\/\/press.cranbourn.com\/pl\/#\/schema\/logo\/image\/"},"sameAs":["https:\/\/www.facebook.com\/cranbourn\/","https:\/\/x.com\/cranbourn_"]}]}},"jetpack_sharing_enabled":true,"_links":{"self":[{"href":"https:\/\/press.cranbourn.com\/cs\/wp-json\/wp\/v2\/pages\/743","targetHints":{"allow":["GET"]}}],"collection":[{"href":"https:\/\/press.cranbourn.com\/cs\/wp-json\/wp\/v2\/pages"}],"about":[{"href":"https:\/\/press.cranbourn.com\/cs\/wp-json\/wp\/v2\/types\/page"}],"author":[{"embeddable":true,"href":"https:\/\/press.cranbourn.com\/cs\/wp-json\/wp\/v2\/users\/13"}],"replies":[{"embeddable":true,"href":"https:\/\/press.cranbourn.com\/cs\/wp-json\/wp\/v2\/comments?post=743"}],"version-history":[{"count":0,"href":"https:\/\/press.cranbourn.com\/cs\/wp-json\/wp\/v2\/pages\/743\/revisions"}],"wp:attachment":[{"href":"https:\/\/press.cranbourn.com\/cs\/wp-json\/wp\/v2\/media?parent=743"}],"curies":[{"name":"wp","href":"https:\/\/api.w.org\/{rel}","templated":true}]}}